{"id":10018,"date":"2024-09-06T11:38:21","date_gmt":"2024-09-06T15:38:21","guid":{"rendered":"https:\/\/faed.ufms.br\/?page_id=10018"},"modified":"2025-06-09T15:10:18","modified_gmt":"2025-06-09T19:10:18","slug":"cse","status":"publish","type":"page","link":"https:\/\/faed.ufms.br\/en\/cse\/","title":{"rendered":"Comiss\u00e3o Setorial de Ensino"},"content":{"rendered":"<p>Compete \u00e0 Comiss\u00e3o Setorial de Ensino: subsidiar a manifesta\u00e7\u00e3o do Conselho da Faed sobre as A\u00e7\u00f5es de Ensino quanto \u00e0s diretrizes, estrutura dispon\u00edvel e as parcerias institucionais previstas; divulgar as modalidades das A\u00e7\u00f5es de Ensino e orientar os professores, coordenadores, t\u00e9cnicos e estudantes quanto \u00e0s A\u00e7\u00f5es de Ensino e manter permanente contato com a Prograd para o desenvolvimento das a\u00e7\u00f5es de ensino. \u00c9 composta por pelo menos tr\u00eas Servidores, Professor e\/ou T\u00e9cnico-Administrativo do quadro efetivo da Unidade sendo constitu\u00edda atrav\u00e9s Portaria da Dire\u00e7\u00e3o.<\/p>\n<p>&nbsp;<\/p>\n<hr \/>\n<p><span style=\"font-size: 14pt\"><strong>Membros<br \/>\n<\/strong><span style=\"font-size: 10pt\"><a href=\"https:\/\/boletimoficial.ufms.br\/bse\/publicacao?id=560927\">Portaria N\u00ba 72-FAED\/UFMS, de 3\/6\/2025<\/a><br \/>\n<span style=\"font-size: 8pt\"><span style=\"text-decoration: line-through\"><a href=\"https:\/\/boletimoficial.ufms.br\/bse\/publicacao?id=551878\">Portaria N\u00ba 10-FAED\/UFMS, de 11\/3\/2025 (Revogada)<\/a><\/span><\/span><br \/>\n<span style=\"font-size: 8pt\"><span style=\"text-decoration: line-through\"><a href=\"https:\/\/boletimoficial.ufms.br\/bse\/publicacao?id=516585\">Portaria N\u00ba 28-FAED\/UFMS, de 7\/3\/2024 (Revogada)<\/a><\/span><\/span><\/span><strong><br \/>\n<\/strong><\/span><\/p>\n<ul>\n<li>PHILIPE ROCHA DE CAMARGO (Presidente);<\/li>\n<li>MARIUZA APARECIDA CAMILLO GUIMAR\u00c3ES;<\/li>\n<li>MIRIAN LANGE NOAL; e<\/li>\n<li>SHEILA DENIZE GUIMARAES BARBOSA.<\/li>\n<\/ul>\n<hr \/>\n<p>&nbsp;<\/p>\n<p><strong><span style=\"font-size: 12px\">NORMAS:<\/span><\/strong><\/p>\n<p><span style=\"font-size: 12px\"><a href=\"https:\/\/boletimoficial.ufms.br\/bse\/publicacao?id=511212\">RESOLU\u00c7\u00c3O N\u00ba 1.033-COGRAD\/UFMS, DE 11 DE JANEIRO DE 2024.<\/a><br \/>\nNormas das A\u00e7\u00f5es de Ensino<br \/>\n<\/span><\/p>\n<hr \/>\n<p>&nbsp;<\/p>\n<p style=\"text-align: center\"><em><span style=\"font-size: 12px;background-color: #e5edff\">P\u00e1gina atualizada em: 9\/06\/2025<\/span><\/em><\/p>\n","protected":false},"excerpt":{"rendered":"<p>Compete \u00e0 Comiss\u00e3o Setorial de Ensino: subsidiar a manifesta\u00e7\u00e3o do Conselho da Faed sobre as A\u00e7\u00f5es de Ensino quanto \u00e0s diretrizes, estrutura dispon\u00edvel e as parcerias institucionais previstas; divulgar as modalidades das A\u00e7\u00f5es de Ensino e orientar os professores, coordenadores, t\u00e9cnicos e estudantes quanto \u00e0s A\u00e7\u00f5es de Ensino e manter permanente contato com a Prograd&#8230;<\/p>\n","protected":false},"author":47,"featured_media":0,"parent":0,"menu_order":0,"comment_status":"closed","ping_status":"closed","template":"page-templates\/page-coordenadorias.php","meta":{"_acf_changed":false,"_eb_attr":"","_price":"","_stock":"","_tribe_ticket_header":"","_tribe_default_ticket_provider":"","_tribe_ticket_capacity":"0","_ticket_start_date":"","_ticket_end_date":"","_tribe_ticket_show_description":"","_tribe_ticket_show_not_going":false,"_tribe_ticket_use_global_stock":"","_tribe_ticket_global_stock_level":"","_global_stock_mode":"","_global_stock_cap":"","_tribe_rsvp_for_event":"","_tribe_ticket_going_count":"","_tribe_ticket_not_going_count":"","_tribe_tickets_list":"[]","_tribe_ticket_has_attendee_info_fields":false,"footnotes":"","_tec_slr_enabled":"","_tec_slr_layout":""},"coauthors":[109],"class_list":["post-10018","page","type-page","status-publish","hentry"],"acf":[],"aioseo_notices":[],"ticketed":false,"_links":{"self":[{"href":"https:\/\/faed.ufms.br\/en\/wp-json\/wp\/v2\/pages\/10018","targetHints":{"allow":["GET"]}}],"collection":[{"href":"https:\/\/faed.ufms.br\/en\/wp-json\/wp\/v2\/pages"}],"about":[{"href":"https:\/\/faed.ufms.br\/en\/wp-json\/wp\/v2\/types\/page"}],"author":[{"embeddable":true,"href":"https:\/\/faed.ufms.br\/en\/wp-json\/wp\/v2\/users\/47"}],"replies":[{"embeddable":true,"href":"https:\/\/faed.ufms.br\/en\/wp-json\/wp\/v2\/comments?post=10018"}],"version-history":[{"count":5,"href":"https:\/\/faed.ufms.br\/en\/wp-json\/wp\/v2\/pages\/10018\/revisions"}],"predecessor-version":[{"id":12474,"href":"https:\/\/faed.ufms.br\/en\/wp-json\/wp\/v2\/pages\/10018\/revisions\/12474"}],"wp:attachment":[{"href":"https:\/\/faed.ufms.br\/en\/wp-json\/wp\/v2\/media?parent=10018"}],"wp:term":[{"taxonomy":"author","embeddable":true,"href":"https:\/\/faed.ufms.br\/en\/wp-json\/wp\/v2\/coauthors?post=10018"}],"curies":[{"name":"wp","href":"https:\/\/api.w.org\/{rel}","templated":true}]}}