{"id":10128,"date":"2024-09-11T08:22:01","date_gmt":"2024-09-11T12:22:01","guid":{"rendered":"https:\/\/faed.ufms.br\/?page_id=10128"},"modified":"2025-12-10T13:29:57","modified_gmt":"2025-12-10T17:29:57","slug":"comissao-de-estagio","status":"publish","type":"page","link":"https:\/\/faed.ufms.br\/en\/comissao-de-estagio\/","title":{"rendered":"Comiss\u00e3o de Est\u00e1gio"},"content":{"rendered":"<p>A\u00a0<strong>Comiss\u00e3o de Est\u00e1gio (COE)<\/strong>, desempenha um papel fundamental na gest\u00e3o e supervis\u00e3o dos est\u00e1gios. Entre suas responsabilidades est\u00e1 a apresenta\u00e7\u00e3o de justificativa detalhada e bem fundamentada para a concess\u00e3o de atribui\u00e7\u00e3o docente nas fun\u00e7\u00f5es de Orientador e\/ou Supervisor de Est\u00e1gio. Essa justificativa deve ser devidamente comprovada e encaminhada ao Colegiado de Curso para sua manifesta\u00e7\u00e3o, garantindo que as atribui\u00e7\u00f5es estejam alinhadas com as normas e exig\u00eancias acad\u00eamicas.<\/p>\n<p>Al\u00e9m disso, a COE \u00e9 respons\u00e1vel por avaliar a coer\u00eancia entre os\u00a0<strong>Planos de Est\u00e1gio<\/strong>\u00a0e o S<strong>upervisor de Est\u00e1gio<\/strong>\u00a0indicado pela concedente, verificando a forma\u00e7\u00e3o e experi\u00eancia profissional deste em rela\u00e7\u00e3o \u00e0 \u00e1rea de conhecimento do curso do estagi\u00e1rio e aos respectivos campos de est\u00e1gio. A comiss\u00e3o deve solicitar ao setor competente da UFMS a formaliza\u00e7\u00e3o dos Acordos de Coopera\u00e7\u00e3o\/Conv\u00eanios de Est\u00e1gio quando necess\u00e1rio, garantindo a formalidade e legalidade dos est\u00e1gios realizados. \u00c9 ainda incumbida de analisar e manifestar favoravelmente sobre o\u00a0<strong>Termo de Compromisso de Est\u00e1gio<\/strong>, seja ele gerado pela UFMS ou por outras institui\u00e7\u00f5es, assegurando que todos os requisitos sejam cumpridos.<\/p>\n<p>A COE tamb\u00e9m deve assegurar que o<strong>\u00a0estagi\u00e1rio esteja devidamente segurado<\/strong>\u00a0contra acidentes pessoais e divulgar os nomes dos Professores Orientadores e das concedentes poss\u00edveis para os estagi\u00e1rios. Sua atua\u00e7\u00e3o inclui coordenar o planejamento, execu\u00e7\u00e3o e avalia\u00e7\u00e3o das atividades relacionadas aos est\u00e1gios, apoiando e orientando o trabalho dos Professores Orientadores. Al\u00e9m disso, a comiss\u00e3o deve zelar pelo cumprimento do Termo de Compromisso de Est\u00e1gio, reorientando o estagi\u00e1rio para outro local se houver descumprimento das normas e garantir a conformidade com todas as normas e legisla\u00e7\u00f5es estabelecidas para os est\u00e1gios.<\/p>\n<p>&nbsp;<\/p>\n<hr \/>\n<p><span style=\"font-size: 18px\"><strong>Comiss\u00f5es de Est\u00e1gio<\/strong><\/span><span style=\"text-decoration: line-through\"><span style=\"font-size: 12px\"><br \/>\n<\/span><\/span><\/p>\n<ul>\n<li><a href=\"https:\/\/faed.ufms.br\/pedagogia\/estagio-nao-obrigatorio\/\">COE Pedagogia<\/a><\/li>\n<li><a href=\"https:\/\/faed.ufms.br\/educacao-fisica-lic\/coe\/\">COE Educa\u00e7\u00e3o F\u00edsica \u2013 Licenciatura<\/a><\/li>\n<li><a href=\"https:\/\/faed.ufms.br\/educacao-fisica-bac\/coe\/\">COE Educa\u00e7\u00e3o F\u00edsica \u2013 Bacharelado<\/a><\/li>\n<li><a href=\"https:\/\/faed.ufms.br\/educacao-do-campo\/coe\/\">COE Educa\u00e7\u00e3o do Campo<\/a><\/li>\n<li><a href=\"https:\/\/faed.ufms.br\/educacao-bilingue\/#coe\">COE Educa\u00e7\u00e3o Bil\u00edngue de Surdos<\/a><\/li>\n<\/ul>\n<p>&nbsp;<\/p>\n<hr \/>\n<p><strong><span style=\"font-size: 12px\">NORMAS:<\/span><\/strong><\/p>\n<p><span style=\"font-size: 12px\"><a href=\"https:\/\/boletimoficial.ufms.br\/bse\/publicacao?id=476540\">RESOLU\u00c7\u00c3O N\u00ba 706-COGRAD\/UFMS, DE 8 DE DEZEMBRO DE 2022<\/a><br \/>\nRegulamento de Est\u00e1gio, Componente Curricular Disciplinar \u2013 CCD e Componente N\u00e3o Disciplinar \u2013 CCND, dos Cursos de Gradua\u00e7\u00e3o da Funda\u00e7\u00e3o Universidade Federal de Mato Grosso do Sul.<\/span><\/p>\n<p>&nbsp;<\/p>\n<hr \/>\n<p style=\"text-align: center\"><em><span style=\"font-size: 12px;background-color: #e5edff\">P\u00e1gina atualizada em: 13\/05\/2025<\/span><\/em><\/p>\n","protected":false},"excerpt":{"rendered":"<p>A\u00a0Comiss\u00e3o de Est\u00e1gio (COE), desempenha um papel fundamental na gest\u00e3o e supervis\u00e3o dos est\u00e1gios. Entre suas responsabilidades est\u00e1 a apresenta\u00e7\u00e3o de justificativa detalhada e bem fundamentada para a concess\u00e3o de atribui\u00e7\u00e3o docente nas fun\u00e7\u00f5es de Orientador e\/ou Supervisor de Est\u00e1gio. Essa justificativa deve ser devidamente comprovada e encaminhada ao Colegiado de Curso para sua manifesta\u00e7\u00e3o,&#8230;<\/p>\n","protected":false},"author":47,"featured_media":0,"parent":0,"menu_order":0,"comment_status":"closed","ping_status":"closed","template":"page-templates\/page-coordenadorias.php","meta":{"_acf_changed":false,"_eb_attr":"","_price":"","_stock":"","_tribe_ticket_header":"","_tribe_default_ticket_provider":"","_tribe_ticket_capacity":"0","_ticket_start_date":"","_ticket_end_date":"","_tribe_ticket_show_description":"","_tribe_ticket_show_not_going":false,"_tribe_ticket_use_global_stock":"","_tribe_ticket_global_stock_level":"","_global_stock_mode":"","_global_stock_cap":"","_tribe_rsvp_for_event":"","_tribe_ticket_going_count":"","_tribe_ticket_not_going_count":"","_tribe_tickets_list":"[]","_tribe_ticket_has_attendee_info_fields":false,"footnotes":"","_tec_slr_enabled":"","_tec_slr_layout":""},"coauthors":[109],"class_list":["post-10128","page","type-page","status-publish","hentry"],"acf":[],"aioseo_notices":[],"ticketed":false,"_links":{"self":[{"href":"https:\/\/faed.ufms.br\/en\/wp-json\/wp\/v2\/pages\/10128","targetHints":{"allow":["GET"]}}],"collection":[{"href":"https:\/\/faed.ufms.br\/en\/wp-json\/wp\/v2\/pages"}],"about":[{"href":"https:\/\/faed.ufms.br\/en\/wp-json\/wp\/v2\/types\/page"}],"author":[{"embeddable":true,"href":"https:\/\/faed.ufms.br\/en\/wp-json\/wp\/v2\/users\/47"}],"replies":[{"embeddable":true,"href":"https:\/\/faed.ufms.br\/en\/wp-json\/wp\/v2\/comments?post=10128"}],"version-history":[{"count":4,"href":"https:\/\/faed.ufms.br\/en\/wp-json\/wp\/v2\/pages\/10128\/revisions"}],"predecessor-version":[{"id":13057,"href":"https:\/\/faed.ufms.br\/en\/wp-json\/wp\/v2\/pages\/10128\/revisions\/13057"}],"wp:attachment":[{"href":"https:\/\/faed.ufms.br\/en\/wp-json\/wp\/v2\/media?parent=10128"}],"wp:term":[{"taxonomy":"author","embeddable":true,"href":"https:\/\/faed.ufms.br\/en\/wp-json\/wp\/v2\/coauthors?post=10128"}],"curies":[{"name":"wp","href":"https:\/\/api.w.org\/{rel}","templated":true}]}}