{"id":10134,"date":"2024-09-11T08:24:11","date_gmt":"2024-09-11T12:24:11","guid":{"rendered":"https:\/\/faed.ufms.br\/?page_id=10134"},"modified":"2025-04-30T11:22:44","modified_gmt":"2025-04-30T15:22:44","slug":"comissao-de-extensao","status":"publish","type":"page","link":"https:\/\/faed.ufms.br\/en\/comissao-de-extensao\/","title":{"rendered":"Comiss\u00e3o Setorial de Extens\u00e3o"},"content":{"rendered":"<p>Compete \u00e0 Comiss\u00e3o Setorial de Extens\u00e3o: subsidiar a avalia\u00e7\u00e3o das propostas de A\u00e7\u00f5es de Extens\u00e3o pelos Conselhos das UAS, quanto \u00e0s diretrizes, estrutura dispon\u00edvel, as parcerias institucionais previstas e compatibilidade da carga hor\u00e1ria; constituir um f\u00f3rum permanente de fomento e orienta\u00e7\u00f5es aos professores, t\u00e9cnicos e estudantes quanto \u00e0 Extens\u00e3o Universit\u00e1ria na UAS e na UFMS; e manter permanente contato com a Pr\u00f3-Reitoria de Extens\u00e3o, Cultura e Esporte &#8211; Proece, para melhoria da Extens\u00e3o na Unidade.<\/p>\n<p>&nbsp;<\/p>\n<hr \/>\n<p><span style=\"font-size: 16px\"><span style=\"font-size: 18px\"><strong>Membros da Comiss\u00e3o Setorial de Extens\u00e3o<\/strong><\/span><span style=\"text-decoration: line-through\"><br \/>\n<span style=\"font-size: 10px\"><a href=\"https:\/\/boletimoficial.ufms.br\/bse\/publicacao?id=519699\">PORTARIA N\u00ba 47-FAED\/UFMS, DE 1\u00ba DE ABRIL DE 2024<\/a><\/span><\/span><\/span><br \/>\n<span style=\"font-size: 12px\"><a href=\"https:\/\/boletimoficial.ufms.br\/bse\/publicacao?id=545046\">PORTARIA N\u00ba 200-FAED\/UFMS, DE 19 DE DEZEMBRO DE 2024<\/a><\/span><\/p>\n<ul>\n<li><span style=\"font-size: 16px\">MIRIAN LANGE NOAL &#8211; Presidente;<\/span><\/li>\n<li><span style=\"font-size: 16px\">HELLEN JAQUELINE MARQUES;<\/span><\/li>\n<li><span style=\"font-size: 16px\">LILIAM CRISTINA CALDEIRA;<\/span><\/li>\n<li><span style=\"font-size: 16px\">MYRNA WOLFF BRACHMANN DOS SANTOS;<\/span><\/li>\n<li><span style=\"font-size: 16px\">SANDRA HELENA CORREIA DIETTRICH;<\/span><\/li>\n<li><span style=\"font-size: 16px\">SANDRA NOVAIS SOUSA;<\/span><\/li>\n<li><span style=\"font-size: 16px\">SHEILA DENIZE GUIMAR\u00c3ES BARBOSA; e<\/span><\/li>\n<li><span style=\"font-size: 16px\">SHIRLEY VILHALVA.<\/span><\/li>\n<\/ul>\n<hr \/>\n<p>&nbsp;<\/p>\n<p><span style=\"font-size: 12px\"><strong>NORMAS:<\/strong><\/span><\/p>\n<p><span style=\"font-size: 12px\"><a href=\"https:\/\/boletimoficial.ufms.br\/bse\/publicacao?id=487765\">RESOLU\u00c7\u00c3O N\u00ba 223-COEX\/UFMS, DE 26 DE ABRIL DE 2023.<\/a><\/span><br \/>\n<span style=\"font-size: 12px\">Normas Regulamentadoras das A\u00e7\u00f5es de Extens\u00e3o<\/span><\/p>\n<p><span style=\"font-size: 12px\"><a href=\"https:\/\/boletimoficial.ufms.br\/bse\/publicacao?id=488319\">INSTRU\u00c7\u00c3O NORMATIVA N\u00ba 9-GAB\/PROECE\/UFMS, DE 09 DE MAIO DE 2023<\/a><\/span><br \/>\n<span style=\"font-size: 12px\">Procedimentos de submiss\u00e3o, an\u00e1lise, vig\u00eancia e prorroga\u00e7\u00e3o de A\u00e7\u00f5es de Extens\u00e3o<\/span><\/p>\n<p><span style=\"font-size: 12px\"><a href=\"https:\/\/boletimoficial.ufms.br\/bse\/publicacao?id=492228\">INSTRU\u00c7\u00c3O NORMATIVA CONJUNTA N\u00ba 4-PROGRAD\/PROECE\/UFMS, DE 19 DE JUNHO DE 2023.(*)<\/a><\/span><br \/>\n<span style=\"font-size: 12px\">Normas de Atividades de Extens\u00e3o nos Projetos Pedag\u00f3gicos<\/span><\/p>\n<p style=\"text-align: left\"><span style=\"font-size: 12px\"><a href=\"https:\/\/boletimoficial.ufms.br\/bse\/publicacao?id=427614\">RESOLU\u00c7\u00c3O N\u00ba 304-COGRAD\/UFMS, DE 17 DE JUNHO DE 2021<\/a><\/span><br \/>\n<span style=\"font-size: 12px\">Normas para a curriculariza\u00e7\u00e3o da extens\u00e3o<\/span><\/p>\n<p><span style=\"font-size: 12px\">&#8212;<\/span><\/p>\n<p><span style=\"font-size: 12px\"><a href=\"https:\/\/boletimoficial.ufms.br\/bse\/publicacao?id=436145\">RESOLU\u00c7\u00c3O N\u00ba 53-COEX\/UFMS, DE 21 DE SETEMBRO DE 2021<\/a><\/span><br \/>\n<span style=\"font-size: 12px\">Normas Regulamentadoras para o uso dos Espa\u00e7os Esportivos<\/span><\/p>\n<p><span style=\"font-size: 12px\"><a href=\"https:\/\/boletimoficial.ufms.br\/bse\/publicacao?id=436143\">RESOLU\u00c7\u00c3O N\u00ba 51-COEX\/UFMS, DE 21 DE SETEMBRO DE 2021<\/a><\/span><br \/>\n<span style=\"font-size: 12px\">Normas Regulamentadoras para uso dos Espa\u00e7os Aqu\u00e1ticos<\/span><\/p>\n<hr \/>\n<p style=\"text-align: center\"><em><span style=\"font-size: 12px;background-color: #e5edff\">P\u00e1gina atualizada em: 30\/04\/2025<\/span><\/em><\/p>\n","protected":false},"excerpt":{"rendered":"<p>Compete \u00e0 Comiss\u00e3o Setorial de Extens\u00e3o: subsidiar a avalia\u00e7\u00e3o das propostas de A\u00e7\u00f5es de Extens\u00e3o pelos Conselhos das UAS, quanto \u00e0s diretrizes, estrutura dispon\u00edvel, as parcerias institucionais previstas e compatibilidade da carga hor\u00e1ria; constituir um f\u00f3rum permanente de fomento e orienta\u00e7\u00f5es aos professores, t\u00e9cnicos e estudantes quanto \u00e0 Extens\u00e3o Universit\u00e1ria na UAS e na UFMS;&#8230;<\/p>\n","protected":false},"author":47,"featured_media":0,"parent":0,"menu_order":0,"comment_status":"closed","ping_status":"closed","template":"page-templates\/page-coordenadorias.php","meta":{"_acf_changed":false,"_eb_attr":"","_price":"","_stock":"","_tribe_ticket_header":"","_tribe_default_ticket_provider":"","_tribe_ticket_capacity":"0","_ticket_start_date":"","_ticket_end_date":"","_tribe_ticket_show_description":"","_tribe_ticket_show_not_going":false,"_tribe_ticket_use_global_stock":"","_tribe_ticket_global_stock_level":"","_global_stock_mode":"","_global_stock_cap":"","_tribe_rsvp_for_event":"","_tribe_ticket_going_count":"","_tribe_ticket_not_going_count":"","_tribe_tickets_list":"[]","_tribe_ticket_has_attendee_info_fields":false,"footnotes":"","_tec_slr_enabled":"","_tec_slr_layout":""},"coauthors":[109],"class_list":["post-10134","page","type-page","status-publish","hentry"],"acf":[],"aioseo_notices":[],"ticketed":false,"_links":{"self":[{"href":"https:\/\/faed.ufms.br\/en\/wp-json\/wp\/v2\/pages\/10134","targetHints":{"allow":["GET"]}}],"collection":[{"href":"https:\/\/faed.ufms.br\/en\/wp-json\/wp\/v2\/pages"}],"about":[{"href":"https:\/\/faed.ufms.br\/en\/wp-json\/wp\/v2\/types\/page"}],"author":[{"embeddable":true,"href":"https:\/\/faed.ufms.br\/en\/wp-json\/wp\/v2\/users\/47"}],"replies":[{"embeddable":true,"href":"https:\/\/faed.ufms.br\/en\/wp-json\/wp\/v2\/comments?post=10134"}],"version-history":[{"count":7,"href":"https:\/\/faed.ufms.br\/en\/wp-json\/wp\/v2\/pages\/10134\/revisions"}],"predecessor-version":[{"id":11531,"href":"https:\/\/faed.ufms.br\/en\/wp-json\/wp\/v2\/pages\/10134\/revisions\/11531"}],"wp:attachment":[{"href":"https:\/\/faed.ufms.br\/en\/wp-json\/wp\/v2\/media?parent=10134"}],"wp:term":[{"taxonomy":"author","embeddable":true,"href":"https:\/\/faed.ufms.br\/en\/wp-json\/wp\/v2\/coauthors?post=10134"}],"curies":[{"name":"wp","href":"https:\/\/api.w.org\/{rel}","templated":true}]}}