{"id":10138,"date":"2024-09-11T08:26:37","date_gmt":"2024-09-11T12:26:37","guid":{"rendered":"https:\/\/faed.ufms.br\/?page_id=10138"},"modified":"2025-05-13T18:03:50","modified_gmt":"2025-05-13T22:03:50","slug":"comissao-de-pesquisa","status":"publish","type":"page","link":"https:\/\/faed.ufms.br\/en\/comissao-de-pesquisa\/","title":{"rendered":"Comiss\u00e3o Setorial de Pesquisa"},"content":{"rendered":"<p>A Comiss\u00e3o Setorial de Pesquisa desempenha um papel fundamental no processo de aprova\u00e7\u00e3o dos Projetos de Pesquisa e Inova\u00e7\u00e3o, uma vez que sua an\u00e1lise t\u00e9cnica subsidia a delibera\u00e7\u00e3o do Conselho da Unidade. Compete \u00e0 Comiss\u00e3o avaliar, de forma criteriosa: As parcerias institucionais previstas no projeto; A infraestrutura f\u00edsica e de pessoal dispon\u00edvel para sua execu\u00e7\u00e3o; Os riscos envolvidos e as contrapartidas institucionais assumidas; A necessidade de encaminhamento aos comit\u00eas de \u00e9tica em pesquisa; e o interesse da Unidade no desenvolvimento da proposta apresentada.<br \/>\nConforme Instru\u00e7\u00e3o Normativa n\u00b0 21-GAB\/PROPP\/UFMS, de 27 de dezembro de 2022, que estabelece os procedimentos de submiss\u00e3o, an\u00e1lise, vig\u00eancia e prorroga\u00e7\u00e3o de projetos de pesquisa e inova\u00e7\u00e3o, estabelece em seu art. 8\u00b0 que a an\u00e1lise preliminar dever\u00e1 ser realizada pelo Conselho da Unidade da Administra\u00e7\u00e3o Setorial, que dever\u00e1 avaliar: as parcerias institucionais previstas; a infraestrutura f\u00edsica e de pessoal dispon\u00edvel; os riscos e as contrapartidas institucionais; a necessidade de encaminhamento aos comit\u00eas de \u00e9tica em pesquisa; e o interesse da Unidade no desenvolvimento do projeto.<br \/>\nOs Projetos de Pesquisa e Inova\u00e7\u00e3o, de acordo com a Resolu\u00e7\u00e3o n\u00b0 287-COPP\/UFMS, de 26 de janeiro de 2021, ser\u00e3o aprovados pelo Conselho de Pesquisa e P\u00f3s-Gradua\u00e7\u00e3o, ouvido os Conselhos de Unidade das Unidades da Administra\u00e7\u00e3o Setorial (UAS), ap\u00f3s parecer t\u00e9cnico emitido pela Comiss\u00e3o Setorial de Pesquisa (CSP) da UAS, de acordo com Edital espec\u00edfico.<\/p>\n<p>&nbsp;<\/p>\n<hr \/>\n<p><span style=\"font-size: 18px\"><strong>Membros da Comiss\u00e3o Setorial de Pesquisa<\/strong><\/span><span style=\"text-decoration: line-through\"><span style=\"font-size: 12px\"><br \/>\n<\/span><span style=\"font-size: 12px\"><a href=\"https:\/\/boletimoficial.ufms.br\/bse\/publicacao?id=432225\">PORTARIA N\u00ba 12-GAB\/FAED\/UFMS, DE 22 DE JULHO DE 2021<\/a><br \/>\n<\/span><\/span><span style=\"font-size: 12px\"><a href=\"https:\/\/boletimoficial.ufms.br\/bse\/publicacao?id=490267\">PORTARIA N\u00ba 88-GAB\/FAED\/UFMS, DE 31 DE MAIO DE 2023<\/a><\/span><\/p>\n<ul>\n<li>FABIANY DE C\u00c1SSIA TAVARES SILVA (Presidente);<\/li>\n<li>CARLA BUSATO ZANDAVALLI MALUF DE ARAUJO;<\/li>\n<li>DIRCEU SANTOS SILVA;<\/li>\n<li>EDINALVA DA CRUZ TEIXEIRA SAKAI; e<\/li>\n<li>RODRIGO AUGUSTO DE SOUZA.<\/li>\n<\/ul>\n<p>&nbsp;<\/p>\n<hr \/>\n<p><strong><span style=\"font-size: 12px\">NORMAS:<\/span><\/strong><\/p>\n<p><span style=\"font-size: 12px\"><a href=\"https:\/\/boletimoficial.ufms.br\/bse\/publicacao?id=414757\">RESOLU\u00c7\u00c3O N\u00ba 287-COPP\/UFMS, DE 26 DE JANEIRO DE 2021<\/a><\/span><br \/>\n<span style=\"font-size: 12px\">Normas para elabora\u00e7\u00e3o e cadastro de Projetos de Pesquisa e Inova\u00e7\u00e3o<\/span><\/p>\n<p><span style=\"font-size: 12px\"><a href=\"https:\/\/boletimoficial.ufms.br\/bse\/publicacao?id=477135\">INSTRU\u00c7\u00c3O NORMATIVA N\u00ba 21-GAB\/PROPP\/UFMS, DE 27 DE DEZEMBRO DE 2022.<\/a><\/span><br \/>\n<span style=\"font-size: 12px\">Normas e os procedimentos de submiss\u00e3o, an\u00e1lise, vig\u00eancia e prorroga\u00e7\u00e3o de projetos de pesquisa e inova\u00e7\u00e3o.<\/span><\/p>\n<hr \/>\n<p style=\"text-align: center\"><em><span style=\"font-size: 12px;background-color: #e5edff\">P\u00e1gina atualizada em: 13\/05\/2025<\/span><\/em><\/p>\n","protected":false},"excerpt":{"rendered":"<p>A Comiss\u00e3o Setorial de Pesquisa desempenha um papel fundamental no processo de aprova\u00e7\u00e3o dos Projetos de Pesquisa e Inova\u00e7\u00e3o, uma vez que sua an\u00e1lise t\u00e9cnica subsidia a delibera\u00e7\u00e3o do Conselho da Unidade. Compete \u00e0 Comiss\u00e3o avaliar, de forma criteriosa: As parcerias institucionais previstas no projeto; A infraestrutura f\u00edsica e de pessoal dispon\u00edvel para sua execu\u00e7\u00e3o;&#8230;<\/p>\n","protected":false},"author":47,"featured_media":0,"parent":0,"menu_order":0,"comment_status":"closed","ping_status":"closed","template":"page-templates\/page-coordenadorias.php","meta":{"_acf_changed":false,"_eb_attr":"","_price":"","_stock":"","_tribe_ticket_header":"","_tribe_default_ticket_provider":"","_tribe_ticket_capacity":"0","_ticket_start_date":"","_ticket_end_date":"","_tribe_ticket_show_description":"","_tribe_ticket_show_not_going":false,"_tribe_ticket_use_global_stock":"","_tribe_ticket_global_stock_level":"","_global_stock_mode":"","_global_stock_cap":"","_tribe_rsvp_for_event":"","_tribe_ticket_going_count":"","_tribe_ticket_not_going_count":"","_tribe_tickets_list":"[]","_tribe_ticket_has_attendee_info_fields":false,"footnotes":"","_tec_slr_enabled":"","_tec_slr_layout":""},"coauthors":[109],"class_list":["post-10138","page","type-page","status-publish","hentry"],"acf":[],"aioseo_notices":[],"ticketed":false,"_links":{"self":[{"href":"https:\/\/faed.ufms.br\/en\/wp-json\/wp\/v2\/pages\/10138","targetHints":{"allow":["GET"]}}],"collection":[{"href":"https:\/\/faed.ufms.br\/en\/wp-json\/wp\/v2\/pages"}],"about":[{"href":"https:\/\/faed.ufms.br\/en\/wp-json\/wp\/v2\/types\/page"}],"author":[{"embeddable":true,"href":"https:\/\/faed.ufms.br\/en\/wp-json\/wp\/v2\/users\/47"}],"replies":[{"embeddable":true,"href":"https:\/\/faed.ufms.br\/en\/wp-json\/wp\/v2\/comments?post=10138"}],"version-history":[{"count":8,"href":"https:\/\/faed.ufms.br\/en\/wp-json\/wp\/v2\/pages\/10138\/revisions"}],"predecessor-version":[{"id":12113,"href":"https:\/\/faed.ufms.br\/en\/wp-json\/wp\/v2\/pages\/10138\/revisions\/12113"}],"wp:attachment":[{"href":"https:\/\/faed.ufms.br\/en\/wp-json\/wp\/v2\/media?parent=10138"}],"wp:term":[{"taxonomy":"author","embeddable":true,"href":"https:\/\/faed.ufms.br\/en\/wp-json\/wp\/v2\/coauthors?post=10138"}],"curies":[{"name":"wp","href":"https:\/\/api.w.org\/{rel}","templated":true}]}}