{"id":10222,"date":"2024-09-16T10:56:39","date_gmt":"2024-09-16T14:56:39","guid":{"rendered":"https:\/\/faed.ufms.br\/?page_id=10222"},"modified":"2025-11-13T16:59:13","modified_gmt":"2025-11-13T20:59:13","slug":"laboratorios","status":"publish","type":"page","link":"https:\/\/faed.ufms.br\/en\/laboratorios\/","title":{"rendered":"Laborat\u00f3rios"},"content":{"rendered":"<p><strong><span style=\"font-size: 14pt\">Laborat\u00f3rios vinculados \u00e0 Faculdade de Educa\u00e7\u00e3o<\/span><\/strong><br \/>\n<a href=\"https:\/\/boletimoficial.ufms.br\/bse\/publicacao?id=515417\"><span style=\"font-size: 10pt\">Resolu\u00e7\u00e3o N\u00ba 893-CAS\/FAED\/UFMS, de 28 de fevereiro de 2024<\/span><\/a><br \/>\n<a href=\"https:\/\/boletimoficial.ufms.br\/bse\/publicacao?id=576978\"><span style=\"font-size: 10pt\">Resolu\u00e7\u00e3o N\u00ba 1.163-CAS\/FAED\/UFMS, de 28 de outubro de 2025<\/span><\/a><\/p>\n<ol>\n<li><a href=\"https:\/\/faed.ufms.br\/brinquedoteca\/\">Brinquedoteca<\/a><\/li>\n<li><a href=\"https:\/\/faed.ufms.br\/laboratorios\/movimento\/\">Laborat\u00f3rio de Avalia\u00e7\u00e3o e Interven\u00e7\u00e3o no Movimento Humano<\/a><\/li>\n<li><a href=\"https:\/\/faed.ufms.br\/laboratorios\/danca\/\">Laborat\u00f3rio de Dan\u00e7a<\/a><\/li>\n<li><a href=\"https:\/\/faed.ufms.br\/laboratorios\/inclusiva\/\">Laborat\u00f3rio de Educa\u00e7\u00e3o F\u00edsica Inclusiva<\/a><\/li>\n<li><a href=\"https:\/\/faed.ufms.br\/laboratorios\/socioculturais\/\">Laborat\u00f3rio de Estudos Socioculturais em Educa\u00e7\u00e3o F\u00edsica, Esporte, Lazer e Dan\u00e7a<\/a><\/li>\n<li><a href=\"https:\/\/faed.ufms.br\/laboratorios\/fisiologia\/\">Laborat\u00f3rio de Fisiologia e Bioqu\u00edmica do Exerc\u00edcio<\/a><\/li>\n<li><a href=\"https:\/\/faed.ufms.br\/laboratorios\/esporte\/\">Laborat\u00f3rio de Gest\u00e3o do Esporte<\/a><\/li>\n<li><a href=\"https:\/\/faed.ufms.br\/laboratorios\/informatica\/\">Laborat\u00f3rio de Inform\u00e1tica<\/a><\/li>\n<li><a href=\"https:\/\/faed.ufms.br\/laboratorios\/medidas-clinicas\/\">Laborat\u00f3rio de Medidas Cl\u00ednicas, Composi\u00e7\u00e3o Corporal e Atividade F\u00edsica<\/a><\/li>\n<li><a href=\"https:\/\/faed.ufms.br\/laboratorios\/projetos\/\">Laborat\u00f3rio de Projetos Interinstitucionais e Conveniados<\/a><\/li>\n<li><a href=\"https:\/\/faed.ufms.br\/laboratorios\/cedes\/\">Rede CEDES<\/a><\/li>\n<\/ol>\n<p>&nbsp;<\/p>\n<hr \/>\n<p><strong><span style=\"font-size: 14pt\">Respons\u00e1veis T\u00e9cnicos (RT) dos Laborat\u00f3rios<br \/>\n<\/span><\/strong><span style=\"text-decoration: line-through\"><a href=\"https:\/\/boletimoficial.ufms.br\/bse\/publicacao?id=493727\"><span style=\"font-size: 10pt\">PORTARIA N\u00ba 114-GAB\/FAED\/UFMS, de 3 de julho de 2023<\/span><\/a><\/span><br \/>\n<span style=\"text-decoration: line-through\"><span style=\"font-size: 10pt\"><a href=\"https:\/\/boletimoficial.ufms.br\/bse\/publicacao?id=522652\">PORTARIA N\u00ba 64-FAED\/UFMS, de 9 de maio de 2024<\/a><br \/>\n<a href=\"https:\/\/boletimoficial.ufms.br\/bse\/publicacao?id=550961\">PORTARIA N\u00ba 7-FAED\/UFMS, de 28 de fevereiro de 2025<\/a><\/span><\/span><br \/>\n<a href=\"https:\/\/boletimoficial.ufms.br\/bse\/publicacao?id=573224\">PORTARIA N\u00ba 167-FAED\/UFMS, de 18 de setembro de 2025 (Vigente)<\/a><br \/>\n<a href=\"https:\/\/boletimoficial.ufms.br\/bse\/publicacao?id=577052\">PORTARIA N\u00ba 221-FAED\/UFMS, de 28 de outubro de 2025 (Vigente)<\/a><br \/>\n<em>Per\u00edodo: 18\/09\/2025 \u00e0 18\/09\/2027<\/em><br \/>\n<span style=\"font-size: 10pt\"><em><br \/>\n<\/em><\/span><\/p>\n<ul>\n<li><strong>Brinquedoteca<\/strong><br \/>\n<em><em>Prof\u00aa Hellen Jaqueline Marques<\/em><\/em><\/li>\n<li><strong>Laborat\u00f3rio de Avalia\u00e7\u00e3o e Interven\u00e7\u00e3o no Movimento Humano<\/strong><br \/>\n<em><em>Prof. Joel Saraiva Ferreira<\/em><\/em><\/li>\n<li><strong>Laborat\u00f3rio de Dan\u00e7a<\/strong><br \/>\n<em><em>Prof. Marcelo Victor da Rosa<\/em><\/em><\/li>\n<li><strong>Laborat\u00f3rio de Educa\u00e7\u00e3o F\u00edsica Inclusiva<\/strong><br \/>\n<em><em>Prof\u00aa Marina Brasiliano Salerno<\/em><\/em><\/li>\n<li><strong>Laborat\u00f3rio de Estudos Socioculturais em Educa\u00e7\u00e3o F\u00edsica, Esporte, Lazer e Dan\u00e7a<\/strong><br \/>\n<em><em>Prof. Dirceu Santos Silva (titular); Prof. Philipe Rocha de Camargo (Suplente)<\/em><\/em><\/li>\n<li><strong>Laborat\u00f3rio de Fisiologia e Bioqu\u00edmica do Exerc\u00edcio<\/strong><br \/>\n<em><em>Prof\u00aa Christianne de Faria Coelho Ravagnani<\/em><\/em><\/li>\n<li><strong>Laborat\u00f3rio de Gest\u00e3o do Esporte<\/strong><br \/>\n<em><em>Prof. Philipe Rocha de Camargo<\/em><\/em><\/li>\n<li><strong>Laborat\u00f3rio de Inform\u00e1tica<\/strong><br \/>\n<em><em>Prof\u00aa Mariana Biagi Batista<\/em><\/em><\/li>\n<li><strong>Laborat\u00f3rio de Medidas Cl\u00ednicas, Composi\u00e7\u00e3o Corporal e Atividade F\u00edsica<\/strong><br \/>\n<em><em>Prof\u00aa Christianne de Faria Coelho Ravagnani<\/em><\/em><\/li>\n<li><strong>Laborat\u00f3rio de Projetos Interinstitucionais e Conveniados<\/strong><br \/>\n<em><em>Prof. Dirceu Santos Silva (titular); Prof. Hugo Alexandre de Paula Santana (suplente)<\/em><\/em><\/li>\n<li><strong>Rede CEDES<\/strong><br \/>\n<em>Prof. Junior Vagner Pereira da Silva<\/em><\/li>\n<\/ul>\n<p>&nbsp;<\/p>\n<hr \/>\n<p><strong><span style=\"font-size: 14pt\">Normas e Regulamento<br \/>\n<\/span><\/strong><\/p>\n<p><a href=\"https:\/\/boletimoficial.ufms.br\/bse\/publicacao?id=459106\"><span style=\"font-size: 10pt\">RESOLU\u00c7\u00c3O N\u00ba 270, DE 2 DE JUNHO DE 2022<\/span><\/a><br \/>\n<span style=\"font-size: 10pt\"><em>Normas para cria\u00e7\u00e3o, implanta\u00e7\u00e3o e funcionamento de laborat\u00f3rios de ensino, pesquisa, extens\u00e3o, desenvolvimento institucional, empreendedorismo, inova\u00e7\u00e3o e\/ou sustentabilidade na UFMS.<\/em><\/span><\/p>\n<p>&nbsp;<\/p>\n<p><span style=\"font-size: 10pt\"><a href=\"https:\/\/boletimoficial.ufms.br\/bse\/publicacao?id=541431\">Resolu\u00e7\u00e3o N\u00ba 1.015-CAS\/FAED\/UFMS<\/a><br \/>\n<em>Regulamento de utiliza\u00e7\u00e3o dos Laborat\u00f3rios da Faed.<\/em><\/span><\/p>\n<a href=\"https:\/\/faed.ufms.br\/files\/2024\/12\/RESOLUCAO-CAS_FAED-1015-de-21-11-2024.pdf\" class=\"pdfemb-viewer\" style=\"\" data-width=\"max\" data-height=\"max\" data-toolbar=\"bottom\" data-toolbar-fixed=\"off\">RESOLUCAO-CAS_FAED-1015-de-21-11-2024<\/a>\n<p><span style=\"font-size: 10pt\"><a href=\"https:\/\/boletimoficial.ufms.br\/bse\/publicacao?id=541431\">AMPLIAR [Download]<\/a><br \/>\n<\/span><\/p>\n<p>&nbsp;<\/p>\n<hr \/>\n<p style=\"text-align: center\"><em><span style=\"font-size: 8pt\"><span style=\"font-size: 12px;background-color: #e5edff\">P\u00e1gina atualizada em: 13\/11\/2025<\/span><\/span><\/em><\/p>\n","protected":false},"excerpt":{"rendered":"<p>Laborat\u00f3rios vinculados \u00e0 Faculdade de Educa\u00e7\u00e3o Resolu\u00e7\u00e3o N\u00ba 893-CAS\/FAED\/UFMS, de 28 de fevereiro de 2024 Resolu\u00e7\u00e3o N\u00ba 1.163-CAS\/FAED\/UFMS, de 28 de outubro de 2025 Brinquedoteca Laborat\u00f3rio de Avalia\u00e7\u00e3o e Interven\u00e7\u00e3o no Movimento Humano Laborat\u00f3rio de Dan\u00e7a Laborat\u00f3rio de Educa\u00e7\u00e3o F\u00edsica Inclusiva Laborat\u00f3rio de Estudos Socioculturais em Educa\u00e7\u00e3o F\u00edsica, Esporte, Lazer e Dan\u00e7a Laborat\u00f3rio de Fisiologia&#8230;<\/p>\n","protected":false},"author":47,"featured_media":0,"parent":0,"menu_order":0,"comment_status":"closed","ping_status":"closed","template":"page-templates\/page-coordenadorias.php","meta":{"_acf_changed":false,"_eb_attr":"","_price":"","_stock":"","_tribe_ticket_header":"","_tribe_default_ticket_provider":"","_tribe_ticket_capacity":"0","_ticket_start_date":"","_ticket_end_date":"","_tribe_ticket_show_description":"","_tribe_ticket_show_not_going":false,"_tribe_ticket_use_global_stock":"","_tribe_ticket_global_stock_level":"","_global_stock_mode":"","_global_stock_cap":"","_tribe_rsvp_for_event":"","_tribe_ticket_going_count":"","_tribe_ticket_not_going_count":"","_tribe_tickets_list":"[]","_tribe_ticket_has_attendee_info_fields":false,"footnotes":"","_tec_slr_enabled":"","_tec_slr_layout":""},"coauthors":[109],"class_list":["post-10222","page","type-page","status-publish","hentry"],"acf":[],"aioseo_notices":[],"ticketed":false,"_links":{"self":[{"href":"https:\/\/faed.ufms.br\/en\/wp-json\/wp\/v2\/pages\/10222","targetHints":{"allow":["GET"]}}],"collection":[{"href":"https:\/\/faed.ufms.br\/en\/wp-json\/wp\/v2\/pages"}],"about":[{"href":"https:\/\/faed.ufms.br\/en\/wp-json\/wp\/v2\/types\/page"}],"author":[{"embeddable":true,"href":"https:\/\/faed.ufms.br\/en\/wp-json\/wp\/v2\/users\/47"}],"replies":[{"embeddable":true,"href":"https:\/\/faed.ufms.br\/en\/wp-json\/wp\/v2\/comments?post=10222"}],"version-history":[{"count":29,"href":"https:\/\/faed.ufms.br\/en\/wp-json\/wp\/v2\/pages\/10222\/revisions"}],"predecessor-version":[{"id":13012,"href":"https:\/\/faed.ufms.br\/en\/wp-json\/wp\/v2\/pages\/10222\/revisions\/13012"}],"wp:attachment":[{"href":"https:\/\/faed.ufms.br\/en\/wp-json\/wp\/v2\/media?parent=10222"}],"wp:term":[{"taxonomy":"author","embeddable":true,"href":"https:\/\/faed.ufms.br\/en\/wp-json\/wp\/v2\/coauthors?post=10222"}],"curies":[{"name":"wp","href":"https:\/\/api.w.org\/{rel}","templated":true}]}}