{"id":10337,"date":"2024-09-30T13:30:32","date_gmt":"2024-09-30T17:30:32","guid":{"rendered":"https:\/\/faed.ufms.br\/?page_id=10337"},"modified":"2025-04-29T22:29:43","modified_gmt":"2025-04-30T02:29:43","slug":"1a-semana","status":"publish","type":"page","link":"https:\/\/faed.ufms.br\/en\/semana-docente\/1a-semana\/","title":{"rendered":"1\u00aa Semana de Educa\u00e7\u00e3o e Forma\u00e7\u00e3o Docente da Faed"},"content":{"rendered":"<p><img fetchpriority=\"high\" decoding=\"async\" class=\"alignleft size-large wp-image-4911\" src=\"https:\/\/faed.ufms.br\/files\/2019\/11\/Presentations-are-tools-that-can-be-used-as-demonstrations.-1024x576.png\" alt=\"\" width=\"1024\" height=\"576\" srcset=\"https:\/\/faed.ufms.br\/files\/2019\/11\/Presentations-are-tools-that-can-be-used-as-demonstrations.-1024x576.png 1024w, https:\/\/faed.ufms.br\/files\/2019\/11\/Presentations-are-tools-that-can-be-used-as-demonstrations.-300x169.png 300w, https:\/\/faed.ufms.br\/files\/2019\/11\/Presentations-are-tools-that-can-be-used-as-demonstrations.-768x432.png 768w, https:\/\/faed.ufms.br\/files\/2019\/11\/Presentations-are-tools-that-can-be-used-as-demonstrations.-569x320.png 569w, https:\/\/faed.ufms.br\/files\/2019\/11\/Presentations-are-tools-that-can-be-used-as-demonstrations..png 1920w\" sizes=\"(max-width: 1024px) 100vw, 1024px\" \/><\/p>\n<p>&nbsp;<\/p>\n<p>&nbsp;<\/p>\n<p><span style=\"font-size: 18px\"><strong>Integra\u00e7\u00e3o ensino, pesquisa e extens\u00e3o<\/strong><\/span><\/p>\n<p>De <strong>12 a 14 de novembro de 2019<\/strong>, acontecer\u00e1 a 1\u00aa Semana de Educa\u00e7\u00e3o e Forma\u00e7\u00e3o Docente: Integra\u00e7\u00e3o Ensino,<br \/>\nPesquisa e Extens\u00e3o, no Audit\u00f3rio Mar\u00e7al de Souza (FAALC).<\/p>\n<p>A Faed ocupa-se, preferencialmente, da forma\u00e7\u00e3o de professores e pesquisadores do campo educacional. Ao ser criada, assumiu a responsabilidade de contribuir com a melhoria da qualidade educa\u00e7\u00e3o em Mato Grosso do Sul, participando de forma ativa no debate das quest\u00f5es que envolvem a forma\u00e7\u00e3o de professores e o campo de trabalho dos profissionais e pesquisadores que forma. Assim, atende \u00e0s diretrizes internas da FAED a promo\u00e7\u00e3o de um encontro integrador entre seus cursos de gradua\u00e7\u00e3o e p\u00f3s-gradua\u00e7\u00e3o, com a participa\u00e7\u00e3o de outras entidades e institui\u00e7\u00f5es de ensino superior que tamb\u00e9m possuem faculdades e programas ligados \u00e0 Educa\u00e7\u00e3o.<\/p>\n<p>Programa\u00e7\u00e3o:\u00a0<a href=\"https:\/\/faed.ufms.br\/files\/2019\/11\/New-flipbook-12-1.pdf\" target=\"_blank\" rel=\"noopener noreferrer\">1\u00aa SEMANA DE EDUCA\u00c7\u00c3O E FORMA\u00c7\u00c3O DOCENTE: INTEGRA\u00c7\u00c3O ENSINO, PESQUISA E EXTENS\u00c3O<\/a><\/p>\n<p>Link para inscri\u00e7\u00e3o: https:\/\/forms.gle\/8HpogESYc4YGSKLD8<\/p>\n<p>&nbsp;<\/p>\n<p><em>Publicado em: 1 de novembro de 2019<\/em><\/p>\n<hr \/>\n<p>&nbsp;<\/p>\n<p><strong><span style=\"font-size: 14pt\">FOTOS<\/span><\/strong><\/p>\n<p><a href=\"https:\/\/faed.ufms.br\/files\/2019\/11\/WhatsApp-Image-2019-11-12-at-19.25.24-1.jpeg\"><img decoding=\"async\" class=\"alignnone size-medium wp-image-4927\" src=\"https:\/\/faed.ufms.br\/files\/2019\/11\/WhatsApp-Image-2019-11-12-at-19.25.24-1-300x225.jpeg\" alt=\"\" width=\"300\" height=\"225\" srcset=\"https:\/\/faed.ufms.br\/files\/2019\/11\/WhatsApp-Image-2019-11-12-at-19.25.24-1-300x225.jpeg 300w, https:\/\/faed.ufms.br\/files\/2019\/11\/WhatsApp-Image-2019-11-12-at-19.25.24-1-768x576.jpeg 768w, https:\/\/faed.ufms.br\/files\/2019\/11\/WhatsApp-Image-2019-11-12-at-19.25.24-1-1024x768.jpeg 1024w, https:\/\/faed.ufms.br\/files\/2019\/11\/WhatsApp-Image-2019-11-12-at-19.25.24-1-427x320.jpeg 427w, https:\/\/faed.ufms.br\/files\/2019\/11\/WhatsApp-Image-2019-11-12-at-19.25.24-1.jpeg 1280w\" sizes=\"(max-width: 300px) 100vw, 300px\" \/><\/a>\u00a0<a href=\"https:\/\/faed.ufms.br\/files\/2019\/11\/WhatsApp-Image-2019-11-12-at-19.25.23.jpeg\"><img decoding=\"async\" class=\"alignnone size-medium wp-image-4926\" src=\"https:\/\/faed.ufms.br\/files\/2019\/11\/WhatsApp-Image-2019-11-12-at-19.25.23-300x225.jpeg\" alt=\"\" width=\"300\" height=\"225\" srcset=\"https:\/\/faed.ufms.br\/files\/2019\/11\/WhatsApp-Image-2019-11-12-at-19.25.23-300x225.jpeg 300w, https:\/\/faed.ufms.br\/files\/2019\/11\/WhatsApp-Image-2019-11-12-at-19.25.23-768x576.jpeg 768w, https:\/\/faed.ufms.br\/files\/2019\/11\/WhatsApp-Image-2019-11-12-at-19.25.23-1024x768.jpeg 1024w, https:\/\/faed.ufms.br\/files\/2019\/11\/WhatsApp-Image-2019-11-12-at-19.25.23-427x320.jpeg 427w, https:\/\/faed.ufms.br\/files\/2019\/11\/WhatsApp-Image-2019-11-12-at-19.25.23.jpeg 1280w\" sizes=\"(max-width: 300px) 100vw, 300px\" \/><\/a>\u00a0<a href=\"https:\/\/faed.ufms.br\/files\/2019\/11\/WhatsApp-Image-2019-11-12-at-19.40.13.jpeg\"><img loading=\"lazy\" decoding=\"async\" class=\"alignnone size-medium wp-image-4924\" src=\"https:\/\/faed.ufms.br\/files\/2019\/11\/WhatsApp-Image-2019-11-12-at-19.40.13-300x225.jpeg\" alt=\"\" width=\"300\" height=\"225\" srcset=\"https:\/\/faed.ufms.br\/files\/2019\/11\/WhatsApp-Image-2019-11-12-at-19.40.13-300x225.jpeg 300w, https:\/\/faed.ufms.br\/files\/2019\/11\/WhatsApp-Image-2019-11-12-at-19.40.13-768x576.jpeg 768w, https:\/\/faed.ufms.br\/files\/2019\/11\/WhatsApp-Image-2019-11-12-at-19.40.13-1024x768.jpeg 1024w, https:\/\/faed.ufms.br\/files\/2019\/11\/WhatsApp-Image-2019-11-12-at-19.40.13-427x320.jpeg 427w, https:\/\/faed.ufms.br\/files\/2019\/11\/WhatsApp-Image-2019-11-12-at-19.40.13.jpeg 1280w\" sizes=\"(max-width: 300px) 100vw, 300px\" \/><\/a>\u00a0<a href=\"https:\/\/faed.ufms.br\/files\/2019\/11\/WhatsApp-Image-2019-11-13-at-07.30.28.jpeg\"><img loading=\"lazy\" decoding=\"async\" class=\"alignnone size-medium wp-image-4923\" src=\"https:\/\/faed.ufms.br\/files\/2019\/11\/WhatsApp-Image-2019-11-13-at-07.30.28-225x300.jpeg\" alt=\"\" width=\"225\" height=\"300\" srcset=\"https:\/\/faed.ufms.br\/files\/2019\/11\/WhatsApp-Image-2019-11-13-at-07.30.28-225x300.jpeg 225w, https:\/\/faed.ufms.br\/files\/2019\/11\/WhatsApp-Image-2019-11-13-at-07.30.28-768x1024.jpeg 768w, https:\/\/faed.ufms.br\/files\/2019\/11\/WhatsApp-Image-2019-11-13-at-07.30.28-240x320.jpeg 240w, https:\/\/faed.ufms.br\/files\/2019\/11\/WhatsApp-Image-2019-11-13-at-07.30.28.jpeg 960w\" sizes=\"(max-width: 225px) 100vw, 225px\" \/><\/a>\u00a0\u00a0<a href=\"https:\/\/faed.ufms.br\/files\/2019\/11\/WhatsApp-Image-2019-11-13-at-07.31.17.jpeg\"><img loading=\"lazy\" decoding=\"async\" class=\"alignnone size-medium wp-image-4922\" src=\"https:\/\/faed.ufms.br\/files\/2019\/11\/WhatsApp-Image-2019-11-13-at-07.31.17-300x225.jpeg\" alt=\"\" width=\"300\" height=\"225\" srcset=\"https:\/\/faed.ufms.br\/files\/2019\/11\/WhatsApp-Image-2019-11-13-at-07.31.17-300x225.jpeg 300w, https:\/\/faed.ufms.br\/files\/2019\/11\/WhatsApp-Image-2019-11-13-at-07.31.17-768x576.jpeg 768w, https:\/\/faed.ufms.br\/files\/2019\/11\/WhatsApp-Image-2019-11-13-at-07.31.17-1024x768.jpeg 1024w, https:\/\/faed.ufms.br\/files\/2019\/11\/WhatsApp-Image-2019-11-13-at-07.31.17-427x320.jpeg 427w, https:\/\/faed.ufms.br\/files\/2019\/11\/WhatsApp-Image-2019-11-13-at-07.31.17.jpeg 1280w\" sizes=\"(max-width: 300px) 100vw, 300px\" \/><\/a>\u00a0<a href=\"https:\/\/faed.ufms.br\/files\/2019\/11\/WhatsApp-Image-2019-11-13-at-07.31.20.jpeg\"><img loading=\"lazy\" decoding=\"async\" class=\"alignnone size-medium wp-image-4921\" src=\"https:\/\/faed.ufms.br\/files\/2019\/11\/WhatsApp-Image-2019-11-13-at-07.31.20-300x225.jpeg\" alt=\"\" width=\"300\" height=\"225\" srcset=\"https:\/\/faed.ufms.br\/files\/2019\/11\/WhatsApp-Image-2019-11-13-at-07.31.20-300x225.jpeg 300w, https:\/\/faed.ufms.br\/files\/2019\/11\/WhatsApp-Image-2019-11-13-at-07.31.20-768x576.jpeg 768w, https:\/\/faed.ufms.br\/files\/2019\/11\/WhatsApp-Image-2019-11-13-at-07.31.20-1024x768.jpeg 1024w, https:\/\/faed.ufms.br\/files\/2019\/11\/WhatsApp-Image-2019-11-13-at-07.31.20-427x320.jpeg 427w, https:\/\/faed.ufms.br\/files\/2019\/11\/WhatsApp-Image-2019-11-13-at-07.31.20.jpeg 1280w\" sizes=\"(max-width: 300px) 100vw, 300px\" \/><\/a><\/p>\n<p>&nbsp;<\/p>\n<p><em>Publicado em: 19 de novembro de 2019<\/em><\/p>\n","protected":false},"excerpt":{"rendered":"<p>&nbsp; &nbsp; Integra\u00e7\u00e3o ensino, pesquisa e extens\u00e3o De 12 a 14 de novembro de 2019, acontecer\u00e1 a 1\u00aa Semana de Educa\u00e7\u00e3o e Forma\u00e7\u00e3o Docente: Integra\u00e7\u00e3o Ensino, Pesquisa e Extens\u00e3o, no Audit\u00f3rio Mar\u00e7al de Souza (FAALC). A Faed ocupa-se, preferencialmente, da forma\u00e7\u00e3o de professores e pesquisadores do campo educacional. Ao ser criada, assumiu a responsabilidade de&#8230;<\/p>\n","protected":false},"author":47,"featured_media":0,"parent":10557,"menu_order":0,"comment_status":"closed","ping_status":"closed","template":"page-templates\/page-coordenadorias.php","meta":{"_acf_changed":false,"_eb_attr":"","_price":"","_stock":"","_tribe_ticket_header":"","_tribe_default_ticket_provider":"","_tribe_ticket_capacity":"0","_ticket_start_date":"","_ticket_end_date":"","_tribe_ticket_show_description":"","_tribe_ticket_show_not_going":false,"_tribe_ticket_use_global_stock":"","_tribe_ticket_global_stock_level":"","_global_stock_mode":"","_global_stock_cap":"","_tribe_rsvp_for_event":"","_tribe_ticket_going_count":"","_tribe_ticket_not_going_count":"","_tribe_tickets_list":"[]","_tribe_ticket_has_attendee_info_fields":false,"footnotes":"","_tec_slr_enabled":"","_tec_slr_layout":""},"coauthors":[109],"class_list":["post-10337","page","type-page","status-publish","hentry"],"acf":[],"aioseo_notices":[],"ticketed":false,"_links":{"self":[{"href":"https:\/\/faed.ufms.br\/en\/wp-json\/wp\/v2\/pages\/10337","targetHints":{"allow":["GET"]}}],"collection":[{"href":"https:\/\/faed.ufms.br\/en\/wp-json\/wp\/v2\/pages"}],"about":[{"href":"https:\/\/faed.ufms.br\/en\/wp-json\/wp\/v2\/types\/page"}],"author":[{"embeddable":true,"href":"https:\/\/faed.ufms.br\/en\/wp-json\/wp\/v2\/users\/47"}],"replies":[{"embeddable":true,"href":"https:\/\/faed.ufms.br\/en\/wp-json\/wp\/v2\/comments?post=10337"}],"version-history":[{"count":8,"href":"https:\/\/faed.ufms.br\/en\/wp-json\/wp\/v2\/pages\/10337\/revisions"}],"predecessor-version":[{"id":11478,"href":"https:\/\/faed.ufms.br\/en\/wp-json\/wp\/v2\/pages\/10337\/revisions\/11478"}],"up":[{"embeddable":true,"href":"https:\/\/faed.ufms.br\/en\/wp-json\/wp\/v2\/pages\/10557"}],"wp:attachment":[{"href":"https:\/\/faed.ufms.br\/en\/wp-json\/wp\/v2\/media?parent=10337"}],"wp:term":[{"taxonomy":"author","embeddable":true,"href":"https:\/\/faed.ufms.br\/en\/wp-json\/wp\/v2\/coauthors?post=10337"}],"curies":[{"name":"wp","href":"https:\/\/api.w.org\/{rel}","templated":true}]}}