{"id":10344,"date":"2024-09-30T13:37:53","date_gmt":"2024-09-30T17:37:53","guid":{"rendered":"https:\/\/faed.ufms.br\/?page_id=10344"},"modified":"2025-04-29T22:34:01","modified_gmt":"2025-04-30T02:34:01","slug":"2a-semana","status":"publish","type":"page","link":"https:\/\/faed.ufms.br\/en\/semana-docente\/2a-semana\/","title":{"rendered":"2\u00aa Semana de Educa\u00e7\u00e3o e Forma\u00e7\u00e3o Docente da Faed"},"content":{"rendered":"<p><span style=\"font-size: 18px\"><strong>Integra\u00e7\u00e3o ensino, pesquisa e extens\u00e3o<\/strong><\/span><\/p>\n<p>Foi publicado os <em><strong><a href=\"https:\/\/faed.ufms.br\/files\/2024\/04\/Anais-II-Semana-de-Educacao.pdf\">Anais eletr\u00f4nicos<\/a> <\/strong><\/em>da II Semana de Educa\u00e7\u00e3o e Forma\u00e7\u00e3o Docente da FAED\/UFMS, ocorrido no ano de 2022.<\/p>\n<p>O texto descreve a import\u00e2ncia de considerar as singularidades regionais na discuss\u00e3o sobre educa\u00e7\u00e3o e forma\u00e7\u00e3o de professores, em contraponto \u00e0 abordagem abstrata e homog\u00eanea. A \u201cII Semana de Educa\u00e7\u00e3o e Forma\u00e7\u00e3o Docente\u201d da UFMS promoveu debates sobre diversos temas educacionais, com participa\u00e7\u00e3o de diferentes profissionais da \u00e1rea. Foram realizadas atividades como mesas tem\u00e1ticas, oficinas, palestras e rodas de conversa, abordando quest\u00f5es espec\u00edficas e gerais relacionadas \u00e0 educa\u00e7\u00e3o. O evento tamb\u00e9m recebeu submiss\u00f5es de trabalhos acad\u00eamicos, distribu\u00eddos em cinco eixos tem\u00e1ticos que contemplaram os cursos da Faculdade de Educa\u00e7\u00e3o da UFMS. A participa\u00e7\u00e3o foi diversificada, incluindo professores, t\u00e9cnicos administrativos, acad\u00eamicos e egressos de diversas institui\u00e7\u00f5es. As sess\u00f5es de comunica\u00e7\u00e3o oral proporcionaram a socializa\u00e7\u00e3o de pesquisas e conhecimentos, enriquecendo os debates. A publica\u00e7\u00e3o visa ampliar a dissemina\u00e7\u00e3o das discuss\u00f5es realizadas durante a II Semana de Educa\u00e7\u00e3o e Forma\u00e7\u00e3o Docente da Faed\/UFMS, destacando a integra\u00e7\u00e3o entre ensino, pesquisa e extens\u00e3o.<\/p>\n<p>Publica\u00e7\u00e3o: <em><strong><a href=\"https:\/\/faed.ufms.br\/files\/2024\/04\/Anais-II-Semana-de-Educacao.pdf\">Anais eletr\u00f4nicos<\/a><\/strong><\/em><\/p>\n<p><a href=\"https:\/\/faed.ufms.br\/files\/2024\/04\/Anais-II-Semana-de-Educacao.pdf\"><img fetchpriority=\"high\" decoding=\"async\" class=\"alignleft wp-image-9131 size-large\" src=\"https:\/\/faed.ufms.br\/files\/2024\/04\/1-1024x463.png\" alt=\"\" width=\"1024\" height=\"463\" srcset=\"https:\/\/faed.ufms.br\/files\/2024\/04\/1-1024x463.png 1024w, https:\/\/faed.ufms.br\/files\/2024\/04\/1-300x136.png 300w, https:\/\/faed.ufms.br\/files\/2024\/04\/1-768x347.png 768w, https:\/\/faed.ufms.br\/files\/2024\/04\/1-707x320.png 707w, https:\/\/faed.ufms.br\/files\/2024\/04\/1.png 1185w\" sizes=\"(max-width: 1024px) 100vw, 1024px\" \/><\/a><\/p>\n<p>&nbsp;<\/p>\n<p><em>Publicado em: 22 de fevereiro de 2024<\/em><\/p>\n","protected":false},"excerpt":{"rendered":"<p>Integra\u00e7\u00e3o ensino, pesquisa e extens\u00e3o Foi publicado os Anais eletr\u00f4nicos da II Semana de Educa\u00e7\u00e3o e Forma\u00e7\u00e3o Docente da FAED\/UFMS, ocorrido no ano de 2022. O texto descreve a import\u00e2ncia de considerar as singularidades regionais na discuss\u00e3o sobre educa\u00e7\u00e3o e forma\u00e7\u00e3o de professores, em contraponto \u00e0 abordagem abstrata e homog\u00eanea. A \u201cII Semana de Educa\u00e7\u00e3o&#8230;<\/p>\n","protected":false},"author":47,"featured_media":0,"parent":10557,"menu_order":2,"comment_status":"closed","ping_status":"closed","template":"page-templates\/page-coordenadorias.php","meta":{"_acf_changed":false,"_eb_attr":"","_price":"","_stock":"","_tribe_ticket_header":"","_tribe_default_ticket_provider":"","_tribe_ticket_capacity":"0","_ticket_start_date":"","_ticket_end_date":"","_tribe_ticket_show_description":"","_tribe_ticket_show_not_going":false,"_tribe_ticket_use_global_stock":"","_tribe_ticket_global_stock_level":"","_global_stock_mode":"","_global_stock_cap":"","_tribe_rsvp_for_event":"","_tribe_ticket_going_count":"","_tribe_ticket_not_going_count":"","_tribe_tickets_list":"[]","_tribe_ticket_has_attendee_info_fields":false,"footnotes":"","_tec_slr_enabled":"","_tec_slr_layout":""},"coauthors":[109],"class_list":["post-10344","page","type-page","status-publish","hentry"],"acf":[],"aioseo_notices":[],"ticketed":false,"_links":{"self":[{"href":"https:\/\/faed.ufms.br\/en\/wp-json\/wp\/v2\/pages\/10344","targetHints":{"allow":["GET"]}}],"collection":[{"href":"https:\/\/faed.ufms.br\/en\/wp-json\/wp\/v2\/pages"}],"about":[{"href":"https:\/\/faed.ufms.br\/en\/wp-json\/wp\/v2\/types\/page"}],"author":[{"embeddable":true,"href":"https:\/\/faed.ufms.br\/en\/wp-json\/wp\/v2\/users\/47"}],"replies":[{"embeddable":true,"href":"https:\/\/faed.ufms.br\/en\/wp-json\/wp\/v2\/comments?post=10344"}],"version-history":[{"count":11,"href":"https:\/\/faed.ufms.br\/en\/wp-json\/wp\/v2\/pages\/10344\/revisions"}],"predecessor-version":[{"id":11477,"href":"https:\/\/faed.ufms.br\/en\/wp-json\/wp\/v2\/pages\/10344\/revisions\/11477"}],"up":[{"embeddable":true,"href":"https:\/\/faed.ufms.br\/en\/wp-json\/wp\/v2\/pages\/10557"}],"wp:attachment":[{"href":"https:\/\/faed.ufms.br\/en\/wp-json\/wp\/v2\/media?parent=10344"}],"wp:term":[{"taxonomy":"author","embeddable":true,"href":"https:\/\/faed.ufms.br\/en\/wp-json\/wp\/v2\/coauthors?post=10344"}],"curies":[{"name":"wp","href":"https:\/\/api.w.org\/{rel}","templated":true}]}}