{"id":10357,"date":"2024-09-30T13:59:19","date_gmt":"2024-09-30T17:59:19","guid":{"rendered":"https:\/\/faed.ufms.br\/?page_id=10357"},"modified":"2025-04-29T22:31:11","modified_gmt":"2025-04-30T02:31:11","slug":"3a-semana","status":"publish","type":"page","link":"https:\/\/faed.ufms.br\/en\/semana-docente\/3a-semana\/","title":{"rendered":"3\u00aa Semana de Educa\u00e7\u00e3o e Forma\u00e7\u00e3o Docente da Faed"},"content":{"rendered":"<p><span style=\"font-size: 18px\"><strong>Integra\u00e7\u00e3o ensino, pesquisa e extens\u00e3o<\/strong><\/span><\/p>\n<p>A III\u00aa Semana de Educa\u00e7\u00e3o e Forma\u00e7\u00e3o Docente da FAED\/UFMS anunciou a publica\u00e7\u00e3o dos<strong> <a href=\"https:\/\/faed.ufms.br\/files\/2024\/02\/2024-Rossi-Novais-e-Batista-III-Semana-FAED.pdf\">Anais do evento<\/a><\/strong>, organizado pelos prof. Dr. Rafael Rossi, profa. Dra. Sandra Novais Sousa e profa. Dra. Mariana Biagi Batista. Segundo a Profa. Dra. Milene Bartolomei Silva, durante tr\u00eas anos, a equipe da Faculdade de Educa\u00e7\u00e3o da Universidade Federal de Mato Grosso do Sul tem promovido este evento para fortalecer a integra\u00e7\u00e3o entre os cursos de gradua\u00e7\u00e3o e p\u00f3s-gradua\u00e7\u00e3o, visando dar visibilidade \u00e0s suas a\u00e7\u00f5es e produ\u00e7\u00f5es cient\u00edficas.<\/p>\n<p>O evento de 2023 contou com encontros de planejamento ao longo de 2021\/2022, envolvendo professores e acad\u00eamicos. Os resultados desses esfor\u00e7os est\u00e3o agora dispon\u00edveis <strong><a href=\"https:\/\/faed.ufms.br\/files\/2024\/02\/2024-Rossi-Novais-e-Batista-III-Semana-FAED.pdf\">neste\u00a0<em>e-book<\/em><\/a><\/strong>\u00a0que reflete sobre a integra\u00e7\u00e3o do ensino, pesquisa e extens\u00e3o. O material compartilhado \u00e9 fruto das viv\u00eancias di\u00e1rias dos profissionais da educa\u00e7\u00e3o em Mato Grosso do Sul, buscando contribuir para o conhecimento coletivo na \u00e1rea.<\/p>\n<p>O\u00a0<em>e-book<\/em>\u00a0apresenta narrativas de docentes e acad\u00eamicos da UFMS e de outras institui\u00e7\u00f5es, destacando a import\u00e2ncia da pr\u00e1tica pedag\u00f3gica. O convite \u00e9 feito para uma imers\u00e3o nos textos, visando aprofundar conhecimentos, trocar informa\u00e7\u00f5es e ampliar o entendimento sobre a educa\u00e7\u00e3o brasileira.<\/p>\n<p>A obra busca orientar estudos, propor reflex\u00f5es, abrir d\u00favidas, orientar pesquisas, sistematizar conte\u00fados e propor novas investiga\u00e7\u00f5es. Destaca-se o desafio cont\u00ednuo da Faculdade de Educa\u00e7\u00e3o em garantir os direitos dos educandos, promover uma forma\u00e7\u00e3o s\u00f3lida e qualificar as a\u00e7\u00f5es pedag\u00f3gicas.<\/p>\n<p>Com uma abordagem ousada e inovadora, a colet\u00e2nea elaborada pelo coletivo da Faculdade de Educa\u00e7\u00e3o da UFMS e outras institui\u00e7\u00f5es oferece narrativas e aprendizados constru\u00eddos a partir das experi\u00eancias vividas. Destina-se a todos que buscam se envolver e implementar pr\u00e1ticas pedag\u00f3gicas relevantes para a educa\u00e7\u00e3o brasileira, promovendo uma rede formativa e servindo como dispositivo pedag\u00f3gico para aprofundamento dos conhecimentos did\u00e1tico-pedag\u00f3gicos.<\/p>\n<p><strong><a href=\"https:\/\/faed.ufms.br\/files\/2024\/02\/2024-Rossi-Novais-e-Batista-III-Semana-FAED.pdf\">Baixar\u00a0<em>e-book<\/em>\u00a0da III Semana de Educa\u00e7\u00e3o e Forma\u00e7\u00e3o Docente da FAED\/UFMS<\/a><\/strong><\/p>\n<p><a href=\"https:\/\/faed.ufms.br\/files\/2024\/02\/2024-Rossi-Novais-e-Batista-III-Semana-FAED.pdf\"><img fetchpriority=\"high\" decoding=\"async\" class=\"alignleft size-full wp-image-8983\" src=\"https:\/\/faed.ufms.br\/files\/2024\/02\/faed.png\" alt=\"\" width=\"780\" height=\"645\" srcset=\"https:\/\/faed.ufms.br\/files\/2024\/02\/faed.png 780w, https:\/\/faed.ufms.br\/files\/2024\/02\/faed-300x248.png 300w, https:\/\/faed.ufms.br\/files\/2024\/02\/faed-768x635.png 768w, https:\/\/faed.ufms.br\/files\/2024\/02\/faed-387x320.png 387w\" sizes=\"(max-width: 780px) 100vw, 780px\" \/><\/a><\/p>\n<p>&nbsp;<\/p>\n<p><em>Publicado em: 22 de fevereiro de 2024<\/em><\/p>\n<p>&nbsp;<\/p>\n<hr \/>\n<p>&nbsp;<\/p>\n<p><strong>Submiss\u00e3o de Trabalhos para a 3\u00aa SEMANA DE EDUCA\u00c7\u00c3O E FORMA\u00c7\u00c3O DOCENTE DA FAED: INTEGRA\u00c7\u00c3O ENSINO, PESQUISA E EXTENS\u00c3O<\/strong><\/p>\n<p>Ser\u00e3o aceitos trabalhos no formato RESUMO EXPANDIDO (6 a 10 p\u00e1ginas).<\/p>\n<p><strong>Aten\u00e7\u00e3o! Prorrogado at\u00e9 dia 14\/09\/2023<\/strong><\/p>\n<p><strong>Divulga\u00e7\u00e3o dos Resultados: 18\/09\/2023<\/strong><\/p>\n<p>Passo a passo:<\/p>\n<ul>\n<li>Realizar a inscri\u00e7\u00e3o no evento;<\/li>\n<li>Baixar o\u00a0<a href=\"https:\/\/docs.google.com\/document\/d\/1aSZEuAFLy_gRVtZ5OJNyZKy8z8E4LJFl\/edit?usp=sharing&amp;ouid=110263763010574453780&amp;rtpof=true&amp;sd=true\">Template\/Modelo<\/a>\u00a0do arquivo, no qual h\u00e1 as normas de formata\u00e7\u00e3o e demais informa\u00e7\u00f5es;<\/li>\n<li>Enviar para o e-mail\u00a0<a href=\"mailto:submissao2sefd@gmail.com\">submissao2sefd@gmail.com<\/a>, em formato world, dois arquivos: um\u00a0<strong>sem identifica\u00e7\u00e3o<\/strong>\u00a0dos autores, e um\u00a0<strong>com identifica\u00e7\u00e3o<\/strong>\u00a0dos autores; \u00c9 imprescind\u00edvel remover do arquivo sem identifica\u00e7\u00e3o qualquer informa\u00e7\u00e3o do software que identifique o autor\/a \u2013 Menu Arquivo \u201cPropriedades do Word\u201d.<\/li>\n<li>Ap\u00f3s confer\u00eancia inicial da Comiss\u00e3o Cient\u00edfica, os trabalhos ser\u00e3o enviados a, no m\u00ednimo, dois pareceristas ad hoc, que poder\u00e3o: a) Aprovar o trabalho somente para comunica\u00e7\u00e3o oral; b) Aprovar o trabalho para comunica\u00e7\u00e3o oral e publica\u00e7\u00e3o nos anais; c) Aprovar o trabalho para comunica\u00e7\u00e3o oral e publica\u00e7\u00e3o, condicionado a corre\u00e7\u00f5es obrigat\u00f3rias. (Caso o autor n\u00e3o mande as corre\u00e7\u00f5es no prazo indicado no parecer, o trabalho constar\u00e1 apenas como comunica\u00e7\u00e3o oral); d) Reprovar.<\/li>\n<\/ul>\n<p><em>Publicado em: 17 de agosto de 2023<\/em><\/p>\n<p>&nbsp;<\/p>\n<hr \/>\n<p>Est\u00e3o abertas as inscri\u00e7\u00f5es para a <strong>3\u00aa Semana de Educa\u00e7\u00e3o e Forma\u00e7\u00e3o Docente da Faculdade de Educa\u00e7\u00e3o\/FAED\/UFMS.<\/strong><\/p>\n<p>O evento ocorrer\u00e1 no per\u00edodo de 19 a 21 de setembro de 2023, na Cidade Universit\u00e1ria, UFMS, Campo Grande\/MS.<br \/>\nNo formul\u00e1rio voc\u00ea poder\u00e1 acessar os\u00a0<a href=\"https:\/\/docs.google.com\/forms\/d\/e\/1FAIpQLSd47nwb0d-bVQqsROYo6vCFz_b2elou6LY6bCyv8jKgkK02Rg\/viewform\">links da Programa\u00e7\u00e3o.<\/a><\/p>\n<p><em>Publicado em: 3 de agosto de 2023<\/em><\/p>\n<p>&nbsp;<\/p>\n","protected":false},"excerpt":{"rendered":"<p>Integra\u00e7\u00e3o ensino, pesquisa e extens\u00e3o A III\u00aa Semana de Educa\u00e7\u00e3o e Forma\u00e7\u00e3o Docente da FAED\/UFMS anunciou a publica\u00e7\u00e3o dos Anais do evento, organizado pelos prof. Dr. Rafael Rossi, profa. Dra. Sandra Novais Sousa e profa. Dra. Mariana Biagi Batista. Segundo a Profa. Dra. Milene Bartolomei Silva, durante tr\u00eas anos, a equipe da Faculdade de Educa\u00e7\u00e3o&#8230;<\/p>\n","protected":false},"author":47,"featured_media":0,"parent":10557,"menu_order":0,"comment_status":"closed","ping_status":"closed","template":"page-templates\/page-coordenadorias.php","meta":{"_acf_changed":false,"_eb_attr":"","_price":"","_stock":"","_tribe_ticket_header":"","_tribe_default_ticket_provider":"","_tribe_ticket_capacity":"0","_ticket_start_date":"","_ticket_end_date":"","_tribe_ticket_show_description":"","_tribe_ticket_show_not_going":false,"_tribe_ticket_use_global_stock":"","_tribe_ticket_global_stock_level":"","_global_stock_mode":"","_global_stock_cap":"","_tribe_rsvp_for_event":"","_tribe_ticket_going_count":"","_tribe_ticket_not_going_count":"","_tribe_tickets_list":"[]","_tribe_ticket_has_attendee_info_fields":false,"footnotes":"","_tec_slr_enabled":"","_tec_slr_layout":""},"coauthors":[109],"class_list":["post-10357","page","type-page","status-publish","hentry"],"acf":[],"aioseo_notices":[],"ticketed":false,"_links":{"self":[{"href":"https:\/\/faed.ufms.br\/en\/wp-json\/wp\/v2\/pages\/10357","targetHints":{"allow":["GET"]}}],"collection":[{"href":"https:\/\/faed.ufms.br\/en\/wp-json\/wp\/v2\/pages"}],"about":[{"href":"https:\/\/faed.ufms.br\/en\/wp-json\/wp\/v2\/types\/page"}],"author":[{"embeddable":true,"href":"https:\/\/faed.ufms.br\/en\/wp-json\/wp\/v2\/users\/47"}],"replies":[{"embeddable":true,"href":"https:\/\/faed.ufms.br\/en\/wp-json\/wp\/v2\/comments?post=10357"}],"version-history":[{"count":4,"href":"https:\/\/faed.ufms.br\/en\/wp-json\/wp\/v2\/pages\/10357\/revisions"}],"predecessor-version":[{"id":11479,"href":"https:\/\/faed.ufms.br\/en\/wp-json\/wp\/v2\/pages\/10357\/revisions\/11479"}],"up":[{"embeddable":true,"href":"https:\/\/faed.ufms.br\/en\/wp-json\/wp\/v2\/pages\/10557"}],"wp:attachment":[{"href":"https:\/\/faed.ufms.br\/en\/wp-json\/wp\/v2\/media?parent=10357"}],"wp:term":[{"taxonomy":"author","embeddable":true,"href":"https:\/\/faed.ufms.br\/en\/wp-json\/wp\/v2\/coauthors?post=10357"}],"curies":[{"name":"wp","href":"https:\/\/api.w.org\/{rel}","templated":true}]}}