{"id":10500,"date":"2024-10-24T09:27:10","date_gmt":"2024-10-24T13:27:10","guid":{"rendered":"https:\/\/faed.ufms.br\/?page_id=10500"},"modified":"2024-10-24T09:59:49","modified_gmt":"2024-10-24T13:59:49","slug":"educacao-do-campo","status":"publish","type":"page","link":"https:\/\/faed.ufms.br\/en\/egressos\/educacao-do-campo\/","title":{"rendered":"Egressos\/Diplomados: Educa\u00e7\u00e3o do Campo"},"content":{"rendered":"<div><em>Lista com os nomes dos estudantes diplomados pelos cursos oferecidos pela Faculdade de Educa\u00e7\u00e3o desde o ano de 2017, e cursos legados do Centro de Ci\u00eancias Humanas e Sociais \u2013 CCHS, anteriores ao ano de 2017.<\/em><\/div>\n<div>\u2013<\/div>\n<div><strong>Total de Diplomados:<\/strong> 108 egressos (2018 \u00e0 2024\/1)<\/div>\n<div><a href=\"https:\/\/docs.google.com\/spreadsheets\/d\/1Mp7M_-gSZJ8dwrFO_Ax8XqT2LV3hnFY7\/edit?usp=sharing&amp;ouid=102401350018893628066&amp;rtpof=true&amp;sd=true\">Planilha completa<\/a><\/div>\n<div>\u2013<\/div>\n<div><strong>Buscar nome (computador):<\/strong>\u00a0<em>Tecla Ctrl + F<\/em><br \/>\n<strong>Buscar nome (celular):<\/strong>\u00a0<em>Menu \u2026 &gt; localizar na p\u00e1gina<\/em><\/div>\n<div><span style=\"font-size: 8pt\">___<\/span><\/div>\n<div>\n<p><span style=\"font-size: 8pt\">P\u00e1gina atualizada em: 24\/10\/2024<\/span><\/p>\n<hr \/>\n<\/div>\n<p>&nbsp;<\/p>\n<div><strong>2018<\/strong><\/div>\n<div>ADRIANA DA SILVA NASCIMENTO LEITE | 3104 &#8211; EDUCA\u00c7\u00c3O DO CAMPO &#8211; CI\u00caNCIAS HUMANAS E SOCIAIS<\/div>\n<div>ALCEMIR MARTINS CORR\u00caA | 3105 &#8211; EDUCA\u00c7\u00c3O DO CAMPO &#8211; LINGUAGENS E C\u00d3DIGOS<\/div>\n<div>ALINE APARECIDA SILVA ALVES | 3106 &#8211; EDUCA\u00c7\u00c3O DO CAMPO &#8211; MATEM\u00c1TICA<\/div>\n<div>ALINE CRISTINA DA SILVA LUCAS | 3106 &#8211; EDUCA\u00c7\u00c3O DO CAMPO &#8211; MATEM\u00c1TICA<\/div>\n<div>ANA JUCARA BRUNETTO DOS SANTOS | 3105 &#8211; EDUCA\u00c7\u00c3O DO CAMPO &#8211; LINGUAGENS E C\u00d3DIGOS<\/div>\n<div>CLEONICE DE MELO LEITE | 3105 &#8211; EDUCA\u00c7\u00c3O DO CAMPO &#8211; LINGUAGENS E C\u00d3DIGOS<\/div>\n<div>DANUSA NUNES DE MENEZES | 3106 &#8211; EDUCA\u00c7\u00c3O DO CAMPO &#8211; MATEM\u00c1TICA<\/div>\n<div>DARLEI DA SILVA FAGUNDES | 3106 &#8211; EDUCA\u00c7\u00c3O DO CAMPO &#8211; MATEM\u00c1TICA<\/div>\n<div>EL\u00cdSIA FLAUSINO BARBOSA | 3105 &#8211; EDUCA\u00c7\u00c3O DO CAMPO &#8211; LINGUAGENS E C\u00d3DIGOS<\/div>\n<div>ERASMO SALVETTI | 3106 &#8211; EDUCA\u00c7\u00c3O DO CAMPO &#8211; MATEM\u00c1TICA<\/div>\n<div>FLORISA CRISTINA GONCALVES NANTES | 3106 &#8211; EDUCA\u00c7\u00c3O DO CAMPO &#8211; MATEM\u00c1TICA<\/div>\n<div>FRANCISCO VIEIRA CIPRIANO | 3104 &#8211; EDUCA\u00c7\u00c3O DO CAMPO &#8211; CI\u00caNCIAS HUMANAS E SOCIAIS<\/div>\n<div>JANAINA RISO DA SILVA ROCA | 3106 &#8211; EDUCA\u00c7\u00c3O DO CAMPO &#8211; MATEM\u00c1TICA<\/div>\n<div>JAQUELINE SALES PEREIRA | 3106 &#8211; EDUCA\u00c7\u00c3O DO CAMPO &#8211; MATEM\u00c1TICA<\/div>\n<div>JENIFFER RAFAELA GOMES DA SILVA | 3106 &#8211; EDUCA\u00c7\u00c3O DO CAMPO &#8211; MATEM\u00c1TICA<\/div>\n<div>JERONIMO DE MOURA | 3106 &#8211; EDUCA\u00c7\u00c3O DO CAMPO &#8211; MATEM\u00c1TICA<\/div>\n<div>JO\u00c3O SILVA FIRMO | 3104 &#8211; EDUCA\u00c7\u00c3O DO CAMPO &#8211; CI\u00caNCIAS HUMANAS E SOCIAIS<\/div>\n<div>KELLY CARDOSO BRASIL | 3104 &#8211; EDUCA\u00c7\u00c3O DO CAMPO &#8211; CI\u00caNCIAS HUMANAS E SOCIAIS<\/div>\n<div>LARISSA KELLYN PECOIS INACIO | 3105 &#8211; EDUCA\u00c7\u00c3O DO CAMPO &#8211; LINGUAGENS E C\u00d3DIGOS<\/div>\n<div>LETICIA FAVALESSA DE BASTOS | 3106 &#8211; EDUCA\u00c7\u00c3O DO CAMPO &#8211; MATEM\u00c1TICA<\/div>\n<div>LEVI ALMEIDA TORRES | 3106 &#8211; EDUCA\u00c7\u00c3O DO CAMPO &#8211; MATEM\u00c1TICA<\/div>\n<div>LOISIANE DA SILVA | 3106 &#8211; EDUCA\u00c7\u00c3O DO CAMPO &#8211; MATEM\u00c1TICA<\/div>\n<div>LUCAS LUAN RIBEIRO QU\u00c9RICO | 3104 &#8211; EDUCA\u00c7\u00c3O DO CAMPO &#8211; CI\u00caNCIAS HUMANAS E SOCIAIS<\/div>\n<div>LUZIA INACIO DA SILVA FREITAS | 3105 &#8211; EDUCA\u00c7\u00c3O DO CAMPO &#8211; LINGUAGENS E C\u00d3DIGOS<\/div>\n<div>LUZINETE INACIO DA SILVA SANTOS | 3105 &#8211; EDUCA\u00c7\u00c3O DO CAMPO &#8211; LINGUAGENS E C\u00d3DIGOS<\/div>\n<div>MADALENA SOUZA ANDRADE | 3106 &#8211; EDUCA\u00c7\u00c3O DO CAMPO &#8211; MATEM\u00c1TICA<\/div>\n<div>MARIA CLAUDINEIA DA SILVA | 3105 &#8211; EDUCA\u00c7\u00c3O DO CAMPO &#8211; LINGUAGENS E C\u00d3DIGOS<\/div>\n<div>MARIA ROSEMIR DE SOUZA | 3105 &#8211; EDUCA\u00c7\u00c3O DO CAMPO &#8211; LINGUAGENS E C\u00d3DIGOS<\/div>\n<div>MARISTELI BARBOSA DE OLIVEIRA | 3104 &#8211; EDUCA\u00c7\u00c3O DO CAMPO &#8211; CI\u00caNCIAS HUMANAS E SOCIAIS<\/div>\n<div>MARIZETE FLORES DOS SANTOS | 3105 &#8211; EDUCA\u00c7\u00c3O DO CAMPO &#8211; LINGUAGENS E C\u00d3DIGOS<\/div>\n<div>MARLENE DE OLIVEIRA | 3105 &#8211; EDUCA\u00c7\u00c3O DO CAMPO &#8211; LINGUAGENS E C\u00d3DIGOS<\/div>\n<div>PATRICIA CRISTINA RICARDO DE LIMA | 3105 &#8211; EDUCA\u00c7\u00c3O DO CAMPO &#8211; LINGUAGENS E C\u00d3DIGOS<\/div>\n<div>RENATA CRISTINA DOS SANTOS GON\u00c7ALVES | 3104 &#8211; EDUCA\u00c7\u00c3O DO CAMPO &#8211; CI\u00caNCIAS HUMANAS E SOCIAIS<\/div>\n<div>ROSANA MACEDO | 3104 &#8211; EDUCA\u00c7\u00c3O DO CAMPO &#8211; CI\u00caNCIAS HUMANAS E SOCIAIS<\/div>\n<div>STEPHANIE DE SOUZA LIMA MATIAS | 3105 &#8211; EDUCA\u00c7\u00c3O DO CAMPO &#8211; LINGUAGENS E C\u00d3DIGOS<\/div>\n<div>TANIA APARECIDA DE PAULA | 3104 &#8211; EDUCA\u00c7\u00c3O DO CAMPO &#8211; CI\u00caNCIAS HUMANAS E SOCIAIS<\/div>\n<div>THIALLEN VINICIUS FELIX DA SILVA | 3105 &#8211; EDUCA\u00c7\u00c3O DO CAMPO &#8211; LINGUAGENS E C\u00d3DIGOS<\/div>\n<div>WAGNER JOSE DA SILVA | 3106 &#8211; EDUCA\u00c7\u00c3O DO CAMPO &#8211; MATEM\u00c1TICA<\/div>\n<div>WELLINGTON FELIPE DA SILVA LIMA | 3104 &#8211; EDUCA\u00c7\u00c3O DO CAMPO &#8211; CI\u00caNCIAS HUMANAS E SOCIAIS<\/div>\n<div>\n<hr \/>\n<\/div>\n<div><\/div>\n<div><strong>2019<\/strong><\/div>\n<div>ADEMIR MICHALSKI | 3106 &#8211; EDUCA\u00c7\u00c3O DO CAMPO &#8211; MATEM\u00c1TICA<\/div>\n<div>BRUNA CAROLINA DE OLIVEIRA CARDOSO | 3104 &#8211; EDUCA\u00c7\u00c3O DO CAMPO &#8211; CI\u00caNCIAS HUMANAS E SOCIAIS<\/div>\n<div>CAMILA BATISTA SANTOS | 3105 &#8211; EDUCA\u00c7\u00c3O DO CAMPO &#8211; LINGUAGENS E C\u00d3DIGOS<\/div>\n<div>CATIUCIA DE ANDREA GARCIA | 3106 &#8211; EDUCA\u00c7\u00c3O DO CAMPO &#8211; MATEM\u00c1TICA<\/div>\n<div>CRECI FATIMA DOS SANTOS | 3104 &#8211; EDUCA\u00c7\u00c3O DO CAMPO &#8211; CI\u00caNCIAS HUMANAS E SOCIAIS<\/div>\n<div>DANIELLE BARBOSA DA COSTA | 3106 &#8211; EDUCA\u00c7\u00c3O DO CAMPO &#8211; MATEM\u00c1TICA<\/div>\n<div>DARA JAQUELINE ROCHA ROSA | 3106 &#8211; EDUCA\u00c7\u00c3O DO CAMPO &#8211; MATEM\u00c1TICA<\/div>\n<div>DHENIFER AMANDA QU\u00c9RICO | 3105 &#8211; EDUCA\u00c7\u00c3O DO CAMPO &#8211; LINGUAGENS E C\u00d3DIGOS<\/div>\n<div>DIANA ANGELICA DE SOUZA FERNANDES | 3104 &#8211; EDUCA\u00c7\u00c3O DO CAMPO &#8211; CI\u00caNCIAS HUMANAS E SOCIAIS<\/div>\n<div>ELLY NATHANNE OLIVEIRA SANTOS | 3105 &#8211; EDUCA\u00c7\u00c3O DO CAMPO &#8211; LINGUAGENS E C\u00d3DIGOS<\/div>\n<div>ESTHER DOS SANTOS ARAUJO | 3105 &#8211; EDUCA\u00c7\u00c3O DO CAMPO &#8211; LINGUAGENS E C\u00d3DIGOS<\/div>\n<div>FRANCELINA JORGINA CARMO DE CASTRO | 3105 &#8211; EDUCA\u00c7\u00c3O DO CAMPO &#8211; LINGUAGENS E C\u00d3DIGOS<\/div>\n<div>GARD\u00caNIA MOTA DOS SANTOS | 3105 &#8211; EDUCA\u00c7\u00c3O DO CAMPO &#8211; LINGUAGENS E C\u00d3DIGOS<\/div>\n<div>GILDA MENDES CARVALHO | 3105 &#8211; EDUCA\u00c7\u00c3O DO CAMPO &#8211; LINGUAGENS E C\u00d3DIGOS<\/div>\n<div>IVONETE GOMES PEDRO | 3105 &#8211; EDUCA\u00c7\u00c3O DO CAMPO &#8211; LINGUAGENS E C\u00d3DIGOS<\/div>\n<div>JACKELINY DE SOUZA MOREIRA | 3105 &#8211; EDUCA\u00c7\u00c3O DO CAMPO &#8211; LINGUAGENS E C\u00d3DIGOS<\/div>\n<div>JANAINA ZENERATO AVELINO | 3106 &#8211; EDUCA\u00c7\u00c3O DO CAMPO &#8211; MATEM\u00c1TICA<\/div>\n<div>JO\u00c3O BATISTA PEREIRA RODRIGUES | 3104 &#8211; EDUCA\u00c7\u00c3O DO CAMPO &#8211; CI\u00caNCIAS HUMANAS E SOCIAIS<\/div>\n<div>JOS\u00c9 DONIZETE DE JESUS NERI | 3106 &#8211; EDUCA\u00c7\u00c3O DO CAMPO &#8211; MATEM\u00c1TICA<\/div>\n<div>JOS\u00c9 ROBERTO DIAS | 3104 &#8211; EDUCA\u00c7\u00c3O DO CAMPO &#8211; CI\u00caNCIAS HUMANAS E SOCIAIS<\/div>\n<div>JUCELMA MELLO DE SOUZA | 3105 &#8211; EDUCA\u00c7\u00c3O DO CAMPO &#8211; LINGUAGENS E C\u00d3DIGOS<\/div>\n<div>KELLI DAIANE DE MACEDO FEITOSA | 3105 &#8211; EDUCA\u00c7\u00c3O DO CAMPO &#8211; LINGUAGENS E C\u00d3DIGOS<\/div>\n<div>LEVINA NOGUEIRA DA SILVA | 3104 &#8211; EDUCA\u00c7\u00c3O DO CAMPO &#8211; CI\u00caNCIAS HUMANAS E SOCIAIS<\/div>\n<div>LUCENIR MARQUES DOS SANTOS | 3105 &#8211; EDUCA\u00c7\u00c3O DO CAMPO &#8211; LINGUAGENS E C\u00d3DIGOS<\/div>\n<div>M\u00c1RCIA MARQUES DA SILVA SANTOS | 3104 &#8211; EDUCA\u00c7\u00c3O DO CAMPO &#8211; CI\u00caNCIAS HUMANAS E SOCIAIS<\/div>\n<div>MARIA APARECIDA NOGUEIRA CHAVES CABRAL | 3106 &#8211; EDUCA\u00c7\u00c3O DO CAMPO &#8211; MATEM\u00c1TICA<\/div>\n<div>MARIA DE LOURDES OLIVEIRA NANTES | 3105 &#8211; EDUCA\u00c7\u00c3O DO CAMPO &#8211; LINGUAGENS E C\u00d3DIGOS<\/div>\n<div>MARIA IVANI MARTINS ALVES BORTOLI | 3104 &#8211; EDUCA\u00c7\u00c3O DO CAMPO &#8211; CI\u00caNCIAS HUMANAS E SOCIAIS<\/div>\n<div>MARINA RICARDO NUNES VIANA | 3104 &#8211; EDUCA\u00c7\u00c3O DO CAMPO &#8211; CI\u00caNCIAS HUMANAS E SOCIAIS<\/div>\n<div>MARRIELLY ROMUALDO BENITEZ DOS SANTOS | 3104 &#8211; EDUCA\u00c7\u00c3O DO CAMPO &#8211; CI\u00caNCIAS HUMANAS E SOCIAIS<\/div>\n<div>REGINA CELIA DE SOUZA MODESTO CAETANO | 3104 &#8211; EDUCA\u00c7\u00c3O DO CAMPO &#8211; CI\u00caNCIAS HUMANAS E SOCIAIS<\/div>\n<div>SINDY ALLEN CORDENA GAUBER | 3104 &#8211; EDUCA\u00c7\u00c3O DO CAMPO &#8211; CI\u00caNCIAS HUMANAS E SOCIAIS<\/div>\n<div>SU\u00c9LY SANTANA ARA\u00daJO DA SILVA | 3104 &#8211; EDUCA\u00c7\u00c3O DO CAMPO &#8211; CI\u00caNCIAS HUMANAS E SOCIAIS<\/div>\n<div>T\u00c2NIA JUSSARA PLUTA | 3105 &#8211; EDUCA\u00c7\u00c3O DO CAMPO &#8211; LINGUAGENS E C\u00d3DIGOS<\/div>\n<div>TANIA KIYOKO MATSUI PEREIRA | 3104 &#8211; EDUCA\u00c7\u00c3O DO CAMPO &#8211; CI\u00caNCIAS HUMANAS E SOCIAIS<\/div>\n<div>VALDENIR BARBOSA HOLSBACH | 3105 &#8211; EDUCA\u00c7\u00c3O DO CAMPO &#8211; LINGUAGENS E C\u00d3DIGOS<\/div>\n<div>VANESSA CRISTINA DA SILVA FERREIRA | 3104 &#8211; EDUCA\u00c7\u00c3O DO CAMPO &#8211; CI\u00caNCIAS HUMANAS E SOCIAIS<\/div>\n<div>VILBTH DLMEIDA DE MENDON\u00c7A SANTOS | 3104 &#8211; EDUCA\u00c7\u00c3O DO CAMPO &#8211; CI\u00caNCIAS HUMANAS E SOCIAIS<\/div>\n<div>\n<hr \/>\n<\/div>\n<div><\/div>\n<div><strong>2020 <\/strong><\/div>\n<div>ALESSANDRA DA SILVA ALVES | 3105 &#8211; EDUCA\u00c7\u00c3O DO CAMPO &#8211; LINGUAGENS E C\u00d3DIGOS<\/div>\n<div>ANA MARIA DA SILVA BOCATO | 3105 &#8211; EDUCA\u00c7\u00c3O DO CAMPO &#8211; LINGUAGENS E C\u00d3DIGOS<\/div>\n<div>DANIELLE DE LIMA MON\u00c7\u00c3O PADILHA | 3104 &#8211; EDUCA\u00c7\u00c3O DO CAMPO &#8211; CI\u00caNCIAS HUMANAS E SOCIAIS<\/div>\n<div>FLAVIA SCHEEREN | 3106 &#8211; EDUCA\u00c7\u00c3O DO CAMPO &#8211; MATEM\u00c1TICA<\/div>\n<div>FRANCIELI OLIVEIRA MAGALH\u00c3ES | 3106 &#8211; EDUCA\u00c7\u00c3O DO CAMPO &#8211; MATEM\u00c1TICA<\/div>\n<div>GARDILENE MOTA DOS SANTOS | 3105 &#8211; EDUCA\u00c7\u00c3O DO CAMPO &#8211; LINGUAGENS E C\u00d3DIGOS<\/div>\n<div>GASPAR MARTINS BARBOSA CAETANO | 3106 &#8211; EDUCA\u00c7\u00c3O DO CAMPO &#8211; MATEM\u00c1TICA<\/div>\n<div>G\u00c9SSICA FABR\u00cdCIA MATOS | 3106 &#8211; EDUCA\u00c7\u00c3O DO CAMPO &#8211; MATEM\u00c1TICA<\/div>\n<div>HERMINIA NATALIA DE SOUZA VAZ | 3104 &#8211; EDUCA\u00c7\u00c3O DO CAMPO &#8211; CI\u00caNCIAS HUMANAS E SOCIAIS<\/div>\n<div>IV\u00c2NIA MARIA DE\u00d3 | 3104 &#8211; EDUCA\u00c7\u00c3O DO CAMPO &#8211; CI\u00caNCIAS HUMANAS E SOCIAIS<\/div>\n<div>JOYCE MARIA DE CAMPOS | 3104 &#8211; EDUCA\u00c7\u00c3O DO CAMPO &#8211; CI\u00caNCIAS HUMANAS E SOCIAIS<\/div>\n<div>LUZIA QUIRINO DE OLIVEIRA | 3105 &#8211; EDUCA\u00c7\u00c3O DO CAMPO &#8211; LINGUAGENS E C\u00d3DIGOS<\/div>\n<div>M\u00c1RCIO HAUBRICHT | 3106 &#8211; EDUCA\u00c7\u00c3O DO CAMPO &#8211; MATEM\u00c1TICA<\/div>\n<div>MARIZA NANTES FERNANDES | 3106 &#8211; EDUCA\u00c7\u00c3O DO CAMPO &#8211; MATEM\u00c1TICA<\/div>\n<div>ROSELI DOS SANTOS SERAFIM TEIXEIRA | 3105 &#8211; EDUCA\u00c7\u00c3O DO CAMPO &#8211; LINGUAGENS E C\u00d3DIGOS<\/div>\n<div>WILIAN YUGO SHIMADA | 3104 &#8211; EDUCA\u00c7\u00c3O DO CAMPO &#8211; CI\u00caNCIAS HUMANAS E SOCIAIS<\/div>\n<div>ZENEIDE DOS SANTOS | 3104 &#8211; EDUCA\u00c7\u00c3O DO CAMPO &#8211; CI\u00caNCIAS HUMANAS E SOCIAIS<\/div>\n<div>\n<hr \/>\n<\/div>\n<div><\/div>\n<div><strong>2023<\/strong><\/div>\n<div>CLAUDEMIR LULU DA SILVA | 3108 &#8211; EDUCA\u00c7\u00c3O DO CAMPO<\/div>\n<div>DOUGLAS ANTONIO DA SILVA | 3108 &#8211; EDUCA\u00c7\u00c3O DO CAMPO<\/div>\n<div>FABIANA MARTINS PEREIRA | 3108 &#8211; EDUCA\u00c7\u00c3O DO CAMPO<\/div>\n<div>GRACIELLE JOS\u00c9 BARBOSA DA COSTA | 3108 &#8211; EDUCA\u00c7\u00c3O DO CAMPO<\/div>\n<div>JOS\u00c9 FERRAZ DE CAMPOS | 3108 &#8211; EDUCA\u00c7\u00c3O DO CAMPO<\/div>\n<div>JULIANA APARECIDA BARBOSA DO NASCIMENTO | 3108 &#8211; EDUCA\u00c7\u00c3O DO CAMPO<\/div>\n<div>KAREN OLIVEIRA DA SILVA | 3108 &#8211; EDUCA\u00c7\u00c3O DO CAMPO<\/div>\n<div>KELI FRANCIELI BEZERRA | 3108 &#8211; EDUCA\u00c7\u00c3O DO CAMPO<\/div>\n<div>LIDIANE CORREIA LIMA | 3108 &#8211; EDUCA\u00c7\u00c3O DO CAMPO<\/div>\n<div>LUCIELE MENDON\u00c7A DA CONCEI\u00c7\u00c3O LIMA | 3108 &#8211; EDUCA\u00c7\u00c3O DO CAMPO<\/div>\n<div>MARIA LUIZA ALVES DOS SANTOS | 3108 &#8211; EDUCA\u00c7\u00c3O DO CAMPO<\/div>\n<div>MARIITA ROMERO G\u00d3ES | 3108 &#8211; EDUCA\u00c7\u00c3O DO CAMPO<\/div>\n<div>NILMA TEREZA ADRIANO | 3108 &#8211; EDUCA\u00c7\u00c3O DO CAMPO<\/div>\n<div>VERA L\u00daCIA RODRIGUES DOS SANTOS | 3108 &#8211; EDUCA\u00c7\u00c3O DO CAMPO<\/div>\n","protected":false},"excerpt":{"rendered":"<p>Lista com os nomes dos estudantes diplomados pelos cursos oferecidos pela Faculdade de Educa\u00e7\u00e3o desde o ano de 2017, e cursos legados do Centro de Ci\u00eancias Humanas e Sociais \u2013 CCHS, anteriores ao ano de 2017. \u2013 Total de Diplomados: 108 egressos (2018 \u00e0 2024\/1) Planilha completa \u2013 Buscar nome (computador):\u00a0Tecla Ctrl + F Buscar&#8230;<\/p>\n","protected":false},"author":47,"featured_media":0,"parent":10412,"menu_order":0,"comment_status":"closed","ping_status":"closed","template":"page-templates\/page-coordenadorias.php","meta":{"_acf_changed":false,"_eb_attr":"","_price":"","_stock":"","_tribe_ticket_header":"","_tribe_default_ticket_provider":"","_tribe_ticket_capacity":"0","_ticket_start_date":"","_ticket_end_date":"","_tribe_ticket_show_description":"","_tribe_ticket_show_not_going":false,"_tribe_ticket_use_global_stock":"","_tribe_ticket_global_stock_level":"","_global_stock_mode":"","_global_stock_cap":"","_tribe_rsvp_for_event":"","_tribe_ticket_going_count":"","_tribe_ticket_not_going_count":"","_tribe_tickets_list":"[]","_tribe_ticket_has_attendee_info_fields":false,"footnotes":"","_tec_slr_enabled":"","_tec_slr_layout":""},"coauthors":[],"class_list":["post-10500","page","type-page","status-publish","hentry"],"acf":[],"aioseo_notices":[],"ticketed":false,"_links":{"self":[{"href":"https:\/\/faed.ufms.br\/en\/wp-json\/wp\/v2\/pages\/10500","targetHints":{"allow":["GET"]}}],"collection":[{"href":"https:\/\/faed.ufms.br\/en\/wp-json\/wp\/v2\/pages"}],"about":[{"href":"https:\/\/faed.ufms.br\/en\/wp-json\/wp\/v2\/types\/page"}],"author":[{"embeddable":true,"href":"https:\/\/faed.ufms.br\/en\/wp-json\/wp\/v2\/users\/47"}],"replies":[{"embeddable":true,"href":"https:\/\/faed.ufms.br\/en\/wp-json\/wp\/v2\/comments?post=10500"}],"version-history":[{"count":3,"href":"https:\/\/faed.ufms.br\/en\/wp-json\/wp\/v2\/pages\/10500\/revisions"}],"predecessor-version":[{"id":10509,"href":"https:\/\/faed.ufms.br\/en\/wp-json\/wp\/v2\/pages\/10500\/revisions\/10509"}],"up":[{"embeddable":true,"href":"https:\/\/faed.ufms.br\/en\/wp-json\/wp\/v2\/pages\/10412"}],"wp:attachment":[{"href":"https:\/\/faed.ufms.br\/en\/wp-json\/wp\/v2\/media?parent=10500"}],"wp:term":[{"taxonomy":"author","embeddable":true,"href":"https:\/\/faed.ufms.br\/en\/wp-json\/wp\/v2\/coauthors?post=10500"}],"curies":[{"name":"wp","href":"https:\/\/api.w.org\/{rel}","templated":true}]}}