{"id":10557,"date":"2024-11-19T08:38:17","date_gmt":"2024-11-19T12:38:17","guid":{"rendered":"https:\/\/faed.ufms.br\/?page_id=10557"},"modified":"2025-08-12T16:57:46","modified_gmt":"2025-08-12T20:57:46","slug":"semana-docente","status":"publish","type":"page","link":"https:\/\/faed.ufms.br\/en\/semana-docente\/","title":{"rendered":"Semana de Educa\u00e7\u00e3o e Forma\u00e7\u00e3o Docente da Faed"},"content":{"rendered":"<p><a href=\"https:\/\/semana-faed.ufms.br\/\"><img fetchpriority=\"high\" decoding=\"async\" class=\"aligncenter wp-image-10398 size-full\" src=\"https:\/\/faed.ufms.br\/files\/2024\/10\/semana_educ_faed.png\" alt=\"\" width=\"459\" height=\"212\" srcset=\"https:\/\/faed.ufms.br\/files\/2024\/10\/semana_educ_faed.png 459w, https:\/\/faed.ufms.br\/files\/2024\/10\/semana_educ_faed-300x139.png 300w\" sizes=\"(max-width: 459px) 100vw, 459px\" \/><\/a><\/p>\n<p style=\"text-align: center\">A <a href=\"https:\/\/semana-faed.ufms.br\/\"><strong>Semana de Educa\u00e7\u00e3o e Forma\u00e7\u00e3o Docente<\/strong><\/a> \u00e9 uma oportunidade para discutir os avan\u00e7os e desafios da forma\u00e7\u00e3o de professores, integra\u00e7\u00e3o das \u00e1reas de ensino, pesquisa e extens\u00e3o.<\/p>\n<p style=\"text-align: center\"><em><a href=\"https:\/\/semana-faed.ufms.br\/\">https:\/\/semana-faed.ufms.br<\/a><\/em><\/p>\n","protected":false},"excerpt":{"rendered":"<p>A Semana de Educa\u00e7\u00e3o e Forma\u00e7\u00e3o Docente \u00e9 uma oportunidade para discutir os avan\u00e7os e desafios da forma\u00e7\u00e3o de professores, integra\u00e7\u00e3o das \u00e1reas de ensino, pesquisa e extens\u00e3o. https:\/\/semana-faed.ufms.br<\/p>\n","protected":false},"author":47,"featured_media":0,"parent":0,"menu_order":0,"comment_status":"closed","ping_status":"closed","template":"page-templates\/page-coordenadorias.php","meta":{"_acf_changed":false,"_eb_attr":"","_price":"","_stock":"","_tribe_ticket_header":"","_tribe_default_ticket_provider":"","_tribe_ticket_capacity":"0","_ticket_start_date":"","_ticket_end_date":"","_tribe_ticket_show_description":"","_tribe_ticket_show_not_going":false,"_tribe_ticket_use_global_stock":"","_tribe_ticket_global_stock_level":"","_global_stock_mode":"","_global_stock_cap":"","_tribe_rsvp_for_event":"","_tribe_ticket_going_count":"","_tribe_ticket_not_going_count":"","_tribe_tickets_list":"[]","_tribe_ticket_has_attendee_info_fields":false,"footnotes":"","_tec_slr_enabled":"","_tec_slr_layout":""},"coauthors":[109],"class_list":["post-10557","page","type-page","status-publish","hentry"],"acf":[],"aioseo_notices":[],"ticketed":false,"_links":{"self":[{"href":"https:\/\/faed.ufms.br\/en\/wp-json\/wp\/v2\/pages\/10557","targetHints":{"allow":["GET"]}}],"collection":[{"href":"https:\/\/faed.ufms.br\/en\/wp-json\/wp\/v2\/pages"}],"about":[{"href":"https:\/\/faed.ufms.br\/en\/wp-json\/wp\/v2\/types\/page"}],"author":[{"embeddable":true,"href":"https:\/\/faed.ufms.br\/en\/wp-json\/wp\/v2\/users\/47"}],"replies":[{"embeddable":true,"href":"https:\/\/faed.ufms.br\/en\/wp-json\/wp\/v2\/comments?post=10557"}],"version-history":[{"count":4,"href":"https:\/\/faed.ufms.br\/en\/wp-json\/wp\/v2\/pages\/10557\/revisions"}],"predecessor-version":[{"id":12775,"href":"https:\/\/faed.ufms.br\/en\/wp-json\/wp\/v2\/pages\/10557\/revisions\/12775"}],"wp:attachment":[{"href":"https:\/\/faed.ufms.br\/en\/wp-json\/wp\/v2\/media?parent=10557"}],"wp:term":[{"taxonomy":"author","embeddable":true,"href":"https:\/\/faed.ufms.br\/en\/wp-json\/wp\/v2\/coauthors?post=10557"}],"curies":[{"name":"wp","href":"https:\/\/api.w.org\/{rel}","templated":true}]}}