{"id":10589,"date":"2024-11-26T10:06:04","date_gmt":"2024-11-26T14:06:04","guid":{"rendered":"https:\/\/faed.ufms.br\/?page_id=10589"},"modified":"2025-11-25T14:38:14","modified_gmt":"2025-11-25T18:38:14","slug":"editais-pgd","status":"publish","type":"page","link":"https:\/\/faed.ufms.br\/en\/pgd\/editais-pgd\/","title":{"rendered":"Editais PGD"},"content":{"rendered":"<p>O Programa de Gest\u00e3o e Desempenho (PGD) \u00e9 instrumento de gest\u00e3o que disciplina o desenvolvimento e a mensura\u00e7\u00e3o das atividades realizadas pelos seus participantes, com foco na <strong>entrega por resultados<\/strong> e na qualidade dos servi\u00e7os prestados \u00e0 sociedade.<\/p>\n<hr \/>\n<p><span style=\"font-family: helvetica, arial, sans-serif\"><strong><span style=\"font-size: 18px\">Fluxo Cont\u00ednuo *3 <span style=\"font-size: 12px\">(1\u00ba semestre de 2026)<\/span><\/span><br \/>\n9 de dezembro de 2025 at\u00e9 8 de junho 2026<\/strong><\/span><br \/>\n<span style=\"font-family: helvetica, arial, sans-serif\"><em>O per\u00edodo de vig\u00eancia deste Edital ser\u00e1 de seis meses.<br \/>\n<\/em><span style=\"font-size: 10pt\">Resultado Preliminar: At\u00e9 o dia 20 de cada m\u00eas.<\/span><\/span><br \/>\n<span style=\"font-size: 10pt;font-family: helvetica, arial, sans-serif\">In\u00edcio da Execu\u00e7\u00e3o: M\u00eas seguinte ao resultado final.<\/span><br \/>\n<span style=\"font-size: 10pt;font-family: helvetica, arial, sans-serif\">Inscri\u00e7\u00f5es: <a href=\"https:\/\/sigproj.ufms.br\/\">https:\/\/sigproj.ufms.br\/<\/a><\/span><\/p>\n<ul>\n<li><a href=\"https:\/\/boletimoficial.ufms.br\/bse\/publicacao?id=579516\"><span style=\"font-family: helvetica, arial, sans-serif\"><span style=\"font-size: 16px\">EDITAL N\u00b0 9-FAED\/UFMS, DE 24 DE NOVEMBRO DE 2025 (sele\u00e7\u00e3o de participantes)<\/span><\/span><\/a><\/li>\n<\/ul>\n<p><span style=\"font-size: 14px;font-family: helvetica, arial, sans-serif\"><em>Normas e outras informa\u00e7\u00f5es: <a href=\"https:\/\/faed.ufms.br\/pgd\/\">PGD na Faed<\/a><\/em><\/span><\/p>\n<p>&nbsp;<\/p>\n<hr \/>\n<p><span style=\"font-family: helvetica, arial, sans-serif\"><strong><span style=\"font-size: 18px\">Fluxo Cont\u00ednuo *2 <span style=\"font-size: 12px\">(2\u00ba semestre de 2025)<\/span><\/span><br \/>\n9 de junho at\u00e9 8 de dezembro 2025<\/strong><\/span><br \/>\n<span style=\"font-family: helvetica, arial, sans-serif\"><em>O per\u00edodo de vig\u00eancia deste Edital ser\u00e1 de seis meses.<br \/>\n<\/em><span style=\"font-size: 10pt\">Resultado Preliminar: At\u00e9 o dia 20 de cada m\u00eas.<\/span><\/span><br \/>\n<span style=\"font-size: 10pt;font-family: helvetica, arial, sans-serif\">In\u00edcio da Execu\u00e7\u00e3o: M\u00eas seguinte ao resultado final.<\/span><br \/>\n<span style=\"font-size: 10pt;font-family: helvetica, arial, sans-serif\">Inscri\u00e7\u00f5es: <a href=\"https:\/\/sigproj.ufms.br\/\">https:\/\/sigproj.ufms.br\/<\/a><\/span><\/p>\n<ul>\n<li><span style=\"font-family: helvetica, arial, sans-serif\"><a href=\"https:\/\/boletimoficial.ufms.br\/bse\/publicacao?id=559892\"><span style=\"font-size: 16px\">EDITAL N\u00b0 1-FAED\/UFMS, DE 22 DE MAIO DE 2025 (sele\u00e7\u00e3o de participantes)<\/span><\/a><\/span><\/li>\n<li><em><span style=\"font-family: helvetica, arial, sans-serif\"><a href=\"https:\/\/boletimoficial.ufms.br\/bse\/publicacao?id=560566\">EDITAL N\u00ba 2-FAED\/UFMS, DE 29 DE MAIO DE 2025 (Resultado preliminar e homologa\u00e7\u00e3o das inscri\u00e7\u00f5es)<\/a><\/span><\/em><\/li>\n<li><a href=\"https:\/\/boletimoficial.ufms.br\/bse\/publicacao?id=561184\"><span style=\"font-family: helvetica, arial, sans-serif\"><em>EDITAL N\u00ba 3-FAED\/UFMS, DE 5 DE JUNHO DE 2025 (Resultado Final do processo de sele\u00e7\u00e3o)<\/em><\/span><\/a><\/li>\n<li><a href=\"https:\/\/boletimoficial.ufms.br\/bse\/publicacao?id=562379\"><span style=\"font-family: helvetica, arial, sans-serif\"><em>EDITAL N\u00ba 4-FAED\/UFMS, DE 17 DE JUNHO DE 2025 (Resultado preliminar e homologa\u00e7\u00e3o das inscri\u00e7\u00f5es)<\/em><\/span><\/a><\/li>\n<li><a href=\"https:\/\/boletimoficial.ufms.br\/bse\/publicacao?id=563018\"><span style=\"font-family: helvetica, arial, sans-serif\"><em>EDITAL N\u00ba 5-FAED\/UFMS, DE 25 DE JUNHO DE 2025 (Resultado Final)<\/em><\/span><\/a><\/li>\n<li><a href=\"https:\/\/boletimoficial.ufms.br\/bse\/publicacao?id=563235\"><span style=\"font-family: helvetica, arial, sans-serif\"><em>EDITAL N\u00ba 6-FAED\/UFMS, DE 26 DE JUNHO DE 2025 (*Retifica\u00e7\u00e3o: Resultado Final)<\/em><\/span><\/a><\/li>\n<\/ul>\n<p><span style=\"font-size: 14px;font-family: helvetica, arial, sans-serif\"><em>Normas e outras informa\u00e7\u00f5es: <a href=\"https:\/\/faed.ufms.br\/pgd\/\">PGD na Faed<\/a><\/em><\/span><\/p>\n<p>&nbsp;<\/p>\n<hr \/>\n<p><strong><span style=\"font-size: 14pt\">Fluxo Cont\u00ednuo *1 <span style=\"font-family: helvetica, arial, sans-serif\"><span style=\"font-size: 18px\"><span style=\"font-size: 12px\">(1\u00ba semestre de 2025)<\/span><\/span><\/span><\/span><br \/>\n28 de novembro de 2024 at\u00e9 31 de maio 2025<\/strong><br \/>\n<em>O per\u00edodo de vig\u00eancia deste Edital ser\u00e1 de seis meses.<br \/>\n<\/em><span style=\"font-size: 10pt\">Resultado Preliminar: At\u00e9 o dia 20 de cada m\u00eas.<\/span><br \/>\n<span style=\"font-size: 10pt\">In\u00edcio da Execu\u00e7\u00e3o: M\u00eas seguinte ao resultado final.<\/span><br \/>\n<span style=\"font-size: 10pt\">Inscri\u00e7\u00f5es: https:\/\/sigproj.ufms.br\/<\/span><\/p>\n<ul>\n<li><a href=\"https:\/\/boletimoficial.ufms.br\/bse\/publicacao?id=542254\">EDITAL N\u00b0 50-FAED\/UFMS, DE 28 DE NOVEMBRO DE 2024 (sele\u00e7\u00e3o de participantes)<\/a><\/li>\n<li><a href=\"https:\/\/boletimoficial.ufms.br\/bse\/publicacao?id=542991\"><span style=\"font-size: 10pt\">EDITAL N\u00b0 51-FAED\/UFMS, DE 3 DE DEZEMBRO DE 2024 (Resultado Preliminar de inscri\u00e7\u00f5es)<\/span><\/a><\/li>\n<li><a href=\"https:\/\/boletimoficial.ufms.br\/bse\/publicacao?id=543205\"><span style=\"font-size: 10pt\">EDITAL N\u00b0 52-FAED\/UFMS, DE 5 DE DEZEMBRO DE 2024 (Resultado Final de sele\u00e7\u00e3o)<\/span><\/a><\/li>\n<li><a href=\"https:\/\/boletimoficial.ufms.br\/bse\/publicacao?id=544586\"><span style=\"font-size: 10pt\">EDITAL N\u00b0 53-FAED\/UFMS, DE 16 DE DEZEMBRO DE 2024 (Resultado Preliminar de inscri\u00e7\u00f5es)<\/span><\/a><\/li>\n<li><a href=\"https:\/\/boletimoficial.ufms.br\/bse\/publicacao?id=545116\"><span style=\"font-size: 10pt\">EDITAL N\u00b0 54-FAED\/UFMS, DE 20 DE DEZEMBRO DE 2024 (Resultado Final de sele\u00e7\u00e3o)<\/span><\/a><\/li>\n<\/ul>\n<p><em><span style=\"font-size: 12pt\">Normas e outras informa\u00e7\u00f5es: <a href=\"https:\/\/faed.ufms.br\/pgd\/\">PGD na Faed<\/a><\/span><\/em><\/p>\n<p>&nbsp;<\/p>\n<hr \/>\n<p><strong><span style=\"font-size: 14pt\">Grupo 5<\/span><\/strong><\/p>\n<ul>\n<li><a href=\"https:\/\/boletimoficial.ufms.br\/bse\/publicacao?id=540580\"><span style=\"text-decoration: line-through\">EDITAL N\u00ba 48-FAED\/UFMS, DE 13 DE NOVEMBRO DE 2024 (sele\u00e7\u00e3o de participantes) *Revogado<\/span><\/a><\/li>\n<li><a href=\"https:\/\/boletimoficial.ufms.br\/bse\/publicacao?id=541967\">EDITAL N\u00ba 49-FAED\/UFMS, DE 26 DE NOVEMBRO DE 2024 (torna sem efeito o Edital n\u00ba 48-FAED\/UFMS)<\/a><\/li>\n<\/ul>\n<p>&nbsp;<\/p>\n<hr \/>\n<p><strong><span style=\"font-size: 14pt\">Grupo 4<\/span><br \/>\nPGD outubro de 2024 a junho de 2025<\/strong><br \/>\n<em>01\/10\/2024 a 30\/06\/2025 (9 meses)<\/em><\/p>\n<ul>\n<li><a href=\"https:\/\/boletimoficial.ufms.br\/bse\/publicacao?id=535082\">EDITAL DE DIVULGA\u00c7\u00c3O N\u00ba 44 &#8211; FAED\/UFMS (regras e sele\u00e7\u00e3o de participantes: inscri\u00e7\u00f5es)<\/a><\/li>\n<li><a href=\"https:\/\/boletimoficial.ufms.br\/bse\/publicacao?id=535739\">EDITAL DE RESULTADO N\u00ba 46 &#8211; FAED\/UFMS (deferimento das inscri\u00e7\u00f5es)<\/a><\/li>\n<li><a href=\"https:\/\/boletimoficial.ufms.br\/bse\/publicacao?id=536156\">EDITAL DE RESULTADO N\u00ba 47 &#8211; FAED\/UFMS (resultado final)<\/a><\/li>\n<\/ul>\n<p><strong><span style=\"font-size: 10pt\">Inscri\u00e7\u00e3o Deferida<\/span><\/strong><br \/>\n<em><span style=\"font-size: 10pt\">Janine Lira Dornelles<\/span><\/em><\/p>\n<p>&nbsp;<\/p>\n<hr \/>\n<p><strong><span style=\"font-size: 14pt\">Grupo 3<\/span><br \/>\nPGD setembro de 2024 a junho de 2025\u00a0<\/strong><br \/>\n<em>01\/09\/2024 a 30\/06\/2025 (10 meses)<\/em><\/p>\n<ul>\n<li><a href=\"https:\/\/boletimoficial.ufms.br\/bse\/publicacao?id=532318\">EDITAL DE DIVULGA\u00c7\u00c3O N\u00ba 40 &#8211; FAED\/UFMS (regras e sele\u00e7\u00e3o de participantes: inscri\u00e7\u00f5es)<\/a><\/li>\n<li><a href=\"https:\/\/boletimoficial.ufms.br\/bse\/publicacao?id=532740\">EDITAL DE RESULTADO N\u00ba 41 &#8211; FAED\/UFMS (deferimento das inscri\u00e7\u00f5es)<\/a><\/li>\n<li><a href=\"https:\/\/boletimoficial.ufms.br\/bse\/publicacao?id=533229\">EDITAL DE RESULTADO N\u00ba 42 &#8211; FAED\/UFMS (resultado final)<\/a><\/li>\n<\/ul>\n<p><strong><span style=\"font-size: 10pt\">Inscri\u00e7\u00e3o Deferida<\/span><\/strong><br \/>\n<em><span style=\"font-size: 10pt\">Claudio Gabriel da Silva da Concei\u00e7\u00e3o<\/span><\/em><\/p>\n<p>&nbsp;<\/p>\n<hr \/>\n<p><strong><span style=\"font-size: 14pt\">Grupo 2<\/span><br \/>\nPGD julho a dezembro de 2024<\/strong><br \/>\n<em>01\/07\/2024 a 31\/12\/2024 (6 meses)<\/em><\/p>\n<ul>\n<li><a href=\"https:\/\/boletimoficial.ufms.br\/bse\/publicacao?id=524935\">EDITAL DE DIVULGA\u00c7\u00c3O N\u00ba 29 &#8211; FAED\/UFMS (regras e sele\u00e7\u00e3o de participantes: inscri\u00e7\u00f5es)<\/a><\/li>\n<li><a href=\"https:\/\/boletimoficial.ufms.br\/bse\/publicacao?id=525474\">EDITAL DE RESULTADO N\u00ba 30 &#8211; FAED\/UFMS (deferimento das inscri\u00e7\u00f5es)<\/a><\/li>\n<li><a href=\"https:\/\/boletimoficial.ufms.br\/bse\/publicacao?id=525927\">EDITAL DE RESULTADO N\u00ba 33\/2024 &#8211; FAED\/UFMS (resultado final)<\/a><\/li>\n<\/ul>\n<p><strong><span style=\"font-size: 10pt\">Inscri\u00e7\u00f5es Deferidas<\/span><\/strong><br \/>\n<em><span style=\"font-size: 10pt\">Evelyn Fuzeta Alves Rubert; Guilherme Souza Castro; Oseias Freitas de Oliveira Junior<\/span><\/em><\/p>\n<p>&nbsp;<\/p>\n<hr \/>\n<p><strong><span style=\"font-size: 14pt\">Grupo 1<\/span><br \/>\nPGD junho a novembro de 2024<\/strong><br \/>\n<em>01\/06\/2024 a 30\/11\/2024 (6 meses)<\/em><\/p>\n<ul>\n<li><a href=\"https:\/\/boletimoficial.ufms.br\/bse\/publicacao?id=521424\">EDITAL DE DIVULGA\u00c7\u00c3O N\u00ba 15 &#8211; FAED\/UFMS (regras e sele\u00e7\u00e3o de participantes: inscri\u00e7\u00f5es)<\/a><\/li>\n<li><a href=\"https:\/\/boletimoficial.ufms.br\/bse\/publicacao?id=521731\">*EDITAL DE RETIFICA\u00c7\u00c3O N\u00ba 18 &#8211; FAED\/UFMS (regras e sele\u00e7\u00e3o de participantes: inscri\u00e7\u00f5es)<\/a><\/li>\n<li><a href=\"https:\/\/boletimoficial.ufms.br\/bse\/publicacao?id=528736\">*EDITAL DE RETIFICA\u00c7\u00c3O N\u00ba 34 &#8211; FAED\/UFMS (regras e sele\u00e7\u00e3o de participantes: inscri\u00e7\u00f5es)<\/a><\/li>\n<li><a href=\"https:\/\/boletimoficial.ufms.br\/bse\/publicacao?id=522709\">EDITAL DE RESULTADO N\u00ba 23 &#8211; FAED\/UFMS (deferimento das inscri\u00e7\u00f5es)<\/a><\/li>\n<li><a href=\"https:\/\/boletimoficial.ufms.br\/bse\/publicacao?id=522813\">EDITAL DE RESULTADO N\u00ba 25 &#8211; FAED\/UFMS (resultado final)<\/a><\/li>\n<\/ul>\n<p><span style=\"font-size: 10pt\"><strong>Inscri\u00e7\u00f5es Deferidas<\/strong><\/span><br \/>\n<em><span style=\"font-size: 10pt\">\u00c1lvaro Luiz Paes Sobrinho; Edvair Alves Ferreira; Handerson Alvares da Silva; Liliane Nascimento Pelzl Bittencourt; Rafael Brand\u00e3o Ferreira de Moraes; Renato Azambuja Fonseca; Rosana Monteiro dos Santos; Rosemere da Silva Trajano Gama; Simone de Franca Greg\u00f3rio; Tha\u00eds Cardozo de Souza<\/span><\/em><\/p>\n<p>&nbsp;<\/p>\n<hr \/>\n<p style=\"text-align: center\"><em><span style=\"font-size: 12px;background-color: #e5edff\">P\u00e1gina atualizada em: 25\/11\/2025<\/span><\/em><\/p>\n","protected":false},"excerpt":{"rendered":"<p>O Programa de Gest\u00e3o e Desempenho (PGD) \u00e9 instrumento de gest\u00e3o que disciplina o desenvolvimento e a mensura\u00e7\u00e3o das atividades realizadas pelos seus participantes, com foco na entrega por resultados e na qualidade dos servi\u00e7os prestados \u00e0 sociedade. Fluxo Cont\u00ednuo *3 (1\u00ba semestre de 2026) 9 de dezembro de 2025 at\u00e9 8 de junho 2026&#8230;<\/p>\n","protected":false},"author":47,"featured_media":0,"parent":10271,"menu_order":0,"comment_status":"closed","ping_status":"closed","template":"page-templates\/page-coordenadorias.php","meta":{"_acf_changed":false,"_eb_attr":"","_price":"","_stock":"","_tribe_ticket_header":"","_tribe_default_ticket_provider":"","_tribe_ticket_capacity":"0","_ticket_start_date":"","_ticket_end_date":"","_tribe_ticket_show_description":"","_tribe_ticket_show_not_going":false,"_tribe_ticket_use_global_stock":"","_tribe_ticket_global_stock_level":"","_global_stock_mode":"","_global_stock_cap":"","_tribe_rsvp_for_event":"","_tribe_ticket_going_count":"","_tribe_ticket_not_going_count":"","_tribe_tickets_list":"[]","_tribe_ticket_has_attendee_info_fields":false,"footnotes":"","_tec_slr_enabled":"","_tec_slr_layout":""},"coauthors":[109],"class_list":["post-10589","page","type-page","status-publish","hentry"],"acf":[],"aioseo_notices":[],"ticketed":false,"_links":{"self":[{"href":"https:\/\/faed.ufms.br\/en\/wp-json\/wp\/v2\/pages\/10589","targetHints":{"allow":["GET"]}}],"collection":[{"href":"https:\/\/faed.ufms.br\/en\/wp-json\/wp\/v2\/pages"}],"about":[{"href":"https:\/\/faed.ufms.br\/en\/wp-json\/wp\/v2\/types\/page"}],"author":[{"embeddable":true,"href":"https:\/\/faed.ufms.br\/en\/wp-json\/wp\/v2\/users\/47"}],"replies":[{"embeddable":true,"href":"https:\/\/faed.ufms.br\/en\/wp-json\/wp\/v2\/comments?post=10589"}],"version-history":[{"count":17,"href":"https:\/\/faed.ufms.br\/en\/wp-json\/wp\/v2\/pages\/10589\/revisions"}],"predecessor-version":[{"id":13035,"href":"https:\/\/faed.ufms.br\/en\/wp-json\/wp\/v2\/pages\/10589\/revisions\/13035"}],"up":[{"embeddable":true,"href":"https:\/\/faed.ufms.br\/en\/wp-json\/wp\/v2\/pages\/10271"}],"wp:attachment":[{"href":"https:\/\/faed.ufms.br\/en\/wp-json\/wp\/v2\/media?parent=10589"}],"wp:term":[{"taxonomy":"author","embeddable":true,"href":"https:\/\/faed.ufms.br\/en\/wp-json\/wp\/v2\/coauthors?post=10589"}],"curies":[{"name":"wp","href":"https:\/\/api.w.org\/{rel}","templated":true}]}}