{"id":10682,"date":"2024-12-11T10:34:41","date_gmt":"2024-12-11T14:34:41","guid":{"rendered":"https:\/\/faed.ufms.br\/?page_id=10682"},"modified":"2025-04-30T09:59:01","modified_gmt":"2025-04-30T13:59:01","slug":"pesquisa","status":"publish","type":"page","link":"https:\/\/faed.ufms.br\/en\/projetos\/pesquisa\/","title":{"rendered":"Projetos de Pesquisa"},"content":{"rendered":"<p>A atividade de pesquisa e inova\u00e7\u00e3o \u00e9 caracterizada pela produ\u00e7\u00e3o intelectual e cient\u00edfica, assim como pelo desenvolvimento em diversas \u00e1reas, como tecnologia, arte, t\u00e9cnica, esportes, pedagogia e cultura. Esses processos envolvem a investiga\u00e7\u00e3o de problemas t\u00e9cnico-cient\u00edficos e culturais, com o objetivo de compreender e solucionar quest\u00f5es relevantes.<\/p>\n<p>A dissemina\u00e7\u00e3o do conhecimento ocupa um papel central nesse contexto. Por meio de publica\u00e7\u00f5es acad\u00eamicas, organiza\u00e7\u00e3o e participa\u00e7\u00e3o em encontros e congressos, o resultado das pesquisas e inova\u00e7\u00f5es \u00e9 amplamente compartilhado, fortalecendo os ambientes acad\u00eamicos e profissionais. Al\u00e9m disso, a forma\u00e7\u00e3o de novos pesquisadores \u00e9 estimulada desde a inicia\u00e7\u00e3o cient\u00edfica, que serve como base para um aprofundamento posterior nos programas de p\u00f3s-gradua\u00e7\u00e3o, fomentando habilidades investigativas essenciais.<\/p>\n<p>Pesquisa e inova\u00e7\u00e3o s\u00e3o pilares fundamentais do desenvolvimento acad\u00eamico e social, que promove impactos positivos na sociedade.<\/p>\n<p><a href=\"https:\/\/propp.ufms.br\/diretorias\/pesquisa\/\"><em><strong>Informa\u00e7\u00f5es sobre projetos de pesquisa na UFMS<\/strong><\/em><\/a><\/p>\n<p>&nbsp;<\/p>\n<hr \/>\n<p>&nbsp;<\/p>\n<p><span style=\"font-size: 14pt\"><strong><em>Consulta aos projetos de pesquisa da Faed a partir de 2021<\/em><\/strong><\/span><\/p>\n\n<!-- iframe plugin v.5.2 wordpress.org\/plugins\/iframe\/ -->\n<iframe src=\"https:\/\/docs.google.com\/spreadsheets\/d\/e\/2PACX-1vS5eFaJJkHqcXlq-ssHmLTZ-qkE1WXlxgfb05EbaaHGSTDC6WuTnVQitA7J1bxafQ\/pubhtml?gid=2120022464&#038;amp;single=true&#038;amp;widget=true&#038;amp;headers=false\" width=\"100%\" height=\"500\" scrolling=\"yes\" class=\"iframe-class\" frameborder=\"0\"><\/iframe>\n\n<p><em><span style=\"font-size: 14pt\"><a href=\"https:\/\/docs.google.com\/spreadsheets\/d\/1akdSm0_ldOhJ85kBvIzoAWuqK7tIdU0z\/edit?usp=drive_link&amp;ouid=102401350018893628066&amp;rtpof=true&amp;sd=true\">Baixar planilha<\/a><\/span><\/em><\/p>\n<p>&nbsp;<\/p>\n<p><span style=\"font-size: 10pt\">Fonte de dados: <\/span><a href=\"https:\/\/sigproj.ufms.br\/publico\/projetos-em-andamento\"><span style=\"font-size: 10pt\">https:\/\/sigproj.ufms.br<\/span><\/a><span style=\"font-size: 10pt\"> \/ Acessado em: 28\/11\/2024<\/span><\/p>\n<hr \/>\n<p style=\"text-align: center\"><span style=\"font-size: 8pt\"><em><span style=\"font-size: 12px;background-color: #e5edff\">P\u00e1gina atualizada em: 4\/04\/2025<\/span><\/em><\/span><\/p>\n","protected":false},"excerpt":{"rendered":"<p>A atividade de pesquisa e inova\u00e7\u00e3o \u00e9 caracterizada pela produ\u00e7\u00e3o intelectual e cient\u00edfica, assim como pelo desenvolvimento em diversas \u00e1reas, como tecnologia, arte, t\u00e9cnica, esportes, pedagogia e cultura. Esses processos envolvem a investiga\u00e7\u00e3o de problemas t\u00e9cnico-cient\u00edficos e culturais, com o objetivo de compreender e solucionar quest\u00f5es relevantes. A dissemina\u00e7\u00e3o do conhecimento ocupa um papel central&#8230;<\/p>\n","protected":false},"author":47,"featured_media":0,"parent":10152,"menu_order":0,"comment_status":"closed","ping_status":"closed","template":"page-templates\/page-coordenadorias.php","meta":{"_acf_changed":false,"_eb_attr":"","_price":"","_stock":"","_tribe_ticket_header":"","_tribe_default_ticket_provider":"","_tribe_ticket_capacity":"0","_ticket_start_date":"","_ticket_end_date":"","_tribe_ticket_show_description":"","_tribe_ticket_show_not_going":false,"_tribe_ticket_use_global_stock":"","_tribe_ticket_global_stock_level":"","_global_stock_mode":"","_global_stock_cap":"","_tribe_rsvp_for_event":"","_tribe_ticket_going_count":"","_tribe_ticket_not_going_count":"","_tribe_tickets_list":"[]","_tribe_ticket_has_attendee_info_fields":false,"footnotes":"","_tec_slr_enabled":"","_tec_slr_layout":""},"coauthors":[109],"class_list":["post-10682","page","type-page","status-publish","hentry"],"acf":[],"aioseo_notices":[],"ticketed":false,"_links":{"self":[{"href":"https:\/\/faed.ufms.br\/en\/wp-json\/wp\/v2\/pages\/10682","targetHints":{"allow":["GET"]}}],"collection":[{"href":"https:\/\/faed.ufms.br\/en\/wp-json\/wp\/v2\/pages"}],"about":[{"href":"https:\/\/faed.ufms.br\/en\/wp-json\/wp\/v2\/types\/page"}],"author":[{"embeddable":true,"href":"https:\/\/faed.ufms.br\/en\/wp-json\/wp\/v2\/users\/47"}],"replies":[{"embeddable":true,"href":"https:\/\/faed.ufms.br\/en\/wp-json\/wp\/v2\/comments?post=10682"}],"version-history":[{"count":10,"href":"https:\/\/faed.ufms.br\/en\/wp-json\/wp\/v2\/pages\/10682\/revisions"}],"predecessor-version":[{"id":11515,"href":"https:\/\/faed.ufms.br\/en\/wp-json\/wp\/v2\/pages\/10682\/revisions\/11515"}],"up":[{"embeddable":true,"href":"https:\/\/faed.ufms.br\/en\/wp-json\/wp\/v2\/pages\/10152"}],"wp:attachment":[{"href":"https:\/\/faed.ufms.br\/en\/wp-json\/wp\/v2\/media?parent=10682"}],"wp:term":[{"taxonomy":"author","embeddable":true,"href":"https:\/\/faed.ufms.br\/en\/wp-json\/wp\/v2\/coauthors?post=10682"}],"curies":[{"name":"wp","href":"https:\/\/api.w.org\/{rel}","templated":true}]}}