{"id":10713,"date":"2024-12-12T20:41:40","date_gmt":"2024-12-13T00:41:40","guid":{"rendered":"https:\/\/faed.ufms.br\/?page_id=10713"},"modified":"2025-05-27T18:13:27","modified_gmt":"2025-05-27T22:13:27","slug":"docente","status":"publish","type":"page","link":"https:\/\/faed.ufms.br\/en\/docente\/","title":{"rendered":"Portal do Docente Faed"},"content":{"rendered":"<p>O papel do docente em uma universidade federal no Brasil \u00e9 multifacetado e vai al\u00e9m do simples ato de ensinar.<\/p>\n<p>O trabalho docente em universidades federais \u00e9 crucial para a constru\u00e7\u00e3o de uma sociedade mais igualit\u00e1ria, baseada no conhecimento e na ci\u00eancia. Sua atua\u00e7\u00e3o impacta diretamente a forma\u00e7\u00e3o de profissionais qualificados para o desenvolvimento social e econ\u00f4mico do Brasil. Ele \u00e9 dividido em tr\u00eas pilares fundamentais estabelecidos pela Constitui\u00e7\u00e3o Federal: <strong>ensino, pesquisa e extens\u00e3o<\/strong>. Esses pilares formam a base da atua\u00e7\u00e3o do professor universit\u00e1rio e refletem o compromisso da universidade p\u00fablica com o desenvolvimento acad\u00eamico, cient\u00edfico e social do pa\u00eds.<\/p>\n<p>O docente da \u00e1rea de educa\u00e7\u00e3o desempenha um papel central na forma\u00e7\u00e3o de professores, na produ\u00e7\u00e3o de conhecimento pedag\u00f3gico e na articula\u00e7\u00e3o de reflex\u00f5es cr\u00edticas sobre o ensino, a aprendizagem e a pr\u00f3pria educa\u00e7\u00e3o como fen\u00f4meno social.<\/p>\n<p>&nbsp;<\/p>\n<p><a href=\"https:\/\/faed.ufms.br\/estudante\/google-wfe\/\"><img fetchpriority=\"high\" decoding=\"async\" class=\"aligncenter wp-image-11334 size-full\" src=\"https:\/\/faed.ufms.br\/files\/2025\/04\/gwfeduc.png\" alt=\"\" width=\"1134\" height=\"189\" srcset=\"https:\/\/faed.ufms.br\/files\/2025\/04\/gwfeduc.png 1134w, https:\/\/faed.ufms.br\/files\/2025\/04\/gwfeduc-300x50.png 300w, https:\/\/faed.ufms.br\/files\/2025\/04\/gwfeduc-1024x171.png 1024w, https:\/\/faed.ufms.br\/files\/2025\/04\/gwfeduc-768x128.png 768w, https:\/\/faed.ufms.br\/files\/2025\/04\/gwfeduc-730x122.png 730w\" sizes=\"(max-width: 1134px) 100vw, 1134px\" \/><\/a><\/p>\n<hr \/>\n<p><a href=\"https:\/\/faed.ufms.br\/docente\/producao\/\"><img decoding=\"async\" class=\"aligncenter wp-image-12410 size-full\" src=\"https:\/\/faed.ufms.br\/files\/2025\/05\/prd-doc.png\" alt=\"\" width=\"1134\" height=\"189\" srcset=\"https:\/\/faed.ufms.br\/files\/2025\/05\/prd-doc.png 1134w, https:\/\/faed.ufms.br\/files\/2025\/05\/prd-doc-300x50.png 300w, https:\/\/faed.ufms.br\/files\/2025\/05\/prd-doc-1024x171.png 1024w, https:\/\/faed.ufms.br\/files\/2025\/05\/prd-doc-768x128.png 768w, https:\/\/faed.ufms.br\/files\/2025\/05\/prd-doc-730x122.png 730w\" sizes=\"(max-width: 1134px) 100vw, 1134px\" \/><\/a><\/p>\n","protected":false},"excerpt":{"rendered":"<p>O papel do docente em uma universidade federal no Brasil \u00e9 multifacetado e vai al\u00e9m do simples ato de ensinar. O trabalho docente em universidades federais \u00e9 crucial para a constru\u00e7\u00e3o de uma sociedade mais igualit\u00e1ria, baseada no conhecimento e na ci\u00eancia. Sua atua\u00e7\u00e3o impacta diretamente a forma\u00e7\u00e3o de profissionais qualificados para o desenvolvimento social&#8230;<\/p>\n","protected":false},"author":47,"featured_media":0,"parent":0,"menu_order":0,"comment_status":"closed","ping_status":"closed","template":"page-templates\/page-coordenadorias.php","meta":{"_acf_changed":false,"_eb_attr":"","_price":"","_stock":"","_tribe_ticket_header":"","_tribe_default_ticket_provider":"","_tribe_ticket_capacity":"0","_ticket_start_date":"","_ticket_end_date":"","_tribe_ticket_show_description":"","_tribe_ticket_show_not_going":false,"_tribe_ticket_use_global_stock":"","_tribe_ticket_global_stock_level":"","_global_stock_mode":"","_global_stock_cap":"","_tribe_rsvp_for_event":"","_tribe_ticket_going_count":"","_tribe_ticket_not_going_count":"","_tribe_tickets_list":"[]","_tribe_ticket_has_attendee_info_fields":false,"footnotes":"","_tec_slr_enabled":"","_tec_slr_layout":""},"coauthors":[109],"class_list":["post-10713","page","type-page","status-publish","hentry"],"acf":[],"aioseo_notices":[],"ticketed":false,"_links":{"self":[{"href":"https:\/\/faed.ufms.br\/en\/wp-json\/wp\/v2\/pages\/10713","targetHints":{"allow":["GET"]}}],"collection":[{"href":"https:\/\/faed.ufms.br\/en\/wp-json\/wp\/v2\/pages"}],"about":[{"href":"https:\/\/faed.ufms.br\/en\/wp-json\/wp\/v2\/types\/page"}],"author":[{"embeddable":true,"href":"https:\/\/faed.ufms.br\/en\/wp-json\/wp\/v2\/users\/47"}],"replies":[{"embeddable":true,"href":"https:\/\/faed.ufms.br\/en\/wp-json\/wp\/v2\/comments?post=10713"}],"version-history":[{"count":10,"href":"https:\/\/faed.ufms.br\/en\/wp-json\/wp\/v2\/pages\/10713\/revisions"}],"predecessor-version":[{"id":12412,"href":"https:\/\/faed.ufms.br\/en\/wp-json\/wp\/v2\/pages\/10713\/revisions\/12412"}],"wp:attachment":[{"href":"https:\/\/faed.ufms.br\/en\/wp-json\/wp\/v2\/media?parent=10713"}],"wp:term":[{"taxonomy":"author","embeddable":true,"href":"https:\/\/faed.ufms.br\/en\/wp-json\/wp\/v2\/coauthors?post=10713"}],"curies":[{"name":"wp","href":"https:\/\/api.w.org\/{rel}","templated":true}]}}