{"id":10879,"date":"2025-01-29T09:19:13","date_gmt":"2025-01-29T13:19:13","guid":{"rendered":"https:\/\/faed.ufms.br\/?page_id=10879"},"modified":"2025-05-28T13:24:29","modified_gmt":"2025-05-28T17:24:29","slug":"informatica","status":"publish","type":"page","link":"https:\/\/faed.ufms.br\/en\/laboratorios\/informatica\/","title":{"rendered":"Laborat\u00f3rio de Inform\u00e1tica\u00a0"},"content":{"rendered":"<p>No Laborat\u00f3rio de Inform\u00e1tica podem ser desenvolvidas atividades como: pesquisas acad\u00eamicas; realiza\u00e7\u00e3o de atividades e trabalhos vinculados ao ensino, pesquisa e extens\u00e3o; leitura de material acad\u00eamico dispon\u00edvel em formato digital; acesso aos sistemas da UFMS, e demais atividades acad\u00eamicas vinculadas aos cursos de Educa\u00e7\u00e3o F\u00edsica &#8211; Bacharelado e Licenciatura.<\/p>\n<p>\u00c9 destinado especificamente ao atendimento de docentes, servidores administrativos e estudantes vinculados aos cursos de Educa\u00e7\u00e3o F\u00edsica &#8211; Bacharelado e Licenciatura da FAED\/UFMS, podendo, mediante o <em>agendamento em <a href=\"https:\/\/agendamentos.ufms.br\/\">sistema oficial da UFMS<\/a><\/em>, ser utilizado em per\u00edodos dispon\u00edveis por discentes de outros cursos.<\/p>\n<p>A utiliza\u00e7\u00e3o do Laborat\u00f3rio de Inform\u00e1tica ser\u00e1 autorizada mediante disponibilidade de computadores, bem como, a retirada da chave e assinatura do protocolo de empr\u00e9stimo na secretaria dos cursos de Educa\u00e7\u00e3o F\u00edsica.<\/p>\n<p>&nbsp;<\/p>\n<p><img fetchpriority=\"high\" decoding=\"async\" class=\"aligncenter size-full wp-image-10904\" src=\"https:\/\/faed.ufms.br\/files\/2025\/01\/lab_informatica_2-1.jpg\" alt=\"\" width=\"1024\" height=\"512\" srcset=\"https:\/\/faed.ufms.br\/files\/2025\/01\/lab_informatica_2-1.jpg 1024w, https:\/\/faed.ufms.br\/files\/2025\/01\/lab_informatica_2-1-300x150.jpg 300w, https:\/\/faed.ufms.br\/files\/2025\/01\/lab_informatica_2-1-768x384.jpg 768w, https:\/\/faed.ufms.br\/files\/2025\/01\/lab_informatica_2-1-640x320.jpg 640w\" sizes=\"(max-width: 1024px) 100vw, 1024px\" \/><\/p>\n<p>&nbsp;<\/p>\n<p><span style=\"font-size: 14pt\"><strong>Localiza\u00e7\u00e3o<\/strong><\/span><br \/>\nSala 208, 1\u00ba andar, bloco 8.<\/p>\n<p>&nbsp;<\/p>\n<p><span style=\"font-size: 14pt\"><strong>Hor\u00e1rio<\/strong><\/span><br \/>\nSegunda a sexta-feira, das 7h \u00e0s 11h e 13h \u00e0s 17h.<br \/>\n<em>O uso poder\u00e1 ocorrer excepcionalmente em hor\u00e1rio diferenciado, mediante a autoriza\u00e7\u00e3o do Respons\u00e1vel T\u00e9cnico do Laborat\u00f3rio.<\/em><\/p>\n<p>&nbsp;<\/p>\n<p><span style=\"font-size: 14pt\"><strong>Respons\u00e1vel T\u00e9cnico<\/strong><\/span><em><br \/>\n<a href=\"https:\/\/faed.ufms.br\/servidores\/\">Prof\u00aa Mariana Biagi Batista<\/a><\/em><\/p>\n<p>&nbsp;<\/p>\n<p><strong><span style=\"font-size: 14pt\">Agendamento<\/span><br \/>\n<\/strong><a href=\"https:\/\/agendamentos.ufms.br\/\"><em>Sistema oficial da UFMS (C\u00f3digo 01.08.230)<\/em><\/a><br \/>\nTelefone: (67) 3345-7630<\/p>\n\n<!-- iframe plugin v.5.2 wordpress.org\/plugins\/iframe\/ -->\n<iframe src=\"https:\/\/agendamentos.ufms.br\/embed\/agenda\/9D1x0Nv6dp\" style=\"border-width: 0; width: 100%; height: 400px\" frameborder=\"1\" width=\"100%\" height=\"500\" scrolling=\"yes\" class=\"iframe-class\"><\/iframe>\n\n<p>&nbsp;<\/p>\n<p><strong><span style=\"font-size: 14pt\">Normas<\/span><\/strong><\/p>\n<a href=\"https:\/\/faed.ufms.br\/files\/2025\/01\/lab_informatica_normas_boletim8361.pdf\" class=\"pdfemb-viewer\" style=\"\" data-width=\"max\" data-height=\"max\" data-toolbar=\"bottom\" data-toolbar-fixed=\"off\">lab_informatica_normas_boletim8361<\/a>\n<a href=\"https:\/\/faed.ufms.br\/files\/2025\/01\/lab_informatica_normas_boletim8361.pdf\"><em>Baixar normas<\/em><\/a><\/p>\n<p>&nbsp;<\/p>\n<hr \/>\n<p style=\"text-align: center\"><span style=\"font-size: 8pt\"><em>P\u00e1gina atualizada em: 29\/01\/2025 por <a href=\"http:\/\/lattes.cnpq.br\/9943626211521074\">Guilherme Castro<\/a><\/em><\/span><\/p>\n","protected":false},"excerpt":{"rendered":"<p>No Laborat\u00f3rio de Inform\u00e1tica podem ser desenvolvidas atividades como: pesquisas acad\u00eamicas; realiza\u00e7\u00e3o de atividades e trabalhos vinculados ao ensino, pesquisa e extens\u00e3o; leitura de material acad\u00eamico dispon\u00edvel em formato digital; acesso aos sistemas da UFMS, e demais atividades acad\u00eamicas vinculadas aos cursos de Educa\u00e7\u00e3o F\u00edsica &#8211; Bacharelado e Licenciatura. \u00c9 destinado especificamente ao atendimento de&#8230;<\/p>\n","protected":false},"author":47,"featured_media":0,"parent":10222,"menu_order":0,"comment_status":"closed","ping_status":"closed","template":"page-templates\/page-coordenadorias.php","meta":{"_acf_changed":false,"_eb_attr":"","_price":"","_stock":"","_tribe_ticket_header":"","_tribe_default_ticket_provider":"","_tribe_ticket_capacity":"0","_ticket_start_date":"","_ticket_end_date":"","_tribe_ticket_show_description":"","_tribe_ticket_show_not_going":false,"_tribe_ticket_use_global_stock":"","_tribe_ticket_global_stock_level":"","_global_stock_mode":"","_global_stock_cap":"","_tribe_rsvp_for_event":"","_tribe_ticket_going_count":"","_tribe_ticket_not_going_count":"","_tribe_tickets_list":"[]","_tribe_ticket_has_attendee_info_fields":false,"footnotes":"","_tec_slr_enabled":"","_tec_slr_layout":""},"coauthors":[109],"class_list":["post-10879","page","type-page","status-publish","hentry"],"acf":[],"aioseo_notices":[],"ticketed":false,"_links":{"self":[{"href":"https:\/\/faed.ufms.br\/en\/wp-json\/wp\/v2\/pages\/10879","targetHints":{"allow":["GET"]}}],"collection":[{"href":"https:\/\/faed.ufms.br\/en\/wp-json\/wp\/v2\/pages"}],"about":[{"href":"https:\/\/faed.ufms.br\/en\/wp-json\/wp\/v2\/types\/page"}],"author":[{"embeddable":true,"href":"https:\/\/faed.ufms.br\/en\/wp-json\/wp\/v2\/users\/47"}],"replies":[{"embeddable":true,"href":"https:\/\/faed.ufms.br\/en\/wp-json\/wp\/v2\/comments?post=10879"}],"version-history":[{"count":15,"href":"https:\/\/faed.ufms.br\/en\/wp-json\/wp\/v2\/pages\/10879\/revisions"}],"predecessor-version":[{"id":12425,"href":"https:\/\/faed.ufms.br\/en\/wp-json\/wp\/v2\/pages\/10879\/revisions\/12425"}],"up":[{"embeddable":true,"href":"https:\/\/faed.ufms.br\/en\/wp-json\/wp\/v2\/pages\/10222"}],"wp:attachment":[{"href":"https:\/\/faed.ufms.br\/en\/wp-json\/wp\/v2\/media?parent=10879"}],"wp:term":[{"taxonomy":"author","embeddable":true,"href":"https:\/\/faed.ufms.br\/en\/wp-json\/wp\/v2\/coauthors?post=10879"}],"curies":[{"name":"wp","href":"https:\/\/api.w.org\/{rel}","templated":true}]}}