{"id":11006,"date":"2025-02-11T10:05:37","date_gmt":"2025-02-11T14:05:37","guid":{"rendered":"https:\/\/faed.ufms.br\/?page_id=11006"},"modified":"2025-02-11T10:06:07","modified_gmt":"2025-02-11T14:06:07","slug":"socioculturais","status":"publish","type":"page","link":"https:\/\/faed.ufms.br\/en\/laboratorios\/socioculturais\/","title":{"rendered":"Laborat\u00f3rio de Estudos Socioculturais em Educa\u00e7\u00e3o F\u00edsica, Esporte, Lazer e Dan\u00e7a (LAB 2)"},"content":{"rendered":"<p>O Laborat\u00f3rio de Estudos Socioculturais em Educa\u00e7\u00e3o F\u00edsica, Esporte, Lazer e Dan\u00e7a, possui equipamentos e materiais destinados ao desenvolvimento de atividades de pesquisa em pol\u00edticas p\u00fablicas de esporte, Educa\u00e7\u00e3o F\u00edsica Escolar, Inclus\u00e3o Social e Dan\u00e7a. Para sua utiliza\u00e7\u00e3o, dever\u00e1 ser realizado agendamento pr\u00e9vio com autoriza\u00e7\u00e3o do Respons\u00e1vel T\u00e9cnico.<\/p>\n<p>&nbsp;<\/p>\n<p><img fetchpriority=\"high\" decoding=\"async\" class=\"aligncenter size-full wp-image-11018\" src=\"https:\/\/faed.ufms.br\/files\/2025\/02\/lab2.png\" alt=\"\" width=\"1024\" height=\"512\" srcset=\"https:\/\/faed.ufms.br\/files\/2025\/02\/lab2.png 1024w, https:\/\/faed.ufms.br\/files\/2025\/02\/lab2-300x150.png 300w, https:\/\/faed.ufms.br\/files\/2025\/02\/lab2-768x384.png 768w, https:\/\/faed.ufms.br\/files\/2025\/02\/lab2-640x320.png 640w\" sizes=\"(max-width: 1024px) 100vw, 1024px\" \/><\/p>\n<p>&nbsp;<\/p>\n<p><span style=\"font-size: 14pt\"><strong>Localiza\u00e7\u00e3o<\/strong><\/span><br \/>\nSala 2, Subsolo, bloco 8.<\/p>\n<p>&nbsp;<\/p>\n<p><span style=\"font-size: 14pt\"><strong>Hor\u00e1rio<\/strong><\/span><br \/>\nSegunda a sexta-feira, das 7h \u00e0s 11h e 13h \u00e0s 17h.<br \/>\n<em>O uso poder\u00e1 ocorrer excepcionalmente em hor\u00e1rio diferenciado, mediante a autoriza\u00e7\u00e3o do Respons\u00e1vel T\u00e9cnico do Laborat\u00f3rio.<\/em><\/p>\n<p>&nbsp;<\/p>\n<p><span style=\"font-size: 14pt\"><strong>Respons\u00e1vel T\u00e9cnico<br \/>\n<\/strong><\/span><em><span style=\"font-size: 12pt\"><span style=\"font-size: 10pt\"><a href=\"https:\/\/faed.ufms.br\/servidores\/\"><span style=\"font-size: 12pt\">Prof. Dirceu Santos Silva<\/span><\/a><\/span><\/span><\/em><\/p>\n<p>&nbsp;<\/p>\n<p><span style=\"font-size: 14pt\"><strong>Agendamento<br \/>\n<\/strong><\/span><a href=\"https:\/\/agendamentos.ufms.br\/\"><em>Sistema oficial da UFMS (C\u00f3digo 01.08.013)<\/em><\/a><br \/>\nTelefone: (67) 3345-7630<\/p>\n<p>&nbsp;<\/p>\n<p><span style=\"font-size: 14pt\"><strong>Normas<\/strong><\/span><\/p>\n<a href=\"https:\/\/faed.ufms.br\/files\/2025\/02\/lab_socioculturais_normas_boletim8361.pdf\" class=\"pdfemb-viewer\" style=\"\" data-width=\"max\" data-height=\"max\" data-toolbar=\"bottom\" data-toolbar-fixed=\"off\">lab_socioculturais_normas_boletim8361<\/a>\n<p><a href=\"https:\/\/faed.ufms.br\/files\/2025\/02\/lab_socioculturais_normas_boletim8361.pdf\"><span style=\"font-size: 10pt\"><em>Baixar normas<\/em><\/span><\/a><\/p>\n<p>&nbsp;<\/p>\n<hr \/>\n<p style=\"text-align: center\"><span style=\"font-size: 8pt\"><em>P\u00e1gina atualizada em: 11\/02\/2025 por <a href=\"http:\/\/lattes.cnpq.br\/9943626211521074\">Guilherme Castro<\/a><\/em><\/span><\/p>\n","protected":false},"excerpt":{"rendered":"<p>O Laborat\u00f3rio de Estudos Socioculturais em Educa\u00e7\u00e3o F\u00edsica, Esporte, Lazer e Dan\u00e7a, possui equipamentos e materiais destinados ao desenvolvimento de atividades de pesquisa em pol\u00edticas p\u00fablicas de esporte, Educa\u00e7\u00e3o F\u00edsica Escolar, Inclus\u00e3o Social e Dan\u00e7a. Para sua utiliza\u00e7\u00e3o, dever\u00e1 ser realizado agendamento pr\u00e9vio com autoriza\u00e7\u00e3o do Respons\u00e1vel T\u00e9cnico. &nbsp; &nbsp; Localiza\u00e7\u00e3o Sala 2, Subsolo, bloco&#8230;<\/p>\n","protected":false},"author":47,"featured_media":0,"parent":10222,"menu_order":0,"comment_status":"closed","ping_status":"closed","template":"page-templates\/page-coordenadorias.php","meta":{"_acf_changed":false,"_eb_attr":"","_price":"","_stock":"","_tribe_ticket_header":"","_tribe_default_ticket_provider":"","_tribe_ticket_capacity":"0","_ticket_start_date":"","_ticket_end_date":"","_tribe_ticket_show_description":"","_tribe_ticket_show_not_going":false,"_tribe_ticket_use_global_stock":"","_tribe_ticket_global_stock_level":"","_global_stock_mode":"","_global_stock_cap":"","_tribe_rsvp_for_event":"","_tribe_ticket_going_count":"","_tribe_ticket_not_going_count":"","_tribe_tickets_list":"[]","_tribe_ticket_has_attendee_info_fields":false,"footnotes":"","_tec_slr_enabled":"","_tec_slr_layout":""},"coauthors":[],"class_list":["post-11006","page","type-page","status-publish","hentry"],"acf":[],"aioseo_notices":[],"ticketed":false,"_links":{"self":[{"href":"https:\/\/faed.ufms.br\/en\/wp-json\/wp\/v2\/pages\/11006","targetHints":{"allow":["GET"]}}],"collection":[{"href":"https:\/\/faed.ufms.br\/en\/wp-json\/wp\/v2\/pages"}],"about":[{"href":"https:\/\/faed.ufms.br\/en\/wp-json\/wp\/v2\/types\/page"}],"author":[{"embeddable":true,"href":"https:\/\/faed.ufms.br\/en\/wp-json\/wp\/v2\/users\/47"}],"replies":[{"embeddable":true,"href":"https:\/\/faed.ufms.br\/en\/wp-json\/wp\/v2\/comments?post=11006"}],"version-history":[{"count":4,"href":"https:\/\/faed.ufms.br\/en\/wp-json\/wp\/v2\/pages\/11006\/revisions"}],"predecessor-version":[{"id":11019,"href":"https:\/\/faed.ufms.br\/en\/wp-json\/wp\/v2\/pages\/11006\/revisions\/11019"}],"up":[{"embeddable":true,"href":"https:\/\/faed.ufms.br\/en\/wp-json\/wp\/v2\/pages\/10222"}],"wp:attachment":[{"href":"https:\/\/faed.ufms.br\/en\/wp-json\/wp\/v2\/media?parent=11006"}],"wp:term":[{"taxonomy":"author","embeddable":true,"href":"https:\/\/faed.ufms.br\/en\/wp-json\/wp\/v2\/coauthors?post=11006"}],"curies":[{"name":"wp","href":"https:\/\/api.w.org\/{rel}","templated":true}]}}