{"id":11093,"date":"2025-02-25T11:47:21","date_gmt":"2025-02-25T15:47:21","guid":{"rendered":"https:\/\/faed.ufms.br\/?page_id=11093"},"modified":"2025-12-10T13:56:45","modified_gmt":"2025-12-10T17:56:45","slug":"educacao-bilingue","status":"publish","type":"page","link":"https:\/\/faed.ufms.br\/en\/educacao-bilingue\/","title":{"rendered":"Licenciatura em Educa\u00e7\u00e3o Bil\u00edngue de Surdos"},"content":{"rendered":"<p><img fetchpriority=\"high\" decoding=\"async\" class=\"aligncenter wp-image-11100 size-full\" src=\"https:\/\/faed.ufms.br\/files\/2025\/02\/curso_libras_2025_banner.png\" alt=\"\" width=\"1134\" height=\"189\" srcset=\"https:\/\/faed.ufms.br\/files\/2025\/02\/curso_libras_2025_banner.png 1134w, https:\/\/faed.ufms.br\/files\/2025\/02\/curso_libras_2025_banner-300x50.png 300w, https:\/\/faed.ufms.br\/files\/2025\/02\/curso_libras_2025_banner-1024x171.png 1024w, https:\/\/faed.ufms.br\/files\/2025\/02\/curso_libras_2025_banner-768x128.png 768w, https:\/\/faed.ufms.br\/files\/2025\/02\/curso_libras_2025_banner-730x122.png 730w\" sizes=\"(max-width: 1134px) 100vw, 1134px\" \/><\/p>\n<p>O curso de gradua\u00e7\u00e3o em Licenciatura em Educa\u00e7\u00e3o Bil\u00edngue de Surdos, de oferta \u00fanica, foi concebido no formato presencial, com dura\u00e7\u00e3o de 08 (oito) semestres e faz parte do <a href=\"https:\/\/www.gov.br\/capes\/pt-br\/acesso-a-informacao\/acoes-e-programas\/educacao-basica\/parfor-equidade\">Parfor Equidade<\/a>.<br \/>\nO PARFOR EQUIDADE \u00e9 uma a\u00e7\u00e3o especial realizada no \u00e2mbito do Programa Nacional de Forma\u00e7\u00e3o de Professores da Educa\u00e7\u00e3o B\u00e1sica (PARFOR) gerido pela CAPES \u2013 Coordena\u00e7\u00e3o de Aperfei\u00e7oamento de Pessoal de N\u00edvel Superior e idealizado em conjunto com a SECADI\/MEC \u2013 Secretaria de Educa\u00e7\u00e3o Continuada, Alfabetiza\u00e7\u00e3o de Jovens e Adultos, Diversidade e Inclus\u00e3o.<br \/>\nAs inscri\u00e7\u00f5es para o processo seletivo simplificado s\u00e3o gratuitas e ser\u00e1 permitida apenas uma inscri\u00e7\u00e3o por Cadastro de Pessoa F\u00edsica \u2013 CPF.<\/p>\n<hr \/>\n<p data-uw-styling-context=\"true\"><strong>Dura\u00e7\u00e3o do Curso:<\/strong>\u00a08 semestres<br \/>\n<strong>Modalidade de Ensino:<\/strong>\u00a0Presencial<br \/>\n<strong>Per\u00edodo:<\/strong> Noturno<br \/>\n<strong>Grau acad\u00eamico:<\/strong> Licenciatura<br \/>\n<strong>Carga Hor\u00e1ria M\u00ednima:<\/strong> 3382 horas<br \/>\n<strong>Unidade:<\/strong>\u00a0<em><a href=\"https:\/\/faed.ufms.br\/\">Faculdade de Educa\u00e7\u00e3o<\/a><br \/>\n<a href=\"https:\/\/boletimoficial.ufms.br\/bse\/publicacao?id=545968\">Projeto Pedag\u00f3gico<\/a><\/em><br \/>\n\u2014<br \/>\n<strong>Endere\u00e7o:\u00a0<\/strong><a href=\"https:\/\/agendamentos.ufms.br\/localizacao\">Av. Costa e Silva, s\/n\u00ba \u2013 Bairro Universit\u00e1rio \/ CEP: 79070-900 \u2013 Campo Grande \u2013 MS<\/a><br \/>\n<strong>Localiza\u00e7\u00e3o:\u00a0<\/strong><a href=\"https:\/\/maps.app.goo.gl\/ZV135BoYfKn9FoUX9\">Setor 2, Bloco 22<\/a><\/p>\n<hr \/>\n<p style=\"text-align: center\"><span style=\"font-size: 14pt\"><a href=\"https:\/\/graduacao.ufms.br\/cursos\/3109\/professores\"><strong>Professores<\/strong><\/a><\/span><\/p>\n<hr \/>\n<p style=\"text-align: center\"><span style=\"font-size: 14pt\"><a href=\"https:\/\/graduacao.ufms.br\/cursos\/3109\/estrutura\"><strong>Componentes Curriculares Disciplinares<\/strong><\/a><\/span><\/p>\n<hr \/>\n<p style=\"text-align: center\"><span style=\"font-size: 14pt\"><a href=\"https:\/\/graduacao.ufms.br\/cursos\/3109\/matriz\"><strong>Matriz Curricular e Pr\u00e9-Requisitos<\/strong><\/a><\/span><\/p>\n<hr \/>\n<p style=\"text-align: center\"><span style=\"font-size: 14pt\"><a href=\"https:\/\/boletimoficial.ufms.br\/bse\/publicacao?id=545968\"><strong><span style=\"font-size: 14pt\">Projeto Pedag\u00f3gico do Curso (PPC)<\/span><\/strong><\/a><\/span><\/p>\n<hr \/>\n<p>&nbsp;<\/p>\n<p><span style=\"font-size: 21px\"><strong><a id=\"coord\"><\/a>Coordena\u00e7\u00e3o<\/strong><\/span><\/p>\n<ul>\n<li><a id=\"sec\"><\/a>Coordenadora:\u00a0<em>Raquel Elizabeth Saes Quiles Benini\u00a0<\/em><em>\u00a0\/ \u2713\u00a0<a href=\"http:\/\/lattes.cnpq.br\/5087255329045797\">Curr\u00edculo Lattes<\/a><\/em><\/li>\n<\/ul>\n<p>&nbsp;<\/p>\n<hr \/>\n<p><span style=\"font-size: 21px\"><strong>Secretaria<\/strong><\/span><\/p>\n<ul>\n<li><span style=\"font-size: 14px\"><strong>Secretaria Acad\u00eamica<\/strong><\/span><br \/>\n<span style=\"font-size: 14px\"><em>Rosemere da Silva (Secret\u00e1ria Acad\u00eamica)<br \/>\n\u00c1lvaro Luiz Paes; Welington Paulino de Castro<br \/>\n\u2706 <\/em>WhatsApp: 67 3345-7574 \/ \u2709 seaac.faed@ufms.br<em><br \/>\n<a href=\"https:\/\/faed.ufms.br\/secretaria-academica\/\">https:\/\/faed.ufms.br\/secretaria-academica\/<\/a><\/em><\/span><\/li>\n<\/ul>\n<p>&nbsp;<\/p>\n<ul>\n<li><span style=\"font-size: 14px\"><strong>Secretaria Pedag\u00f3gica<\/strong><em><strong><br \/>\n<\/strong><\/em><em>Janine Lira Dorneles<\/em><\/span><br \/>\n<span style=\"font-size: 14px\">\u2706 WhatsApp: (67) 3345-7195<\/span><\/li>\n<\/ul>\n<p>&nbsp;<\/p>\n<hr \/>\n<p><span style=\"font-size: 21px\"><strong><a id=\"colegiado\"><\/a>Colegiado<br \/>\n<\/strong><a href=\"https:\/\/boletimoficial.ufms.br\/bse\/publicacao?id=554138\"><span style=\"font-size: 12px\">PORTARIA N\u00ba 16-FAED\/UFMS, DE 26 DE MAR\u00c7O DE 2025<\/span><\/a><br \/>\n<em><a href=\"https:\/\/boletimoficial.ufms.br\/bse\/publicacao?id=556970\"><span style=\"font-size: 12px\">PORTARIA N\u00ba 469-RTR\/UFMS, DE 16 DE ABRIL DE 2025<\/span><\/a><\/em><strong><br \/>\n<\/strong><\/span><\/p>\n<ul>\n<li>RAQUEL ELIZABETH SAES QUILES BENINI (Presidente);<\/li>\n<li>KARINE ALBUQUERQUE DE NEGREIROS;<\/li>\n<li>MAUR\u00cdCIO LOUBET;<\/li>\n<li><a id=\"coe\"><\/a>SHEYLA CRISTINA ARAUJO MATOSO.<\/li>\n<\/ul>\n<p>&nbsp;<\/p>\n<hr \/>\n<p><span style=\"font-size: 21px\"><strong>Comiss\u00e3o de Est\u00e1gio<br \/>\n<\/strong><a href=\"https:\/\/boletimoficial.ufms.br\/bse\/publicacao?id=554159\"><span style=\"font-size: 12px\">PORTARIA N\u00ba 18-FAED\/UFMS, DE 26 DE MAR\u00c7O DE 2025. (*)<\/span><\/a><strong><br \/>\n<\/strong><\/span><\/p>\n<ul>\n<li>SHEYLA CRISTINA ARAUJO MATOSO &#8211; Presidente;<\/li>\n<li>KARINE ALBUQUERQUE DE NEGREIROS; e<\/li>\n<li><a id=\"nde\"><\/a>RAQUEL ELIZABETH SAES QUILES BENINI.<\/li>\n<\/ul>\n<p>&nbsp;<\/p>\n<hr \/>\n<p><span style=\"font-size: 21px\"><strong>N\u00facleo Docente Estruturante &#8211; NDE<\/strong><\/span><br \/>\n<a href=\"https:\/\/boletimoficial.ufms.br\/bse\/publicacao?id=554139\"><span style=\"font-size: 12px\">PORTARIA N\u00ba 17-FAED\/UFMS, DE 26 DE MAR\u00c7O DE 2025 (mandato 2024-2026)<\/span><\/a><\/p>\n<ul>\n<li>BRUNO ROBERTO NANTES;<\/li>\n<li>KARINE ALBUQUERQUE DE NEGREIROS;<\/li>\n<li>MIRELLA VILLA DE ARA\u00daJO TUCUNDUVA DA FONSECA;<\/li>\n<li>RAQUEL ELIZABETH SAES QUILES BENINI;<\/li>\n<li>SANDRA NOVAIS SOUSA; e<\/li>\n<li>SHIRLEY VILHALVA.<\/li>\n<\/ul>\n<p>&nbsp;<\/p>\n<hr \/>\n<p>&nbsp;<\/p>\n<p><span style=\"font-size: 21px\"><strong>Ingresso<\/strong><\/span><br \/>\n<span style=\"font-size: 14px\">De<strong> 25 de fevereiro \u00e0 7 de mar\u00e7o de 2025<\/strong> (<a href=\"https:\/\/inscricao.ufms.br\/\">https:\/\/inscricao.ufms.br\/<\/a>).<\/span><br \/>\n<span style=\"font-size: 14px\"><em>N\u00e3o ser\u00e1 cobrada taxa de inscri\u00e7\u00e3o<\/em><\/span><br \/>\n<span style=\"font-size: 14px\">Vagas: 30 vagas<\/span><br \/>\n<span style=\"font-size: 14px\">Sele\u00e7\u00e3o em uma etapa \u00fanica: an\u00e1lise curricular de car\u00e1ter eliminat\u00f3rio e classificat\u00f3rio.<\/span><\/p>\n<p><span style=\"font-size: 14px\">Informa\u00e7\u00f5es: <a href=\"https:\/\/ingresso.ufms.br\/educacao-bilingue-surdos\/\">https:\/\/ingresso.ufms.br\/educacao-bilingue-surdos\/<\/a><\/span><\/p>\n<p>&nbsp;<\/p>\n<hr \/>\n<p><strong>EDITAIS<\/strong><\/p>\n<ul>\n<li><span style=\"font-size: 12px\"><a href=\"https:\/\/boletimoficial.ufms.br\/bse\/publicacao?id=550425\">EDITAL N\u00ba 101\/2025 &#8211; PROGRAD\/UFMS &#8211; RETIFICA\u00c7\u00c3O DO EDITAL DE INSCRI\u00c7\u00c3O &#8211; PROCESSO SELETIVO SIMPLIFICADO PARA SELE\u00c7\u00c3O DE CANDIDATOS PARA INGRESSO NO CURSO DE LICENCIATURA EM EDUCA\u00c7\u00c3O BIL\u00cdNGUE DE SURDOS<\/a><\/span><\/li>\n<li><span style=\"font-size: 12px\"><a href=\"https:\/\/boletimoficial.ufms.br\/bse\/publicacao?id=549368\">EDITAL N\u00ba 70\/2025 &#8211; PROGRAD\/UFMS EDITAL DE INSCRI\u00c7\u00c3O &#8211; PROCESSO SELETIVO SIMPLIFICADO PARA SELE\u00c7\u00c3O DE CANDIDATOS PARA INGRESSO NO CURSO DE LICENCIATURA EM EDUCA\u00c7\u00c3O BIL\u00cdNGUE DE SURDOS<\/a><\/span><\/li>\n<li><span style=\"font-size: 12px\"><a href=\"https:\/\/boletimoficial.ufms.br\/bse\/publicacao?id=551641\">EDITAL N\u00ba 149\/2025-PROGRAD\/UFMS (11\/03\/2025): RESULTADO PRELIMINAR DAS INSCRI\u00c7\u00d5ES DO PPROCESSO SELETIVO SIMPLIFICADO PARA SELE\u00c7\u00c3O DE CANDIDATOS PARA INGRESSO NO CURSO DE LICENCIATURA EM EDUCA\u00c7\u00c3O BIL\u00cdNGUE DE SURDOS DA UFMS EM 2025<\/a><\/span><\/li>\n<li><span style=\"font-size: 12px\"><a href=\"https:\/\/boletimoficial.ufms.br\/bse\/publicacao?id=553168\">EDITAL N\u00ba 192\/2025 &#8211; PROGRAD\/UFMS: RESULTADO FINAL DO PROCESSO SELETIVO SIMPLIFICADO PARA SELE\u00c7\u00c3O DE CANDIDATOS PARA INGRESSO NO CURSO DE LICENCIATURA EM EDUCA\u00c7\u00c3O BIL\u00cdNGUE DE SURDOS DA UFMS EM 2025<\/a><\/span><\/li>\n<li><span style=\"font-size: 12px\"><a href=\"https:\/\/boletimoficial.ufms.br\/bse\/publicacao?id=553429\">EDITAL N\u00ba 198\/2025-PROGRAD\/UFMS: MATR\u00cdCULA DA 1\u00aa CHAMADA &#8211; PROCESSO SELETIVO SIMPLIFICADO PARA SELE\u00c7\u00c3O DE CANDIDATOS PARA INGRESSO NO CURSO DE LICENCIATURA EM EDUCA\u00c7\u00c3O BIL\u00cdNGUE DE SURDOS<\/a><\/span><\/li>\n<\/ul>\n<hr \/>\n<p style=\"text-align: center\"><em><span style=\"font-size: 12px;background-color: #e5edff\"><a href=\"https:\/\/faed.ufms.br\/docente\/producao\/\"><img decoding=\"async\" class=\"aligncenter wp-image-12410 size-full\" src=\"https:\/\/faed.ufms.br\/files\/2025\/05\/prd-doc.png\" alt=\"\" width=\"1134\" height=\"189\" srcset=\"https:\/\/faed.ufms.br\/files\/2025\/05\/prd-doc.png 1134w, https:\/\/faed.ufms.br\/files\/2025\/05\/prd-doc-300x50.png 300w, https:\/\/faed.ufms.br\/files\/2025\/05\/prd-doc-1024x171.png 1024w, https:\/\/faed.ufms.br\/files\/2025\/05\/prd-doc-768x128.png 768w, https:\/\/faed.ufms.br\/files\/2025\/05\/prd-doc-730x122.png 730w\" sizes=\"(max-width: 1134px) 100vw, 1134px\" \/><\/a><\/span><\/em><\/p>\n<hr \/>\n<p style=\"text-align: center\"><em><span style=\"font-size: 12px;background-color: #e5edff\">P\u00e1gina atualizada em: 10\/12\/2025<\/span><\/em><\/p>\n","protected":false},"excerpt":{"rendered":"<p>O curso de gradua\u00e7\u00e3o em Licenciatura em Educa\u00e7\u00e3o Bil\u00edngue de Surdos, de oferta \u00fanica, foi concebido no formato presencial, com dura\u00e7\u00e3o de 08 (oito) semestres e faz parte do Parfor Equidade. O PARFOR EQUIDADE \u00e9 uma a\u00e7\u00e3o especial realizada no \u00e2mbito do Programa Nacional de Forma\u00e7\u00e3o de Professores da Educa\u00e7\u00e3o B\u00e1sica (PARFOR) gerido pela CAPES&#8230;<\/p>\n","protected":false},"author":47,"featured_media":0,"parent":0,"menu_order":0,"comment_status":"closed","ping_status":"closed","template":"page-templates\/page-coordenadorias.php","meta":{"_acf_changed":false,"_eb_attr":"","_price":"","_stock":"","_tribe_ticket_header":"","_tribe_default_ticket_provider":"","_tribe_ticket_capacity":"0","_ticket_start_date":"","_ticket_end_date":"","_tribe_ticket_show_description":"","_tribe_ticket_show_not_going":false,"_tribe_ticket_use_global_stock":"","_tribe_ticket_global_stock_level":"","_global_stock_mode":"","_global_stock_cap":"","_tribe_rsvp_for_event":"","_tribe_ticket_going_count":"","_tribe_ticket_not_going_count":"","_tribe_tickets_list":"[]","_tribe_ticket_has_attendee_info_fields":false,"footnotes":"","_tec_slr_enabled":"","_tec_slr_layout":""},"coauthors":[109],"class_list":["post-11093","page","type-page","status-publish","hentry"],"acf":[],"aioseo_notices":[],"ticketed":false,"_links":{"self":[{"href":"https:\/\/faed.ufms.br\/en\/wp-json\/wp\/v2\/pages\/11093","targetHints":{"allow":["GET"]}}],"collection":[{"href":"https:\/\/faed.ufms.br\/en\/wp-json\/wp\/v2\/pages"}],"about":[{"href":"https:\/\/faed.ufms.br\/en\/wp-json\/wp\/v2\/types\/page"}],"author":[{"embeddable":true,"href":"https:\/\/faed.ufms.br\/en\/wp-json\/wp\/v2\/users\/47"}],"replies":[{"embeddable":true,"href":"https:\/\/faed.ufms.br\/en\/wp-json\/wp\/v2\/comments?post=11093"}],"version-history":[{"count":24,"href":"https:\/\/faed.ufms.br\/en\/wp-json\/wp\/v2\/pages\/11093\/revisions"}],"predecessor-version":[{"id":13066,"href":"https:\/\/faed.ufms.br\/en\/wp-json\/wp\/v2\/pages\/11093\/revisions\/13066"}],"wp:attachment":[{"href":"https:\/\/faed.ufms.br\/en\/wp-json\/wp\/v2\/media?parent=11093"}],"wp:term":[{"taxonomy":"author","embeddable":true,"href":"https:\/\/faed.ufms.br\/en\/wp-json\/wp\/v2\/coauthors?post=11093"}],"curies":[{"name":"wp","href":"https:\/\/api.w.org\/{rel}","templated":true}]}}