{"id":11260,"date":"2025-03-21T11:19:43","date_gmt":"2025-03-21T15:19:43","guid":{"rendered":"https:\/\/faed.ufms.br\/?page_id=11260"},"modified":"2025-04-29T22:44:33","modified_gmt":"2025-04-30T02:44:33","slug":"sei","status":"publish","type":"page","link":"https:\/\/faed.ufms.br\/en\/estudante\/sei\/","title":{"rendered":"Sistema Eletr\u00f4nico de Informa\u00e7\u00f5es (SEI)"},"content":{"rendered":"<p>O<strong> Sistema Eletr\u00f4nico de Informa\u00e7\u00f5es (SEI)<\/strong>, \u00e9 um sistema de gest\u00e3o de processos e <strong>documentos arquiv\u00edsticos eletr\u00f4nicos<\/strong>. Uma das suas principais caracter\u00edsticas \u00e9 a liberta\u00e7\u00e3o do papel como suporte f\u00edsico para documentos institucionais e o compartilhamento do conhecimento com atualiza\u00e7\u00e3o e comunica\u00e7\u00e3o de novos eventos em tempo real.<\/p>\n<hr \/>\n<p>&nbsp;<\/p>\n<p><span style=\"font-size: 14pt\"><strong>Cadastro de assinatura<\/strong><\/span><\/p>\n<p>O cadastro de usu\u00e1rio externo, <strong>estudantes e\/ou demais interessados, <\/strong>\u00e9 realizado para possibilitar a assinatura de documentos por pessoas f\u00edsicas que n\u00e3o s\u00e3o servidores efetivos da UFMS e que estejam com demandas em processos administrativos.<br \/>\n<strong>Acesso:<\/strong> <a href=\"https:\/\/link.ufms.br\/kyjHG\">https:\/\/link.ufms.br\/kyjHG<\/a><\/p>\n<p>&nbsp;<\/p>\n<p><strong>Procedimento<\/strong><\/p>\n<p>O\/A <strong>estudante<\/strong> preenche o formul\u00e1rio de <a href=\"https:\/\/sei.ufms.br\/sei\/controlador_externo.php?acao=usuario_externo_enviar_cadastro&amp;acao_origem=usuario_externo_avisar_cadastro&amp;id_orgao_acesso_externo=0\"><strong>Cadastro de Usu\u00e1rio Externo<\/strong><\/a>, e ap\u00f3s o cadastro, solicita a libera\u00e7\u00e3o pessoalmente ou pelo <a href=\"https:\/\/prograd.ufms.br\/requerimento-academico\/\"><strong>Requerimento Acad\u00eamico<\/strong><\/a>.<\/p>\n<p>A <a href=\"https:\/\/faed.ufms.br\/secretaria-academica\/\"><strong>Secretaria Acad\u00eamica<\/strong><\/a> da Faed, ap\u00f3s confer\u00eancia dos documentos pessoais contidos na pasta do acad\u00eamico, faz a libera\u00e7\u00e3o do cadastro. Ap\u00f3s a libera\u00e7\u00e3o, o\/a estudante poder\u00e1 realizar a assinatura de documentos contidos no SEI. A libera\u00e7\u00e3o do cadastro ser\u00e1 efetivada em at\u00e9 48 horas ap\u00f3s o recebimento do requerimento.<\/p>\n<p>&nbsp;<\/p>\n<p><a href=\"https:\/\/faed.ufms.br\/files\/2025\/03\/sei_cadastro_n.png\"><img fetchpriority=\"high\" decoding=\"async\" class=\"aligncenter wp-image-11272 size-full\" src=\"https:\/\/faed.ufms.br\/files\/2025\/03\/sei_cadastro_n.png\" alt=\"\" width=\"992\" height=\"401\" srcset=\"https:\/\/faed.ufms.br\/files\/2025\/03\/sei_cadastro_n.png 992w, https:\/\/faed.ufms.br\/files\/2025\/03\/sei_cadastro_n-300x121.png 300w, https:\/\/faed.ufms.br\/files\/2025\/03\/sei_cadastro_n-768x310.png 768w, https:\/\/faed.ufms.br\/files\/2025\/03\/sei_cadastro_n-730x295.png 730w\" sizes=\"(max-width: 992px) 100vw, 992px\" \/><\/a><\/p>\n<hr \/>\n<p>&nbsp;<\/p>\n<ul>\n<li style=\"text-align: left\"><span style=\"font-size: 12pt\"><a href=\"https:\/\/sei.ufms.br\/sei\/controlador_externo.php?acao=usuario_externo_enviar_cadastro&amp;acao_origem=usuario_externo_avisar_cadastro&amp;id_orgao_acesso_externo=0\"><strong>Estudante: Cadastro de Usu\u00e1rio Externo<\/strong><\/a><strong><br \/>\n<\/strong><\/span><\/li>\n<li style=\"text-align: left\"><span style=\"font-size: 12pt\"><a href=\"https:\/\/prograd.ufms.br\/requerimento-academico\/\"><strong>Estudante: Requerimento Acad\u00eamico<\/strong><\/a><strong><br \/>\n<\/strong><\/span><\/li>\n<li style=\"text-align: left\"><span style=\"font-size: 12pt\"><a href=\"https:\/\/faed.ufms.br\/secretaria-academica\/\"><strong>Secretaria Acad\u00eamica: An\u00e1lise e libera\u00e7\u00e3o<\/strong><\/a><br \/>\n<\/span><\/li>\n<\/ul>\n<p>&nbsp;<\/p>\n<hr \/>\n<p><a href=\"https:\/\/sei.ufms.br\/sei\/modulos\/pesquisa\/md_pesq_processo_pesquisar.php?acao_externa=protocolo_pesquisar&amp;acao_origem_externa=protocolo_pesquisar&amp;id_orgao_acesso_externo=0\"><img decoding=\"async\" class=\"aligncenter size-full wp-image-11275\" src=\"https:\/\/faed.ufms.br\/files\/2025\/03\/pesquisa-sei.png\" alt=\"\" width=\"694\" height=\"215\" srcset=\"https:\/\/faed.ufms.br\/files\/2025\/03\/pesquisa-sei.png 694w, https:\/\/faed.ufms.br\/files\/2025\/03\/pesquisa-sei-300x93.png 300w\" sizes=\"(max-width: 694px) 100vw, 694px\" \/><\/a><\/p>\n<hr \/>\n<p><span style=\"font-size: 8pt\">Fonte: <a href=\"https:\/\/digital.ufms.br\/perguntas-frequentes\/\">https:\/\/digital.ufms.br\/perguntas-frequentes\/<\/a><\/span><\/p>\n<hr \/>\n<p style=\"text-align: center\"><span style=\"font-size: 8pt\"><em><span style=\"font-size: 12px;background-color: #e5edff\">P\u00e1gina atualizada em: 21\/03\/2025<\/span><\/em><\/span><\/p>\n","protected":false},"excerpt":{"rendered":"<p>O Sistema Eletr\u00f4nico de Informa\u00e7\u00f5es (SEI), \u00e9 um sistema de gest\u00e3o de processos e documentos arquiv\u00edsticos eletr\u00f4nicos. Uma das suas principais caracter\u00edsticas \u00e9 a liberta\u00e7\u00e3o do papel como suporte f\u00edsico para documentos institucionais e o compartilhamento do conhecimento com atualiza\u00e7\u00e3o e comunica\u00e7\u00e3o de novos eventos em tempo real. &nbsp; Cadastro de assinatura O cadastro de&#8230;<\/p>\n","protected":false},"author":47,"featured_media":0,"parent":7171,"menu_order":0,"comment_status":"closed","ping_status":"closed","template":"page-templates\/page-coordenadorias.php","meta":{"_acf_changed":false,"_eb_attr":"","_price":"","_stock":"","_tribe_ticket_header":"","_tribe_default_ticket_provider":"","_tribe_ticket_capacity":"0","_ticket_start_date":"","_ticket_end_date":"","_tribe_ticket_show_description":"","_tribe_ticket_show_not_going":false,"_tribe_ticket_use_global_stock":"","_tribe_ticket_global_stock_level":"","_global_stock_mode":"","_global_stock_cap":"","_tribe_rsvp_for_event":"","_tribe_ticket_going_count":"","_tribe_ticket_not_going_count":"","_tribe_tickets_list":"[]","_tribe_ticket_has_attendee_info_fields":false,"footnotes":"","_tec_slr_enabled":"","_tec_slr_layout":""},"coauthors":[109],"class_list":["post-11260","page","type-page","status-publish","hentry"],"acf":[],"aioseo_notices":[],"ticketed":false,"_links":{"self":[{"href":"https:\/\/faed.ufms.br\/en\/wp-json\/wp\/v2\/pages\/11260","targetHints":{"allow":["GET"]}}],"collection":[{"href":"https:\/\/faed.ufms.br\/en\/wp-json\/wp\/v2\/pages"}],"about":[{"href":"https:\/\/faed.ufms.br\/en\/wp-json\/wp\/v2\/types\/page"}],"author":[{"embeddable":true,"href":"https:\/\/faed.ufms.br\/en\/wp-json\/wp\/v2\/users\/47"}],"replies":[{"embeddable":true,"href":"https:\/\/faed.ufms.br\/en\/wp-json\/wp\/v2\/comments?post=11260"}],"version-history":[{"count":12,"href":"https:\/\/faed.ufms.br\/en\/wp-json\/wp\/v2\/pages\/11260\/revisions"}],"predecessor-version":[{"id":11475,"href":"https:\/\/faed.ufms.br\/en\/wp-json\/wp\/v2\/pages\/11260\/revisions\/11475"}],"up":[{"embeddable":true,"href":"https:\/\/faed.ufms.br\/en\/wp-json\/wp\/v2\/pages\/7171"}],"wp:attachment":[{"href":"https:\/\/faed.ufms.br\/en\/wp-json\/wp\/v2\/media?parent=11260"}],"wp:term":[{"taxonomy":"author","embeddable":true,"href":"https:\/\/faed.ufms.br\/en\/wp-json\/wp\/v2\/coauthors?post=11260"}],"curies":[{"name":"wp","href":"https:\/\/api.w.org\/{rel}","templated":true}]}}