{"id":11324,"date":"2025-04-07T15:59:28","date_gmt":"2025-04-07T19:59:28","guid":{"rendered":"https:\/\/faed.ufms.br\/?page_id=11324"},"modified":"2025-04-29T22:41:47","modified_gmt":"2025-04-30T02:41:47","slug":"google-wfe","status":"publish","type":"page","link":"https:\/\/faed.ufms.br\/en\/estudante\/google-wfe\/","title":{"rendered":"Google Workspace for Education"},"content":{"rendered":"<p><span style=\"font-size: 14pt\"><strong>Regras para utiliza\u00e7\u00e3o acad\u00eamica e administrativa<\/strong><\/span><\/p>\n<p><em>O uso do Google Workspace for Education ser\u00e1 realizado por meio do <a href=\"https:\/\/passaporte.ufms.br\/#\/\">Passaporte UFMS<\/a>.<\/em><\/p>\n<p>Para maior seguran\u00e7a pessoal e institucional, o usu\u00e1rio dever\u00e1 habilitar a <a href=\"https:\/\/agetic.ufms.br\/files\/2025\/03\/Tutorial-Autenticacao-de-Dois-Fatores-Gmail.pdf\">autentica\u00e7\u00e3o de dois fatores<\/a>, sob pena de suspens\u00e3o de uso do servi\u00e7o.<\/p>\n<p>&nbsp;<\/p>\n<p style=\"text-align: center\"><img fetchpriority=\"high\" decoding=\"async\" class=\"aligncenter size-full wp-image-11330\" src=\"https:\/\/faed.ufms.br\/files\/2025\/04\/gwfe-google.png\" alt=\"\" width=\"921\" height=\"490\" srcset=\"https:\/\/faed.ufms.br\/files\/2025\/04\/gwfe-google.png 921w, https:\/\/faed.ufms.br\/files\/2025\/04\/gwfe-google-300x160.png 300w, https:\/\/faed.ufms.br\/files\/2025\/04\/gwfe-google-768x409.png 768w, https:\/\/faed.ufms.br\/files\/2025\/04\/gwfe-google-601x320.png 601w\" sizes=\"(max-width: 921px) 100vw, 921px\" \/><\/p>\n<p>&nbsp;<\/p>\n<p style=\"text-align: center\">As contas do Google Workspace for Education na UFMS s\u00e3o <strong>destinadas exclusivamente para atividades de ensino, pesquisa, extens\u00e3o e gest\u00e3o acad\u00eamica.<\/strong><\/p>\n<p>&nbsp;<\/p>\n<table style=\"width: 100%;border-collapse: collapse;background-color: #c0d9d9\">\n<tbody>\n<tr>\n<td style=\"width: 1377px;text-align: center\">&nbsp;<\/p>\n<p><span style=\"font-size: 14pt\"><b>ESPA\u00c7O DE ARMAZENAMENTO<\/b><\/span><\/p>\n<ul>\n<li style=\"text-align: left\">O <strong>Estudante tem direito \u00e0 dez gigabytes (10 GB) <\/strong>de cota de armazenamento total.<\/li>\n<li style=\"text-align: left\"><em><span class=\"elementor-icon-list-text\"><strong>Servidores<\/strong> efetivos ativos: 100 GB;\u00a0<\/span><span class=\"elementor-icon-list-text\"><strong>Unidades<\/strong> administrativas: 500 GB; <\/span><span class=\"elementor-icon-list-text\">Servidores aposentados: 5 GB; <\/span><span class=\"elementor-icon-list-text\">Outros: 5 GB.<\/span><\/em><\/li>\n<li style=\"text-align: left\">A conta de usu\u00e1rio que n\u00e3o tiver sido acessada por noventa dias ininterruptos ser\u00e1 automaticamente bloqueada.<\/li>\n<li style=\"text-align: left\">O usu\u00e1rio dever\u00e1 realizar a <strong>c\u00f3pia dos dados<\/strong> e informa\u00e7\u00f5es pertinentes de sua conta institucional antes do t\u00e9rmino do seu v\u00ednculo com a UFMS; sendo que <strong>os dados ser\u00e3o apagados ap\u00f3s sessenta dias do t\u00e9rmino do v\u00ednculo<\/strong> com a UFMS.<\/li>\n<\/ul>\n<p style=\"text-align: left\">\n<\/td>\n<\/tr>\n<\/tbody>\n<\/table>\n<p>&nbsp;<\/p>\n<p><strong>SEGURAN\u00c7A<\/strong><\/p>\n<p>Em caso de <strong>qualquer ocorr\u00eancia<\/strong> que comprometa a seguran\u00e7a ou a disponibilidade do servi\u00e7o, o usu\u00e1rio dever\u00e1 reportar \u00e0 Equipe de Preven\u00e7\u00e3o, Tratamento e Resposta a Incidentes em Redes de Computadores \u2013 ETIR , por meio de e-mail para etir@ufms.br. A Ag\u00eancia de Tecnologia da Informa\u00e7\u00e3o e Comunica\u00e7\u00e3o &#8211; Agetic \u00e9 respons\u00e1vel por gerenciar e monitorar todos os servi\u00e7os.<\/p>\n<p>&nbsp;<\/p>\n<p style=\"text-align: center\"><span style=\"font-size: 14pt\">\u00c9 proibido a qualquer usu\u00e1rio o acesso \u00e0 conta institucional pertencente a outra pessoa.<\/span><\/p>\n<p>&nbsp;<\/p>\n<p><img decoding=\"async\" class=\"aligncenter size-full wp-image-11325\" src=\"https:\/\/faed.ufms.br\/files\/2025\/04\/gwfe.png\" alt=\"\" width=\"1248\" height=\"97\" srcset=\"https:\/\/faed.ufms.br\/files\/2025\/04\/gwfe.png 1248w, https:\/\/faed.ufms.br\/files\/2025\/04\/gwfe-300x23.png 300w, https:\/\/faed.ufms.br\/files\/2025\/04\/gwfe-1024x80.png 1024w, https:\/\/faed.ufms.br\/files\/2025\/04\/gwfe-768x60.png 768w, https:\/\/faed.ufms.br\/files\/2025\/04\/gwfe-730x57.png 730w\" sizes=\"(max-width: 1248px) 100vw, 1248px\" \/><\/p>\n<hr \/>\n<p><span style=\"font-size: 10pt\"><strong>Fonte: <\/strong><\/span><br \/>\n<a href=\"https:\/\/agetic.ufms.br\/novas-diretrizes-para-uso-do-e-mail-institucional-e-disponibilizacao-de-manual-de-autenticacao\/\"><span style=\"font-size: 10pt\">Novas diretrizes para uso do e-mail institucional e disponibiliza\u00e7\u00e3o de manual de autentica\u00e7\u00e3o<\/span><\/a><br \/>\n<span style=\"font-size: 10pt\"><a href=\"https:\/\/boletimoficial.ufms.br\/bse\/publicacao?id=545889\">INSTRU\u00c7\u00c3O NORMATIVA N\u00ba 12-AGETIC\/RTR\/UFMS, DE 13 DE JANEIRO DE 2025.<\/a>\u00a0<\/span><br \/>\n<a href=\"https:\/\/agetic.ufms.br\/instrucao-normativa-google-workspace-for-education\/\"><span style=\"font-size: 10pt\">Instru\u00e7\u00e3o Normativa: Google Workspace for Education\u00a0<\/span><\/a><\/p>\n<p>&nbsp;<\/p>\n<hr \/>\n<p style=\"text-align: center\"><span style=\"font-size: 8pt\"><em><span style=\"font-size: 12px;background-color: #e5edff\">P\u00e1gina atualizada em: 7\/04\/2025<\/span><\/em><\/span><\/p>\n<p>&nbsp;<\/p>\n","protected":false},"excerpt":{"rendered":"<p>Regras para utiliza\u00e7\u00e3o acad\u00eamica e administrativa O uso do Google Workspace for Education ser\u00e1 realizado por meio do Passaporte UFMS. Para maior seguran\u00e7a pessoal e institucional, o usu\u00e1rio dever\u00e1 habilitar a autentica\u00e7\u00e3o de dois fatores, sob pena de suspens\u00e3o de uso do servi\u00e7o. &nbsp; &nbsp; As contas do Google Workspace for Education na UFMS s\u00e3o&#8230;<\/p>\n","protected":false},"author":47,"featured_media":0,"parent":7171,"menu_order":0,"comment_status":"closed","ping_status":"closed","template":"page-templates\/page-coordenadorias.php","meta":{"_acf_changed":false,"_eb_attr":"","_price":"","_stock":"","_tribe_ticket_header":"","_tribe_default_ticket_provider":"","_tribe_ticket_capacity":"0","_ticket_start_date":"","_ticket_end_date":"","_tribe_ticket_show_description":"","_tribe_ticket_show_not_going":false,"_tribe_ticket_use_global_stock":"","_tribe_ticket_global_stock_level":"","_global_stock_mode":"","_global_stock_cap":"","_tribe_rsvp_for_event":"","_tribe_ticket_going_count":"","_tribe_ticket_not_going_count":"","_tribe_tickets_list":"[]","_tribe_ticket_has_attendee_info_fields":false,"footnotes":"","_tec_slr_enabled":"","_tec_slr_layout":""},"coauthors":[109],"class_list":["post-11324","page","type-page","status-publish","hentry"],"acf":[],"aioseo_notices":[],"ticketed":false,"_links":{"self":[{"href":"https:\/\/faed.ufms.br\/en\/wp-json\/wp\/v2\/pages\/11324","targetHints":{"allow":["GET"]}}],"collection":[{"href":"https:\/\/faed.ufms.br\/en\/wp-json\/wp\/v2\/pages"}],"about":[{"href":"https:\/\/faed.ufms.br\/en\/wp-json\/wp\/v2\/types\/page"}],"author":[{"embeddable":true,"href":"https:\/\/faed.ufms.br\/en\/wp-json\/wp\/v2\/users\/47"}],"replies":[{"embeddable":true,"href":"https:\/\/faed.ufms.br\/en\/wp-json\/wp\/v2\/comments?post=11324"}],"version-history":[{"count":8,"href":"https:\/\/faed.ufms.br\/en\/wp-json\/wp\/v2\/pages\/11324\/revisions"}],"predecessor-version":[{"id":11483,"href":"https:\/\/faed.ufms.br\/en\/wp-json\/wp\/v2\/pages\/11324\/revisions\/11483"}],"up":[{"embeddable":true,"href":"https:\/\/faed.ufms.br\/en\/wp-json\/wp\/v2\/pages\/7171"}],"wp:attachment":[{"href":"https:\/\/faed.ufms.br\/en\/wp-json\/wp\/v2\/media?parent=11324"}],"wp:term":[{"taxonomy":"author","embeddable":true,"href":"https:\/\/faed.ufms.br\/en\/wp-json\/wp\/v2\/coauthors?post=11324"}],"curies":[{"name":"wp","href":"https:\/\/api.w.org\/{rel}","templated":true}]}}