{"id":11467,"date":"2025-05-05T22:09:38","date_gmt":"2025-05-06T02:09:38","guid":{"rendered":"https:\/\/faed.ufms.br\/?page_id=11467"},"modified":"2025-05-17T15:54:36","modified_gmt":"2025-05-17T19:54:36","slug":"app","status":"publish","type":"page","link":"https:\/\/faed.ufms.br\/en\/app\/","title":{"rendered":"FaApp"},"content":{"rendered":"<p><span style=\"font-family: 'trebuchet ms', geneva, sans-serif;font-size: 18px\"><span style=\"background-color: #e5edff\"><img fetchpriority=\"high\" decoding=\"async\" class=\"aligncenter wp-image-11685 size-full\" src=\"https:\/\/faed.ufms.br\/files\/2025\/05\/faed-app-ufms10-1.jpg\" alt=\"\" width=\"1134\" height=\"189\" srcset=\"https:\/\/faed.ufms.br\/files\/2025\/05\/faed-app-ufms10-1.jpg 1134w, https:\/\/faed.ufms.br\/files\/2025\/05\/faed-app-ufms10-1-300x50.jpg 300w, https:\/\/faed.ufms.br\/files\/2025\/05\/faed-app-ufms10-1-1024x171.jpg 1024w, https:\/\/faed.ufms.br\/files\/2025\/05\/faed-app-ufms10-1-768x128.jpg 768w, https:\/\/faed.ufms.br\/files\/2025\/05\/faed-app-ufms10-1-730x122.jpg 730w\" sizes=\"(max-width: 1134px) 100vw, 1134px\" \/><\/span><\/span><\/p>\n<p>&nbsp;<\/p>\n<p style=\"text-align: center\"><span style=\"font-size: 21px\"><a href=\"https:\/\/faed.ufms.br\/app\/cursos\"><span style=\"font-family: 'trebuchet ms', geneva, sans-serif\"><span style=\"background-color: #e5edff\">CURSOS<\/span><\/span><\/a><\/span><\/p>\n<p style=\"text-align: center\"><span style=\"font-size: 21px\"><a href=\"https:\/\/faed.ufms.br\/app\/estudantes\/\"><span style=\"font-family: 'trebuchet ms', geneva, sans-serif\"><span style=\"background-color: #e5edff\">ESTUDANTES<\/span><\/span><\/a><\/span><\/p>\n<p style=\"text-align: center\"><span style=\"font-size: 18px\"><a href=\"https:\/\/faed.ufms.br\/app\/docentes\/\"><span style=\"font-family: 'trebuchet ms', geneva, sans-serif\"><span style=\"background-color: #e5edff\">T\u00c9CNICOS\/DOCENTES<\/span><\/span><\/a><\/span><\/p>\n<p style=\"text-align: center\"><span style=\"font-family: 'trebuchet ms', geneva, sans-serif;font-size: 18px\"><span style=\"background-color: #e5edff\"><a href=\"https:\/\/faed.ufms.br\/app\/noticias\/\">NOT\u00cdCIAS<\/a><\/span><\/span><\/p>\n<p style=\"text-align: center\"><span style=\"font-size: 18px\"><a href=\"https:\/\/faed.ufms.br\/app\/editais\/\"><span style=\"font-family: 'trebuchet ms', geneva, sans-serif\"><span style=\"background-color: #e5edff\">EDITAIS<\/span><\/span><\/a><\/span><\/p>\n<p style=\"text-align: center\"><span style=\"font-size: 16px\"><a href=\"https:\/\/faed.ufms.br\/app\/institucional\/\"><span style=\"font-family: 'trebuchet ms', geneva, sans-serif\"><span style=\"background-color: #e5edff\">INSTITUCIONAL<\/span><\/span><\/a><\/span><\/p>\n<p style=\"text-align: center\"><a href=\"https:\/\/faed.ufms.br\/app\/unidades\/\"><span style=\"font-family: 'trebuchet ms', geneva, sans-serif;font-size: 16px\"><span style=\"background-color: #e5edff\">UNIDADES FAED<\/span><\/span><\/a><\/p>\n<p style=\"text-align: center\"><a href=\"https:\/\/faed.ufms.br\/app\/direcao\/\"><span style=\"font-family: 'trebuchet ms', geneva, sans-serif;font-size: 16px\"><span style=\"background-color: #e5edff\">DIRE\u00c7\u00c3O\/GABINETE<\/span><\/span><\/a><\/p>\n<p style=\"text-align: center\"><a href=\"https:\/\/faed.ufms.br\/app\/conselho\/\"><span style=\"font-family: 'trebuchet ms', geneva, sans-serif;font-size: 16px\"><span style=\"background-color: #e5edff\">CONSELHO\/COLEGIADOS<\/span><\/span><\/a><\/p>\n<p style=\"text-align: center\"><span style=\"font-size: 16px\"><a href=\"https:\/\/faed.ufms.br\/app\/comissoes\/\"><span style=\"font-family: 'trebuchet ms', geneva, sans-serif\"><span style=\"background-color: #e5edff\">COMISS\u00d5ES<\/span><\/span><\/a><\/span><\/p>\n<p style=\"text-align: center\"><span style=\"font-size: 16px\"><a href=\"https:\/\/faed.ufms.br\/app\/atendimento\/\"><span style=\"font-family: 'trebuchet ms', geneva, sans-serif\"><span style=\"background-color: #e5edff\">ATENDIMENTO\/CONTATOS<\/span><\/span><\/a><\/span><\/p>\n<p style=\"text-align: center\"><span style=\"font-size: 16px\"><a href=\"https:\/\/faed.ufms.br\/app\/projetos\/\"><span style=\"font-family: 'trebuchet ms', geneva, sans-serif\"><span style=\"background-color: #e5edff\">PROJETOS<\/span><\/span><\/a><\/span> <span style=\"color: #333399\">|<\/span> <a href=\"https:\/\/faed.ufms.br\/app\/semana\/\"><span style=\"font-size: 16px\"><span style=\"font-family: 'trebuchet ms', geneva, sans-serif\"><span style=\"background-color: #e5edff\">SEMANA FAED<\/span><\/span><\/span><\/a><\/p>\n<p style=\"text-align: center\"><span style=\"font-size: 16px\"><a href=\"https:\/\/faed.ufms.br\/app\/laboratorios\/\"><span style=\"font-family: 'trebuchet ms', geneva, sans-serif\"><span style=\"background-color: #e5edff\">LABORAT\u00d3RIOS<\/span><\/span><\/a><\/span> <span style=\"color: #333399\">|\u00a0<\/span><span style=\"font-family: 'trebuchet ms', geneva, sans-serif;font-size: 16px\"><a href=\"https:\/\/faed.ufms.br\/app\/brinquedoteca\"><span style=\"font-family: trebuchet ms, geneva, sans-serif\"><span style=\"background-color: #e5edff\">BRINQUEDOTECA<\/span><\/span><\/a><\/span><\/p>\n<hr \/>\n<table style=\"width: 100%;height: 10px\" border=\"0\" width=\"100%\" cellspacing=\"0\" cellpadding=\"0\">\n<colgroup>\n<col width=\"20%\" \/> <\/colgroup>\n<colgroup>\n<col width=\"20%\" \/><\/colgroup>\n<colgroup>\n<col width=\"20%\" \/><\/colgroup>\n<tbody>\n<tr style=\"height: 30px\">\n<td class=\"xl67\" style=\"width: 20%;height: 30px;text-align: center\" width=\"114\"><a href=\"https:\/\/faed.ufms.br\/app\/pgd\/\"><img decoding=\"async\" class=\"aligncenter wp-image-11785\" src=\"https:\/\/faed.ufms.br\/files\/2025\/05\/pgd.png\" alt=\"\" width=\"46\" height=\"60\" \/><\/a><\/td>\n<td class=\"xl67\" style=\"width: 20%;height: 10px;text-align: center\" width=\"114\"><a href=\"https:\/\/faed.ufms.br\/app\/calendario\/\"><img decoding=\"async\" class=\"aligncenter wp-image-11781\" src=\"https:\/\/faed.ufms.br\/files\/2025\/05\/calendar.png\" alt=\"\" width=\"47\" height=\"60\" \/><\/a><\/td>\n<td class=\"xl67\" style=\"width: 20%;height: 10px;text-align: center\" width=\"114\"><a href=\"https:\/\/faed.ufms.br\/app\/\"><img loading=\"lazy\" decoding=\"async\" class=\"aligncenter wp-image-12249\" src=\"https:\/\/faed.ufms.br\/files\/2025\/05\/home__blue2.png\" alt=\"\" width=\"57\" height=\"84\" \/><\/a><\/td>\n<td class=\"xl67\" style=\"width: 20%;height: 10px;text-align: center\" width=\"114\"><a href=\"https:\/\/faed.ufms.br\/app\/localizacao\/\"><img loading=\"lazy\" decoding=\"async\" class=\"aligncenter wp-image-11784\" src=\"https:\/\/faed.ufms.br\/files\/2025\/05\/loc.png\" alt=\"\" width=\"46\" height=\"60\" \/><\/a><\/td>\n<td class=\"xl67\" style=\"width: 20%;height: 10px;text-align: center\" width=\"114\"><a href=\"https:\/\/faed.ufms.br\/app\/faapp\/\"><img loading=\"lazy\" decoding=\"async\" class=\"aligncenter wp-image-11782\" src=\"https:\/\/faed.ufms.br\/files\/2025\/05\/faepp.png\" alt=\"\" width=\"45\" height=\"60\" \/><\/a><\/td>\n<\/tr>\n<\/tbody>\n<\/table>\n<p style=\"text-align: center\"><img loading=\"lazy\" decoding=\"async\" class=\"aligncenter size-full wp-image-11795\" src=\"https:\/\/faed.ufms.br\/files\/2025\/05\/base.jpg\" alt=\"\" width=\"1293\" height=\"32\" srcset=\"https:\/\/faed.ufms.br\/files\/2025\/05\/base.jpg 1293w, https:\/\/faed.ufms.br\/files\/2025\/05\/base-300x7.jpg 300w, https:\/\/faed.ufms.br\/files\/2025\/05\/base-1024x25.jpg 1024w, https:\/\/faed.ufms.br\/files\/2025\/05\/base-768x19.jpg 768w, https:\/\/faed.ufms.br\/files\/2025\/05\/base-730x18.jpg 730w\" sizes=\"(max-width: 1293px) 100vw, 1293px\" \/><\/p>\n","protected":false},"excerpt":{"rendered":"<p>&nbsp; CURSOS ESTUDANTES T\u00c9CNICOS\/DOCENTES NOT\u00cdCIAS EDITAIS INSTITUCIONAL UNIDADES FAED DIRE\u00c7\u00c3O\/GABINETE CONSELHO\/COLEGIADOS COMISS\u00d5ES ATENDIMENTO\/CONTATOS PROJETOS | SEMANA FAED LABORAT\u00d3RIOS |\u00a0BRINQUEDOTECA<\/p>\n","protected":false},"author":47,"featured_media":0,"parent":0,"menu_order":0,"comment_status":"closed","ping_status":"closed","template":"elementor_canvas","meta":{"_acf_changed":false,"_eb_attr":"","_price":"","_stock":"","_tribe_ticket_header":"","_tribe_default_ticket_provider":"","_tribe_ticket_capacity":"0","_ticket_start_date":"","_ticket_end_date":"","_tribe_ticket_show_description":"","_tribe_ticket_show_not_going":false,"_tribe_ticket_use_global_stock":"","_tribe_ticket_global_stock_level":"","_global_stock_mode":"","_global_stock_cap":"","_tribe_rsvp_for_event":"","_tribe_ticket_going_count":"","_tribe_ticket_not_going_count":"","_tribe_tickets_list":"[]","_tribe_ticket_has_attendee_info_fields":false,"footnotes":"","_tec_slr_enabled":"","_tec_slr_layout":""},"coauthors":[109],"class_list":["post-11467","page","type-page","status-publish","hentry"],"acf":[],"aioseo_notices":[],"ticketed":false,"_links":{"self":[{"href":"https:\/\/faed.ufms.br\/en\/wp-json\/wp\/v2\/pages\/11467","targetHints":{"allow":["GET"]}}],"collection":[{"href":"https:\/\/faed.ufms.br\/en\/wp-json\/wp\/v2\/pages"}],"about":[{"href":"https:\/\/faed.ufms.br\/en\/wp-json\/wp\/v2\/types\/page"}],"author":[{"embeddable":true,"href":"https:\/\/faed.ufms.br\/en\/wp-json\/wp\/v2\/users\/47"}],"replies":[{"embeddable":true,"href":"https:\/\/faed.ufms.br\/en\/wp-json\/wp\/v2\/comments?post=11467"}],"version-history":[{"count":99,"href":"https:\/\/faed.ufms.br\/en\/wp-json\/wp\/v2\/pages\/11467\/revisions"}],"predecessor-version":[{"id":12250,"href":"https:\/\/faed.ufms.br\/en\/wp-json\/wp\/v2\/pages\/11467\/revisions\/12250"}],"wp:attachment":[{"href":"https:\/\/faed.ufms.br\/en\/wp-json\/wp\/v2\/media?parent=11467"}],"wp:term":[{"taxonomy":"author","embeddable":true,"href":"https:\/\/faed.ufms.br\/en\/wp-json\/wp\/v2\/coauthors?post=11467"}],"curies":[{"name":"wp","href":"https:\/\/api.w.org\/{rel}","templated":true}]}}