{"id":11555,"date":"2025-05-04T23:53:20","date_gmt":"2025-05-05T03:53:20","guid":{"rendered":"https:\/\/faed.ufms.br\/?page_id=11555"},"modified":"2025-12-10T13:47:00","modified_gmt":"2025-12-10T17:47:00","slug":"tecnicos","status":"publish","type":"page","link":"https:\/\/faed.ufms.br\/en\/contato\/tecnicos\/","title":{"rendered":"Corpo T\u00e9cnico-administrativo"},"content":{"rendered":"<p>Nesta lista s\u00e3o apresentados os <strong>T\u00e9cnico-administrativos em Educa\u00e7\u00e3o<\/strong> <strong>(TAEs)<\/strong> do quadro UFMS lotados na Unidade Faed, conforme dados internos.<\/p>\n<table style=\"width: 100%;height: 480px\" border=\"0\" width=\"100%\" cellspacing=\"0\" cellpadding=\"0\">\n<colgroup>\n<col width=\"50%\" \/> <\/colgroup>\n<colgroup>\n<col width=\"30%\" \/><\/colgroup>\n<colgroup>\n<col width=\"20%\" \/><\/colgroup>\n<tbody>\n<tr style=\"height: 30px\">\n<td class=\"xl65\" style=\"width: 49.9529%;height: 30px\" width=\"258\" height=\"30\"><strong><span style=\"font-size: 10pt\">\u00c1lvaro Luis Paes Sobrinho<\/span><\/strong><\/td>\n<td style=\"width: 29.9717%;height: 30px\" width=\"233\"><span style=\"font-size: 8pt\">alvaro.sobrinho@ufms.br<\/span><\/td>\n<td class=\"xl67\" style=\"width: 19.9811%;height: 30px\" width=\"114\"><a href=\"https:\/\/faed.ufms.br\/secretaria-academica\/\"><em><span style=\"font-size: 8pt\">UAP Acad\u00eamico<\/span><\/em><\/a><\/td>\n<\/tr>\n<tr style=\"height: 30px\">\n<td class=\"xl65\" style=\"width: 49.9529%;height: 30px\" width=\"258\" height=\"30\"><strong><span style=\"font-size: 10pt\">Arilson Barbosa<\/span><\/strong><\/td>\n<td style=\"width: 29.9717%;height: 30px\"><span style=\"font-size: 8pt\">Arilson.barbosa@ufms.br<\/span><\/td>\n<td class=\"xl67\" style=\"width: 19.9811%;height: 30px\"><a href=\"https:\/\/faed.ufms.br\/educacao-fisica-lic\/\"><em><span style=\"font-size: 8pt\">Ed. F\u00edsica<\/span><\/em><\/a><\/td>\n<\/tr>\n<tr style=\"height: 30px\">\n<td class=\"xl65\" style=\"width: 49.9529%;height: 30px\" width=\"258\" height=\"30\"><strong><span style=\"font-size: 10pt\">Claudio Gabriel da Silva da Concei\u00e7\u00e3o<\/span><\/strong><\/td>\n<td style=\"width: 29.9717%;height: 30px\"><span style=\"font-size: 8pt\">claudio.gabriel@ufms.br<\/span><\/td>\n<td class=\"xl67\" style=\"width: 19.9811%;height: 30px\"><a href=\"https:\/\/ppgedu.ufms.br\/\"><em><span style=\"font-size: 8pt\">PPGEdu<\/span><\/em><\/a><\/td>\n<\/tr>\n<tr style=\"height: 30px\">\n<td class=\"xl65\" style=\"width: 49.9529%;height: 30px\" width=\"258\" height=\"30\"><strong><span style=\"font-size: 10pt\">Edvair Alves Ferreira<\/span><\/strong><\/td>\n<td style=\"width: 29.9717%;height: 30px\"><span style=\"font-size: 8pt\">edvair.alves@ufms.br<\/span><\/td>\n<td class=\"xl67\" style=\"width: 19.9811%;height: 30px\"><a href=\"https:\/\/faed.ufms.br\/coad\/\"><em><span style=\"font-size: 8pt\">COAD<\/span><\/em><\/a><\/td>\n<\/tr>\n<tr style=\"height: 30px\">\n<td class=\"xl66\" style=\"width: 49.9529%;height: 30px\" width=\"258\" height=\"30\"><strong><span style=\"font-size: 10pt\">Evelyn Fuzeta Alves Rubert<\/span><\/strong><\/td>\n<td style=\"width: 29.9717%;height: 30px\"><span style=\"font-size: 8pt\">evelyn.fuzeta@ufms.br<\/span><\/td>\n<td class=\"xl67\" style=\"width: 19.9811%;height: 30px\"><a href=\"https:\/\/faed.ufms.br\/coac\/\"><em><span style=\"font-size: 8pt\">COAC<\/span><\/em><\/a><\/td>\n<\/tr>\n<tr style=\"height: 30px\">\n<td class=\"xl65\" style=\"width: 49.9529%;height: 30px\" width=\"258\" height=\"30\"><strong><span style=\"font-size: 10pt\">Guilherme Souza Castro<\/span><\/strong><\/td>\n<td style=\"width: 29.9717%;height: 30px\"><span style=\"font-size: 8pt\">guilherme.castro@ufms.br<\/span><\/td>\n<td class=\"xl67\" style=\"width: 19.9811%;height: 30px\"><a href=\"https:\/\/faed.ufms.br\/secretaria-pedagogica\/\"><em><span style=\"font-size: 8pt\">UAP Pedag\u00f3gico<\/span><\/em><\/a><\/td>\n<\/tr>\n<tr style=\"height: 30px\">\n<td class=\"xl65\" style=\"width: 49.9529%;height: 30px\" width=\"258\" height=\"30\"><strong><span style=\"font-size: 10pt\">Handerson Alvares da Silva<\/span><\/strong><\/td>\n<td style=\"width: 29.9717%;height: 30px\"><span style=\"font-size: 8pt\">handerson.alvares@ufms.br<\/span><\/td>\n<td class=\"xl67\" style=\"width: 19.9811%;height: 30px\"><a href=\"https:\/\/faed.ufms.br\/educacao-fisica-lic\/\"><em><span style=\"font-size: 8pt\">Ed. F\u00edsica<\/span><\/em><\/a><\/td>\n<\/tr>\n<tr style=\"height: 30px\">\n<td class=\"xl65\" style=\"width: 49.9529%;height: 30px\" width=\"258\" height=\"30\"><strong><span style=\"font-size: 10pt\">Janine Lira Dornelles<\/span><\/strong><\/td>\n<td style=\"width: 29.9717%;height: 30px\"><span style=\"font-size: 8pt\">janine.dornelles@ufms.br<\/span><\/td>\n<td class=\"xl67\" style=\"width: 19.9811%;height: 30px\"><a href=\"https:\/\/faed.ufms.br\/secretaria-pedagogica\/\"><em><span style=\"font-size: 8pt\">UAP Pedag\u00f3gico<\/span><\/em><\/a><\/td>\n<\/tr>\n<tr style=\"height: 30px\">\n<td class=\"xl66\" style=\"width: 49.9529%;height: 30px\" width=\"258\" height=\"30\"><strong><span style=\"font-size: 10pt\">Renato Azambuja Fonseca<\/span><\/strong><\/td>\n<td style=\"width: 29.9717%;height: 30px\"><span style=\"font-size: 8pt\">renato.fonseca@ufms.br<\/span><\/td>\n<td class=\"xl67\" style=\"width: 19.9811%;height: 30px\"><a href=\"https:\/\/faed.ufms.br\/coad\/\"><em><span style=\"font-size: 8pt\">COAD<\/span><\/em><\/a><\/td>\n<\/tr>\n<tr style=\"height: 30px\">\n<td class=\"xl66\" style=\"width: 49.9529%;height: 30px\" width=\"258\" height=\"30\"><strong><span style=\"font-size: 10pt\">Rosana Monteiro dos Santos<\/span><\/strong><\/td>\n<td style=\"width: 29.9717%;height: 30px\"><span style=\"font-size: 8pt\">rosana.monteiro@ufms.br<\/span><\/td>\n<td class=\"xl67\" style=\"width: 19.9811%;height: 30px\"><a href=\"https:\/\/faed.ufms.br\/direcao\/\"><em><span style=\"font-size: 8pt\">Dire\u00e7\u00e3o<\/span><\/em><\/a><\/td>\n<\/tr>\n<tr style=\"height: 30px\">\n<td class=\"xl66\" style=\"width: 49.9529%;height: 30px\" width=\"258\" height=\"30\"><strong><span style=\"font-size: 10pt\">Rosemere da Silva Trajano Gama<\/span><\/strong><\/td>\n<td style=\"width: 29.9717%;height: 30px\"><span style=\"font-size: 8pt\">rosemere.trajano@ufms.br<\/span><\/td>\n<td class=\"xl67\" style=\"width: 19.9811%;height: 30px\"><a href=\"https:\/\/faed.ufms.br\/secretaria-academica\/\"><em><span style=\"font-size: 8pt\">UAP Acad\u00eamico<\/span><\/em><\/a><\/td>\n<\/tr>\n<tr style=\"height: 30px\">\n<td class=\"xl66\" style=\"width: 49.9529%;height: 30px\" width=\"258\" height=\"30\"><strong><span style=\"font-size: 10pt\">Samanta Felisberto Teixeira<\/span><\/strong><\/td>\n<td style=\"width: 29.9717%;height: 30px\"><span style=\"font-size: 8pt\">samanta.teixeira@ufms.br<\/span><\/td>\n<td class=\"xl67\" style=\"width: 19.9811%;height: 30px\"><span style=\"font-size: 8pt;color: #808080\"><em>*Em afastamento<\/em><\/span><\/td>\n<\/tr>\n<tr style=\"height: 30px\">\n<td class=\"xl66\" style=\"width: 49.9529%;height: 30px\" width=\"258\" height=\"30\"><strong><span style=\"font-size: 10pt\">Simone de Fran\u00e7a Greg\u00f3rio<\/span><\/strong><\/td>\n<td style=\"width: 29.9717%;height: 30px\"><span style=\"font-size: 8pt\">simone.gregorio@ufms.br<\/span><\/td>\n<td class=\"xl67\" style=\"width: 19.9811%;height: 30px\"><a href=\"https:\/\/faed.ufms.br\/coac\/\"><em><span style=\"font-size: 8pt\">COAC<\/span><\/em><\/a><\/td>\n<\/tr>\n<tr style=\"height: 30px\">\n<td class=\"xl66\" style=\"width: 49.9529%;height: 30px\" width=\"258\" height=\"30\"><strong><span style=\"font-size: 10pt\">Thais Cardozo de Souza<\/span><\/strong><\/td>\n<td style=\"width: 29.9717%;height: 30px\"><span style=\"font-size: 8pt\">thais.souza@ufms.br<\/span><\/td>\n<td class=\"xl67\" style=\"width: 19.9811%;height: 30px\"><a href=\"https:\/\/faed.ufms.br\/secretaria-pedagogica\/\"><em><span style=\"font-size: 8pt\">UAP Pedag\u00f3gico<\/span><\/em><\/a><\/td>\n<\/tr>\n<tr style=\"height: 30px\">\n<td class=\"xl66\" style=\"width: 49.9529%;height: 30px\" width=\"258\" height=\"30\"><strong><span style=\"font-size: 10pt\">Welington Paulino de Castro<\/span><\/strong><\/td>\n<td style=\"width: 29.9717%;height: 30px\"><span style=\"font-size: 8pt\">weligton.castro@ufms.br<\/span><\/td>\n<td class=\"xl67\" style=\"width: 19.9811%;height: 30px\"><a href=\"https:\/\/faed.ufms.br\/secretaria-academica\/\"><em><span style=\"font-size: 8pt\">UAP Acad\u00eamico<\/span><\/em><\/a><\/td>\n<\/tr>\n<tr style=\"height: 30px\">\n<td class=\"xl66\" style=\"width: 49.9529%;height: 30px\" width=\"258\" height=\"30\"><strong><span style=\"font-size: 10pt\">Willian da Silva Gomes<\/span><\/strong><\/td>\n<td style=\"width: 29.9717%;height: 30px\"><span style=\"font-size: 8pt\">silva.willian@ufms.br<\/span><\/td>\n<td class=\"xl67\" style=\"width: 19.9811%;height: 30px\"><a href=\"https:\/\/ppgedu.ufms.br\/\"><em><span style=\"font-size: 8pt\">PPGEdu<\/span><\/em><\/a><\/td>\n<\/tr>\n<\/tbody>\n<\/table>\n<p>&nbsp;<\/p>\n<table style=\"width: 100%;border-collapse: collapse;background-color: #e5edff\">\n<tbody>\n<tr>\n<td style=\"width: 1377px;text-align: center\">&nbsp;<\/p>\n<p><span style=\"font-size: 14pt\"><strong>Programa de Gest\u00e3o e Desempenho<\/strong><\/span><\/p>\n<p>O Programa de Gest\u00e3o e Desempenho (PGD), utilizado pelo quadro t\u00e9cnico-adminitrativo, \u00e9 instrumento de gest\u00e3o que disciplina o desenvolvimento e a mensura\u00e7\u00e3o das atividades realizadas pelos seus participantes, com foco na entrega por resultados e na qualidade dos servi\u00e7os prestados \u00e0 sociedade.<\/p>\n<p><strong>Acesso:<\/strong> <a href=\"https:\/\/faed.ufms.br\/pgd\/\">https:\/\/faed.ufms.br\/pgd\/<\/a><\/p>\n<p>&nbsp;<\/td>\n<\/tr>\n<\/tbody>\n<\/table>\n<hr \/>\n<p>&nbsp;<\/p>\n<p><strong>Servidor p\u00fablico<\/strong> \u00e9 a pessoa legalmente investida em cargo ou em emprego p\u00fablico na administra\u00e7\u00e3o direta, nas autarquias ou nas funda\u00e7\u00f5es p\u00fablicas. S\u00e3o os servidores p\u00fablicos da UFMS, as pessoas que atuam nos cargos de <em>professores<\/em> e de<em> t\u00e9cnico-administrativos em educa\u00e7\u00e3o (TAEs)<\/em>.<\/p>\n<p><span style=\"font-size: 10pt\"><a href=\"https:\/\/www.planalto.gov.br\/ccivil_03\/leis\/l8027.htm#:~:text=Art.,autarquias%20ou%20nas%20funda%C3%A7%C3%B5es%20p%C3%BAblicas.\">LEI N\u00ba 8.027, DE 12 DE ABRIL DE 1990 (Normas de conduta)<\/a><\/span><br \/>\n<a href=\"https:\/\/www.planalto.gov.br\/ccivil_03\/_ato2011-2014\/2012\/lei\/l12772.htm\"><span style=\"font-size: 10pt\">LEI N\u00ba 12.772, DE 28 DE DEZEMBRO DE 2012 (Carreira docente)<\/span><\/a><br \/>\n<a href=\"https:\/\/www.planalto.gov.br\/ccivil_03\/_ato2004-2006\/2005\/lei\/l11091.htm\"><span style=\"font-size: 10pt\">LEI N\u00ba 11.091, DE 12 DE JANEIRO DE 2005 (Carreira t\u00e9cnico-administrativos)<\/span><\/a><\/p>\n<p>&nbsp;<\/p>\n<hr \/>\n<p style=\"text-align: center\"><em><span style=\"font-size: 12px;background-color: #e5edff\">P\u00e1gina atualizada em: 10\/12\/2025<\/span><\/em><\/p>\n","protected":false},"excerpt":{"rendered":"<p>Nesta lista s\u00e3o apresentados os T\u00e9cnico-administrativos em Educa\u00e7\u00e3o (TAEs) do quadro UFMS lotados na Unidade Faed, conforme dados internos. \u00c1lvaro Luis Paes Sobrinho alvaro.sobrinho@ufms.br UAP Acad\u00eamico Arilson Barbosa Arilson.barbosa@ufms.br Ed. F\u00edsica Claudio Gabriel da Silva da Concei\u00e7\u00e3o claudio.gabriel@ufms.br PPGEdu Edvair Alves Ferreira edvair.alves@ufms.br COAD Evelyn Fuzeta Alves Rubert evelyn.fuzeta@ufms.br COAC Guilherme Souza Castro guilherme.castro@ufms.br UAP&#8230;<\/p>\n","protected":false},"author":47,"featured_media":0,"parent":3773,"menu_order":0,"comment_status":"closed","ping_status":"closed","template":"page-templates\/page-coordenadorias.php","meta":{"_acf_changed":false,"_eb_attr":"","_price":"","_stock":"","_tribe_ticket_header":"","_tribe_default_ticket_provider":"","_tribe_ticket_capacity":"0","_ticket_start_date":"","_ticket_end_date":"","_tribe_ticket_show_description":"","_tribe_ticket_show_not_going":false,"_tribe_ticket_use_global_stock":"","_tribe_ticket_global_stock_level":"","_global_stock_mode":"","_global_stock_cap":"","_tribe_rsvp_for_event":"","_tribe_ticket_going_count":"","_tribe_ticket_not_going_count":"","_tribe_tickets_list":"[]","_tribe_ticket_has_attendee_info_fields":false,"footnotes":"","_tec_slr_enabled":"","_tec_slr_layout":""},"coauthors":[109],"class_list":["post-11555","page","type-page","status-publish","hentry"],"acf":[],"aioseo_notices":[],"ticketed":false,"_links":{"self":[{"href":"https:\/\/faed.ufms.br\/en\/wp-json\/wp\/v2\/pages\/11555","targetHints":{"allow":["GET"]}}],"collection":[{"href":"https:\/\/faed.ufms.br\/en\/wp-json\/wp\/v2\/pages"}],"about":[{"href":"https:\/\/faed.ufms.br\/en\/wp-json\/wp\/v2\/types\/page"}],"author":[{"embeddable":true,"href":"https:\/\/faed.ufms.br\/en\/wp-json\/wp\/v2\/users\/47"}],"replies":[{"embeddable":true,"href":"https:\/\/faed.ufms.br\/en\/wp-json\/wp\/v2\/comments?post=11555"}],"version-history":[{"count":5,"href":"https:\/\/faed.ufms.br\/en\/wp-json\/wp\/v2\/pages\/11555\/revisions"}],"predecessor-version":[{"id":13062,"href":"https:\/\/faed.ufms.br\/en\/wp-json\/wp\/v2\/pages\/11555\/revisions\/13062"}],"up":[{"embeddable":true,"href":"https:\/\/faed.ufms.br\/en\/wp-json\/wp\/v2\/pages\/3773"}],"wp:attachment":[{"href":"https:\/\/faed.ufms.br\/en\/wp-json\/wp\/v2\/media?parent=11555"}],"wp:term":[{"taxonomy":"author","embeddable":true,"href":"https:\/\/faed.ufms.br\/en\/wp-json\/wp\/v2\/coauthors?post=11555"}],"curies":[{"name":"wp","href":"https:\/\/api.w.org\/{rel}","templated":true}]}}