{"id":11603,"date":"2025-05-06T16:28:39","date_gmt":"2025-05-06T20:28:39","guid":{"rendered":"https:\/\/faed.ufms.br\/?page_id=11603"},"modified":"2025-09-21T11:04:41","modified_gmt":"2025-09-21T15:04:41","slug":"laboratorios","status":"publish","type":"page","link":"https:\/\/faed.ufms.br\/en\/app\/laboratorios\/","title":{"rendered":"laboratorios"},"content":{"rendered":"<p style=\"text-align: center\"><span style=\"font-family: 'trebuchet ms', geneva, sans-serif;font-size: 24px\"><a href=\"https:\/\/faed.ufms.br\/app\/\"><img fetchpriority=\"high\" decoding=\"async\" class=\"aligncenter wp-image-11671 size-full\" src=\"https:\/\/faed.ufms.br\/files\/2025\/09\/faed-app-25.jpg\" alt=\"\" width=\"1134\" height=\"189\" \/><\/a><\/span><\/p>\n<p>&nbsp;<\/p>\n<p style=\"text-align: center\"><span style=\"font-family: 'trebuchet ms', geneva, sans-serif;font-size: 21px\"><span style=\"font-family: 'trebuchet ms', geneva, sans-serif;font-size: 12px\"><span style=\"font-family: 'trebuchet ms', geneva, sans-serif\">\u2726 <\/span><\/span>LABORAT\u00d3RIOS <span style=\"font-family: 'trebuchet ms', geneva, sans-serif;font-size: 12px\"><span style=\"font-family: 'trebuchet ms', geneva, sans-serif\">\u2726<\/span><\/span><\/span><\/p>\n<p style=\"text-align: center\"><span style=\"font-size: 14px\"><a href=\"https:\/\/faed.ufms.br\/brinquedoteca\"><span style=\"font-family: trebuchet ms, geneva, sans-serif\"><span style=\"background-color: #e5edff\">BRINQUEDOTECA<\/span><\/span><\/a><\/span><\/p>\n<p style=\"text-align: center\"><span style=\"font-size: 14px\"><a href=\"https:\/\/faed.ufms.br\/laboratorios\/movimento\/\"><span style=\"font-family: trebuchet ms, geneva, sans-serif\"><span style=\"background-color: #e5edff\">AVALIA\u00c7\u00c3O E INTERVEN\u00c7\u00c3O NO MOVIMENTO HUMANO<\/span><\/span><\/a><\/span><\/p>\n<p style=\"text-align: center\"><span style=\"font-size: 14px\"><a href=\"https:\/\/faed.ufms.br\/laboratorios\/danca\/\"><span style=\"font-family: trebuchet ms, geneva, sans-serif\"><span style=\"background-color: #e5edff\">DAN\u00c7A<\/span><\/span><\/a><\/span><\/p>\n<p style=\"text-align: center\"><span style=\"font-size: 14px\"><a href=\"https:\/\/faed.ufms.br\/laboratorios\/inclusiva\/\"><span style=\"font-family: trebuchet ms, geneva, sans-serif\"><span style=\"background-color: #e5edff\">EDUCA\u00c7\u00c3O F\u00cdSICA INCLUSIVA<\/span><\/span><\/a><\/span><\/p>\n<p style=\"text-align: center\"><span style=\"font-size: 14px\"><a href=\"https:\/\/faed.ufms.br\/laboratorios\/socioculturais\/\"><span style=\"font-family: trebuchet ms, geneva, sans-serif\"><span style=\"background-color: #e5edff\">ESTUDOS SOCIOCULTURAIS EM EDUCA\u00c7\u00c3O F\u00cdSICA, ESPORTE, LAZER, E DAN\u00c7A<\/span><\/span><\/a><\/span><\/p>\n<p style=\"text-align: center\"><span style=\"font-size: 14px\"><a href=\"https:\/\/faed.ufms.br\/laboratorios\/fisiologia\/\"><span style=\"font-family: trebuchet ms, geneva, sans-serif\"><span style=\"background-color: #e5edff\">FISIOLOGIA E BIOQU\u00cdMICA DO EXERC\u00cdCIO<\/span><\/span><\/a><\/span><\/p>\n<p style=\"text-align: center\"><span style=\"font-size: 14px\"><a href=\"https:\/\/faed.ufms.br\/laboratorios\/informatica\"><span style=\"font-family: trebuchet ms, geneva, sans-serif\"><span style=\"background-color: #e5edff\">INFORM\u00c1TICA (EDUCA\u00c7\u00c3O F\u00cdSICA)<\/span><\/span><\/a><\/span><\/p>\n<p style=\"text-align: center\"><span style=\"font-size: 14px\"><a href=\"https:\/\/faed.ufms.br\/laboratorios\/medidas-clinicas\/\"><span style=\"font-family: trebuchet ms, geneva, sans-serif\"><span style=\"background-color: #e5edff\">MEDIDAS CL\u00cdNICAS, DA COMPOSI\u00c7\u00c3O CORPORAL E ATIVIDADE F\u00cdSICA<\/span><\/span><\/a><\/span><\/p>\n<p style=\"text-align: center\"><span style=\"font-size: 14px\"><a href=\"https:\/\/faed.ufms.br\/laboratorios\/projetos\/\"><span style=\"font-family: trebuchet ms, geneva, sans-serif\"><span style=\"background-color: #e5edff\">PROJETOS INTERISTITUCIONAIS E CONVENIADOS<\/span><\/span><\/a><\/span><\/p>\n<p style=\"text-align: center\"><span style=\"font-size: 14px\"><a href=\"https:\/\/faed.ufms.br\/laboratorios\/cedes\/\"><span style=\"font-family: trebuchet ms, geneva, sans-serif\"><span style=\"background-color: #e5edff\">REDE CEDES<\/span><\/span><\/a><\/span><\/p>\n<p style=\"text-align: center\"><span style=\"font-size: 16px\"><strong><a href=\"https:\/\/faed.ufms.br\/laboratorios\/\"><span style=\"font-family: trebuchet ms, geneva, sans-serif\"><span style=\"background-color: #e5edff\">LABORAT\u00d3RIOS, NORMAS E RESPONS\u00c1VEIS<\/span><\/span><\/a><\/strong><\/span><\/p>\n<p>&nbsp;<\/p>\n<table style=\"width: 100%;height: 10px\" border=\"0\" width=\"100%\" cellspacing=\"0\" cellpadding=\"0\">\n<colgroup>\n<col width=\"20%\" \/> <\/colgroup>\n<colgroup>\n<col width=\"20%\" \/><\/colgroup>\n<colgroup>\n<col width=\"20%\" \/><\/colgroup>\n<tbody>\n<tr style=\"height: 30px\">\n<td class=\"xl67\" style=\"width: 20%;height: 30px;text-align: center\" width=\"114\"><a href=\"https:\/\/faed.ufms.br\/app\/pgd\/\"><img decoding=\"async\" class=\"aligncenter wp-image-11785\" src=\"https:\/\/faed.ufms.br\/files\/2025\/05\/pgd.png\" alt=\"\" width=\"46\" height=\"60\" \/><\/a><\/td>\n<td class=\"xl67\" style=\"width: 20%;height: 10px;text-align: center\" width=\"114\"><a href=\"https:\/\/faed.ufms.br\/app\/calendario\/\"><img decoding=\"async\" class=\"aligncenter wp-image-11781\" src=\"https:\/\/faed.ufms.br\/files\/2025\/05\/calendar.png\" alt=\"\" width=\"47\" height=\"60\" \/><\/a><\/td>\n<td class=\"xl67\" style=\"width: 20%;height: 10px;text-align: center\" width=\"114\"><a href=\"https:\/\/faed.ufms.br\/app\/\"><img loading=\"lazy\" decoding=\"async\" class=\"aligncenter wp-image-11797\" src=\"https:\/\/faed.ufms.br\/files\/2025\/05\/home2.png\" alt=\"\" width=\"57\" height=\"85\" \/><\/a><\/td>\n<td class=\"xl67\" style=\"width: 20%;height: 10px;text-align: center\" width=\"114\"><a href=\"https:\/\/faed.ufms.br\/app\/localizacao\/\"><img loading=\"lazy\" decoding=\"async\" class=\"aligncenter wp-image-11784\" src=\"https:\/\/faed.ufms.br\/files\/2025\/05\/loc.png\" alt=\"\" width=\"46\" height=\"60\" \/><\/a><\/td>\n<td class=\"xl67\" style=\"width: 20%;height: 10px;text-align: center\" width=\"114\"><a href=\"https:\/\/faed.ufms.br\/app\/faapp\/\"><img loading=\"lazy\" decoding=\"async\" class=\"aligncenter wp-image-11782\" src=\"https:\/\/faed.ufms.br\/files\/2025\/05\/faepp.png\" alt=\"\" width=\"45\" height=\"60\" \/><\/a><\/td>\n<\/tr>\n<\/tbody>\n<\/table>\n<p style=\"text-align: center\"><img loading=\"lazy\" decoding=\"async\" class=\"aligncenter size-full wp-image-11795\" src=\"https:\/\/faed.ufms.br\/files\/2025\/05\/base.jpg\" alt=\"\" width=\"1293\" height=\"32\" srcset=\"https:\/\/faed.ufms.br\/files\/2025\/05\/base.jpg 1293w, https:\/\/faed.ufms.br\/files\/2025\/05\/base-300x7.jpg 300w, https:\/\/faed.ufms.br\/files\/2025\/05\/base-1024x25.jpg 1024w, https:\/\/faed.ufms.br\/files\/2025\/05\/base-768x19.jpg 768w, https:\/\/faed.ufms.br\/files\/2025\/05\/base-730x18.jpg 730w\" sizes=\"(max-width: 1293px) 100vw, 1293px\" \/><\/p>\n","protected":false},"excerpt":{"rendered":"<p>&nbsp; \u2726 LABORAT\u00d3RIOS \u2726 BRINQUEDOTECA AVALIA\u00c7\u00c3O E INTERVEN\u00c7\u00c3O NO MOVIMENTO HUMANO DAN\u00c7A EDUCA\u00c7\u00c3O F\u00cdSICA INCLUSIVA ESTUDOS SOCIOCULTURAIS EM EDUCA\u00c7\u00c3O F\u00cdSICA, ESPORTE, LAZER, E DAN\u00c7A FISIOLOGIA E BIOQU\u00cdMICA DO EXERC\u00cdCIO INFORM\u00c1TICA (EDUCA\u00c7\u00c3O F\u00cdSICA) MEDIDAS CL\u00cdNICAS, DA COMPOSI\u00c7\u00c3O CORPORAL E ATIVIDADE F\u00cdSICA PROJETOS INTERISTITUCIONAIS E CONVENIADOS REDE CEDES LABORAT\u00d3RIOS, NORMAS E RESPONS\u00c1VEIS &nbsp;<\/p>\n","protected":false},"author":47,"featured_media":0,"parent":11467,"menu_order":0,"comment_status":"closed","ping_status":"closed","template":"elementor_canvas","meta":{"_acf_changed":false,"_eb_attr":"","_price":"","_stock":"","_tribe_ticket_header":"","_tribe_default_ticket_provider":"","_tribe_ticket_capacity":"0","_ticket_start_date":"","_ticket_end_date":"","_tribe_ticket_show_description":"","_tribe_ticket_show_not_going":false,"_tribe_ticket_use_global_stock":"","_tribe_ticket_global_stock_level":"","_global_stock_mode":"","_global_stock_cap":"","_tribe_rsvp_for_event":"","_tribe_ticket_going_count":"","_tribe_ticket_not_going_count":"","_tribe_tickets_list":"[]","_tribe_ticket_has_attendee_info_fields":false,"footnotes":"","_tec_slr_enabled":"","_tec_slr_layout":""},"coauthors":[109],"class_list":["post-11603","page","type-page","status-publish","hentry"],"acf":[],"aioseo_notices":[],"ticketed":false,"_links":{"self":[{"href":"https:\/\/faed.ufms.br\/en\/wp-json\/wp\/v2\/pages\/11603","targetHints":{"allow":["GET"]}}],"collection":[{"href":"https:\/\/faed.ufms.br\/en\/wp-json\/wp\/v2\/pages"}],"about":[{"href":"https:\/\/faed.ufms.br\/en\/wp-json\/wp\/v2\/types\/page"}],"author":[{"embeddable":true,"href":"https:\/\/faed.ufms.br\/en\/wp-json\/wp\/v2\/users\/47"}],"replies":[{"embeddable":true,"href":"https:\/\/faed.ufms.br\/en\/wp-json\/wp\/v2\/comments?post=11603"}],"version-history":[{"count":23,"href":"https:\/\/faed.ufms.br\/en\/wp-json\/wp\/v2\/pages\/11603\/revisions"}],"predecessor-version":[{"id":12913,"href":"https:\/\/faed.ufms.br\/en\/wp-json\/wp\/v2\/pages\/11603\/revisions\/12913"}],"up":[{"embeddable":true,"href":"https:\/\/faed.ufms.br\/en\/wp-json\/wp\/v2\/pages\/11467"}],"wp:attachment":[{"href":"https:\/\/faed.ufms.br\/en\/wp-json\/wp\/v2\/media?parent=11603"}],"wp:term":[{"taxonomy":"author","embeddable":true,"href":"https:\/\/faed.ufms.br\/en\/wp-json\/wp\/v2\/coauthors?post=11603"}],"curies":[{"name":"wp","href":"https:\/\/api.w.org\/{rel}","templated":true}]}}