{"id":11729,"date":"2025-05-07T13:59:05","date_gmt":"2025-05-07T17:59:05","guid":{"rendered":"https:\/\/faed.ufms.br\/?page_id=11729"},"modified":"2025-09-21T11:03:04","modified_gmt":"2025-09-21T15:03:04","slug":"docentes","status":"publish","type":"page","link":"https:\/\/faed.ufms.br\/en\/app\/docentes\/","title":{"rendered":"docentes"},"content":{"rendered":"<p style=\"text-align: center\"><span style=\"font-family: 'trebuchet ms', geneva, sans-serif;font-size: 24px\"><a href=\"https:\/\/faed.ufms.br\/app\/\"><img fetchpriority=\"high\" decoding=\"async\" class=\"aligncenter wp-image-11671 size-full\" src=\"https:\/\/faed.ufms.br\/files\/2025\/09\/faed-app-25.jpg\" alt=\"\" width=\"1134\" height=\"189\" \/><\/a><\/span><\/p>\n<p style=\"text-align: center\"><span style=\"font-family: 'trebuchet ms', geneva, sans-serif;font-size: 21px\"><span style=\"font-family: 'trebuchet ms', geneva, sans-serif;font-size: 12px\"><span style=\"font-family: 'trebuchet ms', geneva, sans-serif\">\u2726 <\/span><\/span>T\u00c9CNICOS\/DOCENTES <span style=\"font-family: 'trebuchet ms', geneva, sans-serif;font-size: 12px\"><span style=\"font-family: 'trebuchet ms', geneva, sans-serif\">\u2726<\/span><\/span><\/span><\/p>\n<p style=\"text-align: center\"><span style=\"font-size: 18px\"><a href=\"https:\/\/faed.ufms.br\/docente\/\"><span style=\"font-family: 'trebuchet ms', geneva, sans-serif\"><span style=\"background-color: #e5edff\">PORTAL DOCENTE FAED<\/span><\/span><\/a><\/span><\/p>\n<p style=\"text-align: center\"><span style=\"font-family: 'trebuchet ms', geneva, sans-serif;font-size: 16px\"><span style=\"background-color: #e5edff\"><a href=\"https:\/\/faed.ufms.br\/contato\/tecnicos\/\">CORPO T\u00c9CNICO-ADMINISTRATIVO<\/a><\/span><\/span><\/p>\n<p style=\"text-align: center\"><span style=\"font-size: 16px\"><a href=\"https:\/\/faed.ufms.br\/contato\/docentes\/\"><span style=\"font-family: 'trebuchet ms', geneva, sans-serif\"><span style=\"background-color: #e5edff\">CORPO DOCENTE<\/span><\/span><\/a><\/span><\/p>\n<p style=\"text-align: center\"><span style=\"font-size: 16px\"><a href=\"https:\/\/faed.ufms.br\/app\/pgd\/\"><span style=\"font-family: 'trebuchet ms', geneva, sans-serif\"><span style=\"background-color: #e5edff\">GEST\u00c3O E DESEMPENHO (PGD)<\/span><\/span><\/a><\/span><\/p>\n<p style=\"text-align: center\"><a href=\"https:\/\/siai.ufms.br\/plano-atividades\/consulta-publica\"><span style=\"font-family: 'trebuchet ms', geneva, sans-serif;font-size: 16px\"><span style=\"background-color: #e5edff\">ATIVIDADES DOCENTE<\/span><\/span><\/a><\/p>\n<p style=\"text-align: center\"><span style=\"font-size: 18px\"><a href=\"https:\/\/faed.ufms.br\/app\/calendario\/\"><span style=\"font-family: 'trebuchet ms', geneva, sans-serif\"><span style=\"background-color: #e5edff\">CALEND\u00c1RIO ACAD\u00caMICO<\/span><\/span><\/a><\/span><\/p>\n<p style=\"text-align: center\"><span style=\"font-size: 16px\"><a href=\"https:\/\/passaporte.ufms.br\/\"><span style=\"font-family: 'trebuchet ms', geneva, sans-serif\"><span style=\"background-color: #e5edff\">PASSAPORTE UFMS<\/span><\/span><\/a><\/span><\/p>\n<p style=\"text-align: center\"><span style=\"font-size: 16px\"><a href=\"https:\/\/faed.ufms.br\/estudante\/google-wfe\/\"><span style=\"font-family: 'trebuchet ms', geneva, sans-serif\"><span style=\"background-color: #e5edff\">CONTA GOOGLE UFMS<\/span><\/span><\/a><\/span><\/p>\n<p style=\"text-align: center\"><span style=\"font-size: 16px\"><a href=\"https:\/\/agetic.ufms.br\/informacoes-gerais-do-servico-de-impressao-da-ufms\/\"><span style=\"font-family: 'trebuchet ms', geneva, sans-serif\"><span style=\"background-color: #e5edff\">PIN IMPRESSORAS<\/span><\/span><\/a><\/span>\u00a0|\u00a0<span style=\"font-size: 16px\"><a href=\"https:\/\/agetic.ufms.br\/rede-eduroam\/\"><span style=\"font-family: 'trebuchet ms', geneva, sans-serif\"><span style=\"background-color: #e5edff\">ACESSO REDE WIFI<\/span><\/span><\/a><\/span><\/p>\n<p style=\"text-align: center\"><span style=\"font-size: 18px\"><a href=\"https:\/\/intranet.ufms.br\/\"><span style=\"font-family: 'trebuchet ms', geneva, sans-serif\"><span style=\"background-color: #e5edff\">INTRANET UFMS<\/span><\/span><\/a><\/span><\/p>\n<p style=\"text-align: center\"><span style=\"font-size: 16px\"><a href=\"https:\/\/digital.ufms.br\/material-de-apoio\/\"><span style=\"font-family: 'trebuchet ms', geneva, sans-serif\"><span style=\"background-color: #e5edff\">SEI (SUPORTE)<\/span><\/span><\/a><\/span> |\u00a0<span style=\"font-size: 16px\"><a href=\"https:\/\/sei.ufms.br\/sei\/\"><span style=\"font-family: trebuchet ms, geneva, sans-serif\"><span style=\"background-color: #e5edff\">SEI (SISTEMA)<\/span><\/span><\/a><\/span><\/p>\n<p style=\"text-align: center\"><span style=\"font-size: 16px\"><a href=\"https:\/\/boletimoficial.ufms.br\/\"><span style=\"font-family: 'trebuchet ms', geneva, sans-serif\"><span style=\"background-color: #e5edff\">BOLETIM OFICIAL<\/span><\/span><\/a><\/span><\/p>\n<p style=\"text-align: center\"><span style=\"font-size: 14px\"><a href=\"https:\/\/apps.apple.com\/us\/app\/sou-ufms\/id6745026243\"><span style=\"font-family: 'trebuchet ms', geneva, sans-serif\"><span style=\"background-color: #e5edff\">Sou UFMS Servidor (Iphone)<\/span><\/span><\/a><span style=\"color: #000080\"> |<\/span> <a href=\"https:\/\/play.google.com\/store\/apps\/details?id=br.ufms.super_sou_ufms\"><span style=\"font-family: 'trebuchet ms', geneva, sans-serif\"><span style=\"background-color: #e5edff\">Sou UFMS Servidor (Android)<\/span><\/span><\/a><\/span><\/p>\n<p>&nbsp;<\/p>\n<table style=\"width: 100%;height: 10px\" border=\"0\" width=\"100%\" cellspacing=\"0\" cellpadding=\"0\">\n<colgroup>\n<col width=\"20%\" \/> <\/colgroup>\n<colgroup>\n<col width=\"20%\" \/><\/colgroup>\n<colgroup>\n<col width=\"20%\" \/><\/colgroup>\n<tbody>\n<tr style=\"height: 30px\">\n<td class=\"xl67\" style=\"width: 20%;height: 30px;text-align: center\" width=\"114\"><a href=\"https:\/\/faed.ufms.br\/app\/pgd\/\"><img decoding=\"async\" class=\"aligncenter wp-image-11785\" src=\"https:\/\/faed.ufms.br\/files\/2025\/05\/pgd.png\" alt=\"\" width=\"46\" height=\"60\" \/><\/a><\/td>\n<td class=\"xl67\" style=\"width: 20%;height: 10px;text-align: center\" width=\"114\"><a href=\"https:\/\/faed.ufms.br\/app\/calendario\/\"><img decoding=\"async\" class=\"aligncenter wp-image-11781\" src=\"https:\/\/faed.ufms.br\/files\/2025\/05\/calendar.png\" alt=\"\" width=\"47\" height=\"60\" \/><\/a><\/td>\n<td class=\"xl67\" style=\"width: 20%;height: 10px;text-align: center\" width=\"114\"><a href=\"https:\/\/faed.ufms.br\/app\/\"><img loading=\"lazy\" decoding=\"async\" class=\"aligncenter wp-image-11797\" src=\"https:\/\/faed.ufms.br\/files\/2025\/05\/home2.png\" alt=\"\" width=\"57\" height=\"85\" \/><\/a><\/td>\n<td class=\"xl67\" style=\"width: 20%;height: 10px;text-align: center\" width=\"114\"><a href=\"https:\/\/faed.ufms.br\/app\/localizacao\/\"><img loading=\"lazy\" decoding=\"async\" class=\"aligncenter wp-image-11784\" src=\"https:\/\/faed.ufms.br\/files\/2025\/05\/loc.png\" alt=\"\" width=\"46\" height=\"60\" \/><\/a><\/td>\n<td class=\"xl67\" style=\"width: 20%;height: 10px;text-align: center\" width=\"114\"><a href=\"https:\/\/faed.ufms.br\/app\/faapp\/\"><img loading=\"lazy\" decoding=\"async\" class=\"aligncenter wp-image-11782\" src=\"https:\/\/faed.ufms.br\/files\/2025\/05\/faepp.png\" alt=\"\" width=\"45\" height=\"60\" \/><\/a><\/td>\n<\/tr>\n<\/tbody>\n<\/table>\n<p style=\"text-align: center\"><img loading=\"lazy\" decoding=\"async\" class=\"aligncenter size-full wp-image-11795\" src=\"https:\/\/faed.ufms.br\/files\/2025\/05\/base.jpg\" alt=\"\" width=\"1293\" height=\"32\" srcset=\"https:\/\/faed.ufms.br\/files\/2025\/05\/base.jpg 1293w, https:\/\/faed.ufms.br\/files\/2025\/05\/base-300x7.jpg 300w, https:\/\/faed.ufms.br\/files\/2025\/05\/base-1024x25.jpg 1024w, https:\/\/faed.ufms.br\/files\/2025\/05\/base-768x19.jpg 768w, https:\/\/faed.ufms.br\/files\/2025\/05\/base-730x18.jpg 730w\" sizes=\"(max-width: 1293px) 100vw, 1293px\" \/><\/p>\n","protected":false},"excerpt":{"rendered":"<p>\u2726 T\u00c9CNICOS\/DOCENTES \u2726 PORTAL DOCENTE FAED CORPO T\u00c9CNICO-ADMINISTRATIVO CORPO DOCENTE GEST\u00c3O E DESEMPENHO (PGD) ATIVIDADES DOCENTE CALEND\u00c1RIO ACAD\u00caMICO PASSAPORTE UFMS CONTA GOOGLE UFMS PIN IMPRESSORAS\u00a0|\u00a0ACESSO REDE WIFI INTRANET UFMS SEI (SUPORTE) |\u00a0SEI (SISTEMA) BOLETIM OFICIAL Sou UFMS Servidor (Iphone) | Sou UFMS Servidor (Android) &nbsp;<\/p>\n","protected":false},"author":47,"featured_media":0,"parent":11467,"menu_order":0,"comment_status":"closed","ping_status":"closed","template":"elementor_canvas","meta":{"_acf_changed":false,"_eb_attr":"","_price":"","_stock":"","_tribe_ticket_header":"","_tribe_default_ticket_provider":"","_tribe_ticket_capacity":"0","_ticket_start_date":"","_ticket_end_date":"","_tribe_ticket_show_description":"","_tribe_ticket_show_not_going":false,"_tribe_ticket_use_global_stock":"","_tribe_ticket_global_stock_level":"","_global_stock_mode":"","_global_stock_cap":"","_tribe_rsvp_for_event":"","_tribe_ticket_going_count":"","_tribe_ticket_not_going_count":"","_tribe_tickets_list":"[]","_tribe_ticket_has_attendee_info_fields":false,"footnotes":"","_tec_slr_enabled":"","_tec_slr_layout":""},"coauthors":[109],"class_list":["post-11729","page","type-page","status-publish","hentry"],"acf":[],"aioseo_notices":[],"ticketed":false,"_links":{"self":[{"href":"https:\/\/faed.ufms.br\/en\/wp-json\/wp\/v2\/pages\/11729","targetHints":{"allow":["GET"]}}],"collection":[{"href":"https:\/\/faed.ufms.br\/en\/wp-json\/wp\/v2\/pages"}],"about":[{"href":"https:\/\/faed.ufms.br\/en\/wp-json\/wp\/v2\/types\/page"}],"author":[{"embeddable":true,"href":"https:\/\/faed.ufms.br\/en\/wp-json\/wp\/v2\/users\/47"}],"replies":[{"embeddable":true,"href":"https:\/\/faed.ufms.br\/en\/wp-json\/wp\/v2\/comments?post=11729"}],"version-history":[{"count":16,"href":"https:\/\/faed.ufms.br\/en\/wp-json\/wp\/v2\/pages\/11729\/revisions"}],"predecessor-version":[{"id":12910,"href":"https:\/\/faed.ufms.br\/en\/wp-json\/wp\/v2\/pages\/11729\/revisions\/12910"}],"up":[{"embeddable":true,"href":"https:\/\/faed.ufms.br\/en\/wp-json\/wp\/v2\/pages\/11467"}],"wp:attachment":[{"href":"https:\/\/faed.ufms.br\/en\/wp-json\/wp\/v2\/media?parent=11729"}],"wp:term":[{"taxonomy":"author","embeddable":true,"href":"https:\/\/faed.ufms.br\/en\/wp-json\/wp\/v2\/coauthors?post=11729"}],"curies":[{"name":"wp","href":"https:\/\/api.w.org\/{rel}","templated":true}]}}