{"id":11751,"date":"2025-05-07T14:44:32","date_gmt":"2025-05-07T18:44:32","guid":{"rendered":"https:\/\/faed.ufms.br\/?page_id=11751"},"modified":"2025-09-21T11:05:07","modified_gmt":"2025-09-21T15:05:07","slug":"localizacao","status":"publish","type":"page","link":"https:\/\/faed.ufms.br\/en\/app\/localizacao\/","title":{"rendered":"localizacao"},"content":{"rendered":"<p style=\"text-align: center\"><span style=\"font-family: 'trebuchet ms', geneva, sans-serif;font-size: 21px\"><span style=\"font-family: 'trebuchet ms', geneva, sans-serif;font-size: 12px\"><span style=\"font-family: 'trebuchet ms', geneva, sans-serif\"><span style=\"font-family: 'trebuchet ms', geneva, sans-serif;font-size: 24px\"><a href=\"https:\/\/faed.ufms.br\/app\/\"><img fetchpriority=\"high\" decoding=\"async\" class=\"aligncenter wp-image-11671 size-full\" src=\"https:\/\/faed.ufms.br\/files\/2025\/09\/faed-app-25.jpg\" alt=\"\" width=\"1134\" height=\"189\" \/><\/a><\/span><\/span><\/span><\/span><\/p>\n<p>&nbsp;<\/p>\n<p style=\"text-align: center\"><span style=\"font-family: 'trebuchet ms', geneva, sans-serif;font-size: 21px\"><span style=\"font-family: 'trebuchet ms', geneva, sans-serif;font-size: 12px\"><span style=\"font-family: 'trebuchet ms', geneva, sans-serif\">\u2726 <\/span><\/span>LOCALIZA\u00c7\u00c3O <span style=\"font-family: 'trebuchet ms', geneva, sans-serif;font-size: 12px\"><span style=\"font-family: 'trebuchet ms', geneva, sans-serif\">\u2726<\/span><\/span><\/span><\/p>\n<p>&nbsp;<\/p>\n<p style=\"text-align: center\"><a href=\"https:\/\/maps.app.goo.gl\/ZV135BoYfKn9FoUX9\"><span style=\"font-size: 16px\"><span style=\"font-family: trebuchet ms, geneva, sans-serif\"><span style=\"background-color: #e5edff\">PR\u00c9DIO ADMINISTRATIVO<\/span><\/span><\/span><\/a><\/p>\n<p style=\"text-align: center\"><a href=\"https:\/\/maps.app.goo.gl\/ZV135BoYfKn9FoUX9\"><span style=\"font-size: 16px\"><span style=\"font-family: trebuchet ms, geneva, sans-serif\"><span style=\"background-color: #e5edff\">SALA DE PROFESSORES (PEDAGOGIA)<\/span><\/span><\/span><\/a><\/p>\n<p style=\"text-align: center\"><span style=\"font-family: 'trebuchet ms', geneva, sans-serif;font-size: 16px\"><span style=\"background-color: #e5edff\"><a href=\"https:\/\/maps.app.goo.gl\/DHzbWFxQVNWA6JzH8\">EDUCA\u00c7\u00c3O F\u00cdSICA (BLOCO 8)<\/a><\/span><\/span><\/p>\n<p style=\"text-align: center\"><span style=\"font-size: 16px\"><span style=\"font-family: trebuchet ms, geneva, sans-serif\"><span style=\"background-color: #e5edff\"><a href=\"https:\/\/maps.app.goo.gl\/YXvz2RpzYiMcY1Mp7\">PPGEDU (P\u00d3S-GRADUA\u00c7\u00c3O)<\/a><br \/>\n<\/span><\/span><\/span><\/p>\n<p style=\"text-align: center\"><a href=\"https:\/\/maps.app.goo.gl\/SBwvNdD5XbbJszyW6\"><span style=\"font-family: 'trebuchet ms', geneva, sans-serif;font-size: 16px\"><span style=\"background-color: #e5edff\">BRINQUEDOTECA<\/span><\/span><\/a><\/p>\n<p style=\"text-align: center\"><span style=\"font-size: 14px\"><a href=\"https:\/\/maps.app.goo.gl\/8mxJsFPejN19uAPG6\"><span style=\"font-family: 'trebuchet ms', geneva, sans-serif\"><span style=\"background-color: #e5edff\">AGEAD &#8211; ED. A DIST\u00c2NCIA (SALAS DE AULA)<\/span><\/span><\/a><\/span><\/p>\n<p>&nbsp;<\/p>\n<p style=\"text-align: center\"><span style=\"font-size: 14px\"><a href=\"https:\/\/agendamentos.ufms.br\/localizacao\"><span style=\"font-family: 'trebuchet ms', geneva, sans-serif\"><span style=\"background-color: #e5edff\">MAPA DA UFMS (AGENDAMENTOS)<\/span><\/span><\/a><\/span><\/p>\n<p style=\"text-align: center\"><span style=\"font-size: 18px\"><a href=\"https:\/\/faed.ufms.br\/files\/2025\/03\/Mapa_2025_Campo-Grande-scaled-1.jpg\"><span style=\"font-family: 'trebuchet ms', geneva, sans-serif\"><span style=\"background-color: #e5edff\">MAPA DA CIDADE UNIVERSIT\u00c1RIA<\/span><\/span><\/a><\/span><\/p>\n<p>&nbsp;<\/p>\n<p>&nbsp;<\/p>\n<p>&nbsp;<\/p>\n<table style=\"width: 100%;height: 10px\" border=\"0\" width=\"100%\" cellspacing=\"0\" cellpadding=\"0\">\n<colgroup>\n<col width=\"20%\" \/> <\/colgroup>\n<colgroup>\n<col width=\"20%\" \/><\/colgroup>\n<colgroup>\n<col width=\"20%\" \/><\/colgroup>\n<tbody>\n<tr style=\"height: 30px\">\n<td class=\"xl67\" style=\"width: 20%;height: 30px;text-align: center\" width=\"114\"><a href=\"https:\/\/faed.ufms.br\/app\/pgd\/\"><img decoding=\"async\" class=\"aligncenter wp-image-11785\" src=\"https:\/\/faed.ufms.br\/files\/2025\/05\/pgd.png\" alt=\"\" width=\"46\" height=\"60\" \/><\/a><\/td>\n<td class=\"xl67\" style=\"width: 20%;height: 10px;text-align: center\" width=\"114\"><a href=\"https:\/\/faed.ufms.br\/app\/calendario\/\"><img decoding=\"async\" class=\"aligncenter wp-image-11781\" src=\"https:\/\/faed.ufms.br\/files\/2025\/05\/calendar.png\" alt=\"\" width=\"47\" height=\"60\" \/><\/a><\/td>\n<td class=\"xl67\" style=\"width: 20%;height: 10px;text-align: center\" width=\"114\"><a href=\"https:\/\/faed.ufms.br\/app\/\"><img loading=\"lazy\" decoding=\"async\" class=\"aligncenter wp-image-11797\" src=\"https:\/\/faed.ufms.br\/files\/2025\/05\/home2.png\" alt=\"\" width=\"57\" height=\"85\" \/><\/a><\/td>\n<td class=\"xl67\" style=\"width: 20%;height: 10px;text-align: center\" width=\"114\"><img loading=\"lazy\" decoding=\"async\" class=\"aligncenter wp-image-12243\" src=\"https:\/\/faed.ufms.br\/files\/2025\/05\/loc_blue.png\" alt=\"\" width=\"46\" height=\"60\" \/><\/td>\n<td class=\"xl67\" style=\"width: 20%;height: 10px;text-align: center\" width=\"114\"><a href=\"https:\/\/faed.ufms.br\/app\/faapp\/\"><img loading=\"lazy\" decoding=\"async\" class=\"aligncenter wp-image-11782\" src=\"https:\/\/faed.ufms.br\/files\/2025\/05\/faepp.png\" alt=\"\" width=\"45\" height=\"60\" \/><\/a><\/td>\n<\/tr>\n<\/tbody>\n<\/table>\n<p style=\"text-align: center\"><img loading=\"lazy\" decoding=\"async\" class=\"aligncenter size-full wp-image-11795\" src=\"https:\/\/faed.ufms.br\/files\/2025\/05\/base.jpg\" alt=\"\" width=\"1293\" height=\"32\" srcset=\"https:\/\/faed.ufms.br\/files\/2025\/05\/base.jpg 1293w, https:\/\/faed.ufms.br\/files\/2025\/05\/base-300x7.jpg 300w, https:\/\/faed.ufms.br\/files\/2025\/05\/base-1024x25.jpg 1024w, https:\/\/faed.ufms.br\/files\/2025\/05\/base-768x19.jpg 768w, https:\/\/faed.ufms.br\/files\/2025\/05\/base-730x18.jpg 730w\" sizes=\"(max-width: 1293px) 100vw, 1293px\" \/><\/p>\n<p style=\"text-align: center\">\n","protected":false},"excerpt":{"rendered":"<p>&nbsp; \u2726 LOCALIZA\u00c7\u00c3O \u2726 &nbsp; PR\u00c9DIO ADMINISTRATIVO SALA DE PROFESSORES (PEDAGOGIA) EDUCA\u00c7\u00c3O F\u00cdSICA (BLOCO 8) PPGEDU (P\u00d3S-GRADUA\u00c7\u00c3O) BRINQUEDOTECA AGEAD &#8211; ED. A DIST\u00c2NCIA (SALAS DE AULA) &nbsp; MAPA DA UFMS (AGENDAMENTOS) MAPA DA CIDADE UNIVERSIT\u00c1RIA &nbsp; &nbsp; &nbsp;<\/p>\n","protected":false},"author":47,"featured_media":0,"parent":11467,"menu_order":0,"comment_status":"closed","ping_status":"closed","template":"elementor_canvas","meta":{"_acf_changed":false,"_eb_attr":"","_price":"","_stock":"","_tribe_ticket_header":"","_tribe_default_ticket_provider":"","_tribe_ticket_capacity":"0","_ticket_start_date":"","_ticket_end_date":"","_tribe_ticket_show_description":"","_tribe_ticket_show_not_going":false,"_tribe_ticket_use_global_stock":"","_tribe_ticket_global_stock_level":"","_global_stock_mode":"","_global_stock_cap":"","_tribe_rsvp_for_event":"","_tribe_ticket_going_count":"","_tribe_ticket_not_going_count":"","_tribe_tickets_list":"[]","_tribe_ticket_has_attendee_info_fields":false,"footnotes":"","_tec_slr_enabled":"","_tec_slr_layout":""},"coauthors":[109],"class_list":["post-11751","page","type-page","status-publish","hentry"],"acf":[],"aioseo_notices":[],"ticketed":false,"_links":{"self":[{"href":"https:\/\/faed.ufms.br\/en\/wp-json\/wp\/v2\/pages\/11751","targetHints":{"allow":["GET"]}}],"collection":[{"href":"https:\/\/faed.ufms.br\/en\/wp-json\/wp\/v2\/pages"}],"about":[{"href":"https:\/\/faed.ufms.br\/en\/wp-json\/wp\/v2\/types\/page"}],"author":[{"embeddable":true,"href":"https:\/\/faed.ufms.br\/en\/wp-json\/wp\/v2\/users\/47"}],"replies":[{"embeddable":true,"href":"https:\/\/faed.ufms.br\/en\/wp-json\/wp\/v2\/comments?post=11751"}],"version-history":[{"count":16,"href":"https:\/\/faed.ufms.br\/en\/wp-json\/wp\/v2\/pages\/11751\/revisions"}],"predecessor-version":[{"id":12914,"href":"https:\/\/faed.ufms.br\/en\/wp-json\/wp\/v2\/pages\/11751\/revisions\/12914"}],"up":[{"embeddable":true,"href":"https:\/\/faed.ufms.br\/en\/wp-json\/wp\/v2\/pages\/11467"}],"wp:attachment":[{"href":"https:\/\/faed.ufms.br\/en\/wp-json\/wp\/v2\/media?parent=11751"}],"wp:term":[{"taxonomy":"author","embeddable":true,"href":"https:\/\/faed.ufms.br\/en\/wp-json\/wp\/v2\/coauthors?post=11751"}],"curies":[{"name":"wp","href":"https:\/\/api.w.org\/{rel}","templated":true}]}}