{"id":11757,"date":"2025-05-07T15:37:33","date_gmt":"2025-05-07T19:37:33","guid":{"rendered":"https:\/\/faed.ufms.br\/?page_id=11757"},"modified":"2025-09-21T11:07:14","modified_gmt":"2025-09-21T15:07:14","slug":"unidades","status":"publish","type":"page","link":"https:\/\/faed.ufms.br\/en\/app\/unidades\/","title":{"rendered":"unidades"},"content":{"rendered":"<p style=\"text-align: center\"><span style=\"font-family: 'trebuchet ms', geneva, sans-serif;font-size: 21px\"><span style=\"font-family: 'trebuchet ms', geneva, sans-serif;font-size: 12px\"><span style=\"font-family: 'trebuchet ms', geneva, sans-serif\"><span style=\"font-family: 'trebuchet ms', geneva, sans-serif;font-size: 24px\"><a href=\"https:\/\/faed.ufms.br\/app\/\"><img fetchpriority=\"high\" decoding=\"async\" class=\"aligncenter wp-image-11671 size-full\" src=\"https:\/\/faed.ufms.br\/files\/2025\/09\/faed-app-25.jpg\" alt=\"\" width=\"1134\" height=\"189\" \/><\/a><\/span><\/span><\/span><\/span><\/p>\n<p style=\"text-align: center\"><span style=\"font-family: 'trebuchet ms', geneva, sans-serif;font-size: 21px\"><span style=\"font-family: 'trebuchet ms', geneva, sans-serif;font-size: 12px\"><span style=\"font-family: 'trebuchet ms', geneva, sans-serif\">\u2726 <\/span><\/span>UNIDADES FAED <span style=\"font-family: 'trebuchet ms', geneva, sans-serif;font-size: 12px\"><span style=\"font-family: 'trebuchet ms', geneva, sans-serif\">\u2726<\/span><\/span><\/span><\/p>\n<p style=\"text-align: center\"><span style=\"font-size: 16px\"><a href=\"https:\/\/faed.ufms.br\/direcao\/\"><span style=\"font-family: trebuchet ms, geneva, sans-serif\"><span style=\"background-color: #e5edff\">DIRE\u00c7\u00c3O<\/span><\/span><\/a><\/span><\/p>\n<p style=\"text-align: center\"><span style=\"font-size: 16px\"><a href=\"https:\/\/faed.ufms.br\/direcao\/#gab\"><span style=\"font-family: trebuchet ms, geneva, sans-serif\"><span style=\"background-color: #e5edff\">GABINETE DA DIRE\u00c7\u00c3O<\/span><\/span><\/a><\/span><\/p>\n<p style=\"text-align: center\"><span style=\"font-size: 16px\"><a href=\"https:\/\/faed.ufms.br\/conselho\/\"><span style=\"font-family: trebuchet ms, geneva, sans-serif\"><span style=\"background-color: #e5edff\">CONSELHO<\/span><\/span><\/a><\/span><\/p>\n<p style=\"text-align: center\"><span style=\"font-size: 16px\"><a href=\"https:\/\/faed.ufms.br\/coad\/\"><span style=\"font-family: trebuchet ms, geneva, sans-serif\"><span style=\"background-color: #e5edff\"><span style=\"font-size: 14px\">COORDENA\u00c7\u00c3O ADMINISTRATIVA (COAD)<\/span><\/span><\/span><\/a><\/span><\/p>\n<p style=\"text-align: center\"><span style=\"font-size: 14px\"><a href=\"https:\/\/faed.ufms.br\/coac\/\"><span style=\"font-family: trebuchet ms, geneva, sans-serif\"><span style=\"background-color: #e5edff\">COORDENA\u00c7\u00c3O DE GEST\u00c3O ACAD\u00caMICA (COAC)<\/span><\/span><\/a><\/span><\/p>\n<p style=\"text-align: center\"><span style=\"font-size: 16px\"><a href=\"https:\/\/faed.ufms.br\/secretaria-academica\/\"><span style=\"font-family: trebuchet ms, geneva, sans-serif\"><span style=\"background-color: #e5edff\">SECRETARIA ACAD\u00caMICA<\/span><\/span><\/a><\/span><\/p>\n<p style=\"text-align: center\"><span style=\"font-size: 14px\"><a href=\"https:\/\/faed.ufms.br\/secretaria-pedagogica\"><span style=\"font-family: trebuchet ms, geneva, sans-serif\"><span style=\"background-color: #e5edff\"><span style=\"font-size: 16px\">SECRETARIA PEDAG\u00d3GICA<\/span><\/span><\/span><\/a><\/span><\/p>\n<p>&nbsp;<\/p>\n<p style=\"text-align: center\"><span style=\"font-family: 'trebuchet ms', geneva, sans-serif;font-size: 21px\"><span style=\"font-family: 'trebuchet ms', geneva, sans-serif;font-size: 12px\"><span style=\"font-family: 'trebuchet ms', geneva, sans-serif\">\u2726 <\/span><\/span><span style=\"font-size: 18px\">COMISS\u00d5ES<\/span> <span style=\"font-family: 'trebuchet ms', geneva, sans-serif;font-size: 12px\"><span style=\"font-family: 'trebuchet ms', geneva, sans-serif\">\u2726<\/span><\/span><\/span><\/p>\n<p style=\"text-align: center\"><span style=\"font-size: 14px\"><span style=\"font-family: 'trebuchet ms', geneva, sans-serif\"><span style=\"background-color: #e5edff\"><a href=\"https:\/\/faed.ufms.br\/csa\/\">COMISS\u00c3O DE AVALIA\u00c7\u00c3O<\/a><\/span><\/span> |\u00a0<span style=\"font-family: 'trebuchet ms', geneva, sans-serif\"><span style=\"background-color: #e5edff\"><a href=\"https:\/\/faed.ufms.br\/cse\">COMISS\u00c3O DE ENSINO<\/a><\/span><\/span><\/span><\/p>\n<p style=\"text-align: center\"><span style=\"font-size: 14px\"><span style=\"font-family: 'trebuchet ms', geneva, sans-serif\"><span style=\"background-color: #e5edff\"><a href=\"https:\/\/faed.ufms.br\/comissao-de-pesquisa\/\">COMISS\u00c3O DE PESQUISA<\/a><\/span><\/span> |\u00a0<span style=\"font-family: 'trebuchet ms', geneva, sans-serif\"><span style=\"background-color: #e5edff\"><a href=\"https:\/\/faed.ufms.br\/comissao-de-extensao\/\">COMISS\u00c3O DE EXTENS\u00c3O<\/a><\/span><\/span> <\/span><\/p>\n<p style=\"text-align: center\"><span style=\"font-size: 14px\"><span style=\"font-family: 'trebuchet ms', geneva, sans-serif\"><span style=\"background-color: #e5edff\"><a href=\"https:\/\/faed.ufms.br\/comissao-de-estagio\/\">COMISS\u00c3O DE EST\u00c1GIO<\/a><\/span><\/span><\/span><\/p>\n<p>&nbsp;<\/p>\n<table style=\"width: 100%;height: 10px\" border=\"0\" width=\"100%\" cellspacing=\"0\" cellpadding=\"0\">\n<colgroup>\n<col width=\"20%\" \/> <\/colgroup>\n<colgroup>\n<col width=\"20%\" \/><\/colgroup>\n<colgroup>\n<col width=\"20%\" \/><\/colgroup>\n<tbody>\n<tr style=\"height: 30px\">\n<td class=\"xl67\" style=\"width: 20%;height: 30px;text-align: center\" width=\"114\"><a href=\"https:\/\/faed.ufms.br\/app\/pgd\/\"><img decoding=\"async\" class=\"aligncenter wp-image-11785\" src=\"https:\/\/faed.ufms.br\/files\/2025\/05\/pgd.png\" alt=\"\" width=\"46\" height=\"60\" \/><\/a><\/td>\n<td class=\"xl67\" style=\"width: 20%;height: 10px;text-align: center\" width=\"114\"><a href=\"https:\/\/faed.ufms.br\/app\/calendario\/\"><img decoding=\"async\" class=\"aligncenter wp-image-11781\" src=\"https:\/\/faed.ufms.br\/files\/2025\/05\/calendar.png\" alt=\"\" width=\"47\" height=\"60\" \/><\/a><\/td>\n<td class=\"xl67\" style=\"width: 20%;height: 10px;text-align: center\" width=\"114\"><a href=\"https:\/\/faed.ufms.br\/app\/\"><img loading=\"lazy\" decoding=\"async\" class=\"aligncenter wp-image-11797\" src=\"https:\/\/faed.ufms.br\/files\/2025\/05\/home2.png\" alt=\"\" width=\"57\" height=\"85\" \/><\/a><\/td>\n<td class=\"xl67\" style=\"width: 20%;height: 10px;text-align: center\" width=\"114\"><a href=\"https:\/\/faed.ufms.br\/app\/localizacao\/\"><img loading=\"lazy\" decoding=\"async\" class=\"aligncenter wp-image-11784\" src=\"https:\/\/faed.ufms.br\/files\/2025\/05\/loc.png\" alt=\"\" width=\"46\" height=\"60\" \/><\/a><\/td>\n<td class=\"xl67\" style=\"width: 20%;height: 10px;text-align: center\" width=\"114\"><a href=\"https:\/\/faed.ufms.br\/app\/faapp\/\"><img loading=\"lazy\" decoding=\"async\" class=\"aligncenter wp-image-11782\" src=\"https:\/\/faed.ufms.br\/files\/2025\/05\/faepp.png\" alt=\"\" width=\"45\" height=\"60\" \/><\/a><\/td>\n<\/tr>\n<\/tbody>\n<\/table>\n<p style=\"text-align: center\"><img loading=\"lazy\" decoding=\"async\" class=\"aligncenter size-full wp-image-11795\" src=\"https:\/\/faed.ufms.br\/files\/2025\/05\/base.jpg\" alt=\"\" width=\"1293\" height=\"32\" srcset=\"https:\/\/faed.ufms.br\/files\/2025\/05\/base.jpg 1293w, https:\/\/faed.ufms.br\/files\/2025\/05\/base-300x7.jpg 300w, https:\/\/faed.ufms.br\/files\/2025\/05\/base-1024x25.jpg 1024w, https:\/\/faed.ufms.br\/files\/2025\/05\/base-768x19.jpg 768w, https:\/\/faed.ufms.br\/files\/2025\/05\/base-730x18.jpg 730w\" sizes=\"(max-width: 1293px) 100vw, 1293px\" \/><\/p>\n","protected":false},"excerpt":{"rendered":"<p>\u2726 UNIDADES FAED \u2726 DIRE\u00c7\u00c3O GABINETE DA DIRE\u00c7\u00c3O CONSELHO COORDENA\u00c7\u00c3O ADMINISTRATIVA (COAD) COORDENA\u00c7\u00c3O DE GEST\u00c3O ACAD\u00caMICA (COAC) SECRETARIA ACAD\u00caMICA SECRETARIA PEDAG\u00d3GICA &nbsp; \u2726 COMISS\u00d5ES \u2726 COMISS\u00c3O DE AVALIA\u00c7\u00c3O |\u00a0COMISS\u00c3O DE ENSINO COMISS\u00c3O DE PESQUISA |\u00a0COMISS\u00c3O DE EXTENS\u00c3O COMISS\u00c3O DE EST\u00c1GIO &nbsp;<\/p>\n","protected":false},"author":47,"featured_media":0,"parent":11467,"menu_order":0,"comment_status":"closed","ping_status":"closed","template":"elementor_canvas","meta":{"_acf_changed":false,"_eb_attr":"","_price":"","_stock":"","_tribe_ticket_header":"","_tribe_default_ticket_provider":"","_tribe_ticket_capacity":"0","_ticket_start_date":"","_ticket_end_date":"","_tribe_ticket_show_description":"","_tribe_ticket_show_not_going":false,"_tribe_ticket_use_global_stock":"","_tribe_ticket_global_stock_level":"","_global_stock_mode":"","_global_stock_cap":"","_tribe_rsvp_for_event":"","_tribe_ticket_going_count":"","_tribe_ticket_not_going_count":"","_tribe_tickets_list":"[]","_tribe_ticket_has_attendee_info_fields":false,"footnotes":"","_tec_slr_enabled":"","_tec_slr_layout":""},"coauthors":[109],"class_list":["post-11757","page","type-page","status-publish","hentry"],"acf":[],"aioseo_notices":[],"ticketed":false,"_links":{"self":[{"href":"https:\/\/faed.ufms.br\/en\/wp-json\/wp\/v2\/pages\/11757","targetHints":{"allow":["GET"]}}],"collection":[{"href":"https:\/\/faed.ufms.br\/en\/wp-json\/wp\/v2\/pages"}],"about":[{"href":"https:\/\/faed.ufms.br\/en\/wp-json\/wp\/v2\/types\/page"}],"author":[{"embeddable":true,"href":"https:\/\/faed.ufms.br\/en\/wp-json\/wp\/v2\/users\/47"}],"replies":[{"embeddable":true,"href":"https:\/\/faed.ufms.br\/en\/wp-json\/wp\/v2\/comments?post=11757"}],"version-history":[{"count":12,"href":"https:\/\/faed.ufms.br\/en\/wp-json\/wp\/v2\/pages\/11757\/revisions"}],"predecessor-version":[{"id":12921,"href":"https:\/\/faed.ufms.br\/en\/wp-json\/wp\/v2\/pages\/11757\/revisions\/12921"}],"up":[{"embeddable":true,"href":"https:\/\/faed.ufms.br\/en\/wp-json\/wp\/v2\/pages\/11467"}],"wp:attachment":[{"href":"https:\/\/faed.ufms.br\/en\/wp-json\/wp\/v2\/media?parent=11757"}],"wp:term":[{"taxonomy":"author","embeddable":true,"href":"https:\/\/faed.ufms.br\/en\/wp-json\/wp\/v2\/coauthors?post=11757"}],"curies":[{"name":"wp","href":"https:\/\/api.w.org\/{rel}","templated":true}]}}