{"id":12013,"date":"2025-05-13T11:09:22","date_gmt":"2025-05-13T15:09:22","guid":{"rendered":"https:\/\/faed.ufms.br\/?page_id=12013"},"modified":"2025-05-13T14:29:56","modified_gmt":"2025-05-13T18:29:56","slug":"menu","status":"publish","type":"page","link":"https:\/\/faed.ufms.br\/en\/app\/estudantes\/menu\/","title":{"rendered":"menu"},"content":{"rendered":"<p style=\"text-align: center\"><span style=\"font-family: 'trebuchet ms', geneva, sans-serif;font-size: 24px\"><a href=\"https:\/\/faed.ufms.br\/app\/estudantes\"><img fetchpriority=\"high\" decoding=\"async\" class=\"aligncenter wp-image-12032 size-full\" src=\"https:\/\/faed.ufms.br\/files\/2025\/05\/app_menu2.jpg\" alt=\"\" width=\"1134\" height=\"189\" srcset=\"https:\/\/faed.ufms.br\/files\/2025\/05\/app_menu2.jpg 1134w, https:\/\/faed.ufms.br\/files\/2025\/05\/app_menu2-300x50.jpg 300w, https:\/\/faed.ufms.br\/files\/2025\/05\/app_menu2-1024x171.jpg 1024w, https:\/\/faed.ufms.br\/files\/2025\/05\/app_menu2-768x128.jpg 768w, https:\/\/faed.ufms.br\/files\/2025\/05\/app_menu2-730x122.jpg 730w\" sizes=\"(max-width: 1134px) 100vw, 1134px\" \/><\/a><\/span><\/p>\n<table style=\"width: 100%;height: 10px\" border=\"0\" width=\"100%\" cellspacing=\"0\" cellpadding=\"0\">\n<colgroup>\n<col width=\"35%\" \/><\/colgroup>\n<colgroup>\n<col width=\"65%\" \/><\/colgroup>\n<tbody>\n<tr style=\"height: 30px\">\n<td class=\"xl67\" style=\"background-color: #fffde5;width: 35%;height: 30px;text-align: left;vertical-align: top\" width=\"114\">\n<blockquote><p><span style=\"font-size: 16px\"><a href=\"https:\/\/faed.ufms.br\/app\/cursos\"><span style=\"font-family: 'trebuchet ms', geneva, sans-serif\"><span style=\"background-color: #fec107\">CURSOS<\/span><\/span><\/a><\/span><\/p>\n<p><span style=\"font-size: 16px\"><a href=\"https:\/\/faed.ufms.br\/app\/estudantes\/\"><span style=\"font-family: 'trebuchet ms', geneva, sans-serif\"><span style=\"background-color: #fec107\">ESTUDANTES<\/span><\/span><\/a><\/span><\/p>\n<p><span style=\"font-size: 16px\"><a href=\"https:\/\/faed.ufms.br\/app\/docentes\/\"><span style=\"font-family: 'trebuchet ms', geneva, sans-serif\"><span style=\"background-color: #fec107\">SERVIDORES<\/span><\/span><\/a><\/span><\/p>\n<p><span style=\"font-size: 16px\"><span style=\"font-family: 'trebuchet ms', geneva, sans-serif\"><span style=\"background-color: #fec107\"><a href=\"https:\/\/faed.ufms.br\/app\/calendario\/\">CALEND\u00c1RIO<\/a><\/span><\/span><\/span><\/p>\n<p><span style=\"font-size: 16px\"><a href=\"https:\/\/faed.ufms.br\/app\/institucional\/\"><span style=\"font-family: 'trebuchet ms', geneva, sans-serif\"><span style=\"background-color: #fec107\">INSTITUCIONAL<\/span><\/span><\/a><\/span><\/p>\n<p><span style=\"font-size: 16px\"><a href=\"https:\/\/faed.ufms.br\/app\/atendimento\/\"><span style=\"font-family: 'trebuchet ms', geneva, sans-serif\"><span style=\"background-color: #fec107\">ATENDIMENTO<\/span><\/span><\/a><\/span><\/p>\n<p><span style=\"font-size: 16px\"><a href=\"https:\/\/faed.ufms.br\/app\/localizacao\/\"><span style=\"font-family: 'trebuchet ms', geneva, sans-serif\"><span style=\"background-color: #fec107\">LOCALIZA\u00c7\u00c3O<\/span><\/span><\/a><\/span><\/p>\n<p><span style=\"font-family: 'trebuchet ms', geneva, sans-serif;font-size: 16px\">\u00a0<\/span><\/p>\n<p><span style=\"font-family: 'trebuchet ms', geneva, sans-serif;font-size: 16px\"><span style=\"background-color: #fec107\"><a href=\"https:\/\/faed.ufms.br\/app\">In\u00edcio<\/a><\/span><\/span><\/p><\/blockquote>\n<\/td>\n<td class=\"xl67\" style=\"width: 65%;height: 10px;text-align: center\" width=\"114\">\n<p style=\"text-align: center\"><span style=\"font-family: 'trebuchet ms', geneva, sans-serif;font-size: 21px\"><span style=\"font-family: 'trebuchet ms', geneva, sans-serif;font-size: 12px\"><span style=\"font-family: 'trebuchet ms', geneva, sans-serif\">\u2726 <\/span><\/span>ESTUDANTES <span style=\"font-family: 'trebuchet ms', geneva, sans-serif;font-size: 12px\"><span style=\"font-family: 'trebuchet ms', geneva, sans-serif\">\u2726<\/span><\/span><\/span><\/p>\n<p style=\"text-align: center\"><span style=\"font-size: 18px\"><a href=\"https:\/\/faed.ufms.br\/estudante\/\"><span style=\"font-family: 'trebuchet ms', geneva, sans-serif\"><span style=\"background-color: #e5edff\">PORTAL DO ESTUDANTE<\/span><\/span><\/a><\/span><\/p>\n<p style=\"text-align: center\"><span style=\"font-size: 18px\"><a href=\"https:\/\/prograd.ufms.br\/requerimento-academico\/\"><span style=\"font-family: 'trebuchet ms', geneva, sans-serif\"><span style=\"background-color: #e5edff\">REQUERIMENTO ACAD\u00caMICO<\/span><\/span><\/a><\/span><\/p>\n<p style=\"text-align: center\"><span style=\"font-size: 18px\"><a href=\"https:\/\/faed.ufms.br\/secretaria-academica\/\"><span style=\"font-family: 'trebuchet ms', geneva, sans-serif\"><span style=\"background-color: #e5edff\">SECRETARIA ACAD\u00caMICA<\/span><\/span><\/a><\/span><\/p>\n<p style=\"text-align: center\"><a href=\"https:\/\/faed.ufms.br\/guia-calouro\/\"><span style=\"font-family: 'trebuchet ms', geneva, sans-serif;font-size: 16px\"><span style=\"background-color: #e5edff\">GUIA DO CALOURO<\/span><\/span><\/a><\/p>\n<p style=\"text-align: center\"><span style=\"font-size: 14px\"><a href=\"https:\/\/faed.ufms.br\/passe\/\"><span style=\"font-family: 'trebuchet ms', geneva, sans-serif\"><span style=\"background-color: #e5edff\">PASSE <\/span><\/span><\/a>\u00a0| <a href=\"https:\/\/proaes.ufms.br\/diretorias\/diaes\/seali\/restaurante-universitario-cidade-universitaria\/\"><span style=\"font-family: 'trebuchet ms', geneva, sans-serif\"><span style=\"background-color: #e5edff\">RESTAURANTE (RU)<\/span><\/span><\/a> | <a href=\"https:\/\/www.ufms.br\/aluno\/transporte\/\"><span style=\"font-family: 'trebuchet ms', geneva, sans-serif\"><span style=\"background-color: #e5edff\">\u00d4NIBUS CAPI<\/span><\/span><\/a><\/span><\/p>\n<p style=\"text-align: center\"><span style=\"font-size: 14px\"><a href=\"https:\/\/proaes.ufms.br\/\"><span style=\"font-family: 'trebuchet ms', geneva, sans-serif\"><span style=\"background-color: #e5edff\">AUX\u00cdLIOS<\/span><\/span><\/a> | <a href=\"https:\/\/proaes.ufms.br\/identidade\/\"><span style=\"font-family: 'trebuchet ms', geneva, sans-serif\"><span style=\"background-color: #e5edff\">ID ESTUDANTIL<\/span><\/span><\/a> | <\/span><a href=\"https:\/\/bibliotecas.ufms.br\/\"><span style=\"font-family: 'trebuchet ms', geneva, sans-serif;font-size: 16px\"><span style=\"background-color: #e5edff\"><span style=\"font-size: 14px\">BIBLIOTECA<\/span><\/span><\/span><\/a><\/p>\n<p style=\"text-align: center\"><a href=\"https:\/\/faed.ufms.br\/secretaria-academica\/aproveitamento\/\"><span style=\"font-family: 'trebuchet ms', geneva, sans-serif;font-size: 16px\"><span style=\"background-color: #e5edff\">APROVEITAMENTO DE ESTUDOS<\/span><\/span><\/a><\/p>\n<p style=\"text-align: center\"><a href=\"https:\/\/faed.ufms.br\/abono-de-faltas\/#re\"><span style=\"font-family: 'trebuchet ms', geneva, sans-serif;font-size: 16px\"><span style=\"background-color: #e5edff\">REGIME ESPECIAL\/ATESTADO\/FALTAS<\/span><\/span><\/a><\/p>\n<p style=\"text-align: center\"><a href=\"https:\/\/passaporte.ufms.br\/#\/\"><span style=\"font-family: 'trebuchet ms', geneva, sans-serif;font-size: 16px\"><span style=\"background-color: #e5edff\">PASSAPORTE UFMS<\/span><\/span><\/a> | <span style=\"font-family: 'trebuchet ms', geneva, sans-serif;font-size: 16px\"><span style=\"background-color: #e5edff\"><a href=\"https:\/\/faed.ufms.br\/estudante\/google-wfe\/\">CONTA GOOGLE UFMS<\/a><\/span><\/span><\/p>\n<p style=\"text-align: center\"><span style=\"font-size: 18px\"><a href=\"https:\/\/faed.ufms.br\/horarios-e-ensalamento\/\"><span style=\"font-family: 'trebuchet ms', geneva, sans-serif\"><span style=\"background-color: #e5edff\">HOR\u00c1RIO DAS AULAS<\/span><\/span><\/a><\/span> | <span style=\"font-size: 18px\"><span style=\"font-family: 'trebuchet ms', geneva, sans-serif\"><span style=\"background-color: #e5edff\"><a href=\"https:\/\/faed.ufms.br\/app\/calendario\/\">CALEND\u00c1RIO<\/a><\/span><\/span><\/span><\/p>\n<p style=\"text-align: center\"><a href=\"https:\/\/faed.ufms.br\/estudante\/sei\/\"><span style=\"font-family: 'trebuchet ms', geneva, sans-serif;font-size: 16px\"><span style=\"background-color: #e5edff\">SEI &#8211; CADASTRO DE ASSINATURA<\/span><\/span><\/a><\/p>\n<p style=\"text-align: center\"><a href=\"https:\/\/faed.ufms.br\/egressos\"><span style=\"font-family: 'trebuchet ms', geneva, sans-serif;font-size: 16px\"><span style=\"background-color: #e5edff\">EGRESSOS\/DIPLOMADOS<\/span><\/span><\/a><\/p>\n<p style=\"text-align: center\"><a href=\"https:\/\/faed.ufms.br\/secretaria-academica\/diploma\/\"><span style=\"font-family: 'trebuchet ms', geneva, sans-serif;font-size: 16px\"><span style=\"background-color: #e5edff\">DIPLOMA DIGITAL <\/span><\/span><\/a>\u00a0| <a href=\"https:\/\/faed.ufms.br\/secretaria-academica\/2-via-do-diploma\/\"><span style=\"font-family: 'trebuchet ms', geneva, sans-serif;font-size: 16px\"><span style=\"background-color: #e5edff\">2\u00aa VIA DO DIPLOMA<\/span><\/span><\/a><\/p>\n<\/td>\n<\/tr>\n<\/tbody>\n<\/table>\n<table style=\"border-collapse: collapse;width: 100%\">\n<tbody>\n<tr>\n<td style=\"width: 100%;background-color: #00caf2\"><\/td>\n<\/tr>\n<\/tbody>\n<\/table>\n<table style=\"width: 100%;height: 10px\" border=\"0\" width=\"100%\" cellspacing=\"0\" cellpadding=\"0\">\n<colgroup>\n<col width=\"20%\" \/> <\/colgroup>\n<colgroup>\n<col width=\"20%\" \/><\/colgroup>\n<colgroup>\n<col width=\"20%\" \/><\/colgroup>\n<tbody>\n<tr style=\"height: 30px\">\n<td class=\"xl67\" style=\"width: 20%;height: 30px;text-align: center\" width=\"114\"><a href=\"https:\/\/faed.ufms.br\/app\/pgd\/\"><img decoding=\"async\" class=\"aligncenter wp-image-11785\" src=\"https:\/\/faed.ufms.br\/files\/2025\/05\/pgd.png\" alt=\"\" width=\"46\" height=\"60\" \/><\/a><\/td>\n<td class=\"xl67\" style=\"width: 20%;height: 10px;text-align: center\" width=\"114\"><a href=\"https:\/\/faed.ufms.br\/app\/calendario\/\"><img decoding=\"async\" class=\"aligncenter wp-image-11781\" src=\"https:\/\/faed.ufms.br\/files\/2025\/05\/calendar.png\" alt=\"\" width=\"47\" height=\"60\" \/><\/a><\/td>\n<td class=\"xl67\" style=\"width: 20%;height: 10px;text-align: center\" width=\"114\"><a href=\"https:\/\/faed.ufms.br\/app\/\"><img loading=\"lazy\" decoding=\"async\" class=\"aligncenter wp-image-11797\" src=\"https:\/\/faed.ufms.br\/files\/2025\/05\/home2.png\" alt=\"\" width=\"57\" height=\"85\" \/><\/a><\/td>\n<td class=\"xl67\" style=\"width: 20%;height: 10px;text-align: center\" width=\"114\"><a href=\"https:\/\/faed.ufms.br\/app\/localizacao\/\"><img loading=\"lazy\" decoding=\"async\" class=\"aligncenter wp-image-11784\" src=\"https:\/\/faed.ufms.br\/files\/2025\/05\/loc.png\" alt=\"\" width=\"46\" height=\"60\" \/><\/a><\/td>\n<td class=\"xl67\" style=\"width: 20%;height: 10px;text-align: center\" width=\"114\"><a href=\"https:\/\/faed.ufms.br\/app\/faapp\/\"><img loading=\"lazy\" decoding=\"async\" class=\"aligncenter wp-image-11782\" src=\"https:\/\/faed.ufms.br\/files\/2025\/05\/faepp.png\" alt=\"\" width=\"45\" height=\"60\" \/><\/a><\/td>\n<\/tr>\n<\/tbody>\n<\/table>\n<p style=\"text-align: center\"><img loading=\"lazy\" decoding=\"async\" class=\"aligncenter size-full wp-image-11795\" src=\"https:\/\/faed.ufms.br\/files\/2025\/05\/base.jpg\" alt=\"\" width=\"1293\" height=\"32\" srcset=\"https:\/\/faed.ufms.br\/files\/2025\/05\/base.jpg 1293w, https:\/\/faed.ufms.br\/files\/2025\/05\/base-300x7.jpg 300w, https:\/\/faed.ufms.br\/files\/2025\/05\/base-1024x25.jpg 1024w, https:\/\/faed.ufms.br\/files\/2025\/05\/base-768x19.jpg 768w, https:\/\/faed.ufms.br\/files\/2025\/05\/base-730x18.jpg 730w\" sizes=\"(max-width: 1293px) 100vw, 1293px\" \/><\/p>\n","protected":false},"excerpt":{"rendered":"<p>CURSOS ESTUDANTES SERVIDORES CALEND\u00c1RIO INSTITUCIONAL ATENDIMENTO LOCALIZA\u00c7\u00c3O \u00a0 In\u00edcio \u2726 ESTUDANTES \u2726 PORTAL DO ESTUDANTE REQUERIMENTO ACAD\u00caMICO SECRETARIA ACAD\u00caMICA GUIA DO CALOURO PASSE \u00a0| RESTAURANTE (RU) | \u00d4NIBUS CAPI AUX\u00cdLIOS | ID ESTUDANTIL | BIBLIOTECA APROVEITAMENTO DE ESTUDOS REGIME ESPECIAL\/ATESTADO\/FALTAS PASSAPORTE UFMS | CONTA GOOGLE UFMS HOR\u00c1RIO DAS AULAS | CALEND\u00c1RIO SEI &#8211; CADASTRO DE&#8230;<\/p>\n","protected":false},"author":47,"featured_media":0,"parent":11718,"menu_order":0,"comment_status":"closed","ping_status":"closed","template":"elementor_canvas","meta":{"_acf_changed":false,"_eb_attr":"","_price":"","_stock":"","_tribe_ticket_header":"","_tribe_default_ticket_provider":"","_tribe_ticket_capacity":"0","_ticket_start_date":"","_ticket_end_date":"","_tribe_ticket_show_description":"","_tribe_ticket_show_not_going":false,"_tribe_ticket_use_global_stock":"","_tribe_ticket_global_stock_level":"","_global_stock_mode":"","_global_stock_cap":"","_tribe_rsvp_for_event":"","_tribe_ticket_going_count":"","_tribe_ticket_not_going_count":"","_tribe_tickets_list":"[]","_tribe_ticket_has_attendee_info_fields":false,"footnotes":"","_tec_slr_enabled":"","_tec_slr_layout":""},"coauthors":[109],"class_list":["post-12013","page","type-page","status-publish","hentry"],"acf":[],"aioseo_notices":[],"ticketed":false,"_links":{"self":[{"href":"https:\/\/faed.ufms.br\/en\/wp-json\/wp\/v2\/pages\/12013","targetHints":{"allow":["GET"]}}],"collection":[{"href":"https:\/\/faed.ufms.br\/en\/wp-json\/wp\/v2\/pages"}],"about":[{"href":"https:\/\/faed.ufms.br\/en\/wp-json\/wp\/v2\/types\/page"}],"author":[{"embeddable":true,"href":"https:\/\/faed.ufms.br\/en\/wp-json\/wp\/v2\/users\/47"}],"replies":[{"embeddable":true,"href":"https:\/\/faed.ufms.br\/en\/wp-json\/wp\/v2\/comments?post=12013"}],"version-history":[{"count":16,"href":"https:\/\/faed.ufms.br\/en\/wp-json\/wp\/v2\/pages\/12013\/revisions"}],"predecessor-version":[{"id":12037,"href":"https:\/\/faed.ufms.br\/en\/wp-json\/wp\/v2\/pages\/12013\/revisions\/12037"}],"up":[{"embeddable":true,"href":"https:\/\/faed.ufms.br\/en\/wp-json\/wp\/v2\/pages\/11718"}],"wp:attachment":[{"href":"https:\/\/faed.ufms.br\/en\/wp-json\/wp\/v2\/media?parent=12013"}],"wp:term":[{"taxonomy":"author","embeddable":true,"href":"https:\/\/faed.ufms.br\/en\/wp-json\/wp\/v2\/coauthors?post=12013"}],"curies":[{"name":"wp","href":"https:\/\/api.w.org\/{rel}","templated":true}]}}