{"id":12139,"date":"2025-05-14T00:44:00","date_gmt":"2025-05-14T04:44:00","guid":{"rendered":"https:\/\/faed.ufms.br\/?page_id=12139"},"modified":"2025-05-17T15:28:47","modified_gmt":"2025-05-17T19:28:47","slug":"aplicativo-faapp","status":"publish","type":"page","link":"https:\/\/faed.ufms.br\/en\/aplicativo-faapp\/","title":{"rendered":"Aplicativo da Faed: FaApp"},"content":{"rendered":"<p><a href=\"https:\/\/faed.ufms.br\/app\/\"><img decoding=\"async\" class=\"aligncenter wp-image-12232 \" src=\"https:\/\/faed.ufms.br\/files\/2025\/05\/faapp_logo_tp-223x300.png\" alt=\"\" width=\"159\" height=\"214\" srcset=\"https:\/\/faed.ufms.br\/files\/2025\/05\/faapp_logo_tp-223x300.png 223w, https:\/\/faed.ufms.br\/files\/2025\/05\/faapp_logo_tp-238x320.png 238w, https:\/\/faed.ufms.br\/files\/2025\/05\/faapp_logo_tp.png 328w\" sizes=\"(max-width: 159px) 100vw, 159px\" \/><\/a><\/p>\n<p>&nbsp;<\/p>\n<p>O aplicativo da Faed, FaApp, est\u00e1 dispon\u00edvel para &#8220;instala\u00e7\u00e3o&#8221; nos telefones Iphone e Android.<\/p>\n<p>O aplicativo foi desenvolvido em tecnologia Web e tem como objetivo facilitar o acesso \u00e0s informa\u00e7\u00f5es da Faculdade de Educa\u00e7\u00e3o. Pode ser utilizado, principalmente pelos\/as t\u00e9cnicos\/as, docentes e estudantes da Faed.<\/p>\n<p>O aplicativo n\u00e3o ocupa espa\u00e7o no telefone, necessita apenas de acesso \u00e0 internet, e a para a instala\u00e7\u00e3o, basta <strong>inserir um atalho<\/strong> na Tela de In\u00edcio do smartphone, conforme explica\u00e7\u00e3o a seguir.<\/p>\n<p>&nbsp;<\/p>\n<p><span style=\"font-size: 18px\"><strong>Adicionar a sua tela inicial no Android<\/strong><\/span><\/p>\n<p><em>Com o Google Chrome<\/em><\/p>\n<ol>\n<li>No Google Chrome, acesse <a href=\"https:\/\/faed.ufms.br\/app\/\">https:\/\/faed.ufms.br\/app\/<\/a>\u00a0 e toque no <strong>\u00edcone de tr\u00eas pontos<\/strong>, no canto superior direito da tela<\/li>\n<li>No menu, selecione \u201c<strong>Adicionar \u00e0 tela inicial<\/strong>\u201d<\/li>\n<li>Escolha o t\u00edtulo do atalho e pressione \u201c<strong>Adicionar<\/strong>\u201d<\/li>\n<li>O \u00edcone automaticamente estar\u00e1 na tela inicial.<\/li>\n<\/ol>\n<hr \/>\n<p>&nbsp;<\/p>\n<p><span style=\"font-size: 18px\"><strong>Adicionar a sua tela inicial no Iphone<\/strong><\/span><\/p>\n<p><em>Com o Safari<\/em><\/p>\n<ol>\n<li>No Safari, acesse <a href=\"https:\/\/faed.ufms.br\/app\/\">https:\/\/faed.ufms.br\/app\/<\/a>\u00a0 e toque no<strong> \u00edcone de compartilhamento<\/strong><\/li>\n<li>Escolha a op\u00e7\u00e3o \u201c<strong>Adicionar \u00e0 Tela de In\u00edcio<\/strong>\u201d<\/li>\n<li>Escolha o t\u00edtulo do atalho e pressione \u201c<strong>Adicionar<\/strong>\u201d<\/li>\n<li>O \u00edcone automaticamente estar\u00e1 na tela inicial.<\/li>\n<\/ol>\n<hr \/>\n<p>&nbsp;<\/p>\n<p><a href=\"https:\/\/faed.ufms.br\/app\/\"><img fetchpriority=\"high\" decoding=\"async\" class=\"aligncenter wp-image-12141 size-large\" src=\"https:\/\/faed.ufms.br\/files\/2025\/05\/app_publi-e1747433122676-812x1024.jpg\" alt=\"\" width=\"812\" height=\"1024\" srcset=\"https:\/\/faed.ufms.br\/files\/2025\/05\/app_publi-e1747433122676-812x1024.jpg 812w, https:\/\/faed.ufms.br\/files\/2025\/05\/app_publi-e1747433122676-238x300.jpg 238w, https:\/\/faed.ufms.br\/files\/2025\/05\/app_publi-e1747433122676-768x969.jpg 768w, https:\/\/faed.ufms.br\/files\/2025\/05\/app_publi-e1747433122676-254x320.jpg 254w, https:\/\/faed.ufms.br\/files\/2025\/05\/app_publi-e1747433122676.jpg 1024w\" sizes=\"(max-width: 812px) 100vw, 812px\" \/><\/a><\/p>\n","protected":false},"excerpt":{"rendered":"<p>&nbsp; O aplicativo da Faed, FaApp, est\u00e1 dispon\u00edvel para &#8220;instala\u00e7\u00e3o&#8221; nos telefones Iphone e Android. O aplicativo foi desenvolvido em tecnologia Web e tem como objetivo facilitar o acesso \u00e0s informa\u00e7\u00f5es da Faculdade de Educa\u00e7\u00e3o. Pode ser utilizado, principalmente pelos\/as t\u00e9cnicos\/as, docentes e estudantes da Faed. O aplicativo n\u00e3o ocupa espa\u00e7o no telefone, necessita apenas&#8230;<\/p>\n","protected":false},"author":47,"featured_media":0,"parent":0,"menu_order":0,"comment_status":"closed","ping_status":"closed","template":"","meta":{"_acf_changed":false,"_eb_attr":"","_price":"","_stock":"","_tribe_ticket_header":"","_tribe_default_ticket_provider":"","_tribe_ticket_capacity":"0","_ticket_start_date":"","_ticket_end_date":"","_tribe_ticket_show_description":"","_tribe_ticket_show_not_going":false,"_tribe_ticket_use_global_stock":"","_tribe_ticket_global_stock_level":"","_global_stock_mode":"","_global_stock_cap":"","_tribe_rsvp_for_event":"","_tribe_ticket_going_count":"","_tribe_ticket_not_going_count":"","_tribe_tickets_list":"[]","_tribe_ticket_has_attendee_info_fields":false,"footnotes":"","_tec_slr_enabled":"","_tec_slr_layout":""},"coauthors":[109],"class_list":["post-12139","page","type-page","status-publish","hentry"],"acf":[],"aioseo_notices":[],"ticketed":false,"_links":{"self":[{"href":"https:\/\/faed.ufms.br\/en\/wp-json\/wp\/v2\/pages\/12139","targetHints":{"allow":["GET"]}}],"collection":[{"href":"https:\/\/faed.ufms.br\/en\/wp-json\/wp\/v2\/pages"}],"about":[{"href":"https:\/\/faed.ufms.br\/en\/wp-json\/wp\/v2\/types\/page"}],"author":[{"embeddable":true,"href":"https:\/\/faed.ufms.br\/en\/wp-json\/wp\/v2\/users\/47"}],"replies":[{"embeddable":true,"href":"https:\/\/faed.ufms.br\/en\/wp-json\/wp\/v2\/comments?post=12139"}],"version-history":[{"count":15,"href":"https:\/\/faed.ufms.br\/en\/wp-json\/wp\/v2\/pages\/12139\/revisions"}],"predecessor-version":[{"id":12236,"href":"https:\/\/faed.ufms.br\/en\/wp-json\/wp\/v2\/pages\/12139\/revisions\/12236"}],"wp:attachment":[{"href":"https:\/\/faed.ufms.br\/en\/wp-json\/wp\/v2\/media?parent=12139"}],"wp:term":[{"taxonomy":"author","embeddable":true,"href":"https:\/\/faed.ufms.br\/en\/wp-json\/wp\/v2\/coauthors?post=12139"}],"curies":[{"name":"wp","href":"https:\/\/api.w.org\/{rel}","templated":true}]}}