{"id":12163,"date":"2025-05-14T11:30:19","date_gmt":"2025-05-14T15:30:19","guid":{"rendered":"https:\/\/faed.ufms.br\/?page_id=12163"},"modified":"2025-05-14T11:38:11","modified_gmt":"2025-05-14T15:38:11","slug":"edf-bac","status":"publish","type":"page","link":"https:\/\/faed.ufms.br\/en\/app\/cursos\/edf-bac\/","title":{"rendered":"edf-bac"},"content":{"rendered":"<p style=\"text-align: center\"><span style=\"font-family: 'trebuchet ms', geneva, sans-serif;font-size: 24px\"><a href=\"https:\/\/faed.ufms.br\/app\/\"><img fetchpriority=\"high\" decoding=\"async\" class=\"aligncenter wp-image-11671 size-full\" src=\"https:\/\/faed.ufms.br\/files\/2025\/05\/app-faed.jpg\" alt=\"\" width=\"1134\" height=\"189\" \/><\/a><\/span><\/p>\n<p style=\"text-align: center\"><span style=\"font-family: 'trebuchet ms', geneva, sans-serif;font-size: 21px\"><span style=\"font-family: 'trebuchet ms', geneva, sans-serif;font-size: 12px\"><span style=\"font-family: 'trebuchet ms', geneva, sans-serif\">\u2726 <\/span><\/span>GRADUA\u00c7\u00c3O <span style=\"font-family: 'trebuchet ms', geneva, sans-serif;font-size: 12px\"><span style=\"font-family: 'trebuchet ms', geneva, sans-serif\">\u2726<\/span><\/span><\/span><\/p>\n<p style=\"text-align: center\"><span style=\"font-family: 'trebuchet ms', geneva, sans-serif;font-size: 14px\"><span style=\"font-family: 'trebuchet ms', geneva, sans-serif;font-size: 10px\"><span style=\"font-family: 'trebuchet ms', geneva, sans-serif\">\u2726 <\/span><\/span><span style=\"font-size: 16px\">EDUCA\u00c7\u00c3O F\u00cdSICA &#8211; BACHARELADO<\/span> <span style=\"font-family: 'trebuchet ms', geneva, sans-serif;font-size: 10px\"><span style=\"font-family: 'trebuchet ms', geneva, sans-serif\">\u2726<\/span><\/span><\/span><\/p>\n<p style=\"text-align: center\"><a href=\"https:\/\/faed.ufms.br\/educacao-fisica-bac\/\"><span style=\"font-size: 16px\"><span style=\"font-family: 'trebuchet ms', geneva, sans-serif\"><span style=\"background-color: #e5edff\">SOBRE O CURSO<\/span><\/span><\/span><\/a><\/p>\n<p style=\"text-align: center\"><a href=\"https:\/\/graduacao.ufms.br\/cursos\/3107\/estrutura\"><span style=\"font-size: 14px\"><span style=\"font-family: 'trebuchet ms', geneva, sans-serif\"><span style=\"background-color: #e5edff\">COMPONENTES CURRICULARES<\/span><\/span><\/span><\/a> | <a href=\"https:\/\/graduacao.ufms.br\/cursos\/3107\/matriz\"><span style=\"font-size: 14px\"><span style=\"font-family: 'trebuchet ms', geneva, sans-serif\"><span style=\"background-color: #e5edff\">PR\u00c9-REQUISITOS<\/span><\/span><\/span><\/a><\/p>\n<p style=\"text-align: center\"><a href=\"https:\/\/boletimoficial.ufms.br\/bse\/publicacao?id=476669\"><span style=\"font-family: 'trebuchet ms', geneva, sans-serif;font-size: 16px\"><span style=\"background-color: #e5edff\">PROJETO PEDAG\u00d3GICO DO CURSO (PPC)<\/span><\/span><\/a><\/p>\n<p style=\"text-align: center\"><a href=\"https:\/\/graduacao.ufms.br\/cursos\/3107\/professores\"><span style=\"font-family: 'trebuchet ms', geneva, sans-serif;font-size: 14px\"><span style=\"background-color: #e5edff\">PROFESSORES<\/span><\/span><\/a><\/p>\n<p style=\"text-align: center\"><a href=\"https:\/\/faed.ufms.br\/educacao-fisica\/laboratorios\/\"><span style=\"font-size: 14px\"><span style=\"font-family: 'trebuchet ms', geneva, sans-serif\"><span style=\"background-color: #e5edff\">LABORAT\u00d3RIOS<\/span><\/span><\/span><\/a> | <a href=\"https:\/\/faed.ufms.br\/educacao-fisica-bac\/#ee\"><span style=\"font-size: 14px\"><span style=\"font-family: 'trebuchet ms', geneva, sans-serif\"><span style=\"background-color: #e5edff\">ESPA\u00c7OS ESPORTIVOS<\/span><\/span><\/span><\/a><\/p>\n<p>&nbsp;<\/p>\n<p style=\"text-align: center\"><a href=\"https:\/\/faed.ufms.br\/educacao-fisica-bac\/#coord\"><span style=\"font-size: 16px\"><span style=\"font-family: 'trebuchet ms', geneva, sans-serif\"><span style=\"background-color: #e5edff\">COORDENA\u00c7\u00c3O<\/span><\/span><\/span><\/a> | <a href=\"https:\/\/faed.ufms.br\/educacao-fisica-bac\/colegiado\/\"><span style=\"font-size: 16px\"><span style=\"font-family: 'trebuchet ms', geneva, sans-serif\"><span style=\"background-color: #e5edff\">COLEGIADO<\/span><\/span><\/span><\/a> |\u00a0<a href=\"https:\/\/faed.ufms.br\/educacao-fisica-bac\/#sec\"><span style=\"font-size: 16px\"><span style=\"font-family: 'trebuchet ms', geneva, sans-serif\"><span style=\"background-color: #e5edff\">SECRETARIAS<\/span><\/span><\/span><\/a><\/p>\n<p style=\"text-align: center\"><a href=\"https:\/\/faed.ufms.br\/category\/educacao-fisica\/\"><span style=\"font-family: 'trebuchet ms', geneva, sans-serif;font-size: 14px\"><span style=\"background-color: #e5edff\">NOT\u00cdCIAS DA EDUCA\u00c7\u00c3O F\u00cdSICA<\/span><\/span><\/a><\/p>\n<p>&nbsp;<\/p>\n<p style=\"text-align: center\"><a href=\"https:\/\/faed.ufms.br\/horarios-e-ensalamento\/\"><span style=\"font-size: 14px\"><span style=\"font-family: 'trebuchet ms', geneva, sans-serif\"><span style=\"background-color: #e5edff\">HOR\u00c1RIOS<\/span><\/span><\/span><\/a> | <a href=\"https:\/\/faed.ufms.br\/educacao-fisica\/agenda-de-salas-de-aula\/\"><span style=\"font-size: 14px\"><span style=\"font-family: 'trebuchet ms', geneva, sans-serif\"><span style=\"background-color: #e5edff\">AGENDA DE SALAS<\/span><\/span><\/span><\/a> | <a href=\"https:\/\/faed.ufms.br\/app\/calendario\/\"><span style=\"font-size: 14px\"><span style=\"font-family: 'trebuchet ms', geneva, sans-serif\"><span style=\"background-color: #e5edff\">CALEND\u00c1RIO ACAD.<\/span><\/span><\/span><\/a><\/p>\n<p style=\"text-align: center\"><a href=\"https:\/\/faed.ufms.br\/educacao-fisica\/atividades-de-extensao\/\"><span style=\"font-size: 13px\"><span style=\"font-family: 'trebuchet ms', geneva, sans-serif\"><span style=\"background-color: #e5edff\">ATIV. EXTENS\u00c3O<\/span><\/span><\/span><\/a> | <a href=\"https:\/\/faed.ufms.br\/educacao-fisica\/atividades-complementares\/\"><span style=\"font-size: 13px\"><span style=\"font-family: 'trebuchet ms', geneva, sans-serif\"><span style=\"background-color: #e5edff\">ATIV. COMPLEMENTARES<\/span><\/span><\/span><\/a> | <a href=\"https:\/\/faed.ufms.br\/educacao-fisica\/atividades-orientadas-de-ensino\/\"><span style=\"font-size: 13px\"><span style=\"font-family: 'trebuchet ms', geneva, sans-serif\"><span style=\"background-color: #e5edff\">ATIV. ENSINO<\/span><\/span><\/span><\/a><\/p>\n<p style=\"text-align: center\"><a href=\"https:\/\/faed.ufms.br\/educacao-fisica-bac\/estagios\/\"><span style=\"font-size: 14px\"><span style=\"font-family: 'trebuchet ms', geneva, sans-serif\"><span style=\"background-color: #e5edff\">EST\u00c1GIOS<\/span><\/span><\/span><\/a> | <a href=\"https:\/\/faed.ufms.br\/educacao-fisica-bac\/coe\/\"><span style=\"font-size: 14px\"><span style=\"font-family: 'trebuchet ms', geneva, sans-serif\"><span style=\"background-color: #e5edff\">COE<\/span><\/span><\/span><\/a> | <a href=\"https:\/\/faed.ufms.br\/educacao-fisica\/tcc\/\"><span style=\"font-size: 14px\"><span style=\"font-family: 'trebuchet ms', geneva, sans-serif\"><span style=\"background-color: #e5edff\">TCC<\/span><\/span><\/span><\/a> | <a href=\"https:\/\/faed.ufms.br\/educacao-fisica\/nde\/\"><span style=\"font-size: 14px\"><span style=\"font-family: 'trebuchet ms', geneva, sans-serif\"><span style=\"background-color: #e5edff\">NDE<\/span><\/span><\/span><\/a> | <a href=\"https:\/\/faed.ufms.br\/egressos\/educacao-fisica\/\"><span style=\"font-size: 14px\"><span style=\"font-family: 'trebuchet ms', geneva, sans-serif\"><span style=\"background-color: #e5edff\"><span style=\"font-family: 'trebuchet ms', geneva, sans-serif;font-size: 14px\">EGRESSOS<\/span><\/span><\/span><\/span><\/a><\/p>\n<p>&nbsp;<\/p>\n<table style=\"width: 100%;height: 10px\" border=\"0\" width=\"100%\" cellspacing=\"0\" cellpadding=\"0\">\n<colgroup>\n<col width=\"20%\" \/> <\/colgroup>\n<colgroup>\n<col width=\"20%\" \/><\/colgroup>\n<colgroup>\n<col width=\"20%\" \/><\/colgroup>\n<tbody>\n<tr style=\"height: 30px\">\n<td class=\"xl67\" style=\"width: 20%;height: 30px;text-align: center\" width=\"114\"><a href=\"https:\/\/faed.ufms.br\/app\/pgd\/\"><img decoding=\"async\" class=\"aligncenter wp-image-11785\" src=\"https:\/\/faed.ufms.br\/files\/2025\/05\/pgd.png\" alt=\"\" width=\"46\" height=\"60\" \/><\/a><\/td>\n<td class=\"xl67\" style=\"width: 20%;height: 10px;text-align: center\" width=\"114\"><a href=\"https:\/\/faed.ufms.br\/app\/calendario\/\"><img decoding=\"async\" class=\"aligncenter wp-image-11781\" src=\"https:\/\/faed.ufms.br\/files\/2025\/05\/calendar.png\" alt=\"\" width=\"47\" height=\"60\" \/><\/a><\/td>\n<td class=\"xl67\" style=\"width: 20%;height: 10px;text-align: center\" width=\"114\"><a href=\"https:\/\/faed.ufms.br\/app\/\"><img loading=\"lazy\" decoding=\"async\" class=\"aligncenter wp-image-11797\" src=\"https:\/\/faed.ufms.br\/files\/2025\/05\/home2.png\" alt=\"\" width=\"57\" height=\"85\" \/><\/a><\/td>\n<td class=\"xl67\" style=\"width: 20%;height: 10px;text-align: center\" width=\"114\"><a href=\"https:\/\/faed.ufms.br\/app\/localizacao\/\"><img loading=\"lazy\" decoding=\"async\" class=\"aligncenter wp-image-11784\" src=\"https:\/\/faed.ufms.br\/files\/2025\/05\/loc.png\" alt=\"\" width=\"46\" height=\"60\" \/><\/a><\/td>\n<td class=\"xl67\" style=\"width: 20%;height: 10px;text-align: center\" width=\"114\"><a href=\"https:\/\/faed.ufms.br\/app\/faapp\/\"><img loading=\"lazy\" decoding=\"async\" class=\"aligncenter wp-image-11782\" src=\"https:\/\/faed.ufms.br\/files\/2025\/05\/faepp.png\" alt=\"\" width=\"45\" height=\"60\" \/><\/a><\/td>\n<\/tr>\n<\/tbody>\n<\/table>\n<p style=\"text-align: center\"><img loading=\"lazy\" decoding=\"async\" class=\"aligncenter size-full wp-image-11795\" src=\"https:\/\/faed.ufms.br\/files\/2025\/05\/base.jpg\" alt=\"\" width=\"1293\" height=\"32\" srcset=\"https:\/\/faed.ufms.br\/files\/2025\/05\/base.jpg 1293w, https:\/\/faed.ufms.br\/files\/2025\/05\/base-300x7.jpg 300w, https:\/\/faed.ufms.br\/files\/2025\/05\/base-1024x25.jpg 1024w, https:\/\/faed.ufms.br\/files\/2025\/05\/base-768x19.jpg 768w, https:\/\/faed.ufms.br\/files\/2025\/05\/base-730x18.jpg 730w\" sizes=\"(max-width: 1293px) 100vw, 1293px\" \/><\/p>\n","protected":false},"excerpt":{"rendered":"<p>\u2726 GRADUA\u00c7\u00c3O \u2726 \u2726 EDUCA\u00c7\u00c3O F\u00cdSICA &#8211; BACHARELADO \u2726 SOBRE O CURSO COMPONENTES CURRICULARES | PR\u00c9-REQUISITOS PROJETO PEDAG\u00d3GICO DO CURSO (PPC) PROFESSORES LABORAT\u00d3RIOS | ESPA\u00c7OS ESPORTIVOS &nbsp; COORDENA\u00c7\u00c3O | COLEGIADO |\u00a0SECRETARIAS NOT\u00cdCIAS DA EDUCA\u00c7\u00c3O F\u00cdSICA &nbsp; HOR\u00c1RIOS | AGENDA DE SALAS | CALEND\u00c1RIO ACAD. ATIV. EXTENS\u00c3O | ATIV. COMPLEMENTARES | ATIV. ENSINO EST\u00c1GIOS | COE&#8230;<\/p>\n","protected":false},"author":47,"featured_media":0,"parent":11611,"menu_order":0,"comment_status":"closed","ping_status":"closed","template":"elementor_canvas","meta":{"_acf_changed":false,"_eb_attr":"","_price":"","_stock":"","_tribe_ticket_header":"","_tribe_default_ticket_provider":"","_tribe_ticket_capacity":"0","_ticket_start_date":"","_ticket_end_date":"","_tribe_ticket_show_description":"","_tribe_ticket_show_not_going":false,"_tribe_ticket_use_global_stock":"","_tribe_ticket_global_stock_level":"","_global_stock_mode":"","_global_stock_cap":"","_tribe_rsvp_for_event":"","_tribe_ticket_going_count":"","_tribe_ticket_not_going_count":"","_tribe_tickets_list":"[]","_tribe_ticket_has_attendee_info_fields":false,"footnotes":"","_tec_slr_enabled":"","_tec_slr_layout":""},"coauthors":[109],"class_list":["post-12163","page","type-page","status-publish","hentry"],"acf":[],"aioseo_notices":[],"ticketed":false,"_links":{"self":[{"href":"https:\/\/faed.ufms.br\/en\/wp-json\/wp\/v2\/pages\/12163","targetHints":{"allow":["GET"]}}],"collection":[{"href":"https:\/\/faed.ufms.br\/en\/wp-json\/wp\/v2\/pages"}],"about":[{"href":"https:\/\/faed.ufms.br\/en\/wp-json\/wp\/v2\/types\/page"}],"author":[{"embeddable":true,"href":"https:\/\/faed.ufms.br\/en\/wp-json\/wp\/v2\/users\/47"}],"replies":[{"embeddable":true,"href":"https:\/\/faed.ufms.br\/en\/wp-json\/wp\/v2\/comments?post=12163"}],"version-history":[{"count":4,"href":"https:\/\/faed.ufms.br\/en\/wp-json\/wp\/v2\/pages\/12163\/revisions"}],"predecessor-version":[{"id":12169,"href":"https:\/\/faed.ufms.br\/en\/wp-json\/wp\/v2\/pages\/12163\/revisions\/12169"}],"up":[{"embeddable":true,"href":"https:\/\/faed.ufms.br\/en\/wp-json\/wp\/v2\/pages\/11611"}],"wp:attachment":[{"href":"https:\/\/faed.ufms.br\/en\/wp-json\/wp\/v2\/media?parent=12163"}],"wp:term":[{"taxonomy":"author","embeddable":true,"href":"https:\/\/faed.ufms.br\/en\/wp-json\/wp\/v2\/coauthors?post=12163"}],"curies":[{"name":"wp","href":"https:\/\/api.w.org\/{rel}","templated":true}]}}