{"id":12334,"date":"2025-05-27T17:06:32","date_gmt":"2025-05-27T21:06:32","guid":{"rendered":"https:\/\/faed.ufms.br\/?page_id=12334"},"modified":"2025-05-27T17:57:25","modified_gmt":"2025-05-27T21:57:25","slug":"producao","status":"publish","type":"page","link":"https:\/\/faed.ufms.br\/en\/docente\/producao\/","title":{"rendered":"Produ\u00e7\u00e3o Intelectual Docente"},"content":{"rendered":"<p><strong>Produ\u00e7\u00e3o Intelectual no Reposit\u00f3rio Institucional da UFMS<\/strong><\/p>\n<p><img fetchpriority=\"high\" decoding=\"async\" class=\"aligncenter size-full wp-image-12408\" src=\"https:\/\/faed.ufms.br\/files\/2025\/05\/estanteufms.jpg\" alt=\"\" width=\"1948\" height=\"753\" srcset=\"https:\/\/faed.ufms.br\/files\/2025\/05\/estanteufms.jpg 1948w, https:\/\/faed.ufms.br\/files\/2025\/05\/estanteufms-300x116.jpg 300w, https:\/\/faed.ufms.br\/files\/2025\/05\/estanteufms-1024x396.jpg 1024w, https:\/\/faed.ufms.br\/files\/2025\/05\/estanteufms-768x297.jpg 768w, https:\/\/faed.ufms.br\/files\/2025\/05\/estanteufms-1536x594.jpg 1536w, https:\/\/faed.ufms.br\/files\/2025\/05\/estanteufms-730x282.jpg 730w\" sizes=\"(max-width: 1948px) 100vw, 1948px\" \/><\/p>\n<p><span style=\"font-size: 8pt\">FONTE: <a href=\"https:\/\/boletimoficial.ufms.br\/bse\/publicacao?id=408704\">RESOLU\u00c7\u00c3O N\u00ba 67-COUN\/UFMS, DE 12 DE NOVEMBRO DE 2020<\/a><\/span><\/p>\n<p>Entende-se como produ\u00e7\u00e3o intelectual a produ\u00e7\u00e3o acad\u00eamica, cient\u00edfica, tecnol\u00f3gica, art\u00edstica e cultural da Universidade; e livro, entrevista, palestra, trabalho t\u00e9cnico, tradu\u00e7\u00e3o, projeto arquitet\u00f4nico, projeto paisag\u00edsco, projeto urban\u00edsco, cap\u00edtulo de livro, apostila, tese, tese de c\u00e1tedra\/livre doc\u00eancia, disserta\u00e7\u00e3o de mestrado acad\u00eamico, disserta\u00e7\u00e3o\/trabalho de conclus\u00e3o de curso de mestrado profissional, trabalho de conclus\u00e3o de curso de ensino profissional, texto de exame de qualifica\u00e7\u00e3o, artigo publicado em peri\u00f3dico indexado estrangeiro, artigo publicado em peri\u00f3dico n\u00e3o indexado estrangeiro, artigo publicado em peri\u00f3dico indexado nacional, artigo publicado em peri\u00f3dico n\u00e3o indexado nacional, trabalho ou comunica\u00e7\u00e3o apresentada em eventos cient\u00edficos, tecnol\u00f3gicos, art\u00edsticos e culturais realizado no pa\u00eds, arquivo de computador, trabalho ou comunica\u00e7\u00e3o apresentada em eventos cient\u00edficos, tecnol\u00f3gicos, art\u00edsticos e culturais fora do pa\u00eds, material cartogr\u00e1fico, relat\u00f3rio t\u00e9cnico e de pesquisa, documento administrativo\/de planejamento, trabalho de conclus\u00e3o de curso de especializa\u00e7\u00e3o, trabalho de conclus\u00e3o de curso de gradua\u00e7\u00e3o, recurso educacional, artigo de divulga\u00e7\u00e3o, regulamento administravo, cat\u00e1logo de cursos de gradua\u00e7\u00e3o, p\u00f3s-gradua\u00e7\u00e3o, extens\u00e3o, resenha, cat\u00e1logo de evento, peri\u00f3dico, texto de apresenta\u00e7\u00e3o\/encerramento (exceto para cat\u00e1logo art\u00edstico), texto de apresenta\u00e7\u00e3o em cat\u00e1logo art\u00edstico, patente, m\u00fasica, verbete, material gr\u00e1fico ou visual e outros documentos.<\/p>\n","protected":false},"excerpt":{"rendered":"<p>Produ\u00e7\u00e3o Intelectual no Reposit\u00f3rio Institucional da UFMS FONTE: RESOLU\u00c7\u00c3O N\u00ba 67-COUN\/UFMS, DE 12 DE NOVEMBRO DE 2020 Entende-se como produ\u00e7\u00e3o intelectual a produ\u00e7\u00e3o acad\u00eamica, cient\u00edfica, tecnol\u00f3gica, art\u00edstica e cultural da Universidade; e livro, entrevista, palestra, trabalho t\u00e9cnico, tradu\u00e7\u00e3o, projeto arquitet\u00f4nico, projeto paisag\u00edsco, projeto urban\u00edsco, cap\u00edtulo de livro, apostila, tese, tese de c\u00e1tedra\/livre doc\u00eancia, disserta\u00e7\u00e3o de&#8230;<\/p>\n","protected":false},"author":47,"featured_media":0,"parent":10713,"menu_order":0,"comment_status":"closed","ping_status":"closed","template":"page-templates\/page-coordenadorias.php","meta":{"_acf_changed":false,"_eb_attr":"","_price":"","_stock":"","_tribe_ticket_header":"","_tribe_default_ticket_provider":"","_tribe_ticket_capacity":"0","_ticket_start_date":"","_ticket_end_date":"","_tribe_ticket_show_description":"","_tribe_ticket_show_not_going":false,"_tribe_ticket_use_global_stock":"","_tribe_ticket_global_stock_level":"","_global_stock_mode":"","_global_stock_cap":"","_tribe_rsvp_for_event":"","_tribe_ticket_going_count":"","_tribe_ticket_not_going_count":"","_tribe_tickets_list":"[]","_tribe_ticket_has_attendee_info_fields":false,"footnotes":"","_tec_slr_enabled":"","_tec_slr_layout":""},"coauthors":[109],"class_list":["post-12334","page","type-page","status-publish","hentry"],"acf":[],"aioseo_notices":[],"ticketed":false,"_links":{"self":[{"href":"https:\/\/faed.ufms.br\/en\/wp-json\/wp\/v2\/pages\/12334","targetHints":{"allow":["GET"]}}],"collection":[{"href":"https:\/\/faed.ufms.br\/en\/wp-json\/wp\/v2\/pages"}],"about":[{"href":"https:\/\/faed.ufms.br\/en\/wp-json\/wp\/v2\/types\/page"}],"author":[{"embeddable":true,"href":"https:\/\/faed.ufms.br\/en\/wp-json\/wp\/v2\/users\/47"}],"replies":[{"embeddable":true,"href":"https:\/\/faed.ufms.br\/en\/wp-json\/wp\/v2\/comments?post=12334"}],"version-history":[{"count":4,"href":"https:\/\/faed.ufms.br\/en\/wp-json\/wp\/v2\/pages\/12334\/revisions"}],"predecessor-version":[{"id":12409,"href":"https:\/\/faed.ufms.br\/en\/wp-json\/wp\/v2\/pages\/12334\/revisions\/12409"}],"up":[{"embeddable":true,"href":"https:\/\/faed.ufms.br\/en\/wp-json\/wp\/v2\/pages\/10713"}],"wp:attachment":[{"href":"https:\/\/faed.ufms.br\/en\/wp-json\/wp\/v2\/media?parent=12334"}],"wp:term":[{"taxonomy":"author","embeddable":true,"href":"https:\/\/faed.ufms.br\/en\/wp-json\/wp\/v2\/coauthors?post=12334"}],"curies":[{"name":"wp","href":"https:\/\/api.w.org\/{rel}","templated":true}]}}