{"id":12654,"date":"2025-07-25T11:29:17","date_gmt":"2025-07-25T15:29:17","guid":{"rendered":"https:\/\/faed.ufms.br\/?page_id=12654"},"modified":"2025-08-13T11:18:17","modified_gmt":"2025-08-13T15:18:17","slug":"2025-100-progep","status":"publish","type":"page","link":"https:\/\/faed.ufms.br\/en\/editais\/2025-100-progep\/","title":{"rendered":"Professor Substituto &#8211; 2\u00ba semestre letivo do ano de 2025"},"content":{"rendered":"<p><span style=\"font-family: helvetica, arial, sans-serif\"><strong><span style=\"font-size: 14pt\"><span style=\"font-family: helvetica, arial, sans-serif;color: #808080;font-size: 12pt\">EDITAL 100 (PROGEP)<\/span><br \/>\nSele\u00e7\u00e3o de Professor Substituto, Matem\u00e1tica: Probabilidade e Estat\u00edtisca<\/span><\/strong><\/span><\/p>\n<p><span style=\"font-family: helvetica, arial, sans-serif;font-size: 12pt\"><em>Processo Seletivo de candidatos a Professor Substituto, para o 2\u00ba semestre letivo do ano de 2025. Matem\u00e1tica<\/em><\/span><\/p>\n<p><span style=\"font-family: helvetica, arial, sans-serif;font-size: 10pt\"><span style=\"font-size: 12pt\"><strong>Informa\u00e7\u00f5es e inscri\u00e7\u00f5es:<\/strong><\/span>\u00a0<a href=\"https:\/\/boletimoficial.ufms.br\/bse\/publicacao?id=565606\">EDITAL N\u00ba 100 \u2013 PROGEP\/UFMS<\/a>; e\u00a0<a href=\"https:\/\/boletimoficial.ufms.br\/bse\/publicacao?id=566270\">EDITAL N\u00ba 7 \u2013 FAED\/UFMS<\/a><\/span><br \/>\n<span style=\"font-family: helvetica, arial, sans-serif;font-size: 12pt\"><strong>Per\u00edodo de inscri\u00e7\u00f5es: <\/strong>25 a 28\/07\/2025<\/span><br \/>\n<span style=\"font-family: helvetica, arial, sans-serif;font-size: 10pt\"><span style=\"font-size: 12pt\"><strong>Local de inscri\u00e7\u00f5es:<\/strong><\/span>\u00a0<a href=\"http:\/\/www.concursos.ufms.br\/\">www.concursos.ufms.br<\/a><\/span><\/p>\n<ul>\n<li><a href=\"https:\/\/boletimoficial.ufms.br\/bse\/publicacao?id=568494\"><span style=\"font-family: helvetica, arial, sans-serif;font-size: 10pt\">Resultado preliminar das provas: <em>EDITAL N\u00ba 115 &#8211; PROGEP\/UFMS<\/em><\/span><\/a><\/li>\n<li><a href=\"https:\/\/boletimoficial.ufms.br\/bse\/publicacao?id=568937\"><span style=\"font-family: helvetica, arial, sans-serif\"><strong><span style=\"font-size: 10pt\">Resultado final das provas: EDITAL N\u00ba 121 &#8211; PROGEP\/UFMS<\/span><\/strong><\/span><\/a><\/li>\n<\/ul>\n<p><span style=\"font-family: helvetica, arial, sans-serif;font-size: 10pt\"><strong>Editais<\/strong><\/span><\/p>\n<ul>\n<li><span style=\"font-family: helvetica, arial, sans-serif;font-size: 10pt\"><a href=\"https:\/\/boletimoficial.ufms.br\/bse\/publicacao?id=565606\"><em>EDITAL N\u00ba 100 \u2013 PROGEP\/UFMS, DE 17 DE JULHO DE 2025: Informa\u00e7\u00f5es gerais e cronograma (18\/07\/2025)<\/em><\/a><\/span><\/li>\n<li><span style=\"font-family: helvetica, arial, sans-serif;font-size: 10pt\"><a href=\"https:\/\/boletimoficial.ufms.br\/bse\/publicacao?id=566270\"><em>EDITAL N\u00ba. 7, DE 23 DE JULHO DE 2025: Informa\u00e7\u00f5es complementares e abertura das inscri\u00e7\u00f5es (24\/07\/2025)<\/em><\/a><\/span><\/li>\n<li><a href=\"https:\/\/boletimoficial.ufms.br\/bse\/publicacao?id=567369\"><em><span style=\"font-family: helvetica, arial, sans-serif;font-size: 10pt\">EDITAL N\u00ba. 8, DE 30 DE JULHO DE 2025: Inscri\u00e7\u00f5es Recebidas (31\/07\/2025)<\/span><\/em><\/a><\/li>\n<li><a href=\"https:\/\/boletimoficial.ufms.br\/bse\/publicacao?id=568494\"><span style=\"font-family: helvetica, arial, sans-serif\"><em><span style=\"font-size: 10pt\">EDITAL N\u00ba 115 &#8211; PROGEP\/UFMS, DE 8 DE AGOSTO DE 2025:<\/span><\/em><em><span style=\"font-size: 10pt\"> Resultado preliminar das provas (11\/08\/2025)<\/span><\/em><\/span><\/a><\/li>\n<li><a href=\"https:\/\/boletimoficial.ufms.br\/bse\/publicacao?id=568937\"><span style=\"font-family: helvetica, arial, sans-serif\"><em><strong><span style=\"font-size: 10pt\">EDITAL N\u00ba 121 &#8211; PROGEP\/UFMS, DE 12 DE AGOSTO DE 2025:<\/span><\/strong><\/em><em><strong><span style=\"font-size: 10pt\"> Resultado final das provas (13\/08\/2025)<\/span><\/strong><\/em><\/span><\/a><\/li>\n<\/ul>\n<p><span style=\"font-family: helvetica, arial, sans-serif;font-size: 10pt\"><strong>Atas<\/strong><\/span><\/p>\n<ul>\n<li><a href=\"https:\/\/faed.ufms.br\/files\/2025\/08\/ATA-No-01-Analise-de-recursos.pdf\"><em><span style=\"font-family: helvetica, arial, sans-serif;font-size: 10pt\">ATA &#8211; AN\u00c1LISE DE RECURSOS (30\/07\/2025)<\/span><\/em><\/a><\/li>\n<li><a href=\"https:\/\/faed.ufms.br\/files\/2025\/08\/ATA-No-02-SORTEIO-DO-TEMA-DA-PROVA-DIDATICA.pdf\"><em><span style=\"font-family: helvetica, arial, sans-serif;font-size: 10pt\">ATA &#8211; SORTEIO DO TEMA DA PROVA DID\u00c1TICA (01\/08\/2025)<\/span><\/em><\/a><\/li>\n<li><a href=\"https:\/\/faed.ufms.br\/files\/2025\/08\/ATA-No-01-AVALIACAO-DA-PROVA-ESCRITA.pdf\"><em><span style=\"font-family: helvetica, arial, sans-serif;font-size: 10pt\">ATA &#8211; AVALIA\u00c7\u00c3O DA PROVA ESCRITA (01\/08\/2025)<\/span><\/em><\/a><\/li>\n<li><a href=\"https:\/\/faed.ufms.br\/files\/2025\/08\/Resultado-final-Selecao-Substituto-Educacao-do-Campo.pdf\"><em><span style=\"font-family: helvetica, arial, sans-serif;font-size: 10pt\">QUADRO GERAL DE N0TAS (07\/08\/2025)<\/span><\/em><\/a><\/li>\n<li><a href=\"https:\/\/faed.ufms.br\/files\/2025\/08\/Ata-final-Selecao-Substituto-Educacao-do-Campo.pdf\"><em><span style=\"font-family: helvetica, arial, sans-serif;font-size: 10pt\">ATA FINAL (07\/08\/2025)<\/span><\/em><\/a><\/li>\n<\/ul>\n<p><span style=\"font-family: helvetica, arial, sans-serif;font-size: 10pt\"><strong>Portarias<\/strong><\/span><\/p>\n<ul>\n<li><a href=\"https:\/\/boletimoficial.ufms.br\/bse\/publicacao?id=565778\"><span style=\"font-family: helvetica, arial, sans-serif;font-size: 10pt\"><em>PORTARIA N\u00ba 100-FAED\/UFMS, DE 18 DE JULHO DE 2025 &#8211; Designa\u00e7\u00e3o Comiss\u00e3o Especial (18\/07\/2025)<\/em><\/span><\/a><\/li>\n<li><a href=\"https:\/\/boletimoficial.ufms.br\/bse\/publicacao?id=567757\"><span style=\"font-family: helvetica, arial, sans-serif;font-size: 10pt\"><em>PORTARIA N\u00ba 109-FAED\/UFMS, DE 5 DE AGOSTO DE 2025 &#8211; Composi\u00e7\u00e3o Comiss\u00e3o Especial (05\/08\/2025)<\/em><\/span><\/a><\/li>\n<\/ul>\n","protected":false},"excerpt":{"rendered":"<p>EDITAL 100 (PROGEP) Sele\u00e7\u00e3o de Professor Substituto, Matem\u00e1tica: Probabilidade e Estat\u00edtisca Processo Seletivo de candidatos a Professor Substituto, para o 2\u00ba semestre letivo do ano de 2025. Matem\u00e1tica Informa\u00e7\u00f5es e inscri\u00e7\u00f5es:\u00a0EDITAL N\u00ba 100 \u2013 PROGEP\/UFMS; e\u00a0EDITAL N\u00ba 7 \u2013 FAED\/UFMS Per\u00edodo de inscri\u00e7\u00f5es: 25 a 28\/07\/2025 Local de inscri\u00e7\u00f5es:\u00a0www.concursos.ufms.br Resultado preliminar das provas: EDITAL N\u00ba&#8230;<\/p>\n","protected":false},"author":47,"featured_media":0,"parent":9204,"menu_order":0,"comment_status":"closed","ping_status":"closed","template":"page-templates\/page-coordenadorias.php","meta":{"_acf_changed":false,"_eb_attr":"","_price":"","_stock":"","_tribe_ticket_header":"","_tribe_default_ticket_provider":"","_tribe_ticket_capacity":"0","_ticket_start_date":"","_ticket_end_date":"","_tribe_ticket_show_description":"","_tribe_ticket_show_not_going":false,"_tribe_ticket_use_global_stock":"","_tribe_ticket_global_stock_level":"","_global_stock_mode":"","_global_stock_cap":"","_tribe_rsvp_for_event":"","_tribe_ticket_going_count":"","_tribe_ticket_not_going_count":"","_tribe_tickets_list":"[]","_tribe_ticket_has_attendee_info_fields":false,"footnotes":"","_tec_slr_enabled":"","_tec_slr_layout":""},"coauthors":[109],"class_list":["post-12654","page","type-page","status-publish","hentry"],"acf":[],"aioseo_notices":[],"ticketed":false,"_links":{"self":[{"href":"https:\/\/faed.ufms.br\/en\/wp-json\/wp\/v2\/pages\/12654","targetHints":{"allow":["GET"]}}],"collection":[{"href":"https:\/\/faed.ufms.br\/en\/wp-json\/wp\/v2\/pages"}],"about":[{"href":"https:\/\/faed.ufms.br\/en\/wp-json\/wp\/v2\/types\/page"}],"author":[{"embeddable":true,"href":"https:\/\/faed.ufms.br\/en\/wp-json\/wp\/v2\/users\/47"}],"replies":[{"embeddable":true,"href":"https:\/\/faed.ufms.br\/en\/wp-json\/wp\/v2\/comments?post=12654"}],"version-history":[{"count":15,"href":"https:\/\/faed.ufms.br\/en\/wp-json\/wp\/v2\/pages\/12654\/revisions"}],"predecessor-version":[{"id":12692,"href":"https:\/\/faed.ufms.br\/en\/wp-json\/wp\/v2\/pages\/12654\/revisions\/12692"}],"up":[{"embeddable":true,"href":"https:\/\/faed.ufms.br\/en\/wp-json\/wp\/v2\/pages\/9204"}],"wp:attachment":[{"href":"https:\/\/faed.ufms.br\/en\/wp-json\/wp\/v2\/media?parent=12654"}],"wp:term":[{"taxonomy":"author","embeddable":true,"href":"https:\/\/faed.ufms.br\/en\/wp-json\/wp\/v2\/coauthors?post=12654"}],"curies":[{"name":"wp","href":"https:\/\/api.w.org\/{rel}","templated":true}]}}