{"id":12681,"date":"2025-07-31T14:55:18","date_gmt":"2025-07-31T18:55:18","guid":{"rendered":"https:\/\/faed.ufms.br\/?page_id=12681"},"modified":"2025-08-29T09:06:44","modified_gmt":"2025-08-29T13:06:44","slug":"2025-417-proece","status":"publish","type":"page","link":"https:\/\/faed.ufms.br\/en\/editais\/2025-417-proece\/","title":{"rendered":"Curso de Extens\u00e3o Construindo Caminhos: A\u00e7\u00f5es e Desafios do Atendimento Educacional Especializado nos primeiros anos da Educa\u00e7\u00e3o B\u00e1sica &#8211; Inscri\u00e7\u00f5es"},"content":{"rendered":"<p><span style=\"font-size: 14pt\"><strong><span style=\"font-family: helvetica, arial, sans-serif;color: #808080;font-size: 12pt\">EDITAL 417 (PROECE)<br \/>\n<\/span><\/strong><\/span><span style=\"font-size: 14pt\"><strong><span style=\"font-family: helvetica, arial, sans-serif;color: #000000\">Abertura de inscri\u00e7\u00f5es<\/span><\/strong><\/span><\/p>\n<p><em><span style=\"font-family: helvetica, arial, sans-serif\">Processo de inscri\u00e7\u00e3o aos interessados na realiza\u00e7\u00e3o do Curso de Extens\u00e3o Construindo Caminhos: A\u00e7\u00f5es e Desafios do Atendimento Educacional Especializado nos primeiros anos da Educa\u00e7\u00e3o B\u00e1sica<\/span><\/em><\/p>\n<p><span style=\"font-family: helvetica, arial, sans-serif\"><strong>Informa\u00e7\u00f5es e inscri\u00e7\u00f5es:<\/strong> <a href=\"https:\/\/boletimoficial.ufms.br\/bse\/publicacao?id=567171\">EDITAL N\u00ba 417\/2025 &#8211; PROECE\/UFMS<\/a><br \/>\n<strong>Per\u00edodo de inscri\u00e7\u00f5es:<\/strong> 31\/07 a 19\/08\/2025<br \/>\n<strong>Local de inscri\u00e7\u00f5es:<\/strong> <a href=\"https:\/\/faed.ufms.br\/inscricao-para-curso-de-extensao-construindo-caminhos-acoes-e-desafios-do-aee\/\">https:\/\/faed.ufms.br\/inscricao-para-curso-de-extensao-construindo-caminhos-acoes-e-desafios-do-aee\/<\/a><br \/>\n<\/span><\/p>\n<p><span style=\"font-family: helvetica, arial, sans-serif\"><strong>Editais<\/strong><\/span><\/p>\n<ul>\n<li><a href=\"https:\/\/boletimoficial.ufms.br\/bse\/publicacao?id=567171\"><span style=\"font-family: helvetica, arial, sans-serif\">EDITAL N\u00ba 417\/2025 &#8211; PROECE\/UFMS, DE 31 DE JULHO DE 2025: Informa\u00e7\u00f5es gerais e cronograma (31\/07\/2025)<\/span><\/a><\/li>\n<li><a href=\"https:\/\/boletimoficial.ufms.br\/bse\/publicacao?id=570097\">EDITAL N\u00ba 480\/2025 \u2013 PROECE\/UFMS, 22\/08\/2025 , torna p\u00fablico o Resultado Final da sele\u00e7\u00e3o de candidatos para o Curso de Extens\u00e3o \u2013 Construindo Caminhos: A\u00e7\u00f5es e Desafios do Atendimento Educacional Especializado nos primeiros anos da Educa\u00e7\u00e3o B\u00e1sica<\/a><\/li>\n<li><a href=\"https:\/\/boletimoficial.ufms.br\/bse\/publicacao?id=570878\">EDITAL N\u00ba 500\/2025- PROECE\/UFMS, 28\/08\/2025, torna p\u00fablica a 2\u00aa Chamada da sele\u00e7\u00e3o de candidatos para o Curso de Extens\u00e3o \u2013 Construindo Caminhos: A\u00e7\u00f5es e Desafios do Atendimento Educacional Especializado nos primeiros anos da Educa\u00e7\u00e3o B\u00e1sica<\/a><\/li>\n<\/ul>\n","protected":false},"excerpt":{"rendered":"<p>EDITAL 417 (PROECE) Abertura de inscri\u00e7\u00f5es Processo de inscri\u00e7\u00e3o aos interessados na realiza\u00e7\u00e3o do Curso de Extens\u00e3o Construindo Caminhos: A\u00e7\u00f5es e Desafios do Atendimento Educacional Especializado nos primeiros anos da Educa\u00e7\u00e3o B\u00e1sica Informa\u00e7\u00f5es e inscri\u00e7\u00f5es: EDITAL N\u00ba 417\/2025 &#8211; PROECE\/UFMS Per\u00edodo de inscri\u00e7\u00f5es: 31\/07 a 19\/08\/2025 Local de inscri\u00e7\u00f5es: https:\/\/faed.ufms.br\/inscricao-para-curso-de-extensao-construindo-caminhos-acoes-e-desafios-do-aee\/ Editais EDITAL N\u00ba 417\/2025 &#8211;&#8230;<\/p>\n","protected":false},"author":47,"featured_media":0,"parent":9204,"menu_order":0,"comment_status":"closed","ping_status":"closed","template":"page-templates\/page-coordenadorias.php","meta":{"_acf_changed":false,"_eb_attr":"","_price":"","_stock":"","_tribe_ticket_header":"","_tribe_default_ticket_provider":"","_tribe_ticket_capacity":"0","_ticket_start_date":"","_ticket_end_date":"","_tribe_ticket_show_description":"","_tribe_ticket_show_not_going":false,"_tribe_ticket_use_global_stock":"","_tribe_ticket_global_stock_level":"","_global_stock_mode":"","_global_stock_cap":"","_tribe_rsvp_for_event":"","_tribe_ticket_going_count":"","_tribe_ticket_not_going_count":"","_tribe_tickets_list":"[]","_tribe_ticket_has_attendee_info_fields":false,"footnotes":"","_tec_slr_enabled":"","_tec_slr_layout":""},"coauthors":[109],"class_list":["post-12681","page","type-page","status-publish","hentry"],"acf":[],"aioseo_notices":[],"ticketed":false,"_links":{"self":[{"href":"https:\/\/faed.ufms.br\/en\/wp-json\/wp\/v2\/pages\/12681","targetHints":{"allow":["GET"]}}],"collection":[{"href":"https:\/\/faed.ufms.br\/en\/wp-json\/wp\/v2\/pages"}],"about":[{"href":"https:\/\/faed.ufms.br\/en\/wp-json\/wp\/v2\/types\/page"}],"author":[{"embeddable":true,"href":"https:\/\/faed.ufms.br\/en\/wp-json\/wp\/v2\/users\/47"}],"replies":[{"embeddable":true,"href":"https:\/\/faed.ufms.br\/en\/wp-json\/wp\/v2\/comments?post=12681"}],"version-history":[{"count":15,"href":"https:\/\/faed.ufms.br\/en\/wp-json\/wp\/v2\/pages\/12681\/revisions"}],"predecessor-version":[{"id":12837,"href":"https:\/\/faed.ufms.br\/en\/wp-json\/wp\/v2\/pages\/12681\/revisions\/12837"}],"up":[{"embeddable":true,"href":"https:\/\/faed.ufms.br\/en\/wp-json\/wp\/v2\/pages\/9204"}],"wp:attachment":[{"href":"https:\/\/faed.ufms.br\/en\/wp-json\/wp\/v2\/media?parent=12681"}],"wp:term":[{"taxonomy":"author","embeddable":true,"href":"https:\/\/faed.ufms.br\/en\/wp-json\/wp\/v2\/coauthors?post=12681"}],"curies":[{"name":"wp","href":"https:\/\/api.w.org\/{rel}","templated":true}]}}