{"id":13004,"date":"2025-11-13T16:38:07","date_gmt":"2025-11-13T20:38:07","guid":{"rendered":"https:\/\/faed.ufms.br\/?page_id=13004"},"modified":"2025-11-13T16:53:15","modified_gmt":"2025-11-13T20:53:15","slug":"esporte","status":"publish","type":"page","link":"https:\/\/faed.ufms.br\/en\/laboratorios\/esporte\/","title":{"rendered":"Laborat\u00f3rio de Gest\u00e3o do Esporte"},"content":{"rendered":"<p>O Laborat\u00f3rio de Gest\u00e3o do Esporte \u00e9 respons\u00e1vel pela realiza\u00e7\u00e3o das atividades de ensino, pesquisa, extens\u00e3o, desenvolvimento institucional, empreendedorismo, inova\u00e7\u00e3o e sustentabilidade. Tem como objetivo atender professores, estudantes e profissionais da \u00e1rea de Educa\u00e7\u00e3o F\u00edsica e de cursos afins em atividades relacionadas \u00e0 gest\u00e3o pol\u00edtica e empreendedorismo do esporte, nas esferas do ensino, da pesquisa e da extens\u00e3o, promovendo o desenvolvimento institucional, a inova\u00e7\u00e3o tecnol\u00f3gica e a sustentabilidade.<\/p>\n<p>&nbsp;<\/p>\n<p><img fetchpriority=\"high\" decoding=\"async\" class=\"alignleft wp-image-13009 size-full\" src=\"https:\/\/faed.ufms.br\/files\/2025\/11\/Lab_gestao_esporte_2-1-1024-512-c.png\" alt=\"\" width=\"1024\" height=\"512\" srcset=\"https:\/\/faed.ufms.br\/files\/2025\/11\/Lab_gestao_esporte_2-1-1024-512-c.png 1024w, https:\/\/faed.ufms.br\/files\/2025\/11\/Lab_gestao_esporte_2-1-1024-512-c-300x150.png 300w, https:\/\/faed.ufms.br\/files\/2025\/11\/Lab_gestao_esporte_2-1-1024-512-c-768x384.png 768w, https:\/\/faed.ufms.br\/files\/2025\/11\/Lab_gestao_esporte_2-1-1024-512-c-640x320.png 640w\" sizes=\"(max-width: 1024px) 100vw, 1024px\" \/><\/p>\n<p>&nbsp;<\/p>\n<p><span style=\"font-size: 14pt\"><strong>Localiza\u00e7\u00e3o<\/strong><\/span><br \/>\nBloco 8.<\/p>\n<p>&nbsp;<\/p>\n<p><span style=\"font-size: 14pt\"><strong>Hor\u00e1rio<\/strong><\/span><br \/>\nSegunda a sexta-feira, das 7h \u00e0s 22h. Podendo ser utilizado, excepcionalmente, aos s\u00e1bados das 7h \u00e0s 18h.<br \/>\n<em>O uso poder\u00e1 ocorrer excepcionalmente em hor\u00e1rio diferenciado, mediante a autoriza\u00e7\u00e3o do Respons\u00e1vel T\u00e9cnico do Laborat\u00f3rio.<\/em><\/p>\n<p>&nbsp;<\/p>\n<p><span style=\"font-size: 14pt\"><strong>Respons\u00e1vel T\u00e9cnico<br \/>\n<\/strong><\/span><em><a href=\"https:\/\/faed.ufms.br\/servidores\/\">Prof. Philipe Rocha de Camargo<\/a><\/em><\/p>\n<p>&nbsp;<\/p>\n<p><span style=\"font-size: 14pt\"><strong>Agendamento<br \/>\n<\/strong><\/span><a href=\"https:\/\/agendamentos.ufms.br\/\"><em>Sistema oficial da UFMS (C\u00f3digo)<\/em><\/a><br \/>\nTelefone: (67) 3345-7630<\/p>\n<p>&nbsp;<\/p>\n<p><span style=\"font-size: 14pt\"><strong>Normas<\/strong><\/span><\/p>\n<a href=\"https:\/\/faed.ufms.br\/files\/2025\/11\/RESOLUCAO-CAS_FAED-n-1163-de-28-10-2025.pdf\" class=\"pdfemb-viewer\" style=\"\" data-width=\"max\" data-height=\"max\" data-toolbar=\"bottom\" data-toolbar-fixed=\"off\">RESOLUCAO-CAS_FAED-n-1163-de-28-10-2025<\/a>\n<p><a href=\"https:\/\/boletimoficial.ufms.br\/bse\/publicacao?id=576978\"><span style=\"font-size: 10pt\"><em>Baixar normas<\/em><\/span><\/a><\/p>\n<p>&nbsp;<\/p>\n<hr \/>\n<p style=\"text-align: center\"><span style=\"font-size: 8pt\"><em>P\u00e1gina atualizada em: 13\/11\/2025 por <a href=\"http:\/\/lattes.cnpq.br\/9943626211521074\">Guilherme Castro<\/a><\/em><\/span><\/p>\n","protected":false},"excerpt":{"rendered":"<p>O Laborat\u00f3rio de Gest\u00e3o do Esporte \u00e9 respons\u00e1vel pela realiza\u00e7\u00e3o das atividades de ensino, pesquisa, extens\u00e3o, desenvolvimento institucional, empreendedorismo, inova\u00e7\u00e3o e sustentabilidade. Tem como objetivo atender professores, estudantes e profissionais da \u00e1rea de Educa\u00e7\u00e3o F\u00edsica e de cursos afins em atividades relacionadas \u00e0 gest\u00e3o pol\u00edtica e empreendedorismo do esporte, nas esferas do ensino, da pesquisa&#8230;<\/p>\n","protected":false},"author":47,"featured_media":0,"parent":10222,"menu_order":0,"comment_status":"closed","ping_status":"closed","template":"page-templates\/page-coordenadorias.php","meta":{"_acf_changed":false,"_eb_attr":"","_price":"","_stock":"","_tribe_ticket_header":"","_tribe_default_ticket_provider":"","_tribe_ticket_capacity":"0","_ticket_start_date":"","_ticket_end_date":"","_tribe_ticket_show_description":"","_tribe_ticket_show_not_going":false,"_tribe_ticket_use_global_stock":"","_tribe_ticket_global_stock_level":"","_global_stock_mode":"","_global_stock_cap":"","_tribe_rsvp_for_event":"","_tribe_ticket_going_count":"","_tribe_ticket_not_going_count":"","_tribe_tickets_list":"[]","_tribe_ticket_has_attendee_info_fields":false,"footnotes":"","_tec_slr_enabled":"","_tec_slr_layout":""},"coauthors":[109],"class_list":["post-13004","page","type-page","status-publish","hentry"],"acf":[],"aioseo_notices":[],"ticketed":false,"_links":{"self":[{"href":"https:\/\/faed.ufms.br\/en\/wp-json\/wp\/v2\/pages\/13004","targetHints":{"allow":["GET"]}}],"collection":[{"href":"https:\/\/faed.ufms.br\/en\/wp-json\/wp\/v2\/pages"}],"about":[{"href":"https:\/\/faed.ufms.br\/en\/wp-json\/wp\/v2\/types\/page"}],"author":[{"embeddable":true,"href":"https:\/\/faed.ufms.br\/en\/wp-json\/wp\/v2\/users\/47"}],"replies":[{"embeddable":true,"href":"https:\/\/faed.ufms.br\/en\/wp-json\/wp\/v2\/comments?post=13004"}],"version-history":[{"count":3,"href":"https:\/\/faed.ufms.br\/en\/wp-json\/wp\/v2\/pages\/13004\/revisions"}],"predecessor-version":[{"id":13010,"href":"https:\/\/faed.ufms.br\/en\/wp-json\/wp\/v2\/pages\/13004\/revisions\/13010"}],"up":[{"embeddable":true,"href":"https:\/\/faed.ufms.br\/en\/wp-json\/wp\/v2\/pages\/10222"}],"wp:attachment":[{"href":"https:\/\/faed.ufms.br\/en\/wp-json\/wp\/v2\/media?parent=13004"}],"wp:term":[{"taxonomy":"author","embeddable":true,"href":"https:\/\/faed.ufms.br\/en\/wp-json\/wp\/v2\/coauthors?post=13004"}],"curies":[{"name":"wp","href":"https:\/\/api.w.org\/{rel}","templated":true}]}}