{"id":21,"date":"2017-07-05T15:16:10","date_gmt":"2017-07-05T19:16:10","guid":{"rendered":"http:\/\/facfan.draconis.ufms.br\/?page_id=14"},"modified":"2025-05-13T16:12:40","modified_gmt":"2025-05-13T20:12:40","slug":"direcao","status":"publish","type":"page","link":"https:\/\/faed.ufms.br\/en\/direcao\/","title":{"rendered":"Dire\u00e7\u00e3o"},"content":{"rendered":"<p>&nbsp;<\/p>\n<p><strong><span style=\"font-size: 14pt\"><em><img fetchpriority=\"high\" decoding=\"async\" class=\"alignright wp-image-11089\" src=\"https:\/\/faed.ufms.br\/files\/2025\/02\/Milene_Bartolomei_faed_20225-240x300.jpg\" alt=\"\" width=\"210\" height=\"263\" srcset=\"https:\/\/faed.ufms.br\/files\/2025\/02\/Milene_Bartolomei_faed_20225-240x300.jpg 240w, https:\/\/faed.ufms.br\/files\/2025\/02\/Milene_Bartolomei_faed_20225-256x320.jpg 256w, https:\/\/faed.ufms.br\/files\/2025\/02\/Milene_Bartolomei_faed_20225.jpg 732w\" sizes=\"(max-width: 210px) 100vw, 210px\" \/>Professora Doutora Milene Bartolomei Silva<\/em><\/span><\/strong><\/p>\n<p class=\"Texto_Justificado_Recuo_Primeira_Linha\">Doutora em Sa\u00fade e Desenvolvimento na Regi\u00e3o Centro Oeste pela Universidade Federal de Mato Grosso do Sul. Possui gradua\u00e7\u00e3o em Pedagogia e Mestrado em Educa\u00e7\u00e3o pela Universidade Federal de Mato Grosso do Sul (2005). Diretora da Faculdade de Educa\u00e7\u00e3o da Universidade Federal de Mato Grosso do Sul. Professora do curso de Pedagogia da Faculdade de Educa\u00e7\u00e3o e professora Colaboradora do Programa de P\u00f3s Gradua\u00e7\u00e3o em Sa\u00fade e Desenvolvimento na Regi\u00e3o Centro Oeste da Universidade Federal de Mato Grosso do Sul . Conselheira do Conselho Estadual de Educa\u00e7\u00e3o e Membro do Grupo <a id=\"gab\"><\/a>Gestor do F\u00f3rum Estadual da Educa\u00e7\u00e3o Infantil. Coordenadora do Grupo de Estudos e Pesquisas sobre Educa\u00e7\u00e3o, Desenvolvimento Humano e Inclus\u00e3o (GEPEDHI) e da linha de Pesquisa Educa\u00e7\u00e3o, Sa\u00fade e Pr\u00e1ticas Educacionais.<\/p>\n<p><a id=\"contato\"><\/a>\u2706 (67) 3345-7625 \/ \u2709 gab.faed@ufms.br<\/p>\n<p>&nbsp;<\/p>\n<hr \/>\n<p><span style=\"font-size: 14pt\"><strong>Gabinete da Dire\u00e7\u00e3o<\/strong><\/span><br \/>\n<em>Rosana Monteiro<\/em><br \/>\n\u2706 (67) 3345-7625<br \/>\n\u2709 gab.faed@ufms.br<\/p>\n<p>&nbsp;<\/p>\n<hr \/>\n<p style=\"text-align: center\"><span style=\"font-size: 14pt\"><strong><a href=\"https:\/\/faed.ufms.br\/agenda\/\">Agenda da Dire\u00e7\u00e3o<\/a><\/strong><\/span><\/p>\n\n<!-- iframe plugin v.5.2 wordpress.org\/plugins\/iframe\/ -->\n<iframe src=\"https:\/\/calendar.google.com\/calendar\/embed?src=4ifuujafoogdnanq5lsbjmog3k%40group.calendar.google.com&#038;amp;ctz=America%2FCampo_Grande\" width=\"100%\" height=\"600\" scrolling=\"yes\" class=\"iframe-class\" frameborder=\"0\"><\/iframe>\n\n<hr \/>\n<p><strong><span style=\"font-size: 14pt\">Documentos<\/span><\/strong><\/p>\n<p><strong><a href=\"https:\/\/boletimoficial.ufms.br\/bse\/publicacao?id=485750\">PORTARIA N\u00ba 400-RTR\/UFMS, DE 5 DE ABRIL DE 2023<\/a><\/strong><br \/>\n<span style=\"font-size: 10pt\">Reconduzir, a partir de 1\u00ba de maio de 2023, MILENE BARTOLOMEI SILVA ao Cargo de Diretora da Faculdade de Educa\u00e7\u00e3o (CD3), com mandato de quatro anos.<\/span><\/p>\n<p><a href=\"https:\/\/boletimoficial.ufms.br\/bse\/publicacao?id=496641\"><strong>PORTARIA N\u00ba 915-RTR\/UFMS, DE 1\u00ba DE AGOSTO DE 2023<\/strong><\/a><br \/>\n<span style=\"font-size: 10pt\">Designar MARIANA BIAGI BATISTA como substituta imediata de Milene Bartolomei Silva, Diretora (CD3) da Faculdade de Educa\u00e7\u00e3o.<\/span><\/p>\n<p style=\"text-align: left\"><span style=\"font-size: 8pt\">P\u00e1gina atualizada em: 17\/09\/2014<\/span><\/p>\n","protected":false},"excerpt":{"rendered":"<p>&nbsp; Professora Doutora Milene Bartolomei Silva Doutora em Sa\u00fade e Desenvolvimento na Regi\u00e3o Centro Oeste pela Universidade Federal de Mato Grosso do Sul. Possui gradua\u00e7\u00e3o em Pedagogia e Mestrado em Educa\u00e7\u00e3o pela Universidade Federal de Mato Grosso do Sul (2005). Diretora da Faculdade de Educa\u00e7\u00e3o da Universidade Federal de Mato Grosso do Sul. Professora do&#8230;<\/p>\n","protected":false},"author":7449,"featured_media":0,"parent":0,"menu_order":0,"comment_status":"closed","ping_status":"closed","template":"page-templates\/page-coordenadorias.php","meta":{"_acf_changed":false,"_eb_attr":"","_price":"","_stock":"","_tribe_ticket_header":"","_tribe_default_ticket_provider":"","_tribe_ticket_capacity":"0","_ticket_start_date":"","_ticket_end_date":"","_tribe_ticket_show_description":"","_tribe_ticket_show_not_going":false,"_tribe_ticket_use_global_stock":"","_tribe_ticket_global_stock_level":"","_global_stock_mode":"","_global_stock_cap":"","_tribe_rsvp_for_event":"","_tribe_ticket_going_count":"","_tribe_ticket_not_going_count":"","_tribe_tickets_list":"[]","_tribe_ticket_has_attendee_info_fields":false,"footnotes":"","_tec_slr_enabled":"","_tec_slr_layout":""},"coauthors":[114],"class_list":["post-21","page","type-page","status-publish","hentry"],"acf":[],"aioseo_notices":[],"ticketed":false,"_links":{"self":[{"href":"https:\/\/faed.ufms.br\/en\/wp-json\/wp\/v2\/pages\/21","targetHints":{"allow":["GET"]}}],"collection":[{"href":"https:\/\/faed.ufms.br\/en\/wp-json\/wp\/v2\/pages"}],"about":[{"href":"https:\/\/faed.ufms.br\/en\/wp-json\/wp\/v2\/types\/page"}],"author":[{"embeddable":true,"href":"https:\/\/faed.ufms.br\/en\/wp-json\/wp\/v2\/users\/7449"}],"replies":[{"embeddable":true,"href":"https:\/\/faed.ufms.br\/en\/wp-json\/wp\/v2\/comments?post=21"}],"version-history":[{"count":46,"href":"https:\/\/faed.ufms.br\/en\/wp-json\/wp\/v2\/pages\/21\/revisions"}],"predecessor-version":[{"id":12065,"href":"https:\/\/faed.ufms.br\/en\/wp-json\/wp\/v2\/pages\/21\/revisions\/12065"}],"wp:attachment":[{"href":"https:\/\/faed.ufms.br\/en\/wp-json\/wp\/v2\/media?parent=21"}],"wp:term":[{"taxonomy":"author","embeddable":true,"href":"https:\/\/faed.ufms.br\/en\/wp-json\/wp\/v2\/coauthors?post=21"}],"curies":[{"name":"wp","href":"https:\/\/api.w.org\/{rel}","templated":true}]}}