{"id":26,"date":"2017-07-05T15:22:33","date_gmt":"2017-07-05T19:22:33","guid":{"rendered":"http:\/\/facfan.draconis.ufms.br\/?page_id=24"},"modified":"2026-03-06T14:24:12","modified_gmt":"2026-03-06T18:24:12","slug":"educacao-do-campo","status":"publish","type":"page","link":"https:\/\/faed.ufms.br\/en\/educacao-do-campo\/","title":{"rendered":"Educa\u00e7\u00e3o do Campo"},"content":{"rendered":"<p><a href=\"https:\/\/faed.ufms.br\/leducampo\/logo-educacao-do-campo_page-0001-site-editada-2\/\" rel=\"attachment wp-att-6292\"><img fetchpriority=\"high\" decoding=\"async\" class=\"aligncenter wp-image-9965 size-large\" src=\"https:\/\/faed.ufms.br\/files\/2024\/09\/educamp10anos-1024x285.jpg\" alt=\"\" width=\"1024\" height=\"285\" srcset=\"https:\/\/faed.ufms.br\/files\/2024\/09\/educamp10anos-1024x285.jpg 1024w, https:\/\/faed.ufms.br\/files\/2024\/09\/educamp10anos-300x83.jpg 300w, https:\/\/faed.ufms.br\/files\/2024\/09\/educamp10anos-768x213.jpg 768w, https:\/\/faed.ufms.br\/files\/2024\/09\/educamp10anos-730x203.jpg 730w, https:\/\/faed.ufms.br\/files\/2024\/09\/educamp10anos.jpg 1252w\" sizes=\"(max-width: 1024px) 100vw, 1024px\" \/><\/a><\/p>\n<p data-uw-styling-context=\"true\">O Curso de Licenciatura em Educa\u00e7\u00e3o do Campo possui uma matriz curricular que objetiva o atendimento de quest\u00f5es pedag\u00f3gicas espec\u00edficas e essenciais \u00e0 forma\u00e7\u00e3o dos professores para atuarem em escolas do campo a partir das culturas, saberes e conhecimentos camponeses, apresenta fundamental import\u00e2ncia educativa, filos\u00f3fica, pol\u00edtica e pedag\u00f3gica pois ao trabalhar conte\u00fados cient\u00edficos, art\u00edsticos, culturais acumulados ao longo da hist\u00f3ria da humanidade, sem desconsiderar os aspectos formativos e sociais dos educandos que moram ou trabalham no campo, promove a inclus\u00e3o dos sujeitos do campo e tamb\u00e9m a constru\u00e7\u00e3o de novos paradigmas educacionais com a utiliza\u00e7\u00e3o da metodologia da Pedagogia da Altern\u00e2ncia.<\/p>\n<hr \/>\n<p data-uw-styling-context=\"true\"><strong>Dura\u00e7\u00e3o do Curso:<\/strong>\u00a08 semestres<br \/>\n<strong>Modalidade de Ensino:<\/strong>\u00a0Presencial<br \/>\n<strong>Per\u00edodo:<\/strong> Integral (manh\u00e3, tarde e noite)<br \/>\n<strong>Forma de ingresso:<\/strong>\u00a0<a href=\"https:\/\/ingresso.ufms.br\/\"><em>Portal de Ingresso UFMS<\/em><\/a><br \/>\n<strong>Grau acad\u00eamico:<\/strong> Licenciatura<br \/>\n<strong>Carga Hor\u00e1ria M\u00ednima:<\/strong> 3311 horas<br \/>\n&#8212;<br \/>\n<strong>Endere\u00e7o:\u00a0<\/strong><a href=\"https:\/\/agendamentos.ufms.br\/localizacao\">Av. Costa e Silva, s\/n\u00ba \u2013 Bairro Universit\u00e1rio \/ CEP: 79070-900 \u2013 Campo Grande \u2013 MS<\/a><br \/>\n<strong>Localiza\u00e7\u00e3o:\u00a0<\/strong><a href=\"https:\/\/maps.app.goo.gl\/ZV135BoYfKn9FoUX9\">Setor 2, Bloco 22<\/a><\/p>\n<hr \/>\n<p style=\"text-align: center\"><span style=\"font-size: 14pt\"><a href=\"https:\/\/graduacao.ufms.br\/cursos\/3108\/professores\"><strong>Professores<\/strong><\/a><\/span><\/p>\n<hr \/>\n<p style=\"text-align: center\"><span style=\"font-size: 14pt\"><a href=\"https:\/\/graduacao.ufms.br\/cursos\/3108\/estrutura\"><strong>Componentes Curriculares Disciplinares<\/strong><\/a><\/span><\/p>\n<hr \/>\n<p style=\"text-align: center\"><span style=\"font-size: 14pt\"><a href=\"https:\/\/graduacao.ufms.br\/cursos\/3108\/matriz\"><strong>Matriz Curricular e Pr\u00e9-Requisitos<\/strong><\/a><\/span><\/p>\n<hr \/>\n<p style=\"text-align: center\"><a href=\"https:\/\/faed.ufms.br\/educacao-do-campo\/ppc\/\"><span style=\"font-size: 14pt\"><strong>Projeto Pedag\u00f3gico do Curso (PPC)<\/strong><\/span><\/a><\/p>\n<hr \/>\n<p style=\"text-align: center\"><strong><a id=\"coord\"><\/a><span style=\"font-size: 18px\"><a href=\"https:\/\/faed.ufms.br\/egressos\/educacao-do-campo\/\">Egressos\/Diplomados<\/a><\/span><\/strong><\/p>\n<hr \/>\n<p>&nbsp;<\/p>\n<p><span style=\"font-size: 14pt\"><strong>Coordena\u00e7\u00e3o<\/strong><\/span><\/p>\n<p>Coordenadora: <em>Prof.\u00a0 Dr. Rafael Rossi<\/em> <em>\u00a0\/ \u2713 <a href=\"http:\/\/lattes.cnpq.br\/4722694184920846\">Curr\u00edculo Lattes<\/a><\/em><br \/>\n\u2709 educampo.faed@ufms.br<br \/>\n<span style=\"font-size: 10pt\">\u2706<\/span> (67) 3345-3978<br \/>\n<a id=\"sec\"><\/a>Coordenadora substituta: <em>Luciene Gomes Freitas Marins<\/em><\/p>\n<p>&nbsp;<\/p>\n<hr \/>\n<p><span style=\"font-size: 14pt\"><strong>Secretarias<\/strong><\/span><\/p>\n<ul>\n<li><span style=\"font-size: 14px\"><strong>Secretaria Acad\u00eamica<\/strong><\/span><br \/>\n<span style=\"font-size: 14px\"><em>Rosemere da Silva (Secret\u00e1ria Acad\u00eamica)<br \/>\n\u00c1lvaro Luiz Paes; Welington Paulino de Castro<br \/>\n\u2706 <\/em>WhatsApp: 67 3345-7574 \/ \u2709 seaac.faed@ufms.br<em><br \/>\n<a href=\"https:\/\/faed.ufms.br\/secretaria-academica\/\">https:\/\/faed.ufms.br\/secretaria-academica\/<\/a><\/em><\/span><\/li>\n<\/ul>\n<p>&nbsp;<\/p>\n<ul>\n<li><strong>Secretaria Pedag\u00f3gica<\/strong><span style=\"font-size: 10pt\"><br \/>\n<em>Janine Lira Dorneles<\/em> \/ \u2709 educampo.faed@ufms.br<\/span><br \/>\n<span style=\"font-size: 10pt\">\u2706 WhatsApp: (67) 3345-7195<\/span><\/li>\n<\/ul>\n<p>&nbsp;<\/p>\n<hr \/>\n<p style=\"text-align: center\"><span style=\"font-size: 21px\"><a href=\"https:\/\/faed.ufms.br\/educacao-do-campo\/estagios\"><strong>EST\u00c1GIOS<\/strong><\/a><\/span><\/p>\n<hr \/>\n<p style=\"text-align: center\"><span style=\"font-size: 21px\"><strong><a href=\"https:\/\/faed.ufms.br\/educacao-do-campo\/tcc\/\">TCC<\/a><\/strong><\/span><\/p>\n<hr \/>\n<p style=\"text-align: center\"><strong><a href=\"https:\/\/faed.ufms.br\/educacao-do-campo\/atividades\/\"><span style=\"font-size: 21px\">ATIVIDADES<\/span><\/a><\/strong><\/p>\n<hr \/>\n<p><a href=\"https:\/\/faed.ufms.br\/docente\/producao\/\"><img decoding=\"async\" class=\"aligncenter wp-image-12410 size-full\" src=\"https:\/\/faed.ufms.br\/files\/2025\/05\/prd-doc.png\" alt=\"\" width=\"1134\" height=\"189\" srcset=\"https:\/\/faed.ufms.br\/files\/2025\/05\/prd-doc.png 1134w, https:\/\/faed.ufms.br\/files\/2025\/05\/prd-doc-300x50.png 300w, https:\/\/faed.ufms.br\/files\/2025\/05\/prd-doc-1024x171.png 1024w, https:\/\/faed.ufms.br\/files\/2025\/05\/prd-doc-768x128.png 768w, https:\/\/faed.ufms.br\/files\/2025\/05\/prd-doc-730x122.png 730w\" sizes=\"(max-width: 1134px) 100vw, 1134px\" \/><\/a><\/p>\n<hr \/>\n<p style=\"text-align: center\"><em><span style=\"font-size: 12px;background-color: #e5edff\">P\u00e1gina atualizada em: 27\/05\/2025<\/span><\/em><\/p>\n","protected":false},"excerpt":{"rendered":"<p>O Curso de Licenciatura em Educa\u00e7\u00e3o do Campo possui uma matriz curricular que objetiva o atendimento de quest\u00f5es pedag\u00f3gicas espec\u00edficas e essenciais \u00e0 forma\u00e7\u00e3o dos professores para atuarem em escolas do campo a partir das culturas, saberes e conhecimentos camponeses, apresenta fundamental import\u00e2ncia educativa, filos\u00f3fica, pol\u00edtica e pedag\u00f3gica pois ao trabalhar conte\u00fados cient\u00edficos, art\u00edsticos, culturais&#8230;<\/p>\n","protected":false},"author":7449,"featured_media":0,"parent":0,"menu_order":0,"comment_status":"closed","ping_status":"closed","template":"page-templates\/page-coordenadorias.php","meta":{"_acf_changed":false,"_eb_attr":"","_price":"","_stock":"","_tribe_ticket_header":"","_tribe_default_ticket_provider":"","_tribe_ticket_capacity":"0","_ticket_start_date":"","_ticket_end_date":"","_tribe_ticket_show_description":"","_tribe_ticket_show_not_going":false,"_tribe_ticket_use_global_stock":"","_tribe_ticket_global_stock_level":"","_global_stock_mode":"","_global_stock_cap":"","_tribe_rsvp_for_event":"","_tribe_ticket_going_count":"","_tribe_ticket_not_going_count":"","_tribe_tickets_list":"[]","_tribe_ticket_has_attendee_info_fields":false,"footnotes":"","_tec_slr_enabled":"","_tec_slr_layout":""},"coauthors":[114],"class_list":["post-26","page","type-page","status-publish","hentry"],"acf":[],"aioseo_notices":[],"ticketed":false,"_links":{"self":[{"href":"https:\/\/faed.ufms.br\/en\/wp-json\/wp\/v2\/pages\/26","targetHints":{"allow":["GET"]}}],"collection":[{"href":"https:\/\/faed.ufms.br\/en\/wp-json\/wp\/v2\/pages"}],"about":[{"href":"https:\/\/faed.ufms.br\/en\/wp-json\/wp\/v2\/types\/page"}],"author":[{"embeddable":true,"href":"https:\/\/faed.ufms.br\/en\/wp-json\/wp\/v2\/users\/7449"}],"replies":[{"embeddable":true,"href":"https:\/\/faed.ufms.br\/en\/wp-json\/wp\/v2\/comments?post=26"}],"version-history":[{"count":40,"href":"https:\/\/faed.ufms.br\/en\/wp-json\/wp\/v2\/pages\/26\/revisions"}],"predecessor-version":[{"id":13243,"href":"https:\/\/faed.ufms.br\/en\/wp-json\/wp\/v2\/pages\/26\/revisions\/13243"}],"wp:attachment":[{"href":"https:\/\/faed.ufms.br\/en\/wp-json\/wp\/v2\/media?parent=26"}],"wp:term":[{"taxonomy":"author","embeddable":true,"href":"https:\/\/faed.ufms.br\/en\/wp-json\/wp\/v2\/coauthors?post=26"}],"curies":[{"name":"wp","href":"https:\/\/api.w.org\/{rel}","templated":true}]}}