{"id":3773,"date":"2019-01-10T13:58:41","date_gmt":"2019-01-10T16:58:41","guid":{"rendered":"https:\/\/faed.ufms.br\/?page_id=3773"},"modified":"2025-12-10T14:14:14","modified_gmt":"2025-12-10T18:14:14","slug":"contato","status":"publish","type":"page","link":"https:\/\/faed.ufms.br\/en\/contato\/","title":{"rendered":"Contato"},"content":{"rendered":"<p><strong><span style=\"font-size: 14pt\">Atendimento<\/span><\/strong><\/p>\n<p>A <a href=\"https:\/\/faed.ufms.br\/institucional\/\">Faculdade de Educa\u00e7\u00e3o<\/a> tem <strong>atendimento presencial <\/strong>(<a href=\"https:\/\/faed.ufms.br\/direcao\/\">Dire\u00e7\u00e3o<\/a> e <a href=\"https:\/\/faed.ufms.br\/coad\/\">Coordena\u00e7\u00e3o Administrativa<\/a>) de segunda a sexta das <em>7h \u00e0s 11h e das 13h \u00e0s 17h;<\/em><\/p>\n<p>O <strong>atendimento presencial <\/strong>aos Estudantes \u00e9 realizado de segunda a sexta das <em>7h \u00e0s 12h e das 13h \u00e0s 19h, pela <a href=\"https:\/\/faed.ufms.br\/secretaria-academica\/\">Secretaria Acad\u00eamica<\/a>, <a href=\"https:\/\/faed.ufms.br\/coac\/\">COAC <\/a>e <a href=\"https:\/\/faed.ufms.br\/secretaria-pedagogica\/\">Apoio Pedag\u00f3gico<\/a>; <\/em><\/p>\n<p>O<strong> atendimento a<\/strong> <strong>dist\u00e2ncia<\/strong>, \u00e9 realizado via <em>telefone, e-mail e WhatsApp<\/em>, de segunda a sexta das <em>7h \u00e0s 11h e das 13h \u00e0s 17h;<\/em><\/p>\n<p>&nbsp;<\/p>\n<table style=\"width: 100%;border-collapse: collapse;background-color: #e5edff\">\n<tbody>\n<tr>\n<td style=\"width: 1377px;text-align: center\">&nbsp;<\/p>\n<p><span style=\"font-size: 21px\"><strong>Docentes<\/strong><\/span><\/p>\n<p>A lista de contato dos docentes\u00a0da Faed est\u00e3o listados <a href=\"https:\/\/faed.ufms.br\/contato\/docentes\/\">nesta p\u00e1gina.<\/a><\/p>\n<p>______________________________________________________<\/p>\n<p><span style=\"font-size: 21px\"><strong>T\u00e9cnico-administrativos<\/strong><\/span><\/p>\n<p>A lista de contato dos t\u00e9cnicos\u00a0da Faed est\u00e3o listados <a href=\"https:\/\/faed.ufms.br\/contato\/tecnicos\/\">nesta p\u00e1gina.<\/a><\/p>\n<p>&nbsp;<\/td>\n<\/tr>\n<\/tbody>\n<\/table>\n<p>&nbsp;<\/p>\n<hr \/>\n<p>&nbsp;<\/p>\n<p style=\"text-align: left\"><span style=\"font-size: 14pt\"><strong>Localiza\u00e7\u00e3o<\/strong><\/span><\/p>\n<p style=\"text-align: center\"><a href=\"https:\/\/faed.ufms.br\/files\/2025\/03\/Mapa_2025_Campo-Grande-scaled-1.jpg\"><img fetchpriority=\"high\" decoding=\"async\" class=\"aligncenter wp-image-11249 size-full\" src=\"https:\/\/faed.ufms.br\/files\/2025\/03\/mapa_faed2025.png\" alt=\"\" width=\"1077\" height=\"636\" srcset=\"https:\/\/faed.ufms.br\/files\/2025\/03\/mapa_faed2025.png 1077w, https:\/\/faed.ufms.br\/files\/2025\/03\/mapa_faed2025-300x177.png 300w, https:\/\/faed.ufms.br\/files\/2025\/03\/mapa_faed2025-1024x605.png 1024w, https:\/\/faed.ufms.br\/files\/2025\/03\/mapa_faed2025-768x454.png 768w, https:\/\/faed.ufms.br\/files\/2025\/03\/mapa_faed2025-542x320.png 542w\" sizes=\"(max-width: 1077px) 100vw, 1077px\" \/><\/a><\/p>\n<p>&nbsp;<\/p>\n<p style=\"text-align: center\"><em><strong>Localiza\u00e7\u00e3o:<\/strong> <a href=\"https:\/\/maps.app.goo.gl\/ZV135BoYfKn9FoUX9\">Setor 2, Bloco 5. Cidade Universit\u00e1ria \u2013 Campo Grande\/MS (Maps Google)<\/a><a href=\"https:\/\/maps.app.goo.gl\/ZV135BoYfKn9FoUX9\"><strong><br \/>\n<\/strong><\/a><strong>Endere\u00e7o:<\/strong> Av. Costa e Silva, s\/n\u00ba \u2013 Bairro Universit\u00e1rio \/ CEP: 79070-900 \u2013 Campo Grande \u2013 MS<\/em><strong><br \/>\n<\/strong><\/p>\n<p>&nbsp;<\/p>\n<hr \/>\n<p><span style=\"font-size: 14pt\"><strong><a id=\"un\"><\/a>Dire\u00e7\u00e3o<\/strong><\/span><br \/>\n\u2706 (67) 3345-7625<br \/>\n\u2709 gab.faed@ufms.br<\/p>\n<p>&nbsp;<\/p>\n<p><strong><span style=\"font-size: 14pt\">Coordena\u00e7\u00e3o Administrativa (COAD)<\/span><\/strong><br \/>\n\u2706 (67) 3345-7786<br \/>\n\u2709 coad.faed@ufms.br<\/p>\n<p>&nbsp;<\/p>\n<p><strong><span style=\"font-size: 14pt\">Coordena\u00e7\u00e3o de Gest\u00e3o Acad\u00eamica (COAC) <\/span><\/strong><br \/>\n\u2706 (67) 3345-7648<br \/>\n\u2709 coac.faed@ufms.br<\/p>\n<p>&nbsp;<\/p>\n<p><strong><span style=\"font-size: 14pt\">Secretaria Acad\u00eamica<\/span><\/strong><br \/>\n\u2706 (67) 3345-7574<br \/>\n\u2709 seaac.faed@ufms.br<\/p>\n<p>&nbsp;<\/p>\n<hr \/>\n<p><span style=\"font-size: 14pt\"><strong>Curso: Pedagogia <\/strong><\/span><br \/>\n\u2706 (67) 3345-7996 (coordena\u00e7\u00e3o)<br \/>\n\u2706 (67) 3345-7226 (secretaria pedag\u00f3gica)<br \/>\n\u2706 (67) 3345-7574 (secretaria acad\u00eamica)<br \/>\n\u2709 ped.faed@ufms.br<\/p>\n<p>&nbsp;<\/p>\n<p><span style=\"font-size: 14pt\"><strong>Curso: Educa\u00e7\u00e3o F\u00edsica<\/strong><\/span><br \/>\n\u2706 (67) 3345-7589 (coordena\u00e7\u00e3o)<br \/>\n\u2706 (67) 3345-7630 (secretaria bloco 8)<br \/>\n\u2706 (67) 3345-7618 (secretaria pedag\u00f3gica)<br \/>\n\u2706 (67) 3345-7574 (secretaria acad\u00eamica)<br \/>\n\u2709 edfis.faed@ufms.br<\/p>\n<p>&nbsp;<\/p>\n<p><span style=\"font-size: 14pt\"><strong>Curso: Educa\u00e7\u00e3o do Campo<\/strong><\/span><br \/>\n\u2706 (67) 3345-7549 (coordena\u00e7\u00e3o)<br \/>\n\u2706 (67) 3345-7195 (secretaria pedag\u00f3gica)<br \/>\n\u2706 (67) 3345-7574 (secretaria acad\u00eamica)<br \/>\n\u2709 educampo.faed@ufms.br<\/p>\n<p>&nbsp;<\/p>\n<p><span style=\"font-size: 14pt\"><strong>Curso: Educa\u00e7\u00e3o Bil\u00edngue de Surdos<\/strong><\/span><br \/>\n\u2706 (67) 3345-7195 (secretaria pedag\u00f3gica)<br \/>\n\u2706 (67) 3345-7574 (secretaria acad\u00eamica)<\/p>\n<p>&nbsp;<\/p>\n<hr \/>\n<p><strong><span style=\"font-size: 14pt\">P\u00f3s-gradua\u00e7\u00e3o em Educa\u00e7\u00e3o (PPGEdu)<\/span><\/strong><br \/>\n<a id=\"site\"><\/a>\u2706 (67) 3345-7616 (secretaria)<br \/>\n\u2706 (67) 3345-7617 (secretaria)<br \/>\n\u2709 ppgedu.faed@ufms.br<\/p>\n<p>&nbsp;<\/p>\n<hr \/>\n<p><strong><span style=\"font-size: 14pt\">Site<br \/>\n<\/span><\/strong><em>Guilherme Souza Castro<\/em><br \/>\n\u2706 (67) 3345-7618<br \/>\n<a id=\"ee\"><\/a>\u2709 guilherme.castro@ufms.br<\/p>\n<p>&nbsp;<\/p>\n<hr \/>\n<p><span style=\"font-size: 14pt\"><strong>Espa\u00e7os F\u00edsicos Esportivos<br \/>\n<\/strong><\/span><\/p>\n<ul>\n<li><strong>Secretaria de Gest\u00e3o de Espa\u00e7os F\u00edsicos (PROECE)<\/strong><br \/>\n<span style=\"font-size: 10pt\">\u2706 (67) 3345-7262 \/ \u2709 segef.proece@ufms.br<br \/>\n<a href=\"https:\/\/proece.ufms.br\/diretorias\/diel\/segef\/\">https:\/\/proece.ufms.br\/diretorias\/diel\/segef\/<\/a><\/span><\/li>\n<\/ul>\n<p>&nbsp;<\/p>\n<hr \/>\n<p style=\"text-align: center\"><em><span style=\"font-size: 12px;background-color: #e5edff\">P\u00e1gina atualizada em: 10\/12\/2025<\/span><\/em><\/p>\n","protected":false},"excerpt":{"rendered":"<p>Atendimento A Faculdade de Educa\u00e7\u00e3o tem atendimento presencial (Dire\u00e7\u00e3o e Coordena\u00e7\u00e3o Administrativa) de segunda a sexta das 7h \u00e0s 11h e das 13h \u00e0s 17h; O atendimento presencial aos Estudantes \u00e9 realizado de segunda a sexta das 7h \u00e0s 12h e das 13h \u00e0s 19h, pela Secretaria Acad\u00eamica, COAC e Apoio Pedag\u00f3gico; O atendimento a&#8230;<\/p>\n","protected":false},"author":21809,"featured_media":0,"parent":0,"menu_order":0,"comment_status":"closed","ping_status":"closed","template":"page-templates\/page-coordenadorias.php","meta":{"_acf_changed":false,"_eb_attr":"","_price":"","_stock":"","_tribe_ticket_header":"","_tribe_default_ticket_provider":"","_tribe_ticket_capacity":"0","_ticket_start_date":"","_ticket_end_date":"","_tribe_ticket_show_description":"","_tribe_ticket_show_not_going":false,"_tribe_ticket_use_global_stock":"","_tribe_ticket_global_stock_level":"","_global_stock_mode":"","_global_stock_cap":"","_tribe_rsvp_for_event":"","_tribe_ticket_going_count":"","_tribe_ticket_not_going_count":"","_tribe_tickets_list":"[]","_tribe_ticket_has_attendee_info_fields":false,"footnotes":"","_tec_slr_enabled":"","_tec_slr_layout":""},"coauthors":[110],"class_list":["post-3773","page","type-page","status-publish","hentry"],"acf":[],"aioseo_notices":[],"ticketed":false,"_links":{"self":[{"href":"https:\/\/faed.ufms.br\/en\/wp-json\/wp\/v2\/pages\/3773","targetHints":{"allow":["GET"]}}],"collection":[{"href":"https:\/\/faed.ufms.br\/en\/wp-json\/wp\/v2\/pages"}],"about":[{"href":"https:\/\/faed.ufms.br\/en\/wp-json\/wp\/v2\/types\/page"}],"author":[{"embeddable":true,"href":"https:\/\/faed.ufms.br\/en\/wp-json\/wp\/v2\/users\/21809"}],"replies":[{"embeddable":true,"href":"https:\/\/faed.ufms.br\/en\/wp-json\/wp\/v2\/comments?post=3773"}],"version-history":[{"count":52,"href":"https:\/\/faed.ufms.br\/en\/wp-json\/wp\/v2\/pages\/3773\/revisions"}],"predecessor-version":[{"id":13072,"href":"https:\/\/faed.ufms.br\/en\/wp-json\/wp\/v2\/pages\/3773\/revisions\/13072"}],"wp:attachment":[{"href":"https:\/\/faed.ufms.br\/en\/wp-json\/wp\/v2\/media?parent=3773"}],"wp:term":[{"taxonomy":"author","embeddable":true,"href":"https:\/\/faed.ufms.br\/en\/wp-json\/wp\/v2\/coauthors?post=3773"}],"curies":[{"name":"wp","href":"https:\/\/api.w.org\/{rel}","templated":true}]}}