{"id":6743,"date":"2022-02-07T16:17:15","date_gmt":"2022-02-07T20:17:15","guid":{"rendered":"https:\/\/faed.ufms.br\/?page_id=6743"},"modified":"2026-02-24T16:33:12","modified_gmt":"2026-02-24T20:33:12","slug":"educacao-fisica-bac","status":"publish","type":"page","link":"https:\/\/faed.ufms.br\/en\/educacao-fisica-bac\/","title":{"rendered":"Educa\u00e7\u00e3o F\u00edsica &#8211; Bacharelado"},"content":{"rendered":"<p><img fetchpriority=\"high\" decoding=\"async\" class=\"aligncenter wp-image-9971 size-large\" src=\"https:\/\/faed.ufms.br\/files\/2024\/09\/edfisica-1024x251.jpg\" alt=\"\" width=\"1024\" height=\"251\" srcset=\"https:\/\/faed.ufms.br\/files\/2024\/09\/edfisica-1024x251.jpg 1024w, https:\/\/faed.ufms.br\/files\/2024\/09\/edfisica-300x73.jpg 300w, https:\/\/faed.ufms.br\/files\/2024\/09\/edfisica-768x188.jpg 768w, https:\/\/faed.ufms.br\/files\/2024\/09\/edfisica-730x179.jpg 730w, https:\/\/faed.ufms.br\/files\/2024\/09\/edfisica.jpg 1275w\" sizes=\"(max-width: 1024px) 100vw, 1024px\" \/><\/p>\n<p>O curso de <strong>Educa\u00e7\u00e3o F\u00edsica \u2013 Bacharelado<\/strong> da Universidade Federal de Mato Grosso do Sul, tem como objetivo habilitar profissionais \u00e9ticos, cr\u00edticos, socialmente respons\u00e1veis e qualificados para atuar no planejamento geral e pedag\u00f3gico, implanta\u00e7\u00e3o, execu\u00e7\u00e3o e avalia\u00e7\u00e3o de programas de atividades f\u00edsicas para indiv\u00edduos ou popula\u00e7\u00e3o em geral nos diversos campos de interven\u00e7\u00e3o: esporte, preven\u00e7\u00e3o, promo\u00e7\u00e3o e reabilita\u00e7\u00e3o da sa\u00fade, lazer, exceto em aulas de Educa\u00e7\u00e3o F\u00edsica Escolar.<\/p>\n<hr \/>\n<p>&nbsp;<\/p>\n<p><strong>Dura\u00e7\u00e3o do Curso:<\/strong> 8 semestres<br \/>\n<strong>Modalidade de Ensino:<\/strong> Presencial<br \/>\n<strong>Per\u00edodo:<\/strong> Integral (Matutino, Vespertino, S\u00e1bado pela manh\u00e3 e tarde)<br \/>\n<strong>Forma de ingresso:<\/strong> <a href=\"https:\/\/ingresso.ufms.br\/\"><em>Portal de Ingresso UFMS<\/em><\/a><br \/>\n<strong>Grau acad\u00eamico:<\/strong> Bacharelado<br \/>\n<strong>Carga Hor\u00e1ria M\u00ednima:<\/strong> 3274 horas<br \/>\n<strong>Unidade:<\/strong> <em><a href=\"https:\/\/faed.ufms.br\/\">Faculdade de Educa\u00e7\u00e3o<\/a><br \/>\n<a href=\"https:\/\/boletimoficial.ufms.br\/bse\/publicacao?id=476669\">Projeto Pedag\u00f3gico<\/a><\/em><br \/>\n&#8212;<br \/>\n<strong>Endere\u00e7o: <\/strong><a href=\"https:\/\/agendamentos.ufms.br\/localizacao\">Av. Costa e Silva, s\/n\u00ba \u2013 Bairro Universit\u00e1rio \/ CEP: 79070-900 &#8211; Campo Grande \u2013 MS<\/a><br \/>\n<strong>Localiza\u00e7\u00e3o: <\/strong><a href=\"https:\/\/maps.app.goo.gl\/LX22PEHtfWe1Cs3k8\">Setor 1, Bloco 8 (Em frente ao Est\u00e1dio Moren\u00e3o)<\/a><\/p>\n<p>&nbsp;<\/p>\n<hr \/>\n<p style=\"text-align: center\"><span style=\"font-size: 14pt\"><strong><a href=\"https:\/\/graduacao.ufms.br\/cursos\/3107\/professores\">Professores<\/a><\/strong><\/span><\/p>\n<hr \/>\n<p style=\"text-align: center\"><span style=\"font-size: 14pt\"><strong><a href=\"https:\/\/graduacao.ufms.br\/cursos\/3107\/estrutura\">Componentes Curriculares Disciplinares<\/a><\/strong><\/span><\/p>\n<hr \/>\n<p style=\"text-align: center\"><strong><span style=\"font-size: 14pt\"><a href=\"https:\/\/graduacao.ufms.br\/cursos\/3107\/matriz\">Matriz Curricular e Pr\u00e9-Requisitos<\/a><\/span><\/strong><\/p>\n<hr \/>\n<p style=\"text-align: center\"><a href=\"https:\/\/boletimoficial.ufms.br\/bse\/publicacao?id=582176\"><strong><span style=\"font-size: 14pt\">Projeto Pedag\u00f3gico do Curso (PPC)<\/span><\/strong><\/a><\/p>\n<hr \/>\n<p style=\"text-align: center\"><span style=\"font-size: 14px\"><a href=\"https:\/\/boletimoficial.ufms.br\/bse\/publicacao?id=476669\"><span style=\"text-decoration: line-through\">Projeto Pedag\u00f3gico do Curso (PPC) 2023-2025<\/span><\/a><\/span><\/p>\n<hr \/>\n<p style=\"text-align: center\"><a href=\"https:\/\/faed.ufms.br\/files\/2022\/10\/Portfolio-Ed-Fisica_Bacharelado_diagramacao-final.pdf\"><span style=\"font-size: 14pt\"><strong>Portf\u00f3lio (2018-2022)<\/strong><\/span><\/a><\/p>\n<hr \/>\n<p style=\"text-align: center\"><span style=\"font-size: 14pt\"><a href=\"https:\/\/faed.ufms.br\/educacao-fisica\/laboratorios\/\"><b>Laborat\u00f3rios<\/b><\/a><\/span><\/p>\n<hr \/>\n<p style=\"text-align: center\"><span style=\"font-size: 14pt\"><a href=\"https:\/\/faed.ufms.br\/egressos\/educacao-fisica\/\"><strong>Egressos\/Diplomados<\/strong><\/a><\/span><\/p>\n<hr \/>\n<p>&nbsp;<\/p>\n<p><span style=\"font-size: 14pt\"><strong><a id=\"coord\"><\/a>Coordena\u00e7\u00e3o<\/strong><\/span><\/p>\n<p><span style=\"font-size: 14px\"><em>Coordenador: Prof. Dr. Philipe Rocha de Camargo<\/em><em>\/\u2713 <a href=\"http:\/\/lattes.cnpq.br\/8578112428135713\">Curr\u00edculo Lattes<\/a><br \/>\n<\/em><\/span>\u2709<span style=\"font-size: 14px\"> edfis.faed@ufms.br<br \/>\n<\/span><span style=\"font-size: 14px\">\u2706 (67) 3345-7589<\/span><\/p>\n<p>&nbsp;<\/p>\n<hr \/>\n<ul>\n<li><span style=\"font-size: 14px\"><strong>Secretaria Acad\u00eamica<\/strong><\/span><br \/>\n<span style=\"font-size: 14px\"><em>Rosemere da Silva (Secret\u00e1ria Acad\u00eamica)<br \/>\n\u00c1lvaro Luiz Paes; Welington Paulino de Castro<br \/>\n\u2706 <\/em>WhatsApp: 67 3345-7574 \/ \u2709 seaac.faed@ufms.br<em><br \/>\n<a href=\"https:\/\/faed.ufms.br\/secretaria-academica\/\">https:\/\/faed.ufms.br\/secretaria-academica\/<\/a><\/em><\/span><\/li>\n<\/ul>\n<p>&nbsp;<\/p>\n<ul>\n<li><strong>Apoio Pedag\u00f3gico<\/strong><br \/>\n<span style=\"font-size: 10pt\"><em>Guilherme Castro<\/em> \/ \u2709 guilherme.castro@ufms.br \/<em> \u2713\u00a0<\/em><em><a href=\"http:\/\/lattes.cnpq.br\/9943626211521074\">Curr\u00edculo Lattes<\/a><\/em><\/span><br \/>\n<span style=\"font-size: 10pt\">\u2706 WhatsApp: (67) 3345-7618<\/span><\/li>\n<\/ul>\n<p>&nbsp;<\/p>\n<ul>\n<li><strong>Apoio Laborat\u00f3rios e infraestrutura (Bloco 8)<\/strong><br \/>\n<span style=\"font-size: 10pt\"><em>Arilson Barbosa<\/em>\u00a0(\u2709 arilson.barbosa@ufms.br)<\/span><br \/>\n<span style=\"font-size: 10pt\"><a id=\"ee\"><\/a>\u2706 (67) 3345-7630<\/span><\/li>\n<\/ul>\n<p>&nbsp;<\/p>\n<hr \/>\n<p><span style=\"font-size: 14pt\"><strong>Espa\u00e7os F\u00edsicos Esportivos<\/strong><\/span><\/p>\n<ul>\n<li><strong>Secretaria de Gest\u00e3o de Espa\u00e7os F\u00edsicos (PROECE)<\/strong><br \/>\n<span style=\"font-size: 10pt\">\u2706 (67) 3345-7262 \/ \u2709 segef.proece@ufms.br<br \/>\n<a href=\"https:\/\/proece.ufms.br\/diretorias\/diel\/segef\/\">https:\/\/proece.ufms.br\/diretorias\/diel\/segef\/<\/a><\/span><\/li>\n<\/ul>\n<p style=\"padding-left: 40px\"><strong>Normas de utiliza\u00e7\u00e3o<br \/>\n<\/strong><span style=\"font-size: 12px\">Est\u00e1dio Pedro Pedrossian; <\/span><span style=\"font-size: 12px\">Gin\u00e1sio Eric Tinoco (Moreninho); <\/span><span style=\"font-size: 12px\">Academia Escola; <\/span><span style=\"font-size: 12px\">Complexo de Quadras Cobertas; <\/span><span style=\"font-size: 12px\">Doj\u00f4; <\/span><span style=\"font-size: 12px\">Complexo Aqu\u00e1tico; <\/span><span style=\"font-size: 12px\">Quadra de T\u00eanis;\u00a0 <\/span><span style=\"font-size: 12px\">Quadra de Areia; <\/span><span style=\"font-size: 12px\">Campo de futebol;\u00a0 <\/span><span style=\"font-size: 12px\">Piscinas; e <\/span><span style=\"font-size: 12px\">Quadras.<\/span><strong><br \/>\n<\/strong><\/p>\n<ul>\n<li style=\"list-style-type: none\">\n<ul>\n<li><a href=\"https:\/\/boletimoficial.ufms.br\/bse\/publicacao?id=436145\">Normas para o uso dos Espa\u00e7os Esportivos<\/a><\/li>\n<li><a href=\"https:\/\/boletimoficial.ufms.br\/bse\/publicacao?id=436143\">Normas para uso dos Espa\u00e7os Aqu\u00e1ticos<\/a><\/li>\n<\/ul>\n<\/li>\n<\/ul>\n<p>&nbsp;<\/p>\n<hr \/>\n<p style=\"text-align: center\"><a href=\"https:\/\/faed.ufms.br\/educacao-fisica\/agenda-de-salas-de-aula\/\"><span style=\"font-size: 18.6667px\"><b>Agenda de Salas de Aula<\/b><\/span><\/a><\/p>\n<hr \/>\n<p style=\"text-align: center\"><a href=\"https:\/\/faed.ufms.br\/horarios-e-ensalamento\/\"><span style=\"font-size: 18.6667px\"><b>Cronograma de Hor\u00e1rios de Aulas<\/b><\/span><\/a><\/p>\n<hr \/>\n<p style=\"text-align: center\"><a href=\"https:\/\/faed.ufms.br\/educacao-fisica-bac\/colegiado\/\"><img decoding=\"async\" class=\"aligncenter size-full wp-image-11319\" src=\"https:\/\/faed.ufms.br\/files\/2025\/04\/colegiado-edf-bac.png\" alt=\"\" width=\"1134\" height=\"189\" srcset=\"https:\/\/faed.ufms.br\/files\/2025\/04\/colegiado-edf-bac.png 1134w, https:\/\/faed.ufms.br\/files\/2025\/04\/colegiado-edf-bac-300x50.png 300w, https:\/\/faed.ufms.br\/files\/2025\/04\/colegiado-edf-bac-1024x171.png 1024w, https:\/\/faed.ufms.br\/files\/2025\/04\/colegiado-edf-bac-768x128.png 768w, https:\/\/faed.ufms.br\/files\/2025\/04\/colegiado-edf-bac-730x122.png 730w\" sizes=\"(max-width: 1134px) 100vw, 1134px\" \/><\/a><\/p>\n<hr \/>\n<p><a href=\"https:\/\/faed.ufms.br\/horarios-e-ensalamento\/\"><img decoding=\"async\" class=\"alignleft wp-image-12618 size-full\" src=\"https:\/\/faed.ufms.br\/files\/2025\/07\/banner-horario-faed.jpg\" alt=\"\" width=\"1134\" height=\"189\" srcset=\"https:\/\/faed.ufms.br\/files\/2025\/07\/banner-horario-faed.jpg 1134w, https:\/\/faed.ufms.br\/files\/2025\/07\/banner-horario-faed-300x50.jpg 300w, https:\/\/faed.ufms.br\/files\/2025\/07\/banner-horario-faed-1024x171.jpg 1024w, https:\/\/faed.ufms.br\/files\/2025\/07\/banner-horario-faed-768x128.jpg 768w, https:\/\/faed.ufms.br\/files\/2025\/07\/banner-horario-faed-730x122.jpg 730w\" sizes=\"(max-width: 1134px) 100vw, 1134px\" \/><\/a><\/p>\n<hr \/>\n<p><a href=\"https:\/\/repositorio.ufms.br\/handle\/123456789\/9141\"><img loading=\"lazy\" decoding=\"async\" class=\"aligncenter size-full wp-image-12309\" src=\"https:\/\/faed.ufms.br\/files\/2025\/05\/banner_tcc_edf.png\" alt=\"\" width=\"1134\" height=\"189\" srcset=\"https:\/\/faed.ufms.br\/files\/2025\/05\/banner_tcc_edf.png 1134w, https:\/\/faed.ufms.br\/files\/2025\/05\/banner_tcc_edf-300x50.png 300w, https:\/\/faed.ufms.br\/files\/2025\/05\/banner_tcc_edf-1024x171.png 1024w, https:\/\/faed.ufms.br\/files\/2025\/05\/banner_tcc_edf-768x128.png 768w, https:\/\/faed.ufms.br\/files\/2025\/05\/banner_tcc_edf-730x122.png 730w\" sizes=\"(max-width: 1134px) 100vw, 1134px\" \/><\/a><\/p>\n<hr \/>\n<p style=\"text-align: center\"><span style=\"font-size: 8pt\"><em><span style=\"font-size: 12px;background-color: #e5edff\"><a href=\"https:\/\/faed.ufms.br\/docente\/producao\/\"><img loading=\"lazy\" decoding=\"async\" class=\"aligncenter wp-image-12410 size-full\" src=\"https:\/\/faed.ufms.br\/files\/2025\/05\/prd-doc.png\" alt=\"\" width=\"1134\" height=\"189\" srcset=\"https:\/\/faed.ufms.br\/files\/2025\/05\/prd-doc.png 1134w, https:\/\/faed.ufms.br\/files\/2025\/05\/prd-doc-300x50.png 300w, https:\/\/faed.ufms.br\/files\/2025\/05\/prd-doc-1024x171.png 1024w, https:\/\/faed.ufms.br\/files\/2025\/05\/prd-doc-768x128.png 768w, https:\/\/faed.ufms.br\/files\/2025\/05\/prd-doc-730x122.png 730w\" sizes=\"(max-width: 1134px) 100vw, 1134px\" \/><\/a><\/span><\/em><\/span><\/p>\n<hr \/>\n<p><span style=\"font-size: 8pt\"><em><span style=\"font-size: 12px;background-color: #e5edff\"><a href=\"https:\/\/www.instagram.com\/petef.ufms\/\"><img loading=\"lazy\" decoding=\"async\" class=\"alignleft wp-image-12464 size-full\" src=\"https:\/\/faed.ufms.br\/files\/2025\/06\/banner_pet_edfis.jpg\" alt=\"\" width=\"1134\" height=\"189\" srcset=\"https:\/\/faed.ufms.br\/files\/2025\/06\/banner_pet_edfis.jpg 1134w, https:\/\/faed.ufms.br\/files\/2025\/06\/banner_pet_edfis-300x50.jpg 300w, https:\/\/faed.ufms.br\/files\/2025\/06\/banner_pet_edfis-1024x171.jpg 1024w, https:\/\/faed.ufms.br\/files\/2025\/06\/banner_pet_edfis-768x128.jpg 768w, https:\/\/faed.ufms.br\/files\/2025\/06\/banner_pet_edfis-730x122.jpg 730w\" sizes=\"(max-width: 1134px) 100vw, 1134px\" \/><\/a><\/span><\/em><\/span><\/p>\n<hr \/>\n<p style=\"text-align: center\"><span style=\"font-size: 8pt\"><em><span style=\"font-size: 12px;background-color: #e5edff\">P\u00e1gina atualizada em: 08\/10\/2025<\/span><\/em><\/span><\/p>\n","protected":false},"excerpt":{"rendered":"<p>O curso de Educa\u00e7\u00e3o F\u00edsica \u2013 Bacharelado da Universidade Federal de Mato Grosso do Sul, tem como objetivo habilitar profissionais \u00e9ticos, cr\u00edticos, socialmente respons\u00e1veis e qualificados para atuar no planejamento geral e pedag\u00f3gico, implanta\u00e7\u00e3o, execu\u00e7\u00e3o e avalia\u00e7\u00e3o de programas de atividades f\u00edsicas para indiv\u00edduos ou popula\u00e7\u00e3o em geral nos diversos campos de interven\u00e7\u00e3o: esporte, preven\u00e7\u00e3o,&#8230;<\/p>\n","protected":false},"author":47,"featured_media":0,"parent":0,"menu_order":0,"comment_status":"closed","ping_status":"closed","template":"page-templates\/page-coordenadorias.php","meta":{"_acf_changed":false,"_eb_attr":"","_price":"","_stock":"","_tribe_ticket_header":"","_tribe_default_ticket_provider":"","_tribe_ticket_capacity":"","_ticket_start_date":"","_ticket_end_date":"","_tribe_ticket_show_description":"","_tribe_ticket_show_not_going":false,"_tribe_ticket_use_global_stock":"","_tribe_ticket_global_stock_level":"","_global_stock_mode":"","_global_stock_cap":"","_tribe_rsvp_for_event":"","_tribe_ticket_going_count":"","_tribe_ticket_not_going_count":"","_tribe_tickets_list":"[]","_tribe_ticket_has_attendee_info_fields":false,"footnotes":"","_tec_slr_enabled":"","_tec_slr_layout":""},"coauthors":[109],"class_list":["post-6743","page","type-page","status-publish","hentry"],"acf":[],"aioseo_notices":[],"ticketed":false,"_links":{"self":[{"href":"https:\/\/faed.ufms.br\/en\/wp-json\/wp\/v2\/pages\/6743","targetHints":{"allow":["GET"]}}],"collection":[{"href":"https:\/\/faed.ufms.br\/en\/wp-json\/wp\/v2\/pages"}],"about":[{"href":"https:\/\/faed.ufms.br\/en\/wp-json\/wp\/v2\/types\/page"}],"author":[{"embeddable":true,"href":"https:\/\/faed.ufms.br\/en\/wp-json\/wp\/v2\/users\/47"}],"replies":[{"embeddable":true,"href":"https:\/\/faed.ufms.br\/en\/wp-json\/wp\/v2\/comments?post=6743"}],"version-history":[{"count":102,"href":"https:\/\/faed.ufms.br\/en\/wp-json\/wp\/v2\/pages\/6743\/revisions"}],"predecessor-version":[{"id":13154,"href":"https:\/\/faed.ufms.br\/en\/wp-json\/wp\/v2\/pages\/6743\/revisions\/13154"}],"wp:attachment":[{"href":"https:\/\/faed.ufms.br\/en\/wp-json\/wp\/v2\/media?parent=6743"}],"wp:term":[{"taxonomy":"author","embeddable":true,"href":"https:\/\/faed.ufms.br\/en\/wp-json\/wp\/v2\/coauthors?post=6743"}],"curies":[{"name":"wp","href":"https:\/\/api.w.org\/{rel}","templated":true}]}}