{"id":7146,"date":"2022-07-13T14:41:00","date_gmt":"2022-07-13T18:41:00","guid":{"rendered":"https:\/\/faed.ufms.br\/?page_id=7146"},"modified":"2026-03-11T16:06:38","modified_gmt":"2026-03-11T20:06:38","slug":"horarios-e-ensalamento","status":"publish","type":"page","link":"https:\/\/faed.ufms.br\/en\/horarios-e-ensalamento\/","title":{"rendered":"Hor\u00e1rios e ensalamento"},"content":{"rendered":"<table style=\"width: 100%;border-collapse: collapse;background-color: #508bfa\">\n<tbody>\n<tr>\n<td style=\"width: 100%;height: 14px;background-color: #3f83b4;text-align: center\"><\/td>\n<\/tr>\n<\/tbody>\n<\/table>\n<p>&nbsp;<\/p>\n<p style=\"text-align: center\"><span style=\"font-size: 14pt\"><span style=\"font-size: 18pt\"><strong>Per\u00edodo 2026-1<br \/>\n<\/strong><\/span><\/span><\/p>\n<hr \/>\n<p style=\"text-align: center\"><em><a href=\"https:\/\/faed.ufms.br\/files\/2026\/02\/Horario-2026.1-Pedagogia-diurno-3101.pdf\">PEDAGOGIA (Diurno) 2026-1 (vers\u00e3o 2)<\/a><\/em><\/p>\n<p style=\"text-align: center\"><a href=\"https:\/\/faed.ufms.br\/files\/2026\/02\/Horario-2026.1-Pedagogia-noturno-3103.pdf\"><em>PEDAGOGIA (Noturno) 2026-1 (vers\u00e3o 2)<\/em><\/a><\/p>\n<p style=\"text-align: center\"><a href=\"https:\/\/faed.ufms.br\/files\/2026\/02\/Horario-2026.1-Pedagogia-Optativas.pdf\"><em>PEDAGOGIA (Optativas) 2026-1<\/em><\/a><\/p>\n<p>&nbsp;<\/p>\n<hr \/>\n<p style=\"text-align: center\"><a href=\"https:\/\/faed.ufms.br\/files\/2026\/02\/Horario-2026.1-.docx.pdf\">CURSO DE LICENCIATURA EM EDUCA\u00c7\u00c3O BIL\u00cdNGUE DE SURDOS &#8211; 2026-1<\/a><\/p>\n<hr \/>\n<p style=\"text-align: center\"><a href=\"https:\/\/faed.ufms.br\/files\/2026\/02\/Horario-2026.1-12.12.25.pdf\"><em>EDUCA\u00c7\u00c3O DO CAMPO (Licenciatura) 2026-1<\/em><\/a><\/p>\n<hr \/>\n<p style=\"text-align: center\"><a href=\"https:\/\/faed.ufms.br\/files\/2026\/03\/ED-FISICA-BAC-2026-1-v5.pdf\">EDUCA\u00c7\u00c3O F\u00cdSICA \u2013 BACHARELADO(2026\/1)<\/a><\/p>\n<p style=\"text-align: center\"><a href=\"https:\/\/faed.ufms.br\/files\/2026\/03\/ED-FISICA-LIC-2026-1-v6.pdf\">EDUCA\u00c7\u00c3O F\u00cdSICA \u2013 LICENCIATURA (2026\/1)<\/a><\/p>\n<table style=\"width: 100%;border-collapse: collapse;background-color: #508bfa\">\n<tbody>\n<tr>\n<td style=\"width: 100%;height: 14px;background-color: #3f83b4;text-align: center\"><\/td>\n<\/tr>\n<\/tbody>\n<\/table>\n<p>&nbsp;<\/p>\n<p style=\"text-align: center\"><span style=\"font-size: 14pt\"><span style=\"font-size: 18pt\"><strong>Per\u00edodo Inverno 2026\/2<br \/>\n<\/strong><\/span><br \/>\n<\/span><\/p>\n<hr \/>\n<hr \/>\n<p>&nbsp;<\/p>\n<table style=\"width: 100%;border-collapse: collapse;background-color: #508bfa\">\n<tbody>\n<tr>\n<td style=\"width: 100%;height: 14px;background-color: #3f83b4;text-align: center\"><\/td>\n<\/tr>\n<\/tbody>\n<\/table>\n<h3>PER\u00cdODOS ANTERIORES<\/h3>\n<p><span style=\"font-size: 14pt\"><span style=\"font-size: 18pt\"><strong>Per\u00edodo 2025-2<\/strong><\/span><\/span><\/p>\n<p><del><span style=\"font-size: 14pt\"><span style=\"font-size: 12pt\"><a href=\"https:\/\/prograd.ufms.br\/calendario-academico\/\">4 de agosto a 6 de dezembro de 2025<\/a><\/span><\/span><\/del><\/p>\n<p style=\"text-align: left\"><del><a href=\"https:\/\/faed.ufms.br\/files\/2025\/08\/HORARIO-ED-FISICA-BAC-2025-2-V6.pdf\"><em>EDUCA\u00c7\u00c3O F\u00cdSICA (Bacharelado) 2025-2<span style=\"font-size: 8pt\"> (vers\u00e3o 6)<\/span><\/em><\/a><\/del><\/p>\n<p style=\"text-align: left\"><del><a href=\"https:\/\/faed.ufms.br\/files\/2025\/08\/HORARIO-ED-FISICA-LIC-2025-2-V6.pdf\"><em>EDUCA\u00c7\u00c3O F\u00cdSICA (Licenciatura) 2025-2<span style=\"font-size: 8pt\"> (vers\u00e3o 6)<\/span><\/em><\/a><\/del><\/p>\n<p style=\"text-align: left\"><del><a href=\"https:\/\/faed.ufms.br\/educacao-fisica\/agenda-de-salas-de-aula\/\">Salas de Aula de Educa\u00e7\u00e3o F\u00edsica (agenda)<\/a><\/del><\/p>\n<p style=\"text-align: left\"><del><a href=\"https:\/\/faed.ufms.br\/files\/2025\/07\/HORARIO-ED-CAMPO-2025-2.pdf\"><em>EDUCA\u00c7\u00c3O DO CAMPO (Licenciatura) 2025-2<\/em><\/a><\/del><\/p>\n<p style=\"text-align: left\"><del><em><a href=\"https:\/\/faed.ufms.br\/files\/2025\/07\/Horario-2025.2-Pedagogia-3101-v2.pdf\">PEDAGOGIA (Diurno) 2025-2<span style=\"font-size: 8pt\"> (vers\u00e3o 2)<\/span><\/a><\/em><\/del><\/p>\n<p style=\"text-align: left\"><del><a href=\"https:\/\/faed.ufms.br\/files\/2025\/07\/Horario-2025.2-Pedagogia-3103-v2.pdf\"><em>PEDAGOGIA (Noturno) 2025-2 <span style=\"font-size: 8pt\">(vers\u00e3o 2)<\/span><\/em><\/a><\/del><\/p>\n<p style=\"text-align: left\"><del><a href=\"https:\/\/faed.ufms.br\/files\/2025\/07\/Horario-2025.2-Optativas-Pedagogia.pdf\"><em>PEDAGOGIA (Optativas) 2025-2<\/em><\/a><\/del><\/p>\n<p>&nbsp;<\/p>\n<p style=\"text-align: left\"><span style=\"font-size: 8pt\"><span style=\"font-size: 12pt\"><strong>Per\u00edodo 2025-1<br \/>\n<\/strong><\/span><\/span><\/p>\n<p><del><span style=\"font-size: 14pt\"><a href=\"https:\/\/prograd.ufms.br\/calendario-academico\/\"><span style=\"font-size: 10pt\">14 de julho de 2025 a 2 de agosto de 2025<\/span><\/a><\/span><\/del><\/p>\n<p style=\"text-align: left\"><del><a href=\"https:\/\/faed.ufms.br\/files\/2025\/07\/lista-oferta-faed-inverno-2025.pdf\"><em>Lista de Ofertas (Geral Faed) Inverno 2025\/1<\/em><\/a><\/del><\/p>\n<p style=\"text-align: left\"><del><em><a href=\"https:\/\/faed.ufms.br\/files\/2025\/07\/ED-FISICA-INV-2025-ver3.pdf\">EDUCA\u00c7\u00c3O F\u00cdSICA (Licenciatura\/Bacharelado) Inverno 2025\/1 <span style=\"font-size: 8pt\">(Vers\u00e3o 3)<\/span><\/a><br \/>\n<\/em><\/del><\/p>\n<p style=\"text-align: left\"><del><a href=\"https:\/\/faed.ufms.br\/files\/2025\/07\/Horario-Pedagogia-Inverno-2025.1.pdf\"><em>PEDAGOGIA (Diurno\/Noturno) Inverno 2025\/1<\/em><\/a><\/del><\/p>\n<p><del><span style=\"font-size: 14pt\">\u00a0<\/span><\/del><\/p>\n<p style=\"text-align: left\"><del><span style=\"font-size: 8pt\"><a href=\"https:\/\/prograd.ufms.br\/calendario-academico\/\">10 de mar\u00e7o a 12 de julho de 2025<\/a><\/span><\/del><\/p>\n<p style=\"text-align: left\"><span style=\"text-decoration: line-through\"><span style=\"font-size: 8pt\"><a href=\"https:\/\/faed.ufms.br\/files\/2025\/02\/ED-FISICA-BAC-2025-1v6.pdf\"><em>EDUCA\u00c7\u00c3O F\u00cdSICA (Bacharelado) 2025-1 (vers\u00e3o 6)<\/em><\/a><br \/>\n<\/span><span style=\"font-size: 8pt\"><a href=\"https:\/\/faed.ufms.br\/files\/2025\/02\/ED-FISICA-LIC-2025-1v6.pdf\"><em>EDUCA\u00c7\u00c3O F\u00cdSICA (Licenciatura) 2025-1 (vers\u00e3o 6)<\/em><\/a><br \/>\n<\/span><span style=\"font-size: 8pt\"><a href=\"https:\/\/faed.ufms.br\/files\/2025\/02\/ED-CAMPO-LIC-2025-1v1.pdf\"><em>EDUCA\u00c7\u00c3O DO CAMPO (Licenciatura) 2025-1<\/em><\/a><br \/>\n<\/span><span style=\"font-size: 8pt\"><a href=\"https:\/\/faed.ufms.br\/files\/2025\/02\/PEDAGOGIA-DN-2025-1v1.pdf\"><em>PEDAGOGIA (Diurno) 2025-1\u00a0<\/em><\/a><br \/>\n<\/span><span style=\"font-size: 8pt\"><a href=\"https:\/\/faed.ufms.br\/files\/2025\/02\/PEDAGOGIA-NT-2025-1v1.pdf\"><em>PEDAGOGIA (Noturno) 2025-1<\/em><\/a><br \/>\n<\/span><span style=\"font-size: 12pt\"><a href=\"https:\/\/faed.ufms.br\/files\/2025\/02\/PEDAGOGIA-OPT-2025-1v1.pdf\"><em><span style=\"font-size: 8pt\">PEDAGOGIA (Optativas) 2025-1<\/span><\/em><\/a><\/span><\/span><\/p>\n<p>&nbsp;<\/p>\n<p style=\"text-align: left\"><span style=\"font-size: 12pt\"><strong>Per\u00edodo Ver\u00e3o 2024-2<br \/>\n<\/strong><span style=\"font-size: 8pt\"><a href=\"https:\/\/prograd.ufms.br\/calendario-academico\/\">3 de fevereiro a 1\u00ba de mar\u00e7o de 2025<\/a><\/span><\/span><\/p>\n<p style=\"text-align: left\"><span style=\"text-decoration: line-through\"><span style=\"font-size: 8pt\"><a href=\"https:\/\/faed.ufms.br\/files\/2024\/12\/ofertas-faed-verao-2024-2.pdf\"><em>Lista de Ofertas (Geral Faed) Ver\u00e3o 2024\/2<\/em><\/a><\/span><\/span><br \/>\n<span style=\"text-decoration: line-through\"><span style=\"font-size: 8pt\"><a href=\"https:\/\/faed.ufms.br\/files\/2025\/01\/PEDAGOGIA-DN-verao-2024v2.pdf\"><em>PEDAGOGIA (Diurno\/Noturno) Ver\u00e3o 2024-2<\/em><\/a><\/span><\/span><br \/>\n<span style=\"text-decoration: line-through\"><span style=\"font-size: 8pt\"><a href=\"https:\/\/faed.ufms.br\/files\/2025\/01\/ED-FISICA-VERAO-2024-2.pdf\"><em>EDUCA\u00c7\u00c3O F\u00cdSICA (Licenciatura\/Bacharelado) Ver\u00e3o 2024-2<\/em><\/a><\/span><\/span><\/p>\n<p>&nbsp;<\/p>\n<p><strong><span style=\"font-size: 12pt\">Per\u00edodo Letivo 2024-2<br \/>\n<\/span><\/strong><span style=\"font-size: 8pt\">5 de agosto a 21 de dezembro de 2024<\/span><span style=\"text-decoration: line-through\"><span style=\"font-size: 8pt\"><br \/>\n<\/span><\/span><\/p>\n<p><span style=\"font-size: 8pt\"><em><a href=\"https:\/\/faed.ufms.br\/files\/2024\/07\/ED-FISICA-BAC-2024-2.pdf\"><span style=\"text-decoration: line-through\">Educa\u00e7\u00e3o F\u00edsica (Bacharelado) 2024-2<\/span><\/a><br \/>\n<\/em><\/span><span style=\"text-decoration: line-through;font-size: 8pt\"><em><a href=\"https:\/\/faed.ufms.br\/files\/2024\/07\/ED-FISICA-LIC-2024-2.pdf\">Educa\u00e7\u00e3o F\u00edsica (Licenciatura) 2024-2<\/a><br \/>\n<\/em><\/span><span style=\"text-decoration: line-through;font-size: 8pt\"><a href=\"https:\/\/faed.ufms.br\/files\/2024\/07\/EDU-CAMPO-2024-2.pdf\"><em>Educa\u00e7\u00e3o do Campo (Licenciatura) 2024-2<\/em><\/a><br \/>\n<\/span><span style=\"text-decoration: line-through;font-size: 8pt\"><a href=\"https:\/\/faed.ufms.br\/files\/2024\/08\/PEDAGOGIA-DN-2024-28-8.pdf\"><em>Pedagogia (Diurno\/Noturno) 2024-2<\/em><\/a><\/span><\/p>\n<p>&nbsp;<\/p>\n<p><strong><span style=\"font-size: 12pt\">Per\u00edodo Letivo 2024-1<br \/>\n<\/span><\/strong><span style=\"font-size: 8pt\">4 de mar\u00e7o a 17 de agosto de 2024<\/span><strong><span style=\"font-size: 8pt\"><br \/>\n<\/span><\/strong><\/p>\n<p><span style=\"font-size: 8pt\"><em><a href=\"https:\/\/faed.ufms.br\/files\/2024\/02\/Horario-Educacao-Fisica-BACHARELADO-2024-1.pdf\"><span style=\"text-decoration: line-through\">Educa\u00e7\u00e3o F\u00edsica (Bacharelado) 2024-1<\/span><\/a><br \/>\n<\/em><\/span><span style=\"text-decoration: line-through;font-size: 8pt\"><em><a href=\"https:\/\/faed.ufms.br\/files\/2024\/02\/Horario-Educacao-Fisica-LICENCIATURA-2024-1.pdf\">Educa\u00e7\u00e3o F\u00edsica (Licenciatura) 2024-1<\/a><br \/>\n<\/em><\/span><span style=\"text-decoration: line-through;font-size: 8pt\"><em><a href=\"https:\/\/faed.ufms.br\/files\/2024\/03\/1HORARIO_2024-1_Versao-final-29-02-2024.pdf\">Educa\u00e7\u00e3o do Campo (Licenciatura) 2024-1<\/a><br \/>\n<\/em><\/span><span style=\"text-decoration: line-through;font-size: 8pt\"><em><a href=\"https:\/\/faed.ufms.br\/files\/2024\/01\/Horario-2024.1-Pedagogia-3101_3103-1.pdf\">Pedagogia (Diurno\/Noturno) 2024-1<\/a><\/em><\/span><\/p>\n","protected":false},"excerpt":{"rendered":"<p>&nbsp; Per\u00edodo 2026-1 PEDAGOGIA (Diurno) 2026-1 (vers\u00e3o 2) PEDAGOGIA (Noturno) 2026-1 (vers\u00e3o 2) PEDAGOGIA (Optativas) 2026-1 &nbsp; CURSO DE LICENCIATURA EM EDUCA\u00c7\u00c3O BIL\u00cdNGUE DE SURDOS &#8211; 2026-1 EDUCA\u00c7\u00c3O DO CAMPO (Licenciatura) 2026-1 EDUCA\u00c7\u00c3O F\u00cdSICA \u2013 BACHARELADO(2026\/1) EDUCA\u00c7\u00c3O F\u00cdSICA \u2013 LICENCIATURA (2026\/1) &nbsp; Per\u00edodo Inverno 2026\/2 &nbsp; PER\u00cdODOS ANTERIORES Per\u00edodo 2025-2 4 de agosto a 6&#8230;<\/p>\n","protected":false},"author":47,"featured_media":0,"parent":0,"menu_order":0,"comment_status":"closed","ping_status":"closed","template":"","meta":{"_acf_changed":false,"_eb_attr":"","_price":"","_stock":"","_tribe_ticket_header":"","_tribe_default_ticket_provider":"","_tribe_ticket_capacity":"0","_ticket_start_date":"","_ticket_end_date":"","_tribe_ticket_show_description":"","_tribe_ticket_show_not_going":false,"_tribe_ticket_use_global_stock":"","_tribe_ticket_global_stock_level":"","_global_stock_mode":"","_global_stock_cap":"","_tribe_rsvp_for_event":"","_tribe_ticket_going_count":"","_tribe_ticket_not_going_count":"","_tribe_tickets_list":"[]","_tribe_ticket_has_attendee_info_fields":false,"footnotes":"","_tec_slr_enabled":"","_tec_slr_layout":""},"coauthors":[109],"class_list":["post-7146","page","type-page","status-publish","hentry"],"acf":[],"aioseo_notices":[],"ticketed":false,"_links":{"self":[{"href":"https:\/\/faed.ufms.br\/en\/wp-json\/wp\/v2\/pages\/7146","targetHints":{"allow":["GET"]}}],"collection":[{"href":"https:\/\/faed.ufms.br\/en\/wp-json\/wp\/v2\/pages"}],"about":[{"href":"https:\/\/faed.ufms.br\/en\/wp-json\/wp\/v2\/types\/page"}],"author":[{"embeddable":true,"href":"https:\/\/faed.ufms.br\/en\/wp-json\/wp\/v2\/users\/47"}],"replies":[{"embeddable":true,"href":"https:\/\/faed.ufms.br\/en\/wp-json\/wp\/v2\/comments?post=7146"}],"version-history":[{"count":104,"href":"https:\/\/faed.ufms.br\/en\/wp-json\/wp\/v2\/pages\/7146\/revisions"}],"predecessor-version":[{"id":13253,"href":"https:\/\/faed.ufms.br\/en\/wp-json\/wp\/v2\/pages\/7146\/revisions\/13253"}],"wp:attachment":[{"href":"https:\/\/faed.ufms.br\/en\/wp-json\/wp\/v2\/media?parent=7146"}],"wp:term":[{"taxonomy":"author","embeddable":true,"href":"https:\/\/faed.ufms.br\/en\/wp-json\/wp\/v2\/coauthors?post=7146"}],"curies":[{"name":"wp","href":"https:\/\/api.w.org\/{rel}","templated":true}]}}