{"id":7675,"date":"2022-10-06T19:26:38","date_gmt":"2022-10-06T23:26:38","guid":{"rendered":"https:\/\/faed.ufms.br\/?page_id=7675"},"modified":"2025-05-28T15:16:14","modified_gmt":"2025-05-28T19:16:14","slug":"ensino","status":"publish","type":"page","link":"https:\/\/faed.ufms.br\/en\/educacao-fisica\/ensino\/","title":{"rendered":"Projetos de Ensino da Educa\u00e7\u00e3o F\u00edsica"},"content":{"rendered":"<p>Os projetos de ensino da UFMS t\u00eam por objetivo a efetiva\u00e7\u00e3o da melhoria dos Cursos de Gradua\u00e7\u00e3o com implementa\u00e7\u00e3o de a\u00e7\u00f5es inovadoras e\/ou metodol\u00f3gicas que visem \u00e0 efetiva melhoria do processo de ensino, a dinamiza\u00e7\u00e3o dos componentes curriculares do PPC e\/ou a produ\u00e7\u00e3o de material did\u00e1tico e instrucional.<\/p>\n<p>&nbsp;<\/p>\n<hr \/>\n<p><strong><img decoding=\"async\" class=\"size-full wp-image-12427 alignright\" src=\"https:\/\/faed.ufms.br\/files\/2025\/05\/pet-edf.png\" alt=\"\" width=\"152\" height=\"152\" srcset=\"https:\/\/faed.ufms.br\/files\/2025\/05\/pet-edf.png 152w, https:\/\/faed.ufms.br\/files\/2025\/05\/pet-edf-150x150.png 150w\" sizes=\"(max-width: 152px) 100vw, 152px\" \/><span style=\"font-size: 14pt\">PET Educa\u00e7\u00e3o F\u00edsica<\/span><\/strong><\/p>\n<p>O grupo PET Educa\u00e7\u00e3o F\u00edsica foi institu\u00eddo em 1\u00ba de junho de 2006, via edital de sele\u00e7\u00e3o, sendo este o primeiro programa de educa\u00e7\u00e3o tutorial da cidade de Campo Grande, no Estado de Mato Grosso do Sul, ligado \u00e0 Educa\u00e7\u00e3o F\u00edsica, \u00e1rea de sa\u00fade, buscando corrigir desigualdades sociais e regionais, combater a evas\u00e3o e a reten\u00e7\u00e3o, promover a inova\u00e7\u00e3o tecnol\u00f3gica e fortalecer o curso de Educa\u00e7\u00e3o F\u00edsica da cidade Universit\u00e1ria \u2013 UFMS.<\/p>\n<p><strong>Tutor(a):\u00a0<\/strong>Junior Vagner Pereira da Silva<\/p>\n<p><strong>E-mail:<\/strong>\u00a0ufms.petef@gmail.com,\u00a0junior.pereira@ufms.br<\/p>\n<p>&nbsp;<\/p>\n<p><strong>Redes Sociais<\/strong><\/p>\n<p><strong><a href=\"https:\/\/www.instagram.com\/petef.ufms\/?igshid=d38z6utir1tz\" target=\"_blank\" rel=\"noopener noreferrer\">Instagram.com\/petef.ufms\/<\/a><\/strong><\/p>\n<p><a href=\"https:\/\/www.facebook.com\/petef.ufms\" target=\"_blank\" rel=\"noopener noreferrer\">Facebook<\/a> |\u00a0<a href=\"https:\/\/www.youtube.com\/@peteducacaofisicaufms6966\">Youtube<\/a> | <a href=\"https:\/\/linktr.ee\/Petef.ufms\" target=\"_blank\" rel=\"noopener noreferrer\">linktr.ee<\/a><\/p>\n<p>&nbsp;<\/p>\n<p><strong>Planejamentos<br \/>\n<\/strong><\/p>\n<p><a href=\"https:\/\/prograd.ufms.br\/files\/2020\/07\/Educa%C3%A7%C3%A3o-F%C3%ADsica-Faed.pdf\" target=\"_blank\" rel=\"noopener noreferrer\">2019,<\/a>\u00a0<a href=\"https:\/\/prograd.ufms.br\/files\/2020\/07\/PET-Educa%C3%A7%C3%A3o-F%C3%ADsica-2020-Planejamento.pdf\" target=\"_blank\" rel=\"noopener noreferrer\">2020,<\/a>\u00a0<a href=\"https:\/\/prograd.ufms.br\/files\/2021\/04\/Planejamento-2021-PET-EDUCA%C3%87%C3%83O-FISICA-FAED.pdf\" target=\"_blank\" rel=\"noopener noreferrer\">2021,\u00a0<\/a><a href=\"https:\/\/prograd.ufms.br\/files\/2023\/03\/Educacao-Fisica.pdf\" target=\"_blank\" rel=\"noopener\">2022,<\/a>\u00a0<a href=\"https:\/\/prograd.ufms.br\/files\/2023\/03\/EDUCACAO-FISICA-1.pdf\" target=\"_blank\" rel=\"noopener\">2023,\u00a0<\/a><a href=\"https:\/\/prograd.ufms.br\/files\/2025\/04\/PET-EDUCACAO-FISICA-FAED.pdf\" target=\"_blank\" rel=\"noopener\">2024,\u00a0<\/a><a href=\"https:\/\/prograd.ufms.br\/files\/2025\/04\/PET-EDUCACAO-FISICA.pdf\" target=\"_blank\" rel=\"noopener\">2025<\/a><\/p>\n<p>&nbsp;<\/p>\n<p><strong>Relat\u00f3rios<\/strong><\/p>\n<p><a href=\"https:\/\/prograd.ufms.br\/files\/2023\/03\/Relatorio-Atividades-2020-Grupo-PET-Educacao-Fisica.pdf\" target=\"_blank\" rel=\"noopener\">2020<\/a>,\u00a0<a href=\"https:\/\/prograd.ufms.br\/files\/2023\/03\/EDUCACAO-FISICA-2.pdf\" target=\"_blank\" rel=\"noopener\">2021<\/a>,\u00a0<a href=\"https:\/\/prograd.ufms.br\/files\/2023\/03\/PET-EDUCACAO-FISICA.pdf\" target=\"_blank\" rel=\"noopener\">2022,\u00a0<\/a><a href=\"https:\/\/prograd.ufms.br\/files\/2025\/04\/Agronomia-e-Engenharia-Florestal.pdf\" target=\"_blank\" rel=\"noopener\">2023,\u00a0<\/a><a href=\"https:\/\/prograd.ufms.br\/files\/2025\/04\/EDUCACAO-FISICA-1.pdf\" target=\"_blank\" rel=\"noopener\">2024<\/a><\/p>\n<p>&nbsp;<\/p>\n<hr \/>\n<p><strong><span style=\"font-size: 14pt\">Programa de Monitoria<\/span><\/strong><\/p>\n<p>O Programa Institucional de Monitoria \u00e9 uma a\u00e7\u00e3o de ensino e objetiva a melhoria da qualidade do ensino e aprendizagem nos Cursos de Gradua\u00e7\u00e3o da UFMS pela articula\u00e7\u00e3o entre teoria e pr\u00e1tica, envolvendo estudantes e professores em atividades did\u00e1tico-pedag\u00f3gicas.<\/p>\n<p><span style=\"font-size: 10pt\">Fonte: <a href=\"https:\/\/prograd.ufms.br\/programas-e-projetos\/programa-de-monitoria\/\">https:\/\/prograd.ufms.br\/<\/a><\/span><\/p>\n<p>&nbsp;<\/p>\n<hr \/>\n<p><strong><span style=\"font-size: 14pt\">Projetos de Ensino de Gradua\u00e7\u00e3o<\/span><\/strong><\/p>\n<p>O Projeto de Ensino de Gradua\u00e7\u00e3o \u00e9 uma a\u00e7\u00e3o vinculada ao Projeto Pedag\u00f3gico de Curso (PPC), de um ou mais Cursos de Gradua\u00e7\u00e3o, que tem por objetivo a efetiva\u00e7\u00e3o da melhoria dos Cursos de Gradua\u00e7\u00e3o com implementa\u00e7\u00e3o de a\u00e7\u00f5es inovadoras e\/ou metodol\u00f3gicas que visem \u00e0 efetiva melhoria do processo de ensino, a dinamiza\u00e7\u00e3o dos componentes curriculares do PPC e\/ou a produ\u00e7\u00e3o de material did\u00e1tico e instrucional.<\/p>\n<p><span style=\"font-size: 10pt\">Fonte: <a href=\"https:\/\/prograd.ufms.br\/programas-e-projetos\/projeto-de-ensino-de-graduacao\/\">https:\/\/prograd.ufms.br\/<\/a><\/span><\/p>\n<p>&nbsp;<\/p>\n<hr \/>\n<p><span style=\"font-size: 14pt\"><strong><em>Consulta aos projetos de ensino da Faed a partir de 2021<\/em><\/strong><\/span><\/p>\n\n<!-- iframe plugin v.5.2 wordpress.org\/plugins\/iframe\/ -->\n<iframe src=\"https:\/\/docs.google.com\/spreadsheets\/d\/e\/2PACX-1vS5eFaJJkHqcXlq-ssHmLTZ-qkE1WXlxgfb05EbaaHGSTDC6WuTnVQitA7J1bxafQ\/pubhtml?gid=779243508&#038;amp;single=true&#038;amp;widget=true&#038;amp;headers=false\" width=\"100%\" height=\"500\" scrolling=\"yes\" class=\"iframe-class\" frameborder=\"0\"><\/iframe>\n\n<p><em><span style=\"font-size: 14pt\"><a href=\"https:\/\/docs.google.com\/spreadsheets\/d\/1akdSm0_ldOhJ85kBvIzoAWuqK7tIdU0z\/edit?usp=drive_link&amp;ouid=102401350018893628066&amp;rtpof=true&amp;sd=true\">Baixar planilha<\/a><\/span><\/em><\/p>\n<p>&nbsp;<\/p>\n<p><span style=\"font-size: 8pt\">Fonte de dados: <a href=\"https:\/\/sigproj.ufms.br\/publico\/projetos-em-andamento\">https:\/\/sigproj.ufms.br<\/a> \/ Acessado em: 28\/11\/2024<\/span><\/p>\n<hr \/>\n<p style=\"text-align: center\"><span style=\"font-size: 8pt\"><em><span style=\"font-size: 12px;background-color: #e5edff\">P\u00e1gina atualizada em: 28\/05\/2025<\/span><\/em><\/span><\/p>\n","protected":false},"excerpt":{"rendered":"<p>Os projetos de ensino da UFMS t\u00eam por objetivo a efetiva\u00e7\u00e3o da melhoria dos Cursos de Gradua\u00e7\u00e3o com implementa\u00e7\u00e3o de a\u00e7\u00f5es inovadoras e\/ou metodol\u00f3gicas que visem \u00e0 efetiva melhoria do processo de ensino, a dinamiza\u00e7\u00e3o dos componentes curriculares do PPC e\/ou a produ\u00e7\u00e3o de material did\u00e1tico e instrucional. &nbsp; PET Educa\u00e7\u00e3o F\u00edsica O grupo PET&#8230;<\/p>\n","protected":false},"author":2352,"featured_media":0,"parent":6747,"menu_order":0,"comment_status":"closed","ping_status":"closed","template":"page-templates\/page-coordenadorias.php","meta":{"_acf_changed":false,"_eb_attr":"","_price":"","_stock":"","_tribe_ticket_header":"","_tribe_default_ticket_provider":"","_tribe_ticket_capacity":"0","_ticket_start_date":"","_ticket_end_date":"","_tribe_ticket_show_description":"","_tribe_ticket_show_not_going":false,"_tribe_ticket_use_global_stock":"","_tribe_ticket_global_stock_level":"","_global_stock_mode":"","_global_stock_cap":"","_tribe_rsvp_for_event":"","_tribe_ticket_going_count":"","_tribe_ticket_not_going_count":"","_tribe_tickets_list":"[]","_tribe_ticket_has_attendee_info_fields":false,"footnotes":"","_tec_slr_enabled":"","_tec_slr_layout":""},"coauthors":[115],"class_list":["post-7675","page","type-page","status-publish","hentry"],"acf":[],"aioseo_notices":[],"ticketed":false,"_links":{"self":[{"href":"https:\/\/faed.ufms.br\/en\/wp-json\/wp\/v2\/pages\/7675","targetHints":{"allow":["GET"]}}],"collection":[{"href":"https:\/\/faed.ufms.br\/en\/wp-json\/wp\/v2\/pages"}],"about":[{"href":"https:\/\/faed.ufms.br\/en\/wp-json\/wp\/v2\/types\/page"}],"author":[{"embeddable":true,"href":"https:\/\/faed.ufms.br\/en\/wp-json\/wp\/v2\/users\/2352"}],"replies":[{"embeddable":true,"href":"https:\/\/faed.ufms.br\/en\/wp-json\/wp\/v2\/comments?post=7675"}],"version-history":[{"count":10,"href":"https:\/\/faed.ufms.br\/en\/wp-json\/wp\/v2\/pages\/7675\/revisions"}],"predecessor-version":[{"id":12440,"href":"https:\/\/faed.ufms.br\/en\/wp-json\/wp\/v2\/pages\/7675\/revisions\/12440"}],"up":[{"embeddable":true,"href":"https:\/\/faed.ufms.br\/en\/wp-json\/wp\/v2\/pages\/6747"}],"wp:attachment":[{"href":"https:\/\/faed.ufms.br\/en\/wp-json\/wp\/v2\/media?parent=7675"}],"wp:term":[{"taxonomy":"author","embeddable":true,"href":"https:\/\/faed.ufms.br\/en\/wp-json\/wp\/v2\/coauthors?post=7675"}],"curies":[{"name":"wp","href":"https:\/\/api.w.org\/{rel}","templated":true}]}}