{"id":7969,"date":"2023-02-14T15:46:45","date_gmt":"2023-02-14T19:46:45","guid":{"rendered":"https:\/\/faed.ufms.br\/?page_id=7969"},"modified":"2025-04-30T09:58:45","modified_gmt":"2025-04-30T13:58:45","slug":"extensao","status":"publish","type":"page","link":"https:\/\/faed.ufms.br\/en\/projetos\/extensao\/","title":{"rendered":"Projetos de Extens\u00e3o"},"content":{"rendered":"<p>A Extens\u00e3o Universit\u00e1ria define a postura da Universidade diante da sociedade em que se insere, estimulando sua fun\u00e7\u00e3o b\u00e1sica de produtora do conhecimento e, ao mesmo tempo, de socializadora desse conhecimento, visando a\u0300 interven\u00e7\u00e3o na realidade, possibilitando acordos e a\u00e7\u00f5es coletivas entre universidade e popula\u00e7\u00e3o.<\/p>\n<p>O compromisso social da UFMS e\u0301 a constru\u00e7\u00e3o de uma sociedade mais justa, produtiva e permeada por valores virtuosos, na qual o impulso empreendedor deve dialogar com o respeito ao coletivo e a\u0300s heran\u00e7as culturais e naturais. Um pressuposto indispens\u00e1vel para este desenvolvimento e\u0301 a difus\u00e3o e a democratiza\u00e7\u00e3o do conhecimento em uma rela\u00e7\u00e3o dial\u00f3gica entre a UFMS e os diversos setores da sociedade. A\u00a0extens\u00e3o universit\u00e1ria e\u0301 o principal eixo institucional capaz de articular e imprimir novos rumos a\u0300 universidade brasileira e contribuir significativamente para seu desenvolvimento.<\/p>\n<p><a href=\"https:\/\/proece.ufms.br\/diretorias\/diex\/\"><em><strong>Informa\u00e7\u00f5es sobre projetos de extens\u00e3o na UFMS<\/strong><\/em><\/a><\/p>\n<hr \/>\n<p>&nbsp;<\/p>\n<p><span style=\"font-size: 14pt\"><strong><em>Consulta aos projetos de extens\u00e3o da Faed a partir de 2021<\/em><\/strong><\/span><\/p>\n\n<!-- iframe plugin v.5.2 wordpress.org\/plugins\/iframe\/ -->\n<iframe src=\"https:\/\/docs.google.com\/spreadsheets\/d\/e\/2PACX-1vS5eFaJJkHqcXlq-ssHmLTZ-qkE1WXlxgfb05EbaaHGSTDC6WuTnVQitA7J1bxafQ\/pubhtml?gid=1772486871&#038;amp;single=true&#038;amp;widget=true&#038;amp;headers=false\" width=\"100%\" height=\"500\" scrolling=\"yes\" class=\"iframe-class\" frameborder=\"0\"><\/iframe>\n\n<p><em><span style=\"font-size: 14pt\"><a href=\"https:\/\/docs.google.com\/spreadsheets\/d\/1akdSm0_ldOhJ85kBvIzoAWuqK7tIdU0z\/edit?usp=drive_link&amp;ouid=102401350018893628066&amp;rtpof=true&amp;sd=true\">Baixar planilha<\/a><\/span><\/em><\/p>\n<p>&nbsp;<\/p>\n<p><span style=\"font-size: 10pt\">Fonte de dados: <\/span><a href=\"https:\/\/sigproj.ufms.br\/publico\/projetos-em-andamento\"><span style=\"font-size: 10pt\">https:\/\/sigproj.ufms.br<\/span><\/a><span style=\"font-size: 10pt\"> \/ Acessado em: 28\/11\/2024<\/span><\/p>\n<hr \/>\n<p style=\"text-align: center\"><span style=\"font-size: 8pt\"><em><span style=\"font-size: 12px;background-color: #e5edff\">P\u00e1gina atualizada em: 4\/04\/2025<\/span><\/em><\/span><\/p>\n","protected":false},"excerpt":{"rendered":"<p>A Extens\u00e3o Universit\u00e1ria define a postura da Universidade diante da sociedade em que se insere, estimulando sua fun\u00e7\u00e3o b\u00e1sica de produtora do conhecimento e, ao mesmo tempo, de socializadora desse conhecimento, visando a\u0300 interven\u00e7\u00e3o na realidade, possibilitando acordos e a\u00e7\u00f5es coletivas entre universidade e popula\u00e7\u00e3o. O compromisso social da UFMS e\u0301 a constru\u00e7\u00e3o de uma&#8230;<\/p>\n","protected":false},"author":2352,"featured_media":0,"parent":10152,"menu_order":0,"comment_status":"closed","ping_status":"closed","template":"page-templates\/page-coordenadorias.php","meta":{"_acf_changed":false,"_eb_attr":"","_price":"","_stock":"","_tribe_ticket_header":"","_tribe_default_ticket_provider":"","_tribe_ticket_capacity":"0","_ticket_start_date":"","_ticket_end_date":"","_tribe_ticket_show_description":"","_tribe_ticket_show_not_going":false,"_tribe_ticket_use_global_stock":"","_tribe_ticket_global_stock_level":"","_global_stock_mode":"","_global_stock_cap":"","_tribe_rsvp_for_event":"","_tribe_ticket_going_count":"","_tribe_ticket_not_going_count":"","_tribe_tickets_list":"[]","_tribe_ticket_has_attendee_info_fields":false,"footnotes":"","_tec_slr_enabled":"","_tec_slr_layout":""},"coauthors":[115],"class_list":["post-7969","page","type-page","status-publish","hentry"],"acf":[],"aioseo_notices":[],"ticketed":false,"_links":{"self":[{"href":"https:\/\/faed.ufms.br\/en\/wp-json\/wp\/v2\/pages\/7969","targetHints":{"allow":["GET"]}}],"collection":[{"href":"https:\/\/faed.ufms.br\/en\/wp-json\/wp\/v2\/pages"}],"about":[{"href":"https:\/\/faed.ufms.br\/en\/wp-json\/wp\/v2\/types\/page"}],"author":[{"embeddable":true,"href":"https:\/\/faed.ufms.br\/en\/wp-json\/wp\/v2\/users\/2352"}],"replies":[{"embeddable":true,"href":"https:\/\/faed.ufms.br\/en\/wp-json\/wp\/v2\/comments?post=7969"}],"version-history":[{"count":19,"href":"https:\/\/faed.ufms.br\/en\/wp-json\/wp\/v2\/pages\/7969\/revisions"}],"predecessor-version":[{"id":11514,"href":"https:\/\/faed.ufms.br\/en\/wp-json\/wp\/v2\/pages\/7969\/revisions\/11514"}],"up":[{"embeddable":true,"href":"https:\/\/faed.ufms.br\/en\/wp-json\/wp\/v2\/pages\/10152"}],"wp:attachment":[{"href":"https:\/\/faed.ufms.br\/en\/wp-json\/wp\/v2\/media?parent=7969"}],"wp:term":[{"taxonomy":"author","embeddable":true,"href":"https:\/\/faed.ufms.br\/en\/wp-json\/wp\/v2\/coauthors?post=7969"}],"curies":[{"name":"wp","href":"https:\/\/api.w.org\/{rel}","templated":true}]}}