{"id":8496,"date":"2023-08-29T16:17:50","date_gmt":"2023-08-29T20:17:50","guid":{"rendered":"https:\/\/faed.ufms.br\/?page_id=8496"},"modified":"2025-04-30T09:43:58","modified_gmt":"2025-04-30T13:43:58","slug":"atividades","status":"publish","type":"page","link":"https:\/\/faed.ufms.br\/en\/educacao-do-campo\/atividades\/","title":{"rendered":"Atividades do curso"},"content":{"rendered":"<p><strong>ROTEIRO TEMPO COMUNIDADE -TC (2023)<\/strong><\/p>\n<ul>\n<li><a href=\"https:\/\/faed.ufms.br\/files\/2023\/08\/Roteiro-TC-27-03-2023-Uirapuru.pdf\">Roteiro TC-27-03-2023- Uirapuru<\/a><\/li>\n<li><a href=\"https:\/\/faed.ufms.br\/files\/2023\/08\/Roteiro-TC-10-04-2023-Uirapuru.pdf\">Roteiro TC-10-04-2023- Uirapuru<\/a><\/li>\n<li><a href=\"https:\/\/faed.ufms.br\/files\/2023\/08\/Roteiro-TC-05-06-2023-Uirapuru.pdf\">Roteiro TC-05-06-2023- Uirapuru<\/a><\/li>\n<li><a href=\"https:\/\/faed.ufms.br\/files\/2023\/11\/Roteiro-TC-20-10-2023-ASSENTAMENTO-PANA-NOVA-ALVORADA.pdf\">Roteiro TC-20-10-2023- ASSENTAMENTO PANA-NOVA ALVORADA<\/a><\/li>\n<\/ul>\n<p>&nbsp;<\/p>\n<p><strong>ROTEIRO TEMPO COMUNIDADE -TC (2022)<\/strong><\/p>\n<ul>\n<li><a href=\"https:\/\/faed.ufms.br\/files\/2023\/08\/1-Roteiro-Tempo-Comunidade-02-05.pdf\">1-Roteiro Tempo Comunidade-02-05-2022<\/a><\/li>\n<li><a href=\"https:\/\/faed.ufms.br\/files\/2023\/08\/2-Roteiro-Tempo-Comunidade-17-10-2022-Visita-Aldeia-com-o-Prof-Albert.pdf\">2-Roteiro Tempo Comunidade-17-10-2022-Visita Aldeia com o Prof Albert<\/a><\/li>\n<li><a href=\"https:\/\/faed.ufms.br\/files\/2023\/08\/3-Roteiro-Tempo-Comunidade-23-11-2022-Visita-Uirapuru.pdf\">3-Roteiro Tempo Comunidade-23-11-2022-Visita Uirapuru<\/a><\/li>\n<li><a href=\"https:\/\/faed.ufms.br\/files\/2023\/08\/4-Roteiro-Tempo-Comunidade-02-12-22.pdf\">4-Roteiro Tempo Comunidade-02-12-2022<\/a><\/li>\n<\/ul>\n<p>&nbsp;<\/p>\n<p><strong>ROTEIRO TEMPO COMUNIDADE -TC (2021)<\/strong><\/p>\n<ul>\n<li><a href=\"https:\/\/faed.ufms.br\/files\/2023\/08\/3-Roteiro-Tempo-Comunidade-27-09.docx.pdf\">3-Roteiro Tempo Comunidade-27-09-2021<\/a><\/li>\n<li><a href=\"https:\/\/faed.ufms.br\/files\/2023\/08\/4-Roteiro-Tempo-Comunidade-25-10.pdf\">4-Roteiro Tempo Comunidade-25-10-2021<\/a><\/li>\n<li><a href=\"https:\/\/faed.ufms.br\/files\/2023\/08\/5-Roteiro-Tempo-Comunidade-08-11.pdf\">5-Roteiro Tempo Comunidade-08-11-2021<\/a><\/li>\n<li><a href=\"https:\/\/faed.ufms.br\/files\/2023\/08\/6-Roteiro-Tempo-Comunidade-22-11-SEMINARIO.pdf\">6-Roteiro Tempo Comunidade-22-11-2021 SEMIN\u00c1RIO<\/a><\/li>\n<li><a href=\"https:\/\/faed.ufms.br\/files\/2023\/08\/7-Roteiro-Tempo-Comunidade-29-11-SEMINARIO-DE-INTEGRACAO.pdf\">7-Roteiro Tempo Comunidade-29-11-2011 SEMIN\u00c1RIO DE INTEGRA\u00c7\u00c3O<\/a><\/li>\n<\/ul>\n<hr \/>\n<p style=\"text-align: center\"><em><span style=\"font-size: 12px;background-color: #e5edff\">P\u00e1gina atualizada em: 29\/08\/2023<\/span><\/em><\/p>\n","protected":false},"excerpt":{"rendered":"<p>ROTEIRO TEMPO COMUNIDADE -TC (2023) Roteiro TC-27-03-2023- Uirapuru Roteiro TC-10-04-2023- Uirapuru Roteiro TC-05-06-2023- Uirapuru Roteiro TC-20-10-2023- ASSENTAMENTO PANA-NOVA ALVORADA &nbsp; ROTEIRO TEMPO COMUNIDADE -TC (2022) 1-Roteiro Tempo Comunidade-02-05-2022 2-Roteiro Tempo Comunidade-17-10-2022-Visita Aldeia com o Prof Albert 3-Roteiro Tempo Comunidade-23-11-2022-Visita Uirapuru 4-Roteiro Tempo Comunidade-02-12-2022 &nbsp; ROTEIRO TEMPO COMUNIDADE -TC (2021) 3-Roteiro Tempo Comunidade-27-09-2021 4-Roteiro Tempo Comunidade-25-10-2021&#8230;<\/p>\n","protected":false},"author":47,"featured_media":0,"parent":26,"menu_order":0,"comment_status":"closed","ping_status":"closed","template":"page-templates\/page-coordenadorias.php","meta":{"_acf_changed":false,"_eb_attr":"","_price":"","_stock":"","_tribe_ticket_header":"","_tribe_default_ticket_provider":"","_tribe_ticket_capacity":"0","_ticket_start_date":"","_ticket_end_date":"","_tribe_ticket_show_description":"","_tribe_ticket_show_not_going":false,"_tribe_ticket_use_global_stock":"","_tribe_ticket_global_stock_level":"","_global_stock_mode":"","_global_stock_cap":"","_tribe_rsvp_for_event":"","_tribe_ticket_going_count":"","_tribe_ticket_not_going_count":"","_tribe_tickets_list":"[]","_tribe_ticket_has_attendee_info_fields":false,"footnotes":"","_tec_slr_enabled":"","_tec_slr_layout":""},"coauthors":[109],"class_list":["post-8496","page","type-page","status-publish","hentry"],"acf":[],"aioseo_notices":[],"ticketed":false,"_links":{"self":[{"href":"https:\/\/faed.ufms.br\/en\/wp-json\/wp\/v2\/pages\/8496","targetHints":{"allow":["GET"]}}],"collection":[{"href":"https:\/\/faed.ufms.br\/en\/wp-json\/wp\/v2\/pages"}],"about":[{"href":"https:\/\/faed.ufms.br\/en\/wp-json\/wp\/v2\/types\/page"}],"author":[{"embeddable":true,"href":"https:\/\/faed.ufms.br\/en\/wp-json\/wp\/v2\/users\/47"}],"replies":[{"embeddable":true,"href":"https:\/\/faed.ufms.br\/en\/wp-json\/wp\/v2\/comments?post=8496"}],"version-history":[{"count":10,"href":"https:\/\/faed.ufms.br\/en\/wp-json\/wp\/v2\/pages\/8496\/revisions"}],"predecessor-version":[{"id":11506,"href":"https:\/\/faed.ufms.br\/en\/wp-json\/wp\/v2\/pages\/8496\/revisions\/11506"}],"up":[{"embeddable":true,"href":"https:\/\/faed.ufms.br\/en\/wp-json\/wp\/v2\/pages\/26"}],"wp:attachment":[{"href":"https:\/\/faed.ufms.br\/en\/wp-json\/wp\/v2\/media?parent=8496"}],"wp:term":[{"taxonomy":"author","embeddable":true,"href":"https:\/\/faed.ufms.br\/en\/wp-json\/wp\/v2\/coauthors?post=8496"}],"curies":[{"name":"wp","href":"https:\/\/api.w.org\/{rel}","templated":true}]}}