{"id":8773,"date":"2023-12-12T16:14:24","date_gmt":"2023-12-12T20:14:24","guid":{"rendered":"https:\/\/faed.ufms.br\/?page_id=8773"},"modified":"2025-04-28T17:28:58","modified_gmt":"2025-04-28T21:28:58","slug":"tcc","status":"publish","type":"page","link":"https:\/\/faed.ufms.br\/en\/educacao-fisica\/tcc\/","title":{"rendered":"Trabalho de conclus\u00e3o de curso &#8211; TCC"},"content":{"rendered":"<p><a href=\"https:\/\/faed.ufms.br\/files\/2024\/01\/RESOLUCAO-COGRAD-n-595-de-22-06-2022.-TCC.pdf\">Aprova o Regulamento de Trabalho de Conclus\u00e3o de Curso dos Cursos de Gradua\u00e7\u00e3o da UFMS<\/a><\/p>\n<p><a href=\"https:\/\/faed.ufms.br\/files\/2024\/02\/Manual-Pratica-cientifica-I-e-II-e-TCC.pdf\">Manual TCC<\/a><\/p>\n","protected":false},"excerpt":{"rendered":"<p>Aprova o Regulamento de Trabalho de Conclus\u00e3o de Curso dos Cursos de Gradua\u00e7\u00e3o da UFMS Manual TCC<\/p>\n","protected":false},"author":2352,"featured_media":0,"parent":6747,"menu_order":0,"comment_status":"closed","ping_status":"closed","template":"page-templates\/page-coordenadorias.php","meta":{"_acf_changed":false,"_eb_attr":"","_price":"","_stock":"","_tribe_ticket_header":"","_tribe_default_ticket_provider":"","_tribe_ticket_capacity":"0","_ticket_start_date":"","_ticket_end_date":"","_tribe_ticket_show_description":"","_tribe_ticket_show_not_going":false,"_tribe_ticket_use_global_stock":"","_tribe_ticket_global_stock_level":"","_global_stock_mode":"","_global_stock_cap":"","_tribe_rsvp_for_event":"","_tribe_ticket_going_count":"","_tribe_ticket_not_going_count":"","_tribe_tickets_list":"[]","_tribe_ticket_has_attendee_info_fields":false,"footnotes":"","_tec_slr_enabled":"","_tec_slr_layout":""},"coauthors":[115],"class_list":["post-8773","page","type-page","status-publish","hentry"],"acf":[],"aioseo_notices":[],"ticketed":false,"_links":{"self":[{"href":"https:\/\/faed.ufms.br\/en\/wp-json\/wp\/v2\/pages\/8773","targetHints":{"allow":["GET"]}}],"collection":[{"href":"https:\/\/faed.ufms.br\/en\/wp-json\/wp\/v2\/pages"}],"about":[{"href":"https:\/\/faed.ufms.br\/en\/wp-json\/wp\/v2\/types\/page"}],"author":[{"embeddable":true,"href":"https:\/\/faed.ufms.br\/en\/wp-json\/wp\/v2\/users\/2352"}],"replies":[{"embeddable":true,"href":"https:\/\/faed.ufms.br\/en\/wp-json\/wp\/v2\/comments?post=8773"}],"version-history":[{"count":4,"href":"https:\/\/faed.ufms.br\/en\/wp-json\/wp\/v2\/pages\/8773\/revisions"}],"predecessor-version":[{"id":8950,"href":"https:\/\/faed.ufms.br\/en\/wp-json\/wp\/v2\/pages\/8773\/revisions\/8950"}],"up":[{"embeddable":true,"href":"https:\/\/faed.ufms.br\/en\/wp-json\/wp\/v2\/pages\/6747"}],"wp:attachment":[{"href":"https:\/\/faed.ufms.br\/en\/wp-json\/wp\/v2\/media?parent=8773"}],"wp:term":[{"taxonomy":"author","embeddable":true,"href":"https:\/\/faed.ufms.br\/en\/wp-json\/wp\/v2\/coauthors?post=8773"}],"curies":[{"name":"wp","href":"https:\/\/api.w.org\/{rel}","templated":true}]}}