{"id":9424,"date":"2024-08-08T16:32:08","date_gmt":"2024-08-08T20:32:08","guid":{"rendered":"https:\/\/faed.ufms.br\/?page_id=9424"},"modified":"2026-03-06T14:14:09","modified_gmt":"2026-03-06T18:14:09","slug":"pedagogia","status":"publish","type":"page","link":"https:\/\/faed.ufms.br\/en\/pedagogia\/","title":{"rendered":"Pedagogia"},"content":{"rendered":"<p><a href=\"https:\/\/faed.ufms.br\/nome-curso-1\/logo-pedagogia-versao-2_page-0001\/\" rel=\"attachment wp-att-6286\"><img fetchpriority=\"high\" decoding=\"async\" class=\"aligncenter wp-image-6286\" src=\"https:\/\/faed.ufms.br\/files\/2021\/09\/Logo-Pedagogia-versao-2_page-0001.jpg\" alt=\"\" width=\"800\" height=\"197\" srcset=\"https:\/\/faed.ufms.br\/files\/2021\/09\/Logo-Pedagogia-versao-2_page-0001.jpg 2250w, https:\/\/faed.ufms.br\/files\/2021\/09\/Logo-Pedagogia-versao-2_page-0001-300x74.jpg 300w, https:\/\/faed.ufms.br\/files\/2021\/09\/Logo-Pedagogia-versao-2_page-0001-1024x252.jpg 1024w, https:\/\/faed.ufms.br\/files\/2021\/09\/Logo-Pedagogia-versao-2_page-0001-768x189.jpg 768w, https:\/\/faed.ufms.br\/files\/2021\/09\/Logo-Pedagogia-versao-2_page-0001-1536x378.jpg 1536w, https:\/\/faed.ufms.br\/files\/2021\/09\/Logo-Pedagogia-versao-2_page-0001-2048x503.jpg 2048w, https:\/\/faed.ufms.br\/files\/2021\/09\/Logo-Pedagogia-versao-2_page-0001-730x179.jpg 730w\" sizes=\"(max-width: 800px) 100vw, 800px\" \/><\/a><\/p>\n<p>O curso de Pedagogia tem como objetivo formar profissionais com s\u00f3lida forma\u00e7\u00e3o pedag\u00f3gica para atuar na Educa\u00e7\u00e3o Infantil e nos Anos Iniciais do Ensino Fundamental, e nas inst\u00e2ncias de gest\u00e3o dos mesmos, bem como nas fun\u00e7\u00f5es do trabalho pedag\u00f3gico em institui\u00e7\u00f5es escolares e n\u00e3o escolares, formar o professor cidad\u00e3o, participante e atuante nas proposi\u00e7\u00f5es do contexto educacional em suas diferentes dimens\u00f5es.<\/p>\n<hr \/>\n<p>&nbsp;<\/p>\n<p><strong>Dura\u00e7\u00e3o do Curso:<\/strong> 8 semestres<br \/>\n<strong>Modalidade de Ensino:<\/strong> Presencial<br \/>\n<strong>Per\u00edodo:<\/strong> Integral (manh\u00e3 e tarde); e Noturno<br \/>\n<strong>Forma de ingresso:<\/strong> <a href=\"https:\/\/ingresso.ufms.br\/\"><em>Portal de Ingresso UFMS<\/em><\/a><br \/>\n<strong>Grau Acad\u00eamico:<\/strong> Licenciatura<br \/>\n<strong>Carga Hor\u00e1ria M\u00ednima:<\/strong> 3388 horas<br \/>\n&#8212;<br \/>\n<strong>Endere\u00e7o: <\/strong><a href=\"https:\/\/agendamentos.ufms.br\/localizacao\">Av. Costa e Silva, s\/n\u00ba \u2013 Bairro Universit\u00e1rio \/ CEP: 79070-900 &#8211; Campo Grande \u2013 MS<\/a><br \/>\n<strong>Localiza\u00e7\u00e3o: <\/strong><a href=\"https:\/\/maps.app.goo.gl\/ZV135BoYfKn9FoUX9\">Setor 2, Bloco 22<\/a><\/p>\n<p>&nbsp;<\/p>\n<hr \/>\n<p style=\"text-align: center\"><a href=\"https:\/\/graduacao.ufms.br\/cursos\/3101\/professores\"><span style=\"font-size: 14pt\"><strong>Professores<\/strong><\/span><\/a><\/p>\n<hr \/>\n<p style=\"text-align: center\"><a href=\"https:\/\/graduacao.ufms.br\/cursos\/3101\/estrutura\"><span style=\"font-size: 14pt\"><strong>Componentes Curriculares Disciplinares<\/strong><\/span><\/a><\/p>\n<hr \/>\n<p style=\"text-align: center\"><a href=\"https:\/\/graduacao.ufms.br\/cursos\/3101\/matriz\"><strong><span style=\"font-size: 14pt\">Matriz Curricular e Pr\u00e9-Requisitos<\/span><\/strong><\/a><\/p>\n<hr \/>\n<p style=\"text-align: center\"><a href=\"https:\/\/faed.ufms.br\/pedagogia-ppc\/\"><strong><span style=\"font-size: 14pt\">Projeto Pedag\u00f3gico do Curso (PPC)<\/span><\/strong><\/a><\/p>\n<hr \/>\n<p style=\"text-align: center\"><a href=\"https:\/\/faed.ufms.br\/egressos\/pedagogia\/\"><span style=\"font-size: 14pt\"><strong>Egressos\/Diplomados<\/strong><\/span><\/a><\/p>\n<hr \/>\n<p><span style=\"font-size: 14pt\"><strong><a id=\"coord\"><\/a>Coordena\u00e7\u00e3o<\/strong><\/span><\/p>\n<p>Coordenadora: <em> Marta Costa Beck\u00a0<\/em><em> \/ \u2713\u00a0<a href=\"https:\/\/lattes.cnpq.br\/6394018066595666\"><span style=\"font-size: 10pt\">Curr\u00edculo Lattes<\/span><\/a><\/em><br \/>\n\u2709 ped.faed@ufms.br<br \/>\n\u2706 (67) 3345-7996<br \/>\n<a id=\"sec\"><\/a>Coordenadora substituta:<em>\u00a0<\/em><\/p>\n<p>&nbsp;<\/p>\n<hr \/>\n<p><span style=\"font-size: 14pt\"><strong>Secretarias<\/strong><\/span><\/p>\n<ul>\n<li><span style=\"font-size: 14px\"><strong>Secretaria Acad\u00eamica<\/strong><\/span><br \/>\n<span style=\"font-size: 14px\"><em>Rosemere da Silva (Secret\u00e1ria Acad\u00eamica)<br \/>\n\u00c1lvaro Luiz Paes; Welington Paulino de Castro<br \/>\n\u2706 <\/em>WhatsApp: 67 3345-7574 \/ \u2709 seaac.faed@ufms.br<em><br \/>\n<a href=\"https:\/\/faed.ufms.br\/secretaria-academica\/\">https:\/\/faed.ufms.br\/secretaria-academica\/<\/a><\/em><\/span><\/li>\n<\/ul>\n<p>&nbsp;<\/p>\n<ul>\n<li><span style=\"font-size: 14px\"><strong>Secretaria Pedag\u00f3gica<\/strong><br \/>\n<em>Tha\u00eds Cardozo de Souza<\/em> \/ \u2709 ped.faed@ufms.br<\/span><br \/>\n<span style=\"font-size: 14px\"><em>\u2706 <\/em>WhatsApp: (67) 3345-7226<\/span><\/li>\n<\/ul>\n<p>&nbsp;<\/p>\n<hr \/>\n<p style=\"text-align: center\"><span style=\"font-size: 18px\"><strong><a href=\"https:\/\/faed.ufms.br\/pedagogia\/colegiado\/\">COLEGIADO<\/a><\/strong><\/span><\/p>\n<hr \/>\n<p style=\"text-align: center\"><span style=\"font-size: 18px\"><strong><a href=\"https:\/\/faed.ufms.br\/pedagogia\/estagio-nao-obrigatorio\/\">EST\u00c1GIOS<\/a><\/strong><\/span><\/p>\n<hr \/>\n<p style=\"text-align: center\"><span style=\"font-size: 18px\"><strong><a href=\"https:\/\/faed.ufms.br\/csa\/\">Avalia\u00e7\u00e3o Institucional<\/a><\/strong><\/span><\/p>\n<hr \/>\n<p style=\"text-align: center\"><a href=\"https:\/\/faed.ufms.br\/pedagogia\/tcc\/\"><strong><span style=\"font-size: 18px\">TCC (regulamento\/orienta\u00e7\u00f5es)<\/span><\/strong><\/a><\/p>\n<hr \/>\n<p><a href=\"https:\/\/faed.ufms.br\/horarios-e-ensalamento\/\"><img decoding=\"async\" class=\"alignleft wp-image-12618 size-full\" src=\"https:\/\/faed.ufms.br\/files\/2025\/07\/banner-horario-faed.jpg\" alt=\"\" width=\"1134\" height=\"189\" srcset=\"https:\/\/faed.ufms.br\/files\/2025\/07\/banner-horario-faed.jpg 1134w, https:\/\/faed.ufms.br\/files\/2025\/07\/banner-horario-faed-300x50.jpg 300w, https:\/\/faed.ufms.br\/files\/2025\/07\/banner-horario-faed-1024x171.jpg 1024w, https:\/\/faed.ufms.br\/files\/2025\/07\/banner-horario-faed-768x128.jpg 768w, https:\/\/faed.ufms.br\/files\/2025\/07\/banner-horario-faed-730x122.jpg 730w\" sizes=\"(max-width: 1134px) 100vw, 1134px\" \/><\/a><\/p>\n<hr \/>\n<p><a href=\"https:\/\/repositorio.ufms.br\/handle\/123456789\/3687\"><img decoding=\"async\" class=\"aligncenter wp-image-12312 size-full\" src=\"https:\/\/faed.ufms.br\/files\/2025\/05\/banner_tcc_ped.png\" alt=\"\" width=\"1134\" height=\"189\" srcset=\"https:\/\/faed.ufms.br\/files\/2025\/05\/banner_tcc_ped.png 1134w, https:\/\/faed.ufms.br\/files\/2025\/05\/banner_tcc_ped-300x50.png 300w, https:\/\/faed.ufms.br\/files\/2025\/05\/banner_tcc_ped-1024x171.png 1024w, https:\/\/faed.ufms.br\/files\/2025\/05\/banner_tcc_ped-768x128.png 768w, https:\/\/faed.ufms.br\/files\/2025\/05\/banner_tcc_ped-730x122.png 730w\" sizes=\"(max-width: 1134px) 100vw, 1134px\" \/><\/a><\/p>\n<hr \/>\n<p><a href=\"https:\/\/faed.ufms.br\/docente\/producao\/\"><img loading=\"lazy\" decoding=\"async\" class=\"aligncenter wp-image-12410 size-full\" src=\"https:\/\/faed.ufms.br\/files\/2025\/05\/prd-doc.png\" alt=\"\" width=\"1134\" height=\"189\" srcset=\"https:\/\/faed.ufms.br\/files\/2025\/05\/prd-doc.png 1134w, https:\/\/faed.ufms.br\/files\/2025\/05\/prd-doc-300x50.png 300w, https:\/\/faed.ufms.br\/files\/2025\/05\/prd-doc-1024x171.png 1024w, https:\/\/faed.ufms.br\/files\/2025\/05\/prd-doc-768x128.png 768w, https:\/\/faed.ufms.br\/files\/2025\/05\/prd-doc-730x122.png 730w\" sizes=\"(max-width: 1134px) 100vw, 1134px\" \/><\/a><\/p>\n<hr \/>\n<p style=\"text-align: center\"><span style=\"font-size: 8pt\"><em><span style=\"font-size: 12px;background-color: #e5edff\">P\u00e1gina atualizada em: 10\/12\/2025<\/span><\/em><\/span><\/p>\n","protected":false},"excerpt":{"rendered":"<p>O curso de Pedagogia tem como objetivo formar profissionais com s\u00f3lida forma\u00e7\u00e3o pedag\u00f3gica para atuar na Educa\u00e7\u00e3o Infantil e nos Anos Iniciais do Ensino Fundamental, e nas inst\u00e2ncias de gest\u00e3o dos mesmos, bem como nas fun\u00e7\u00f5es do trabalho pedag\u00f3gico em institui\u00e7\u00f5es escolares e n\u00e3o escolares, formar o professor cidad\u00e3o, participante e atuante nas proposi\u00e7\u00f5es do&#8230;<\/p>\n","protected":false},"author":47,"featured_media":0,"parent":0,"menu_order":0,"comment_status":"closed","ping_status":"closed","template":"page-templates\/page-coordenadorias.php","meta":{"_acf_changed":false,"_eb_attr":"","_price":"","_stock":"","_tribe_ticket_header":"","_tribe_default_ticket_provider":"","_tribe_ticket_capacity":"0","_ticket_start_date":"","_ticket_end_date":"","_tribe_ticket_show_description":"","_tribe_ticket_show_not_going":false,"_tribe_ticket_use_global_stock":"","_tribe_ticket_global_stock_level":"","_global_stock_mode":"","_global_stock_cap":"","_tribe_rsvp_for_event":"","_tribe_ticket_going_count":"","_tribe_ticket_not_going_count":"","_tribe_tickets_list":"[]","_tribe_ticket_has_attendee_info_fields":false,"footnotes":"","_tec_slr_enabled":"","_tec_slr_layout":""},"coauthors":[109],"class_list":["post-9424","page","type-page","status-publish","hentry"],"acf":[],"aioseo_notices":[],"ticketed":false,"_links":{"self":[{"href":"https:\/\/faed.ufms.br\/en\/wp-json\/wp\/v2\/pages\/9424","targetHints":{"allow":["GET"]}}],"collection":[{"href":"https:\/\/faed.ufms.br\/en\/wp-json\/wp\/v2\/pages"}],"about":[{"href":"https:\/\/faed.ufms.br\/en\/wp-json\/wp\/v2\/types\/page"}],"author":[{"embeddable":true,"href":"https:\/\/faed.ufms.br\/en\/wp-json\/wp\/v2\/users\/47"}],"replies":[{"embeddable":true,"href":"https:\/\/faed.ufms.br\/en\/wp-json\/wp\/v2\/comments?post=9424"}],"version-history":[{"count":33,"href":"https:\/\/faed.ufms.br\/en\/wp-json\/wp\/v2\/pages\/9424\/revisions"}],"predecessor-version":[{"id":13242,"href":"https:\/\/faed.ufms.br\/en\/wp-json\/wp\/v2\/pages\/9424\/revisions\/13242"}],"wp:attachment":[{"href":"https:\/\/faed.ufms.br\/en\/wp-json\/wp\/v2\/media?parent=9424"}],"wp:term":[{"taxonomy":"author","embeddable":true,"href":"https:\/\/faed.ufms.br\/en\/wp-json\/wp\/v2\/coauthors?post=9424"}],"curies":[{"name":"wp","href":"https:\/\/api.w.org\/{rel}","templated":true}]}}