{"id":9518,"date":"2024-08-16T16:32:03","date_gmt":"2024-08-16T20:32:03","guid":{"rendered":"https:\/\/faed.ufms.br\/?page_id=9518"},"modified":"2026-02-25T13:18:27","modified_gmt":"2026-02-25T17:18:27","slug":"secretaria-academica","status":"publish","type":"page","link":"https:\/\/faed.ufms.br\/en\/secretaria-academica\/","title":{"rendered":"Setor Acad\u00eamico"},"content":{"rendered":"<p><span style=\"font-family: georgia, palatino, serif;font-size: 12pt\">O Setor Acad\u00eamico \u00e9 respons\u00e1vel pela orienta\u00e7\u00e3o, acompanhamento e execu\u00e7\u00e3o das atividades de controle escolar da FAED, bem como de apoio \u00e0s atividades de gest\u00e3o acad\u00eamica.<\/span><\/p>\n<p>&nbsp;<\/p>\n<p><span style=\"font-size: 14pt;font-family: georgia, palatino, serif\"><strong>Contato<\/strong><\/span><\/p>\n<p><a href=\"https:\/\/wa.me\/+556733457574\"><span style=\"font-family: georgia, palatino, serif;font-size: 12pt\">Telefone\/WhatsApp: <em>67 3345-7574<\/em><\/span><\/a><br \/>\n<span style=\"font-family: georgia, palatino, serif;font-size: 12pt\">E-mail: <em>setac.faed@ufms.br<\/em><\/span><\/p>\n<p><span style=\"font-size: 16px\"><strong><em><span style=\"font-family: georgia, palatino, serif\">Respons\u00e1vel: \u00a0Rosemere da Silva\u00a0<\/span><\/em><\/strong><\/span><\/p>\n<p><span style=\"font-family: georgia, palatino, serif;font-size: 14pt\"><strong>Equipe<\/strong><\/span><\/p>\n<ul>\n<li><span style=\"font-family: georgia, palatino, serif;font-size: 14px\"><em>\u00c1lvaro Luiz Paes<\/em><\/span><\/li>\n<li><span style=\"font-family: georgia, palatino, serif;font-size: 14px\"><em>Welington Paulino de Castro<\/em><\/span><\/li>\n<\/ul>\n<p>&nbsp;<\/p>\n<p><span style=\"font-size: 14pt;font-family: georgia, palatino, serif\"><strong>Hor\u00e1rio de Atendimento<\/strong><\/span><\/p>\n<p><span style=\"font-family: georgia, palatino, serif;font-size: 12pt\">Segunda-feira a sexta-feira: 7h \u00e0s 12h \/ 13h \u00e0s 19h<\/span><br \/>\n<span style=\"font-family: georgia, palatino, serif;font-size: 12pt\">Presencial <a href=\"https:\/\/docs.google.com\/spreadsheets\/d\/11bw_Ceq7gDUnlZ-D1ZB6alNwFPavBNQ--iJ82Yu5NFk\/edit?usp=sharing\">Conforme Escala<\/a><\/span><\/p>\n<p>&nbsp;<\/p>\n<p><span style=\"font-size: 14pt;font-family: georgia, palatino, serif\"><strong>Solicita\u00e7\u00f5es (alunos e ex-alunos)<\/strong><\/span><\/p>\n<p>Caso necessite de <strong>documentos<\/strong> como: <em>hist\u00f3rico escolar, declara\u00e7\u00e3o de matr\u00edcula,\u00a0 declara\u00e7\u00f5es de conclus\u00e3o de curso, <a href=\"https:\/\/faed.ufms.br\/secretaria-academica\/2-via-do-diploma\/\">segunda via de diploma<\/a>, dentre outros:<\/em><\/p>\n<ul>\n<li>Emitir via <strong><a href=\"https:\/\/siscad.ufms.br\/\">SISCAD<\/a><\/strong>; ou<\/li>\n<li>Solicitar via <strong><a href=\"https:\/\/prograd.ufms.br\/requerimento-academico\/\"><em>Requerimento Acad\u00eamico<\/em><\/a><\/strong><\/li>\n<\/ul>\n<p><em>Prazo para o atendimento: de 2 a 10 dias o requerente receber\u00e1 em seu email o documento solicitado.<\/em><\/p>\n<p>Para assuntos de <strong>Tecnologia da Informa\u00e7\u00e3o<\/strong>, entre em contato com a <a href=\"https:\/\/agetic.ufms.br\/\">Agetic\/UFMS<\/a>:<br \/>\n<a href=\"https:\/\/agetic.ufms.br\/\">agetic.ufms.br<\/a>\u00a0| suporte.agetic@ufms.br | 67 3345-7292<\/p>\n<p>&nbsp;<\/p>\n<hr \/>\n<p><span style=\"font-size: 14pt;font-family: georgia, palatino, serif\"><strong>Atividades<\/strong><\/span><\/p>\n<p>Realiza os procedimentos de matr\u00edcula de ingressantes e rematr\u00edcula de estudantes; recebe e tramita os requerimentos de acad\u00eamicos; instrui e encaminha processos acad\u00eamicos (requerimentos on-line) aos coordenadores de curso; realiza o lan\u00e7amento de dispensa de disciplinas no SISCAD; elabora e acompanha a documenta\u00e7\u00e3o acad\u00eamica para conclus\u00e3o de curso; secretaria as cerim\u00f4nias de cola\u00e7\u00e3o de grau; instrui processos de registro de diplomas; emite atestados, declara\u00e7\u00f5es, certificados e hist\u00f3rico solicitados pelos alunos dentre outras atividades em sua \u00e1rea de atua\u00e7\u00e3o.<\/p>\n<p>&nbsp;<\/p>\n<hr \/>\n<p style=\"text-align: center\"><span style=\"font-size: 8pt\"><em><span style=\"font-size: 12px;background-color: #e5edff\">P\u00e1gina atualizada em: 25\/02\/2025 por Simone Greg\u00f3rio<\/span><\/em><\/span><\/p>\n","protected":false},"excerpt":{"rendered":"<p>O Setor Acad\u00eamico \u00e9 respons\u00e1vel pela orienta\u00e7\u00e3o, acompanhamento e execu\u00e7\u00e3o das atividades de controle escolar da FAED, bem como de apoio \u00e0s atividades de gest\u00e3o acad\u00eamica. &nbsp; Contato Telefone\/WhatsApp: 67 3345-7574 E-mail: setac.faed@ufms.br Respons\u00e1vel: \u00a0Rosemere da Silva\u00a0 Equipe \u00c1lvaro Luiz Paes Welington Paulino de Castro &nbsp; Hor\u00e1rio de Atendimento Segunda-feira a sexta-feira: 7h \u00e0s 12h&#8230;<\/p>\n","protected":false},"author":47,"featured_media":0,"parent":0,"menu_order":0,"comment_status":"closed","ping_status":"closed","template":"page-templates\/page-coordenadorias.php","meta":{"_acf_changed":false,"_eb_attr":"","_price":"","_stock":"","_tribe_ticket_header":"","_tribe_default_ticket_provider":"","_tribe_ticket_capacity":"0","_ticket_start_date":"","_ticket_end_date":"","_tribe_ticket_show_description":"","_tribe_ticket_show_not_going":false,"_tribe_ticket_use_global_stock":"","_tribe_ticket_global_stock_level":"","_global_stock_mode":"","_global_stock_cap":"","_tribe_rsvp_for_event":"","_tribe_ticket_going_count":"","_tribe_ticket_not_going_count":"","_tribe_tickets_list":"[]","_tribe_ticket_has_attendee_info_fields":false,"footnotes":"","_tec_slr_enabled":"","_tec_slr_layout":""},"coauthors":[109],"class_list":["post-9518","page","type-page","status-publish","hentry"],"acf":[],"aioseo_notices":[],"ticketed":false,"_links":{"self":[{"href":"https:\/\/faed.ufms.br\/en\/wp-json\/wp\/v2\/pages\/9518","targetHints":{"allow":["GET"]}}],"collection":[{"href":"https:\/\/faed.ufms.br\/en\/wp-json\/wp\/v2\/pages"}],"about":[{"href":"https:\/\/faed.ufms.br\/en\/wp-json\/wp\/v2\/types\/page"}],"author":[{"embeddable":true,"href":"https:\/\/faed.ufms.br\/en\/wp-json\/wp\/v2\/users\/47"}],"replies":[{"embeddable":true,"href":"https:\/\/faed.ufms.br\/en\/wp-json\/wp\/v2\/comments?post=9518"}],"version-history":[{"count":16,"href":"https:\/\/faed.ufms.br\/en\/wp-json\/wp\/v2\/pages\/9518\/revisions"}],"predecessor-version":[{"id":13193,"href":"https:\/\/faed.ufms.br\/en\/wp-json\/wp\/v2\/pages\/9518\/revisions\/13193"}],"wp:attachment":[{"href":"https:\/\/faed.ufms.br\/en\/wp-json\/wp\/v2\/media?parent=9518"}],"wp:term":[{"taxonomy":"author","embeddable":true,"href":"https:\/\/faed.ufms.br\/en\/wp-json\/wp\/v2\/coauthors?post=9518"}],"curies":[{"name":"wp","href":"https:\/\/api.w.org\/{rel}","templated":true}]}}