{"id":9682,"date":"2024-08-22T09:43:21","date_gmt":"2024-08-22T13:43:21","guid":{"rendered":"https:\/\/faed.ufms.br\/?page_id=9682"},"modified":"2025-04-30T09:00:30","modified_gmt":"2025-04-30T13:00:30","slug":"diploma","status":"publish","type":"page","link":"https:\/\/faed.ufms.br\/en\/secretaria-academica\/diploma\/","title":{"rendered":"Diploma Digital"},"content":{"rendered":"<p><span style=\"font-size: 14pt\"><strong>Como acessar o Diploma Digital da UFMS<\/strong><\/span><\/p>\n<p><strong>Este tutorial \u00e9 v\u00e1lido somente para quem teve o diploma digital emitido a partir de 2023. <\/strong><\/p>\n<p>Egressos antigos que tenham emitido a segunda via do diploma de forma digital precisam ter seu cadastro atualizado pela <a href=\"https:\/\/faed.ufms.br\/secretaria-academica\/\">Secretaria Acad\u00eamica<\/a> no sistema de modo a poder <a href=\"https:\/\/siscad.ufms.br\/\">acessar o Siscad<\/a> usando a <a href=\"https:\/\/www.gov.br\/pt-br\">conta gov.br.<\/a><\/p>\n<p>&nbsp;<\/p>\n<hr \/>\n<p style=\"text-align: center\"><span style=\"font-family: georgia, palatino, serif;font-size: 14pt\"><strong><a href=\"https:\/\/faed.ufms.br\/secretaria-academica\/diploma\/#computador\">ACESSO PELO COMPUTADOR<\/a><br \/>\n<\/strong><\/span><\/p>\n<hr \/>\n<p style=\"text-align: center\"><span style=\"font-family: georgia, palatino, serif;font-size: 14pt\"><strong><a href=\"https:\/\/faed.ufms.br\/secretaria-academica\/diploma\/#celular\">ACESSO PELO TELEFONE CELULAR<\/a><br \/>\n<\/strong><\/span><\/p>\n<hr \/>\n<p style=\"text-align: center\"><span style=\"font-family: georgia, palatino, serif;font-size: 14pt\"><strong><a href=\"https:\/\/faed.ufms.br\/secretaria-academica\/diploma\/#consulta\">VERIFICAR AUTENTICIDADE<\/a><\/strong><\/span><\/p>\n<hr \/>\n<p><strong><a id=\"computador\"><\/a>ACESSO PELO COMPUTADOR\u00a0<\/strong><br \/>\n1. Acesse o endere\u00e7o <a href=\"http:\/\/siscad.ufms.br\">siscad.ufms.br<\/a> e clique em \u201cEntrar\u201d para fazer o login<\/p>\n<p><img fetchpriority=\"high\" decoding=\"async\" class=\"aligncenter wp-image-9700 size-full\" src=\"https:\/\/faed.ufms.br\/files\/2024\/08\/Slide1.jpg\" alt=\"\" width=\"1280\" height=\"720\" srcset=\"https:\/\/faed.ufms.br\/files\/2024\/08\/Slide1.jpg 1280w, https:\/\/faed.ufms.br\/files\/2024\/08\/Slide1-300x169.jpg 300w, https:\/\/faed.ufms.br\/files\/2024\/08\/Slide1-1024x576.jpg 1024w, https:\/\/faed.ufms.br\/files\/2024\/08\/Slide1-768x432.jpg 768w, https:\/\/faed.ufms.br\/files\/2024\/08\/Slide1-569x320.jpg 569w\" sizes=\"(max-width: 1280px) 100vw, 1280px\" \/><\/p>\n<p>2. \u00c9 poss\u00edvel fazer o login com o seu <a href=\"https:\/\/passaporte.ufms.br\/#\/\"><strong>Passaporte UFMS<\/strong><\/a> e senha (se voc\u00ea tiver um) OU com o <strong><a href=\"https:\/\/www.gov.br\/pt-br\">gov.br<\/a>.<\/strong> Aten\u00e7\u00e3o: para que o login com o gov.br funcione, o seu cadastro acad\u00eamico no sistema precisa estar com o seu CPF atualizado. Caso haja problemas nessa forma de login, verifique com a Secretaria Acad\u00eamica da unidade do seu curso se os seus dados cadastrais est\u00e3o corretamente preenchidos no Siscad.<\/p>\n<p><img decoding=\"async\" class=\"aligncenter wp-image-9701 size-full\" src=\"https:\/\/faed.ufms.br\/files\/2024\/08\/Slide2.jpg\" alt=\"\" width=\"1280\" height=\"720\" srcset=\"https:\/\/faed.ufms.br\/files\/2024\/08\/Slide2.jpg 1280w, https:\/\/faed.ufms.br\/files\/2024\/08\/Slide2-300x169.jpg 300w, https:\/\/faed.ufms.br\/files\/2024\/08\/Slide2-1024x576.jpg 1024w, https:\/\/faed.ufms.br\/files\/2024\/08\/Slide2-768x432.jpg 768w, https:\/\/faed.ufms.br\/files\/2024\/08\/Slide2-569x320.jpg 569w\" sizes=\"(max-width: 1280px) 100vw, 1280px\" \/><\/p>\n<p>&nbsp;<\/p>\n<p>3. Caso opte pelo gov.br, voc\u00ea ser\u00e1 redirecionado \u00e0 p\u00e1gina desse sistema. Fa\u00e7a o login com seu CPF ou uma das outras op\u00e7\u00f5es dispon\u00edveis.<\/p>\n<p><img decoding=\"async\" class=\"aligncenter wp-image-9702 size-full\" src=\"https:\/\/faed.ufms.br\/files\/2024\/08\/Slide3.jpg\" alt=\"\" width=\"1280\" height=\"720\" srcset=\"https:\/\/faed.ufms.br\/files\/2024\/08\/Slide3.jpg 1280w, https:\/\/faed.ufms.br\/files\/2024\/08\/Slide3-300x169.jpg 300w, https:\/\/faed.ufms.br\/files\/2024\/08\/Slide3-1024x576.jpg 1024w, https:\/\/faed.ufms.br\/files\/2024\/08\/Slide3-768x432.jpg 768w, https:\/\/faed.ufms.br\/files\/2024\/08\/Slide3-569x320.jpg 569w\" sizes=\"(max-width: 1280px) 100vw, 1280px\" \/><\/p>\n<p>&nbsp;<\/p>\n<p>4. Ap\u00f3s fazer o login no gov.br, se for exibido um pedido de autoriza\u00e7\u00e3o de uso dos seus dados pessoais, \u00e9 necess\u00e1rio<strong> Autorizar<\/strong> para ser redirecionado ao Siscad.<\/p>\n<p><img loading=\"lazy\" decoding=\"async\" class=\"aligncenter size-full wp-image-9703\" src=\"https:\/\/faed.ufms.br\/files\/2024\/08\/Slide4.jpg\" alt=\"\" width=\"1280\" height=\"720\" srcset=\"https:\/\/faed.ufms.br\/files\/2024\/08\/Slide4.jpg 1280w, https:\/\/faed.ufms.br\/files\/2024\/08\/Slide4-300x169.jpg 300w, https:\/\/faed.ufms.br\/files\/2024\/08\/Slide4-1024x576.jpg 1024w, https:\/\/faed.ufms.br\/files\/2024\/08\/Slide4-768x432.jpg 768w, https:\/\/faed.ufms.br\/files\/2024\/08\/Slide4-569x320.jpg 569w\" sizes=\"(max-width: 1280px) 100vw, 1280px\" \/><\/p>\n<p>&nbsp;<\/p>\n<p>5. Na tela inicial do Siscad, clique em seu nome, no canto superior direito. <strong>Certifique-se de que o perfil selecionado \u00e9 correspondente ao RGA<\/strong> no qual voc\u00ea concluiu o curso e foi diplomado. Caso n\u00e3o seja, clique em<strong> \u201cPerfil\u201d para selecionar o RGA correto<\/strong><\/p>\n<p><img loading=\"lazy\" decoding=\"async\" class=\"aligncenter size-full wp-image-9704\" src=\"https:\/\/faed.ufms.br\/files\/2024\/08\/Slide5.jpg\" alt=\"\" width=\"1280\" height=\"720\" srcset=\"https:\/\/faed.ufms.br\/files\/2024\/08\/Slide5.jpg 1280w, https:\/\/faed.ufms.br\/files\/2024\/08\/Slide5-300x169.jpg 300w, https:\/\/faed.ufms.br\/files\/2024\/08\/Slide5-1024x576.jpg 1024w, https:\/\/faed.ufms.br\/files\/2024\/08\/Slide5-768x432.jpg 768w, https:\/\/faed.ufms.br\/files\/2024\/08\/Slide5-569x320.jpg 569w\" sizes=\"(max-width: 1280px) 100vw, 1280px\" \/><\/p>\n<p>&nbsp;<\/p>\n<p>6. Se voc\u00ea tiver mais de um <strong>RGA<\/strong>, selecione aquele no qual concluiu o curso e foi diplomado<\/p>\n<p><img loading=\"lazy\" decoding=\"async\" class=\"aligncenter size-full wp-image-9705\" src=\"https:\/\/faed.ufms.br\/files\/2024\/08\/Slide6.jpg\" alt=\"\" width=\"1280\" height=\"720\" srcset=\"https:\/\/faed.ufms.br\/files\/2024\/08\/Slide6.jpg 1280w, https:\/\/faed.ufms.br\/files\/2024\/08\/Slide6-300x169.jpg 300w, https:\/\/faed.ufms.br\/files\/2024\/08\/Slide6-1024x576.jpg 1024w, https:\/\/faed.ufms.br\/files\/2024\/08\/Slide6-768x432.jpg 768w, https:\/\/faed.ufms.br\/files\/2024\/08\/Slide6-569x320.jpg 569w\" sizes=\"(max-width: 1280px) 100vw, 1280px\" \/><\/p>\n<p>&nbsp;<\/p>\n<p>7. Acesse o menu <strong>\u201cMeus Documentos\u201d<\/strong> na lista \u00e0 esquerda.<\/p>\n<p><img loading=\"lazy\" decoding=\"async\" class=\"aligncenter size-full wp-image-9706\" src=\"https:\/\/faed.ufms.br\/files\/2024\/08\/Slide7.jpg\" alt=\"\" width=\"1280\" height=\"720\" srcset=\"https:\/\/faed.ufms.br\/files\/2024\/08\/Slide7.jpg 1280w, https:\/\/faed.ufms.br\/files\/2024\/08\/Slide7-300x169.jpg 300w, https:\/\/faed.ufms.br\/files\/2024\/08\/Slide7-1024x576.jpg 1024w, https:\/\/faed.ufms.br\/files\/2024\/08\/Slide7-768x432.jpg 768w, https:\/\/faed.ufms.br\/files\/2024\/08\/Slide7-569x320.jpg 569w\" sizes=\"(max-width: 1280px) 100vw, 1280px\" \/><\/p>\n<p>&nbsp;<\/p>\n<p>8. Na lista de documentos exibida, clique no <strong>\u00edcone da linha do Diploma Digital<\/strong>.<br \/>\n<em>Aten\u00e7\u00e3o: caso n\u00e3o apare\u00e7a a linha do Diploma Digital, certifique-se de que est\u00e1 selecionado o RGA no qual voc\u00ea concluiu o curso e foi diplomado. Verifique tamb\u00e9m, com a Secretaria Acad\u00eamica da unidade do seu curso, se o seu diploma foi emitido em vers\u00e3o digital<\/em><\/p>\n<p><img loading=\"lazy\" decoding=\"async\" class=\"aligncenter size-full wp-image-9707\" src=\"https:\/\/faed.ufms.br\/files\/2024\/08\/Slide8.jpg\" alt=\"\" width=\"1280\" height=\"720\" srcset=\"https:\/\/faed.ufms.br\/files\/2024\/08\/Slide8.jpg 1280w, https:\/\/faed.ufms.br\/files\/2024\/08\/Slide8-300x169.jpg 300w, https:\/\/faed.ufms.br\/files\/2024\/08\/Slide8-1024x576.jpg 1024w, https:\/\/faed.ufms.br\/files\/2024\/08\/Slide8-768x432.jpg 768w, https:\/\/faed.ufms.br\/files\/2024\/08\/Slide8-569x320.jpg 569w\" sizes=\"(max-width: 1280px) 100vw, 1280px\" \/><\/p>\n<p>&nbsp;<\/p>\n<p>9. Ser\u00e1 aberto o sistema de Diploma Digital da UFMS, com o seu c\u00f3digo de valida\u00e7\u00e3o j\u00e1 preenchido. Marque a op\u00e7\u00e3o \u201cN\u00e3o sou um rob\u00f4\u201d e clique em\u00a0 \u201cValidar\u201d. Ent\u00e3o ser\u00e3o exibidas as informa\u00e7\u00f5es do seu diploma e op\u00e7\u00f5es de download.<\/p>\n<p><img loading=\"lazy\" decoding=\"async\" class=\"aligncenter size-full wp-image-9709\" src=\"https:\/\/faed.ufms.br\/files\/2024\/08\/Slide9.jpg\" alt=\"\" width=\"1280\" height=\"720\" srcset=\"https:\/\/faed.ufms.br\/files\/2024\/08\/Slide9.jpg 1280w, https:\/\/faed.ufms.br\/files\/2024\/08\/Slide9-300x169.jpg 300w, https:\/\/faed.ufms.br\/files\/2024\/08\/Slide9-1024x576.jpg 1024w, https:\/\/faed.ufms.br\/files\/2024\/08\/Slide9-768x432.jpg 768w, https:\/\/faed.ufms.br\/files\/2024\/08\/Slide9-569x320.jpg 569w\" sizes=\"(max-width: 1280px) 100vw, 1280px\" \/><\/p>\n<p>&nbsp;<\/p>\n<hr \/>\n<p><strong><a id=\"celular\"><\/a>ACESSO PELO TELEFONE CELULAR<\/strong><\/p>\n<p>1. Acesse o endere\u00e7o <a href=\"http:\/\/siscad.ufms.br\">siscad.ufms.br<\/a>, clique no bot\u00e3o do menu (no canto superior direito) e clique em \u201cEntrar\u201d para <strong>fazer o login<\/strong><\/p>\n<p><img loading=\"lazy\" decoding=\"async\" class=\"aligncenter size-full wp-image-9717\" src=\"https:\/\/faed.ufms.br\/files\/2024\/08\/imagem-1.jpg\" alt=\"\" width=\"1280\" height=\"720\" srcset=\"https:\/\/faed.ufms.br\/files\/2024\/08\/imagem-1.jpg 1280w, https:\/\/faed.ufms.br\/files\/2024\/08\/imagem-1-300x169.jpg 300w, https:\/\/faed.ufms.br\/files\/2024\/08\/imagem-1-1024x576.jpg 1024w, https:\/\/faed.ufms.br\/files\/2024\/08\/imagem-1-768x432.jpg 768w, https:\/\/faed.ufms.br\/files\/2024\/08\/imagem-1-569x320.jpg 569w\" sizes=\"(max-width: 1280px) 100vw, 1280px\" \/><\/p>\n<p>&nbsp;<\/p>\n<p>2. \u00c9 poss\u00edvel fazer o login com o seu Passaporte UFMS e senha (se voc\u00ea tiver um) OU com o gov.br. Aten\u00e7\u00e3o: para que o login com o gov.br funcione, o seu cadastro acad\u00eamico no sistema precisa estar com o seu CPF atualizado. Caso haja problemas nessa forma de login, verifique com a Secretaria Acad\u00eamica da unidade do seu curso se os seus dados cadastrais est\u00e3o corretamente preenchidos no Siscad.<\/p>\n<p><img loading=\"lazy\" decoding=\"async\" class=\"aligncenter size-full wp-image-9718\" src=\"https:\/\/faed.ufms.br\/files\/2024\/08\/imagem-2.jpg\" alt=\"\" width=\"1280\" height=\"720\" srcset=\"https:\/\/faed.ufms.br\/files\/2024\/08\/imagem-2.jpg 1280w, https:\/\/faed.ufms.br\/files\/2024\/08\/imagem-2-300x169.jpg 300w, https:\/\/faed.ufms.br\/files\/2024\/08\/imagem-2-1024x576.jpg 1024w, https:\/\/faed.ufms.br\/files\/2024\/08\/imagem-2-768x432.jpg 768w, https:\/\/faed.ufms.br\/files\/2024\/08\/imagem-2-569x320.jpg 569w\" sizes=\"(max-width: 1280px) 100vw, 1280px\" \/><\/p>\n<p>&nbsp;<\/p>\n<p>3. Caso opte pelo gov.br, voc\u00ea ser\u00e1 redirecionado \u00e0 p\u00e1gina desse sistema. Fa\u00e7a o login com seu CPF ou uma das outras op\u00e7\u00f5es dispon\u00edveis.<\/p>\n<p><img loading=\"lazy\" decoding=\"async\" class=\"aligncenter size-full wp-image-9719\" src=\"https:\/\/faed.ufms.br\/files\/2024\/08\/imagem-3.jpg\" alt=\"\" width=\"1280\" height=\"720\" srcset=\"https:\/\/faed.ufms.br\/files\/2024\/08\/imagem-3.jpg 1280w, https:\/\/faed.ufms.br\/files\/2024\/08\/imagem-3-300x169.jpg 300w, https:\/\/faed.ufms.br\/files\/2024\/08\/imagem-3-1024x576.jpg 1024w, https:\/\/faed.ufms.br\/files\/2024\/08\/imagem-3-768x432.jpg 768w, https:\/\/faed.ufms.br\/files\/2024\/08\/imagem-3-569x320.jpg 569w\" sizes=\"(max-width: 1280px) 100vw, 1280px\" \/><\/p>\n<p>4. Ap\u00f3s fazer o login no gov.br, se for exibido um pedido de autoriza\u00e7\u00e3o de uso dos seus dados pessoais, \u00e9 necess\u00e1rio Autorizar para ser redirecionado ao Siscad.<\/p>\n<p><img loading=\"lazy\" decoding=\"async\" class=\"aligncenter size-full wp-image-9720\" src=\"https:\/\/faed.ufms.br\/files\/2024\/08\/imagem-4.jpg\" alt=\"\" width=\"1280\" height=\"720\" srcset=\"https:\/\/faed.ufms.br\/files\/2024\/08\/imagem-4.jpg 1280w, https:\/\/faed.ufms.br\/files\/2024\/08\/imagem-4-300x169.jpg 300w, https:\/\/faed.ufms.br\/files\/2024\/08\/imagem-4-1024x576.jpg 1024w, https:\/\/faed.ufms.br\/files\/2024\/08\/imagem-4-768x432.jpg 768w, https:\/\/faed.ufms.br\/files\/2024\/08\/imagem-4-569x320.jpg 569w\" sizes=\"(max-width: 1280px) 100vw, 1280px\" \/><\/p>\n<p>5. Na tela inicial do Siscad, clique em seu nome, no canto superior direito. Certifique-se de que o perfil selecionado \u00e9 correspondente ao RGA no qual voc\u00ea concluiu o curso e foi diplomado. Caso n\u00e3o seja, clique em \u201cPerfil\u201d para selecionar o RGA correto.<\/p>\n<p><img loading=\"lazy\" decoding=\"async\" class=\"aligncenter size-full wp-image-9721\" src=\"https:\/\/faed.ufms.br\/files\/2024\/08\/imagem-5.jpg\" alt=\"\" width=\"1280\" height=\"720\" srcset=\"https:\/\/faed.ufms.br\/files\/2024\/08\/imagem-5.jpg 1280w, https:\/\/faed.ufms.br\/files\/2024\/08\/imagem-5-300x169.jpg 300w, https:\/\/faed.ufms.br\/files\/2024\/08\/imagem-5-1024x576.jpg 1024w, https:\/\/faed.ufms.br\/files\/2024\/08\/imagem-5-768x432.jpg 768w, https:\/\/faed.ufms.br\/files\/2024\/08\/imagem-5-569x320.jpg 569w\" sizes=\"(max-width: 1280px) 100vw, 1280px\" \/><\/p>\n<p>6. Se voc\u00ea tiver mais de um RGA, selecione aquele no qual concluiu o curso e foi diplomado<\/p>\n<p><img loading=\"lazy\" decoding=\"async\" class=\"aligncenter size-full wp-image-9722\" src=\"https:\/\/faed.ufms.br\/files\/2024\/08\/imagem-6.jpg\" alt=\"\" width=\"1280\" height=\"720\" srcset=\"https:\/\/faed.ufms.br\/files\/2024\/08\/imagem-6.jpg 1280w, https:\/\/faed.ufms.br\/files\/2024\/08\/imagem-6-300x169.jpg 300w, https:\/\/faed.ufms.br\/files\/2024\/08\/imagem-6-1024x576.jpg 1024w, https:\/\/faed.ufms.br\/files\/2024\/08\/imagem-6-768x432.jpg 768w, https:\/\/faed.ufms.br\/files\/2024\/08\/imagem-6-569x320.jpg 569w\" sizes=\"(max-width: 1280px) 100vw, 1280px\" \/><\/p>\n<p>7. Clique no bot\u00e3o do menu (no canto superior esquerdo) e clique em \u201cMeus Documentos\u201d.<\/p>\n<p><img loading=\"lazy\" decoding=\"async\" class=\"aligncenter size-full wp-image-9722\" src=\"https:\/\/faed.ufms.br\/files\/2024\/08\/imagem-6.jpg\" alt=\"\" width=\"1280\" height=\"720\" srcset=\"https:\/\/faed.ufms.br\/files\/2024\/08\/imagem-6.jpg 1280w, https:\/\/faed.ufms.br\/files\/2024\/08\/imagem-6-300x169.jpg 300w, https:\/\/faed.ufms.br\/files\/2024\/08\/imagem-6-1024x576.jpg 1024w, https:\/\/faed.ufms.br\/files\/2024\/08\/imagem-6-768x432.jpg 768w, https:\/\/faed.ufms.br\/files\/2024\/08\/imagem-6-569x320.jpg 569w\" sizes=\"(max-width: 1280px) 100vw, 1280px\" \/><\/p>\n<p>&nbsp;<\/p>\n<p>8. Na lista de documentos exibida, clique no \u00edcone da linha do Diploma Digital. Aten\u00e7\u00e3o: caso n\u00e3o apare\u00e7a a linha do Diploma Digital, certifique-se de que est\u00e1 selecionado o RGA no qual voc\u00ea concluiu o curso e foi diplomado. Verifique tamb\u00e9m, com a Secretaria Acad\u00eamica da unidade do seu curso, se o seu diploma foi emitido em vers\u00e3o digital.<\/p>\n<p><img loading=\"lazy\" decoding=\"async\" class=\"aligncenter size-full wp-image-9724\" src=\"https:\/\/faed.ufms.br\/files\/2024\/08\/imagem-8.jpg\" alt=\"\" width=\"1280\" height=\"720\" srcset=\"https:\/\/faed.ufms.br\/files\/2024\/08\/imagem-8.jpg 1280w, https:\/\/faed.ufms.br\/files\/2024\/08\/imagem-8-300x169.jpg 300w, https:\/\/faed.ufms.br\/files\/2024\/08\/imagem-8-1024x576.jpg 1024w, https:\/\/faed.ufms.br\/files\/2024\/08\/imagem-8-768x432.jpg 768w, https:\/\/faed.ufms.br\/files\/2024\/08\/imagem-8-569x320.jpg 569w\" sizes=\"(max-width: 1280px) 100vw, 1280px\" \/><\/p>\n<p>9. Ser\u00e1 aberto o sistema de Diploma Digital da UFMS, com o seu c\u00f3digo de valida\u00e7\u00e3o j\u00e1 preenchido. Marque a op\u00e7\u00e3o \u201cN\u00e3o sou um rob\u00f4\u201d e clique em \u201cValidar\u201d. Ent\u00e3o ser\u00e3o exibidas as informa\u00e7\u00f5es do seu diploma e op\u00e7\u00f5es de download.<\/p>\n<p><img loading=\"lazy\" decoding=\"async\" class=\"aligncenter size-full wp-image-9725\" src=\"https:\/\/faed.ufms.br\/files\/2024\/08\/imagem-9.jpg\" alt=\"\" width=\"1280\" height=\"720\" srcset=\"https:\/\/faed.ufms.br\/files\/2024\/08\/imagem-9.jpg 1280w, https:\/\/faed.ufms.br\/files\/2024\/08\/imagem-9-300x169.jpg 300w, https:\/\/faed.ufms.br\/files\/2024\/08\/imagem-9-1024x576.jpg 1024w, https:\/\/faed.ufms.br\/files\/2024\/08\/imagem-9-768x432.jpg 768w, https:\/\/faed.ufms.br\/files\/2024\/08\/imagem-9-569x320.jpg 569w\" sizes=\"(max-width: 1280px) 100vw, 1280px\" \/><\/p>\n<p>&nbsp;<\/p>\n<p>&nbsp;<\/p>\n<hr \/>\n<p><strong><span style=\"font-size: 14pt\"><a id=\"consulta\"><\/a>Consultar e\/ou validar os diplomas registrados na UFMS<\/span><\/strong><\/p>\n<p class=\"small\"><span style=\"font-size: 12pt\">Para consultar e verificar a autenticidade dos diplomas registrados pela UFMS, acesse o <strong><em><a href=\"https:\/\/diplomas.ufms.br\/\">Sistema de Gest\u00e3o e Registro de Diplomas.<\/a><\/em><\/strong><\/span><\/p>\n<p><a href=\"https:\/\/diplomas.ufms.br\/\"><img loading=\"lazy\" decoding=\"async\" class=\"aligncenter size-full wp-image-9728\" src=\"https:\/\/faed.ufms.br\/files\/2024\/08\/consulta.png\" alt=\"\" width=\"1170\" height=\"772\" srcset=\"https:\/\/faed.ufms.br\/files\/2024\/08\/consulta.png 1170w, https:\/\/faed.ufms.br\/files\/2024\/08\/consulta-300x198.png 300w, https:\/\/faed.ufms.br\/files\/2024\/08\/consulta-1024x676.png 1024w, https:\/\/faed.ufms.br\/files\/2024\/08\/consulta-768x507.png 768w, https:\/\/faed.ufms.br\/files\/2024\/08\/consulta-485x320.png 485w\" sizes=\"(max-width: 1170px) 100vw, 1170px\" \/><\/a><\/p>\n<p>&nbsp;<\/p>\n<hr \/>\n<p class=\"entry-title \" style=\"text-align: center\"><a href=\"https:\/\/www.ufms.br\/universidade-passa-a-emitir-diplomas-digitais-para-cursos-de-pos-graduacao\/\"><span style=\"font-size: 12pt\"><span style=\"font-size: 18px\">Not\u00edcia:<\/span><br \/>\nUniversidade passa a emitir diplomas digitais para cursos de p\u00f3s-gradua\u00e7\u00e3o<\/span><\/a><\/p>\n<hr \/>\n<p style=\"text-align: center\"><em><span style=\"font-size: 12px;background-color: #e5edff\">P\u00e1gina atualizada em: 22\/08\/2024<\/span><\/em><\/p>\n","protected":false},"excerpt":{"rendered":"<p>Como acessar o Diploma Digital da UFMS Este tutorial \u00e9 v\u00e1lido somente para quem teve o diploma digital emitido a partir de 2023. Egressos antigos que tenham emitido a segunda via do diploma de forma digital precisam ter seu cadastro atualizado pela Secretaria Acad\u00eamica no sistema de modo a poder acessar o Siscad usando a&#8230;<\/p>\n","protected":false},"author":47,"featured_media":0,"parent":9518,"menu_order":0,"comment_status":"closed","ping_status":"closed","template":"page-templates\/page-coordenadorias.php","meta":{"_acf_changed":false,"_eb_attr":"","_price":"","_stock":"","_tribe_ticket_header":"","_tribe_default_ticket_provider":"","_tribe_ticket_capacity":"0","_ticket_start_date":"","_ticket_end_date":"","_tribe_ticket_show_description":"","_tribe_ticket_show_not_going":false,"_tribe_ticket_use_global_stock":"","_tribe_ticket_global_stock_level":"","_global_stock_mode":"","_global_stock_cap":"","_tribe_rsvp_for_event":"","_tribe_ticket_going_count":"","_tribe_ticket_not_going_count":"","_tribe_tickets_list":"[]","_tribe_ticket_has_attendee_info_fields":false,"footnotes":"","_tec_slr_enabled":"","_tec_slr_layout":""},"coauthors":[109],"class_list":["post-9682","page","type-page","status-publish","hentry"],"acf":[],"aioseo_notices":[],"ticketed":false,"_links":{"self":[{"href":"https:\/\/faed.ufms.br\/en\/wp-json\/wp\/v2\/pages\/9682","targetHints":{"allow":["GET"]}}],"collection":[{"href":"https:\/\/faed.ufms.br\/en\/wp-json\/wp\/v2\/pages"}],"about":[{"href":"https:\/\/faed.ufms.br\/en\/wp-json\/wp\/v2\/types\/page"}],"author":[{"embeddable":true,"href":"https:\/\/faed.ufms.br\/en\/wp-json\/wp\/v2\/users\/47"}],"replies":[{"embeddable":true,"href":"https:\/\/faed.ufms.br\/en\/wp-json\/wp\/v2\/comments?post=9682"}],"version-history":[{"count":15,"href":"https:\/\/faed.ufms.br\/en\/wp-json\/wp\/v2\/pages\/9682\/revisions"}],"predecessor-version":[{"id":11496,"href":"https:\/\/faed.ufms.br\/en\/wp-json\/wp\/v2\/pages\/9682\/revisions\/11496"}],"up":[{"embeddable":true,"href":"https:\/\/faed.ufms.br\/en\/wp-json\/wp\/v2\/pages\/9518"}],"wp:attachment":[{"href":"https:\/\/faed.ufms.br\/en\/wp-json\/wp\/v2\/media?parent=9682"}],"wp:term":[{"taxonomy":"author","embeddable":true,"href":"https:\/\/faed.ufms.br\/en\/wp-json\/wp\/v2\/coauthors?post=9682"}],"curies":[{"name":"wp","href":"https:\/\/api.w.org\/{rel}","templated":true}]}}