{"id":9684,"date":"2024-08-22T09:46:33","date_gmt":"2024-08-22T13:46:33","guid":{"rendered":"https:\/\/faed.ufms.br\/?page_id=9684"},"modified":"2025-06-10T10:36:55","modified_gmt":"2025-06-10T14:36:55","slug":"2-via-do-diploma","status":"publish","type":"page","link":"https:\/\/faed.ufms.br\/en\/secretaria-academica\/2-via-do-diploma\/","title":{"rendered":"2\u00b0 Via do Diploma"},"content":{"rendered":"<p><span style=\"font-size: 18px\"><strong>Emiss\u00e3o do Diploma (2\u00aa via)<\/strong><\/span><\/p>\n<p><span style=\"font-size: 16px\">\u00c9 v\u00e1lido somente para quem teve o diploma emitido at\u00e9 o ano de 2022.<br \/>\nO solicitante ir\u00e1 receber, via <a href=\"https:\/\/siscad.ufms.br\/entrar\">Siscad<\/a>, o diploma digital, n\u00e3o h\u00e1 mais a impress\u00e3o da vers\u00e3o no papel.<\/span><\/p>\n<p><span style=\"font-size: 16px\">Acessar o <em><strong><a href=\"https:\/\/prograd.ufms.br\/aluno-egresso\/\">Requerimento Acad\u00eamico on-line Ex-Aluno<\/a><\/strong><\/em> \u00a0e solicitar a <strong>Op\u00e7\u00e3o: segunda via de diploma<\/strong>, anexar no formul\u00e1rio os seguintes documentos:<\/span><\/p>\n<p>&nbsp;<\/p>\n<ul>\n<li><span style=\"font-size: 16px\"><strong>Extravio do Diploma:<\/strong><\/span><br \/>\n<span style=\"font-size: 16px\">\u2013 Boletim de Ocorr\u00eancia (BO), devidamente assinado;<\/span><br \/>\n<span style=\"font-size: 16px\">\u2013 Comprovante de pagamento da\u00a0<a href=\"https:\/\/recolhimento.ufms.br\/publico\/guia\/1335\"><strong><em>Guia de Recolhimento da Uni\u00e3o &#8211; GRU<\/em><\/strong><\/a>\u00a0(valor R$ 150,00 &#8211; <a href=\"https:\/\/boletimoficial.ufms.br\/bse\/publicacao?id=545298\"><em>Resolu\u00e7\u00e3o n\u00ba518\/2024 do Conselho Diretor<\/em><\/a>);<\/span><br \/>\n<span style=\"font-size: 16px\">\u2013 Certid\u00e3o de Nascimento\/Casamento;<\/span><br \/>\n<span style=\"font-size: 16px\">\u2013 RG.<\/span><\/li>\n<\/ul>\n<p>&nbsp;<\/p>\n<ul>\n<li><span style=\"font-size: 16px\"><strong>Diploma Avariado:<\/strong><\/span><br \/>\n<span style=\"font-size: 16px\">\u2013 Imagem do Diploma Avariado;<\/span><br \/>\n<span style=\"font-size: 16px\">\u2013 Comprovante de pagamento da\u00a0<a href=\"https:\/\/recolhimento.ufms.br\/publico\/guia\/1335\"><strong><em>Guia de Recolhimento da Uni\u00e3o &#8211; GRU<\/em><\/strong><\/a>\u00a0(valor R$ 150,00 &#8211; <a href=\"https:\/\/boletimoficial.ufms.br\/bse\/publicacao?id=545298\"><em>Resolu\u00e7\u00e3o n\u00ba518\/2024 do Conselho Diretor<\/em><\/a>);<\/span><br \/>\n<span style=\"font-size: 16px\">\u2013 Certid\u00e3o de Nascimento\/Casamento;<\/span><br \/>\n<span style=\"font-size: 16px\">\u2013 RG.<\/span><\/li>\n<\/ul>\n<p>&nbsp;<\/p>\n<p><span style=\"font-size: 16px\"><span style=\"font-size: 14pt\"><strong>N\u00e3o h\u00e1 mais o Diploma em vers\u00e3o impressa<\/strong><\/span><br \/>\nDesde dezembro de 2021 e de acordo com as \u201cportarias n\u00ba 330, de 05 de abril de 2018; e n\u00ba 1.001, de 08 de dezembro de 2021\u201d do Minist\u00e9rio da Educa\u00e7\u00e3o (MEC) e a Rede Nacional de Ensino e Pesquisa (RNP), os <strong>Egressos recebem o diploma digital, n\u00e3o h\u00e1 mais a impress\u00e3o da vers\u00e3o no papel.<\/strong><br \/>\nO egresso deve acessar o diploma, ap\u00f3s a emiss\u00e3o, atrav\u00e9s de sua <a href=\"https:\/\/siscad.ufms.br\/entrar\">\u00e1rea restrita no Siscad<\/a>, acessando com seu passaporte e senha em <em>Meus Documentos<\/em>.<br \/>\n<\/span><span style=\"font-size: 16px\">O prazo m\u00ednimo para emiss\u00e3o do diploma \u00e9 de 60 dias e m\u00e1ximo de 120 dias.<\/span><\/p>\n<p>&nbsp;<\/p>\n<hr \/>\n<p>&nbsp;<\/p>\n<p><span style=\"font-size: 18px\"><strong>Emiss\u00e3o do Diploma Digital<\/strong><\/span><\/p>\n<p>\u00c9 v\u00e1lido somente para quem teve o diploma digital emitido a partir de 2023, inclusive 2\u00aa via.<br \/>\nAcessar o <strong><em><a href=\"https:\/\/faed.ufms.br\/secretaria-academica\/diploma\/\">tutorial<\/a><\/em><\/strong>, que cont\u00e9m a forma detalhada para a emiss\u00e3o.<\/p>\n<p>&nbsp;<\/p>\n<hr \/>\n<p style=\"text-align: center\"><em><span style=\"font-size: 12px;background-color: #e5edff\">P\u00e1gina atualizada em: 10\/06\/2025<\/span><\/em><\/p>\n","protected":false},"excerpt":{"rendered":"<p>Emiss\u00e3o do Diploma (2\u00aa via) \u00c9 v\u00e1lido somente para quem teve o diploma emitido at\u00e9 o ano de 2022. O solicitante ir\u00e1 receber, via Siscad, o diploma digital, n\u00e3o h\u00e1 mais a impress\u00e3o da vers\u00e3o no papel. Acessar o Requerimento Acad\u00eamico on-line Ex-Aluno \u00a0e solicitar a Op\u00e7\u00e3o: segunda via de diploma, anexar no formul\u00e1rio os&#8230;<\/p>\n","protected":false},"author":47,"featured_media":0,"parent":9518,"menu_order":0,"comment_status":"closed","ping_status":"closed","template":"page-templates\/page-coordenadorias.php","meta":{"_acf_changed":false,"_eb_attr":"","_price":"","_stock":"","_tribe_ticket_header":"","_tribe_default_ticket_provider":"","_tribe_ticket_capacity":"","_ticket_start_date":"","_ticket_end_date":"","_tribe_ticket_show_description":"","_tribe_ticket_show_not_going":false,"_tribe_ticket_use_global_stock":"","_tribe_ticket_global_stock_level":"","_global_stock_mode":"","_global_stock_cap":"","_tribe_rsvp_for_event":"","_tribe_ticket_going_count":"","_tribe_ticket_not_going_count":"","_tribe_tickets_list":"[]","_tribe_ticket_has_attendee_info_fields":false,"footnotes":"","_tec_slr_enabled":"","_tec_slr_layout":""},"coauthors":[109],"class_list":["post-9684","page","type-page","status-publish","hentry"],"acf":[],"aioseo_notices":[],"ticketed":false,"_links":{"self":[{"href":"https:\/\/faed.ufms.br\/en\/wp-json\/wp\/v2\/pages\/9684","targetHints":{"allow":["GET"]}}],"collection":[{"href":"https:\/\/faed.ufms.br\/en\/wp-json\/wp\/v2\/pages"}],"about":[{"href":"https:\/\/faed.ufms.br\/en\/wp-json\/wp\/v2\/types\/page"}],"author":[{"embeddable":true,"href":"https:\/\/faed.ufms.br\/en\/wp-json\/wp\/v2\/users\/47"}],"replies":[{"embeddable":true,"href":"https:\/\/faed.ufms.br\/en\/wp-json\/wp\/v2\/comments?post=9684"}],"version-history":[{"count":13,"href":"https:\/\/faed.ufms.br\/en\/wp-json\/wp\/v2\/pages\/9684\/revisions"}],"predecessor-version":[{"id":12479,"href":"https:\/\/faed.ufms.br\/en\/wp-json\/wp\/v2\/pages\/9684\/revisions\/12479"}],"up":[{"embeddable":true,"href":"https:\/\/faed.ufms.br\/en\/wp-json\/wp\/v2\/pages\/9518"}],"wp:attachment":[{"href":"https:\/\/faed.ufms.br\/en\/wp-json\/wp\/v2\/media?parent=9684"}],"wp:term":[{"taxonomy":"author","embeddable":true,"href":"https:\/\/faed.ufms.br\/en\/wp-json\/wp\/v2\/coauthors?post=9684"}],"curies":[{"name":"wp","href":"https:\/\/api.w.org\/{rel}","templated":true}]}}