{"id":9693,"date":"2024-08-22T10:11:08","date_gmt":"2024-08-22T14:11:08","guid":{"rendered":"https:\/\/faed.ufms.br\/?page_id=9693"},"modified":"2025-04-30T09:02:14","modified_gmt":"2025-04-30T13:02:14","slug":"aproveitamento","status":"publish","type":"page","link":"https:\/\/faed.ufms.br\/en\/secretaria-academica\/aproveitamento\/","title":{"rendered":"Aproveitamento de Estudos"},"content":{"rendered":"<ul>\n<li>O Aproveitamento de Estudos \u00e9 o resultado do reconhecimento da equival\u00eancia entre um componente curricular cursado, com aprova\u00e7\u00e3o, em uma Instui\u00e7\u00e3o de Ensino Superior autorizada ou credenciada com aquele componente que o estudante pretenda aproveitamento.<\/li>\n<li>Somente ser\u00e3o aproveitados os estudos realizados em <strong>Cursos de Gradua\u00e7\u00e3o ou P\u00f3s-Gradua\u00e7\u00e3o<\/strong> autorizados ou reconhecidos pelo \u00f3rg\u00e3o competente.<\/li>\n<li>O componente curricular cursado pertencente a outra estrutura curricular do pr\u00f3prio Curso ou de outro Curso da UFMS poder\u00e1 ser aproveitado para dispensar componente curricular obrigat\u00f3rio mediante aproveitamento de estudos.<\/li>\n<\/ul>\n<p>&nbsp;<\/p>\n<h4>Como solicitar o Aproveitamento de Estudos<\/h4>\n<p>Os estudantes <strong>ingressantes<\/strong> poder\u00e3o solicitar o aproveitamento de estudos em at\u00e9 quinze dias corridos ap\u00f3s a data da sua matr\u00edcula.<br \/>\nOs demais estudantes (veteranos) poder\u00e3o solicitar a qualquer tempo.<\/p>\n<p>Acessar o\u00a0<a href=\"https:\/\/prograd.ufms.br\/requerimento-academico\/\"><strong>Requerimento Acad\u00eamico,<\/strong><\/a> preencher e anexar os seguintes documentos digitalizados:<\/p>\n<ol>\n<li><strong>Hist\u00f3rico Escolar da Institui\u00e7\u00e3o de Ensino Superior de origem<\/strong> com reconhecimento ou autoriza\u00e7\u00e3o do curso pelo Minist\u00e9rio da Educa\u00e7\u00e3o ou \u00f3rg\u00e3o equivalente;<\/li>\n<li><strong>Ementas\/programas dos componentes curriculares<\/strong> que pretende aproveitar.<\/li>\n<\/ol>\n<p>&nbsp;<\/p>\n<p>LEIA as <a href=\"https:\/\/boletimoficial.ufms.br\/bse\/publicacao?id=523621\"><strong>normas e procedimentos<\/strong><\/a> para o Aproveitamento de Estudos, que est\u00e3o descritas na <a href=\"https:\/\/boletimoficial.ufms.br\/bse\/publicacao?id=523621\">Instru\u00e7\u00e3o Normativa (PROGRAD RTR) n\u00ba 80\/2024.<\/a><\/p>\n<p>&nbsp;<\/p>\n<div class=\"ead-preview\"><div class=\"ead-document\" style=\"position: relative;padding-top: 90%;\"><div class=\"ead-iframe-wrapper\"><iframe src=\"\/\/docs.google.com\/viewer?url=https%3A%2F%2Fboletimoficial.ufms.br%2Fbse%2Fpublicacao%3Fid%3D523621&amp;embedded=true&amp;hl=en\" title=\"Embedded Document\" class=\"ead-iframe\" style=\"width: 100%;height: 100%;border: none;position: absolute;left: 0;top: 0;visibility: hidden;\"><\/iframe><\/div>\t\t\t<div class=\"ead-document-loading\" style=\"width:100%;height:100%;position:absolute;left:0;top:0;z-index:10;\">\n\t\t\t\t<div class=\"ead-loading-wrap\">\n\t\t\t\t\t<div class=\"ead-loading-main\">\n\t\t\t\t\t\t<div class=\"ead-loading\">\n\t\t\t\t\t\t\t<img decoding=\"async\" src=\"https:\/\/faed.ufms.br\/wp-content\/plugins\/embed-any-document\/images\/loading.svg\" width=\"55\" height=\"55\" alt=\"Loader\">\n\t\t\t\t\t\t\t<span>Loading...<\/span>\n\t\t\t\t\t\t<\/div>\n\t\t\t\t\t<\/div>\n\t\t\t\t\t<div class=\"ead-loading-foot\">\n\t\t\t\t\t\t<div class=\"ead-loading-foot-title\">\n\t\t\t\t\t\t\t<img decoding=\"async\" src=\"https:\/\/faed.ufms.br\/wp-content\/plugins\/embed-any-document\/images\/EAD-logo.svg\" alt=\"EAD Logo\" width=\"36\" height=\"23\"\/>\n\t\t\t\t\t\t\t<span>Taking too long?<\/span>\n\t\t\t\t\t\t<\/div>\n\t\t\t\t\t\t<p>\n\t\t\t\t\t\t\t<div class=\"ead-document-btn ead-reload-btn\" role=\"button\">\n\t\t\t\t\t\t\t\t<img decoding=\"async\" src=\"https:\/\/faed.ufms.br\/wp-content\/plugins\/embed-any-document\/images\/reload.svg\" alt=\"Reload\" width=\"12\" height=\"12\"\/> Reload document\t\t\t\t\t\t\t<\/div>\n\t\t\t\t\t\t\t<span>|<\/span>\n\t\t\t\t\t\t\t<a href=\"https:\/\/docs.google.com\/viewer?url=https%3A%2F%2Fboletimoficial.ufms.br%2Fbse%2Fpublicacao%3Fid%3D523621&#038;hl=en\" class=\"ead-document-btn\" target=\"_blank\">\n\t\t\t\t\t\t\t\t<img loading=\"lazy\" decoding=\"async\" src=\"https:\/\/faed.ufms.br\/wp-content\/plugins\/embed-any-document\/images\/open.svg\" alt=\"Open\" width=\"12\" height=\"12\"\/> Open in new tab\t\t\t\t\t\t\t<\/a>\n\t\t\t\t\t<\/div>\n\t\t\t\t<\/div>\n\t\t\t<\/div>\n\t\t<\/div><p class=\"embed_download\"><a href=\"https:\/\/boletimoficial.ufms.br\/bse\/publicacao?id=523621\" download>Download [162.00 B] <\/a><\/p><\/div>\n<hr \/>\n<p style=\"text-align: center\">\n<p style=\"text-align: center\"><em><span style=\"font-size: 12px;background-color: #e5edff\">P\u00e1gina atualizada em: 28\/01\/2025<\/span><\/em><\/p>\n","protected":false},"excerpt":{"rendered":"<p>O Aproveitamento de Estudos \u00e9 o resultado do reconhecimento da equival\u00eancia entre um componente curricular cursado, com aprova\u00e7\u00e3o, em uma Instui\u00e7\u00e3o de Ensino Superior autorizada ou credenciada com aquele componente que o estudante pretenda aproveitamento. Somente ser\u00e3o aproveitados os estudos realizados em Cursos de Gradua\u00e7\u00e3o ou P\u00f3s-Gradua\u00e7\u00e3o autorizados ou reconhecidos pelo \u00f3rg\u00e3o competente. O componente&#8230;<\/p>\n","protected":false},"author":47,"featured_media":0,"parent":9518,"menu_order":0,"comment_status":"closed","ping_status":"closed","template":"page-templates\/page-coordenadorias.php","meta":{"_acf_changed":false,"_eb_attr":"","_price":"","_stock":"","_tribe_ticket_header":"","_tribe_default_ticket_provider":"","_tribe_ticket_capacity":"0","_ticket_start_date":"","_ticket_end_date":"","_tribe_ticket_show_description":"","_tribe_ticket_show_not_going":false,"_tribe_ticket_use_global_stock":"","_tribe_ticket_global_stock_level":"","_global_stock_mode":"","_global_stock_cap":"","_tribe_rsvp_for_event":"","_tribe_ticket_going_count":"","_tribe_ticket_not_going_count":"","_tribe_tickets_list":"[]","_tribe_ticket_has_attendee_info_fields":false,"footnotes":"","_tec_slr_enabled":"","_tec_slr_layout":""},"coauthors":[109],"class_list":["post-9693","page","type-page","status-publish","hentry"],"acf":[],"aioseo_notices":[],"ticketed":false,"_links":{"self":[{"href":"https:\/\/faed.ufms.br\/en\/wp-json\/wp\/v2\/pages\/9693","targetHints":{"allow":["GET"]}}],"collection":[{"href":"https:\/\/faed.ufms.br\/en\/wp-json\/wp\/v2\/pages"}],"about":[{"href":"https:\/\/faed.ufms.br\/en\/wp-json\/wp\/v2\/types\/page"}],"author":[{"embeddable":true,"href":"https:\/\/faed.ufms.br\/en\/wp-json\/wp\/v2\/users\/47"}],"replies":[{"embeddable":true,"href":"https:\/\/faed.ufms.br\/en\/wp-json\/wp\/v2\/comments?post=9693"}],"version-history":[{"count":5,"href":"https:\/\/faed.ufms.br\/en\/wp-json\/wp\/v2\/pages\/9693\/revisions"}],"predecessor-version":[{"id":11497,"href":"https:\/\/faed.ufms.br\/en\/wp-json\/wp\/v2\/pages\/9693\/revisions\/11497"}],"up":[{"embeddable":true,"href":"https:\/\/faed.ufms.br\/en\/wp-json\/wp\/v2\/pages\/9518"}],"wp:attachment":[{"href":"https:\/\/faed.ufms.br\/en\/wp-json\/wp\/v2\/media?parent=9693"}],"wp:term":[{"taxonomy":"author","embeddable":true,"href":"https:\/\/faed.ufms.br\/en\/wp-json\/wp\/v2\/coauthors?post=9693"}],"curies":[{"name":"wp","href":"https:\/\/api.w.org\/{rel}","templated":true}]}}