{"id":9788,"date":"2024-08-28T10:42:38","date_gmt":"2024-08-28T14:42:38","guid":{"rendered":"https:\/\/faed.ufms.br\/?page_id=9788"},"modified":"2026-02-25T13:09:27","modified_gmt":"2026-02-25T17:09:27","slug":"secretaria-pedagogica","status":"publish","type":"page","link":"https:\/\/faed.ufms.br\/en\/secretaria-pedagogica\/","title":{"rendered":"Setor de Apoio Pedag\u00f3gico"},"content":{"rendered":"<h4><strong>Setor de Apoio Pedag\u00f3gico<\/strong><\/h4>\n<p style=\"text-align: left\"><strong>Coordenadora: <\/strong><em><strong>Tha\u00eds Cardozo de Souza\u00a0 &#8211; <\/strong>contato: <\/em><em>setap.faed@ufms.br &#8211; 3345-7226 (WhatsApp)<br \/>\n<\/em><\/p>\n<ul>\n<li><strong>Educa\u00e7\u00e3o do Campo<\/strong><br \/>\n<em>Janine Lira Dorneles<br \/>\n<\/em>educampo.faed@ufms.br \/ 3345-7195 (WhatsApp)<\/li>\n<\/ul>\n<p>&nbsp;<\/p>\n<ul>\n<li><strong>Pedagogia &#8211; Diurno e Noturno<\/strong><br \/>\n<em>Tha\u00eds Cardozo de Souza<br \/>\n<\/em>ped.faed@ufms.br \/ 3345-7226 (WhatsApp)<\/li>\n<\/ul>\n<p>&nbsp;<\/p>\n<ul>\n<li><strong>Educa\u00e7\u00e3o F\u00edsica &#8211; Licenciatura<\/strong><br \/>\n<em>Guilherme Souza Castro<br \/>\n<\/em>edfis.faed@ufms.br \/ 3345-7618 (WhatsApp)<\/li>\n<\/ul>\n<p>&nbsp;<\/p>\n<ul>\n<li><strong>Educa\u00e7\u00e3o F\u00edsica &#8211; Bacharelado<\/strong><br \/>\n<em>Guilherme Souza Castro<br \/>\n<\/em>edfis.faed@ufms.br \/ 3345-7618 (WhatsApp)<\/li>\n<\/ul>\n<p>&nbsp;<\/p>\n<ul>\n<li><strong>Educa\u00e7\u00e3o Bil\u00edngue de Surdos<\/strong><br \/>\n<em>Janine Lira Dorneles<br \/>\n<\/em>3345-7195 (WhatsApp)<\/li>\n<\/ul>\n<p>&nbsp;<\/p>\n<hr \/>\n<p style=\"text-align: center\"><span style=\"font-size: 8pt\"><em><span style=\"font-size: 12px;background-color: #e5edff\">P\u00e1gina atualizada em: 25\/12\/2025<\/span><\/em><\/span><\/p>\n","protected":false},"excerpt":{"rendered":"<p>Setor de Apoio Pedag\u00f3gico Coordenadora: Tha\u00eds Cardozo de Souza\u00a0 &#8211; contato: setap.faed@ufms.br &#8211; 3345-7226 (WhatsApp) Educa\u00e7\u00e3o do Campo Janine Lira Dorneles educampo.faed@ufms.br \/ 3345-7195 (WhatsApp) &nbsp; Pedagogia &#8211; Diurno e Noturno Tha\u00eds Cardozo de Souza ped.faed@ufms.br \/ 3345-7226 (WhatsApp) &nbsp; Educa\u00e7\u00e3o F\u00edsica &#8211; Licenciatura Guilherme Souza Castro edfis.faed@ufms.br \/ 3345-7618 (WhatsApp) &nbsp; Educa\u00e7\u00e3o F\u00edsica &#8211;&#8230;<\/p>\n","protected":false},"author":47,"featured_media":0,"parent":0,"menu_order":0,"comment_status":"closed","ping_status":"closed","template":"page-templates\/page-coordenadorias.php","meta":{"_acf_changed":false,"_eb_attr":"","_price":"","_stock":"","_tribe_ticket_header":"","_tribe_default_ticket_provider":"","_tribe_ticket_capacity":"0","_ticket_start_date":"","_ticket_end_date":"","_tribe_ticket_show_description":"","_tribe_ticket_show_not_going":false,"_tribe_ticket_use_global_stock":"","_tribe_ticket_global_stock_level":"","_global_stock_mode":"","_global_stock_cap":"","_tribe_rsvp_for_event":"","_tribe_ticket_going_count":"","_tribe_ticket_not_going_count":"","_tribe_tickets_list":"[]","_tribe_ticket_has_attendee_info_fields":false,"footnotes":"","_tec_slr_enabled":"","_tec_slr_layout":""},"coauthors":[109],"class_list":["post-9788","page","type-page","status-publish","hentry"],"acf":[],"aioseo_notices":[],"ticketed":false,"_links":{"self":[{"href":"https:\/\/faed.ufms.br\/en\/wp-json\/wp\/v2\/pages\/9788","targetHints":{"allow":["GET"]}}],"collection":[{"href":"https:\/\/faed.ufms.br\/en\/wp-json\/wp\/v2\/pages"}],"about":[{"href":"https:\/\/faed.ufms.br\/en\/wp-json\/wp\/v2\/types\/page"}],"author":[{"embeddable":true,"href":"https:\/\/faed.ufms.br\/en\/wp-json\/wp\/v2\/users\/47"}],"replies":[{"embeddable":true,"href":"https:\/\/faed.ufms.br\/en\/wp-json\/wp\/v2\/comments?post=9788"}],"version-history":[{"count":11,"href":"https:\/\/faed.ufms.br\/en\/wp-json\/wp\/v2\/pages\/9788\/revisions"}],"predecessor-version":[{"id":13191,"href":"https:\/\/faed.ufms.br\/en\/wp-json\/wp\/v2\/pages\/9788\/revisions\/13191"}],"wp:attachment":[{"href":"https:\/\/faed.ufms.br\/en\/wp-json\/wp\/v2\/media?parent=9788"}],"wp:term":[{"taxonomy":"author","embeddable":true,"href":"https:\/\/faed.ufms.br\/en\/wp-json\/wp\/v2\/coauthors?post=9788"}],"curies":[{"name":"wp","href":"https:\/\/api.w.org\/{rel}","templated":true}]}}