{"id":9807,"date":"2024-08-29T09:56:20","date_gmt":"2024-08-29T13:56:20","guid":{"rendered":"https:\/\/faed.ufms.br\/?page_id=9807"},"modified":"2025-07-02T14:34:01","modified_gmt":"2025-07-02T18:34:01","slug":"colegiado","status":"publish","type":"page","link":"https:\/\/faed.ufms.br\/en\/pedagogia\/colegiado\/","title":{"rendered":"Colegiado (Pedagogia)"},"content":{"rendered":"<p><span style=\"font-size: 14pt\"><strong>Membros<\/strong><\/span><br \/>\n<em><a href=\"https:\/\/boletimoficial.ufms.br\/bse\/publicacao?id=505959\">Portaria N\u00ba 219-GAB\/FAED\/UFMS (10\/11\/2023)<\/a><br \/>\nBi\u00eanio 2024-2026<\/em><\/p>\n<ul data-uw-styling-context=\"true\">\n<li>Raquel Elizabeth Saes Quiles Benini \/ raquel.quiles@ufms.br (Presidente)<\/li>\n<li>Mariuza Aparecida Camillo Guimar\u00e3es \/ mariuza.guimaraes@ufms.br<\/li>\n<li>Sheila Denize Guimaraes Barbosa \/ sheila.guimaraes@ufms.br<\/li>\n<li>Stella Sanches de Oliveira Silva \/ stella.oliveira@ufms.br<\/li>\n<\/ul>\n<p>&nbsp;<\/p>\n<p><strong><span style=\"font-size: 14pt\">Secretaria<\/span><br \/>\n<\/strong><a href=\"https:\/\/boletimoficial.ufms.br\/bse\/publicacao?id=532317\"><em>Portaria N\u00ba128-FAED\/UFMS (20\/08\/2024)<\/em><\/a><\/p>\n<ul>\n<li>Tha\u00eds Cardozo de Souza<br \/>\nped.faed@ufms.br; WhatsApp: (67) 3345- 7996<\/li>\n<\/ul>\n<p>&nbsp;<\/p>\n<hr \/>\n<p><span style=\"font-size: 14pt\"><strong>Regimento Interno<\/strong><\/span><br \/>\n<a href=\"https:\/\/boletimoficial.ufms.br\/bse\/publicacao?id=446206\">RESOLU\u00c7\u00c3O N\u00ba 149, DE 7 DE DEZEMBRO DE 2021. (*)<\/a><\/p>\n<hr \/>\n<p>&nbsp;<\/p>\n<p><span style=\"font-size: 14pt\"><strong>Calend\u00e1rio de reuni\u00f5es ordin\u00e1rias 2025<\/strong><\/span><br \/>\n<a href=\"https:\/\/boletimoficial.ufms.br\/bse\/publicacao?id=543530\"><em>Resolu\u00e7\u00e3o N\u00ba 428, de 2 de dezembro de 2024 (*)<\/em><\/a><\/p>\n<ul>\n<li>48\u00aa Reuni\u00e3o Ordin\u00e1ria: 21 de fevereiro de 2025<\/li>\n<li>49\u00aa Reuni\u00e3o Ordin\u00e1ria: <span style=\"text-decoration: line-through\">22 de maio de 2025<\/span> (<a href=\"https:\/\/boletimoficial.ufms.br\/bse\/publicacao?id=560809\">alterada para 18 de junho de 2025<\/a>)<\/li>\n<li>50\u00aa Reuni\u00e3o Ordin\u00e1ria: 20 de agosto de 2025<\/li>\n<li>51\u00aa Reuni\u00e3o Ordin\u00e1ria: 18 de novembro de 2025<\/li>\n<\/ul>\n<p>&nbsp;<\/p>\n<p><span style=\"font-size: 14pt\"><strong>Atas<\/strong><\/span><\/p>\n<p><a href=\"https:\/\/boletimoficial.ufms.br\/bse\/publicacao?id=562934\">Ata da 48\u00aa Reuni\u00e3o Ordin\u00e1ria \u00a0(publica\u00e7\u00e3o: 25\/06\/2025)<\/a><br \/>\n<a href=\"https:\/\/boletimoficial.ufms.br\/bse\/publicacao?id=562933\">Ata da 47\u00aa Reuni\u00e3o Ordin\u00e1ria \u00a0(publica\u00e7\u00e3o: 25\/06\/2025)<\/a><br \/>\n<a href=\"https:\/\/boletimoficial.ufms.br\/bse\/publicacao?id=542918\">Ata da 46\u00aa Reuni\u00e3o Ordin\u00e1ria (publica\u00e7\u00e3o: 05\/12\/2024)<\/a><br \/>\n<a href=\"https:\/\/boletimoficial.ufms.br\/bse\/publicacao?id=542917\">Ata da 45\u00aa Reuni\u00e3o Ordin\u00e1ria (publica\u00e7\u00e3o: 05\/12\/2024)<\/a><br \/>\n<a href=\"https:\/\/boletimoficial.ufms.br\/bse\/publicacao?id=542916\">Ata da 44\u00aa Reuni\u00e3o Ordin\u00e1ria (publica\u00e7\u00e3o: 05\/12\/2024)<\/a><br \/>\n<a href=\"https:\/\/boletimoficial.ufms.br\/bse\/publicacao?id=514111\">Ata da 43\u00aa Reuni\u00e3o Ordin\u00e1ria (publica\u00e7\u00e3o: 20\/02\/2024)<\/a><\/p>\n<p>&nbsp;<\/p>\n<p><span style=\"font-size: 14pt\"><strong>Resolu\u00e7\u00f5es<br \/>\n<\/strong><\/span><em><a href=\"https:\/\/boletimoficial.ufms.br\/\">Boletim Oficial da UFMS<\/a><\/em><\/p>\n<hr \/>\n<p>&nbsp;<\/p>\n<p><strong>Calend\u00e1rio de reuni\u00f5es ordin\u00e1rias 2024<\/strong><br \/>\n<a href=\"https:\/\/boletimoficial.ufms.br\/bse\/publicacao?id=507907\"><em>Resolu\u00e7\u00e3o N\u00ba 280, de 28 de novembro de 2023<\/em><\/a><\/p>\n<ul>\n<li>44\u00aa Reuni\u00e3o Ordin\u00e1ria: 16\/02\/2024<\/li>\n<li>45\u00aa Reuni\u00e3o Ordin\u00e1ria: 22\/05\/2024<\/li>\n<li>46\u00aa Reuni\u00e3o Ordin\u00e1ria: 20\/08\/2024<\/li>\n<li>47\u00aa Reuni\u00e3o Ordin\u00e1ria: 18\/11\/2024<\/li>\n<\/ul>\n<hr \/>\n<p style=\"text-align: center\"><em><span style=\"font-size: 12px;background-color: #e5edff\">P\u00e1gina atualizada em: 09\/06\/2025<\/span><\/em><\/p>\n","protected":false},"excerpt":{"rendered":"<p>Membros Portaria N\u00ba 219-GAB\/FAED\/UFMS (10\/11\/2023) Bi\u00eanio 2024-2026 Raquel Elizabeth Saes Quiles Benini \/ raquel.quiles@ufms.br (Presidente) Mariuza Aparecida Camillo Guimar\u00e3es \/ mariuza.guimaraes@ufms.br Sheila Denize Guimaraes Barbosa \/ sheila.guimaraes@ufms.br Stella Sanches de Oliveira Silva \/ stella.oliveira@ufms.br &nbsp; Secretaria Portaria N\u00ba128-FAED\/UFMS (20\/08\/2024) Tha\u00eds Cardozo de Souza ped.faed@ufms.br; WhatsApp: (67) 3345- 7996 &nbsp; Regimento Interno RESOLU\u00c7\u00c3O N\u00ba 149, DE&#8230;<\/p>\n","protected":false},"author":47,"featured_media":0,"parent":9424,"menu_order":0,"comment_status":"closed","ping_status":"closed","template":"page-templates\/page-coordenadorias.php","meta":{"_acf_changed":false,"_eb_attr":"","_price":"","_stock":"","_tribe_ticket_header":"","_tribe_default_ticket_provider":"","_tribe_ticket_capacity":"0","_ticket_start_date":"","_ticket_end_date":"","_tribe_ticket_show_description":"","_tribe_ticket_show_not_going":false,"_tribe_ticket_use_global_stock":"","_tribe_ticket_global_stock_level":"","_global_stock_mode":"","_global_stock_cap":"","_tribe_rsvp_for_event":"","_tribe_ticket_going_count":"","_tribe_ticket_not_going_count":"","_tribe_tickets_list":"[]","_tribe_ticket_has_attendee_info_fields":false,"footnotes":"","_tec_slr_enabled":"","_tec_slr_layout":""},"coauthors":[109],"class_list":["post-9807","page","type-page","status-publish","hentry"],"acf":[],"aioseo_notices":[],"ticketed":false,"_links":{"self":[{"href":"https:\/\/faed.ufms.br\/en\/wp-json\/wp\/v2\/pages\/9807","targetHints":{"allow":["GET"]}}],"collection":[{"href":"https:\/\/faed.ufms.br\/en\/wp-json\/wp\/v2\/pages"}],"about":[{"href":"https:\/\/faed.ufms.br\/en\/wp-json\/wp\/v2\/types\/page"}],"author":[{"embeddable":true,"href":"https:\/\/faed.ufms.br\/en\/wp-json\/wp\/v2\/users\/47"}],"replies":[{"embeddable":true,"href":"https:\/\/faed.ufms.br\/en\/wp-json\/wp\/v2\/comments?post=9807"}],"version-history":[{"count":12,"href":"https:\/\/faed.ufms.br\/en\/wp-json\/wp\/v2\/pages\/9807\/revisions"}],"predecessor-version":[{"id":12546,"href":"https:\/\/faed.ufms.br\/en\/wp-json\/wp\/v2\/pages\/9807\/revisions\/12546"}],"up":[{"embeddable":true,"href":"https:\/\/faed.ufms.br\/en\/wp-json\/wp\/v2\/pages\/9424"}],"wp:attachment":[{"href":"https:\/\/faed.ufms.br\/en\/wp-json\/wp\/v2\/media?parent=9807"}],"wp:term":[{"taxonomy":"author","embeddable":true,"href":"https:\/\/faed.ufms.br\/en\/wp-json\/wp\/v2\/coauthors?post=9807"}],"curies":[{"name":"wp","href":"https:\/\/api.w.org\/{rel}","templated":true}]}}