{"id":9816,"date":"2024-08-29T10:46:36","date_gmt":"2024-08-29T14:46:36","guid":{"rendered":"https:\/\/faed.ufms.br\/?page_id=9816"},"modified":"2025-06-10T18:59:52","modified_gmt":"2025-06-10T22:59:52","slug":"colegiado","status":"publish","type":"page","link":"https:\/\/faed.ufms.br\/en\/educacao-do-campo\/colegiado\/","title":{"rendered":"Colegiado (Educa\u00e7\u00e3o do Campo)"},"content":{"rendered":"<p><span style=\"font-size: 14pt\"><strong>Membros<\/strong><\/span><br \/>\n<em><a href=\"https:\/\/boletimoficial.ufms.br\/bse\/publicacao?id=505959\">Portaria N\u00ba 219-GAB\/FAED\/UFMS (10\/11\/2023)<\/a><br \/>\nBi\u00eanio 2024-2026<\/em><\/p>\n<ul>\n<li>Edinalva da Cruz Teixeira Sakai \/ edinalva.sakai@ufms.br (Presidente)<\/li>\n<li>C\u00e9lia Beatriz Piatti \/ celia.piatti@ufms.br<\/li>\n<li>Luciene Gomes Freitas Marins \/ lucien.marins@ufms.br<\/li>\n<li>Thyago Jose da Cruz \/ thyago.cruz@ufms.br<\/li>\n<\/ul>\n<p>&nbsp;<\/p>\n<p><span style=\"font-size: 14pt\"><strong>Secretaria<br \/>\n<\/strong><\/span><a href=\"https:\/\/boletimoficial.ufms.br\/bse\/publicacao?id=532317\"><em>Portaria N\u00ba128-FAED\/UFMS (20\/08\/2024)<\/em><\/a><\/p>\n<ul>\n<li>Janine Lira Dorneles<br \/>\neducampo.faed@ufms.br; WhatsApp: (67) 3345-7195<\/li>\n<\/ul>\n<p>&nbsp;<\/p>\n<hr \/>\n<p><span style=\"font-size: 14pt\"><strong>Regimento Interno<\/strong><\/span><br \/>\n<span style=\"font-size: 10pt\"><a href=\"https:\/\/boletimoficial.ufms.br\/bse\/publicacao?id=446206\">RESOLU\u00c7\u00c3O N\u00ba 149, DE 7 DE DEZEMBRO DE 2021. (*)<\/a><\/span><\/p>\n<p>O Colegiado de Curso, definido como unidade did\u00e1tico-cient\u00edfica, \u00e9 <strong>respons\u00e1vel<\/strong> pela supervis\u00e3o das atividades do curso e pela orienta\u00e7\u00e3o aos acad\u00eamicos nele matriculados, sendo a inst\u00e2ncia b\u00e1sica dos Cursos de Gradua\u00e7\u00e3o, s\u00e3o presididos pelo respectivo Coordenador\/a de Curso.<\/p>\n<p>Entre suas <strong>atribui\u00e7\u00f5es<\/strong>, est\u00e1 a aprova\u00e7\u00e3o dos Planos de Ensino das disciplinas que comp\u00f5em a estrutura curricular, bem como a garantia de que todas as atividades did\u00e1tico-pedag\u00f3gicas estejam alinhadas com os objetivos e o perfil profissional estabelecidos no Projeto Pedag\u00f3gico do Curso. O Colegiado tamb\u00e9m se manifesta sobre altera\u00e7\u00f5es nesse projeto e aprova tanto solicita\u00e7\u00f5es de aproveitamento de estudos quanto os Planos de Estudos individuais dos estudantes.<\/p>\n<p>Al\u00e9m disso, cabe ao Colegiado <strong>deliberar<\/strong> sobre propostas de altera\u00e7\u00e3o, suspens\u00e3o ou extin\u00e7\u00e3o do curso. Tamb\u00e9m prop\u00f5e estrat\u00e9gias para alcan\u00e7ar as metas definidas no Plano de Desenvolvimento Institucional, no Projeto Pedag\u00f3gico Institucional e no Plano de Desenvolvimento da Unidade, considerando os indicadores de desempenho do curso. No exerc\u00edcio de sua fun\u00e7\u00e3o, pode estabelecer normas pr\u00f3prias dentro de sua \u00e1rea de compet\u00eancia e tomar decis\u00f5es sobre situa\u00e7\u00f5es que n\u00e3o estejam previstas em regulamentos espec\u00edficos.<\/p>\n<p>O Colegiado de Curso tem <strong>reuni\u00f5es ordin\u00e1rias<\/strong> quatro vezes ao ano, de acordo com o Calend\u00e1rio, e, extraordinariamente, quando convocado pelo Presidente ou por requerimento de seus membros.<\/p>\n<hr \/>\n<p>&nbsp;<\/p>\n<p><span style=\"font-size: 14pt\"><strong>Calend\u00e1rio de reuni\u00f5es ordin\u00e1rias 2025<\/strong><\/span><br \/>\n<a href=\"https:\/\/boletimoficial.ufms.br\/bse\/publicacao?id=540915\"><em>Resolu\u00e7\u00e3o N\u00ba 151, de 14 de novembro de 2024<\/em><\/a><\/p>\n<ul>\n<li>95\u00aa Reuni\u00e3o Ordin\u00e1ria: 31\/03\/2025<\/li>\n<li>96\u00aa Reuni\u00e3o Ordin\u00e1ria: 02\/06\/2025<\/li>\n<li>97\u00aa Reuni\u00e3o Ordin\u00e1ria: 15\/09\/2025<\/li>\n<li>98\u00aa Reuni\u00e3o Ordin\u00e1ria: 24\/11\/2025<\/li>\n<\/ul>\n<p>&nbsp;<\/p>\n<p><span style=\"font-size: 14pt\"><strong>Atas<\/strong><\/span><\/p>\n<p><a href=\"https:\/\/boletimoficial.ufms.br\/bse\/publicacao?id=517886\">Ata da 90\u00aa Reuni\u00e3o Ordin\u00e1ria (publica\u00e7\u00e3o: 18\/03\/2024)<\/a><br \/>\n<a href=\"https:\/\/boletimoficial.ufms.br\/bse\/publicacao?id=520437\">Ata da 89\u00aa Reuni\u00e3o Ordin\u00e1ria (publica\u00e7\u00e3o: 10\/04\/2024)<\/a><br \/>\n<a href=\"https:\/\/boletimoficial.ufms.br\/bse\/publicacao?id=520433\">Ata da 87\u00aa Reuni\u00e3o Ordin\u00e1ria (publica\u00e7\u00e3o: 10\/04\/2024)<\/a><br \/>\n<a href=\"https:\/\/boletimoficial.ufms.br\/bse\/publicacao?id=492993\">Ata da 86\u00aa Reuni\u00e3o Ordin\u00e1ria (publica\u00e7\u00e3o: 28\/06\/2023)<\/a><br \/>\n<a href=\"https:\/\/boletimoficial.ufms.br\/bse\/publicacao?id=492988\">Ata da 85\u00aa Reuni\u00e3o Ordin\u00e1ria (publica\u00e7\u00e3o: 28\/06\/2023)<\/a><br \/>\n<a href=\"https:\/\/boletimoficial.ufms.br\/bse\/publicacao?id=475255\">Ata da 84\u00aa Reuni\u00e3o Ordin\u00e1ria (publica\u00e7\u00e3o: 07\/12\/2022)<\/a><br \/>\n<a href=\"https:\/\/boletimoficial.ufms.br\/bse\/publicacao?id=487722\">Ata da 83\u00aa Reuni\u00e3o Ordin\u00e1ria (publica\u00e7\u00e3o: 03\/05\/2023)<\/a><\/p>\n<p>&nbsp;<\/p>\n<p><span style=\"font-size: 14pt\"><strong>Resolu\u00e7\u00f5es<br \/>\n<\/strong><\/span><em><a href=\"https:\/\/boletimoficial.ufms.br\/\">Boletim Oficial da UFMS<\/a><\/em><\/p>\n<hr \/>\n<p>&nbsp;<\/p>\n<p><span style=\"font-size: 10pt\"><strong>Calend\u00e1rio de reuni\u00f5es ordin\u00e1rias 2024<\/strong><\/span><br \/>\n<span style=\"font-size: 10pt\"><a href=\"https:\/\/boletimoficial.ufms.br\/bse\/publicacao?id=504324\"><em>Resolu\u00e7\u00e3o N\u00ba 105, de 24 de outubro de 2023<\/em><\/a><\/span><\/p>\n<ul>\n<li><span style=\"font-size: 10pt\">91\u00aa Reuni\u00e3o Ordin\u00e1ria: 12\/03\/2024<\/span><\/li>\n<li><span style=\"font-size: 10pt\">92\u00aa Reuni\u00e3o Ordin\u00e1ria: 18\/06\/2024<\/span><\/li>\n<li><span style=\"font-size: 10pt\">93\u00aa Reuni\u00e3o Ordin\u00e1ria: <span style=\"text-decoration: line-through\">17\/09\/2024<\/span> <a href=\"https:\/\/boletimoficial.ufms.br\/bse\/publicacao?id=538284\">alterada para: 30\/10\/2024<\/a><\/span><\/li>\n<li><span style=\"font-size: 10pt\">94\u00aa Reuni\u00e3o Ordin\u00e1ria: 19\/11\/2024<\/span><\/li>\n<\/ul>\n<hr \/>\n<p style=\"text-align: center\"><span style=\"font-size: 8pt\"><em><span style=\"font-size: 12px;background-color: #e5edff\">P\u00e1gina atualizada em: 10\/06\/2025<\/span><\/em><\/span><\/p>\n","protected":false},"excerpt":{"rendered":"<p>Membros Portaria N\u00ba 219-GAB\/FAED\/UFMS (10\/11\/2023) Bi\u00eanio 2024-2026 Edinalva da Cruz Teixeira Sakai \/ edinalva.sakai@ufms.br (Presidente) C\u00e9lia Beatriz Piatti \/ celia.piatti@ufms.br Luciene Gomes Freitas Marins \/ lucien.marins@ufms.br Thyago Jose da Cruz \/ thyago.cruz@ufms.br &nbsp; Secretaria Portaria N\u00ba128-FAED\/UFMS (20\/08\/2024) Janine Lira Dorneles educampo.faed@ufms.br; WhatsApp: (67) 3345-7195 &nbsp; Regimento Interno RESOLU\u00c7\u00c3O N\u00ba 149, DE 7 DE DEZEMBRO DE&#8230;<\/p>\n","protected":false},"author":47,"featured_media":0,"parent":26,"menu_order":0,"comment_status":"closed","ping_status":"closed","template":"page-templates\/page-coordenadorias.php","meta":{"_acf_changed":false,"_eb_attr":"","_price":"","_stock":"","_tribe_ticket_header":"","_tribe_default_ticket_provider":"","_tribe_ticket_capacity":"0","_ticket_start_date":"","_ticket_end_date":"","_tribe_ticket_show_description":"","_tribe_ticket_show_not_going":false,"_tribe_ticket_use_global_stock":"","_tribe_ticket_global_stock_level":"","_global_stock_mode":"","_global_stock_cap":"","_tribe_rsvp_for_event":"","_tribe_ticket_going_count":"","_tribe_ticket_not_going_count":"","_tribe_tickets_list":"[]","_tribe_ticket_has_attendee_info_fields":false,"footnotes":"","_tec_slr_enabled":"","_tec_slr_layout":""},"coauthors":[109],"class_list":["post-9816","page","type-page","status-publish","hentry"],"acf":[],"aioseo_notices":[],"ticketed":false,"_links":{"self":[{"href":"https:\/\/faed.ufms.br\/en\/wp-json\/wp\/v2\/pages\/9816","targetHints":{"allow":["GET"]}}],"collection":[{"href":"https:\/\/faed.ufms.br\/en\/wp-json\/wp\/v2\/pages"}],"about":[{"href":"https:\/\/faed.ufms.br\/en\/wp-json\/wp\/v2\/types\/page"}],"author":[{"embeddable":true,"href":"https:\/\/faed.ufms.br\/en\/wp-json\/wp\/v2\/users\/47"}],"replies":[{"embeddable":true,"href":"https:\/\/faed.ufms.br\/en\/wp-json\/wp\/v2\/comments?post=9816"}],"version-history":[{"count":7,"href":"https:\/\/faed.ufms.br\/en\/wp-json\/wp\/v2\/pages\/9816\/revisions"}],"predecessor-version":[{"id":12483,"href":"https:\/\/faed.ufms.br\/en\/wp-json\/wp\/v2\/pages\/9816\/revisions\/12483"}],"up":[{"embeddable":true,"href":"https:\/\/faed.ufms.br\/en\/wp-json\/wp\/v2\/pages\/26"}],"wp:attachment":[{"href":"https:\/\/faed.ufms.br\/en\/wp-json\/wp\/v2\/media?parent=9816"}],"wp:term":[{"taxonomy":"author","embeddable":true,"href":"https:\/\/faed.ufms.br\/en\/wp-json\/wp\/v2\/coauthors?post=9816"}],"curies":[{"name":"wp","href":"https:\/\/api.w.org\/{rel}","templated":true}]}}