{"id":9987,"date":"2024-09-05T15:34:27","date_gmt":"2024-09-05T19:34:27","guid":{"rendered":"https:\/\/faed.ufms.br\/?page_id=9987"},"modified":"2024-09-05T19:26:47","modified_gmt":"2024-09-05T23:26:47","slug":"estagios","status":"publish","type":"page","link":"https:\/\/faed.ufms.br\/en\/educacao-do-campo\/estagios\/","title":{"rendered":"Est\u00e1gios"},"content":{"rendered":"<p><span style=\"font-size: 14pt\"><strong>Orienta\u00e7\u00f5es para Assinatura do Termo de Compromisso de Est\u00e1gio N\u00e3o Obrigat\u00f3rio<\/strong><\/span><\/p>\n<p>Para dar prosseguimento \u00e0 assinatura do<strong>\u00a0Termo de Compromisso de est\u00e1gio N\u00e3o Obrigat\u00f3rio,<\/strong>\u00a0primeiro \u00e9 necess\u00e1rio realizar o acesso ao\u00a0<a href=\"https:\/\/estagio.ufms.br\/\">Sistema de Est\u00e1gio da UFMS<\/a>.<\/p>\n<p>1. O acad\u00eamico dever\u00e1 preencher, como de costume, o<strong>\u00a0Termo de Compromisso de Est\u00e1gio (TCE\/UFMS)<\/strong>\u00a0pelo portal\u00a0<a href=\"https:\/\/estagio.ufms.br\/\">https:\/\/estagio.ufms.br\/<\/a>\u00a0(Preencher Termo) e\u00a0<em>submet\u00ea-lo \u00e0 aprova\u00e7\u00e3o pela Comiss\u00e3o de Est\u00e1gio (COE) do curso<\/em>.<\/p>\n<p>2. O\u00a0<strong>Termo de Compromisso de est\u00e1gio da Empresa<\/strong>\u00a0concedente de Est\u00e1gio, dever\u00e1 ser\u00a0<strong>anexado no sistema, na \u00edntegra (todas as p\u00e1ginas), em formato de\u00a0<a href=\"https:\/\/pt.wikipedia.org\/wiki\/Portable_Document_Format\">arquivo PDF<\/a>, deve conter o\u00a0<em>N\u00famero de identifica\u00e7\u00e3o do Termo.\u00a0<\/em><\/strong><em>A digitaliza\u00e7\u00e3o deve ser realizada por meio de recursos pr\u00f3prios para esta finalidade, em formato de arquivo .pdf<\/em>\u00a0\u2013<strong>\u00a0n\u00e3o deve ser foto\/imagem<\/strong><em><strong>.<\/strong><\/em><\/p>\n<p><strong>IMPORTANTE<\/strong><\/p>\n<ul style=\"list-style-type: circle\">\n<li>O\u00a0<strong>Termo de Compromisso de Est\u00e1gio da Empresa concedente<\/strong>\u00a0<strong>de Est\u00e1gio<\/strong>\u00a0\u00e9 o documento originado da empresa (ou da Prefeitura de Campo Grande) que ir\u00e1 contratar o estagi\u00e1rio e precisa ser\u00a0<strong>anexado no sistema da UFMS<\/strong>, como orientado acima.<\/li>\n<li>O preenchimento do<strong>\u00a0Termo de Compromisso de Est\u00e1gio (TCE\/UFMS)<\/strong>\u00a0n\u00e3o \u00e9 validado pela COE se n\u00e3o atender aos seguintes crit\u00e9rios:<\/li>\n<\/ul>\n<ul>\n<li style=\"list-style-type: none\">\n<ul style=\"list-style-type: square\">\n<li><em>Dados preenchidos corretamente no sistema da UFMS (do estagi\u00e1rio, da concedente, etc), em conformidade com os dados do Termo de Compromisso;<\/em><\/li>\n<li><em>Especifica\u00e7\u00e3o da modalidade \u201cest\u00e1gio n\u00e3o obrigat\u00f3rio\u201d;<\/em><\/li>\n<li><em>Especifica\u00e7\u00e3o de Termo de Compromisso a ser utilizado como \u201cda empresa\u201d<\/em><\/li>\n<li><em>Indica\u00e7\u00e3o do per\u00edodo do contrato (dura\u00e7\u00e3o do est\u00e1gio de at\u00e9 2 (dois anos);<\/em><\/li>\n<li><em>Carga Hor\u00e1ria di\u00e1ria (at\u00e9 6 horas) e semanal (at\u00e9 30 horas), conforme normas;<\/em><\/li>\n<li><em>Descri\u00e7\u00e3o das atividades que ser\u00e3o realizadas \u2013 as atividades dever\u00e3o ser compat\u00edveis com a forma\u00e7\u00e3o \u2013 Pedagogia e precisam ser informadas, tal como aparecem no Termo de Compromisso;<\/em><\/li>\n<li><em>Bolsa, aux\u00edlios;<\/em><\/li>\n<li><em>Seguro;<\/em><\/li>\n<li><em>Assinaturas estagi\u00e1rio\/a e concedente vis\u00edveis;<\/em><\/li>\n<li><em>Indica\u00e7\u00e3o dos demais aspectos previstos em Lei;<\/em><\/li>\n<li><em>Termo de Compromisso digitalizado e anexado no sistema.<\/em><\/li>\n<\/ul>\n<\/li>\n<\/ul>\n<p>&nbsp;<\/p>\n<p>3.\u00a0<strong>Ap\u00f3s a valida\u00e7\u00e3o pelo presidente da COE<\/strong>, o acad\u00eamico receber\u00e1 um comunicado pelo e-mail informado (via sistema);<\/p>\n<p>4. A Comiss\u00e3o de Est\u00e1gio instruir\u00e1 Processo no Sistema SEI, para colher a assinatura da dire\u00e7\u00e3o da FAED, por meio da Declara\u00e7\u00e3o de Ci\u00eancia ao Termo de Compromisso de Est\u00e1gio (documento padr\u00e3o SEI);<\/p>\n<p>5. Ap\u00f3s esse procedimento, voc\u00ea receber\u00e1 no e-mail informado, uma \u201cDECLARA\u00c7\u00c3O DE CI\u00caNCIA DO TERMO DE COMPROMISSO DE EST\u00c1GIO\u201d (documento padr\u00e3o SEI), assinado digitalmente pela dire\u00e7\u00e3o da FAED, documento que equivale \u00e0 assinatura padr\u00e3o da dire\u00e7\u00e3o. Isso significa que o Termo\u00a0<strong><em>n\u00e3o receber\u00e1 uma assinatura f\u00edsica da dire\u00e7\u00e3o da FAED<\/em><\/strong>. A \u201cDECLARA\u00c7\u00c3O DE CI\u00caNCIA DO TERMO DE COMPROMISSO DE EST\u00c1GIO\u201d corresponde \u00e0\u00a0<strong>assinatura digital<\/strong>\u00a0ao Termo de Compromisso \u2013 novo procedimento adotado pela institui\u00e7\u00e3o, atrav\u00e9s do\u00a0<strong>sistema SEI<\/strong>.<\/p>\n<p>&nbsp;<\/p>\n<hr \/>\n<p><span style=\"font-size: 14pt\"><strong>REGULAMENTO<br \/>\n<\/strong><span style=\"font-size: 12pt\">Regulamento de Est\u00e1gio Obrigat\u00f3rio e N\u00e3o Obrigat\u00f3rio na Licenciatura em Educa\u00e7\u00e3o do Campo<\/span><\/span><br \/>\n<a href=\"https:\/\/boletimoficial.ufms.br\/bse\/publicacao?id=435813\">RESOLU\u00c7\u00c3O N\u00ba 54-CGL\/EDC\/FAED\/UFMS, DE 16 DE SETEMBRO DE 2021.<\/a><\/p>\n<p>&nbsp;<\/p>\n<hr \/>\n<p style=\"text-align: center\"><strong><a href=\"https:\/\/faed.ufms.br\/educacao-do-campo\/coe\/\"><span style=\"font-size: 14pt\">Comiss\u00e3o de Est\u00e1gio (COE)<\/span><\/a><\/strong><\/p>\n<hr \/>\n<p>&nbsp;<\/p>\n<p><span style=\"font-size: 14pt\"><strong>Para saber mais sobre Est\u00e1gio consulte:<\/strong><\/span><\/p>\n<ul>\n<li><a href=\"https:\/\/www.planalto.gov.br\/ccivil_03\/_ato2007-2010\/2008\/lei\/l11788.htm\">Lei do Est\u00e1gio \u2013 LEI N\u00ba 11.788, DE 25 DE SETEMBRO DE 2008<\/a><\/li>\n<li><a href=\"https:\/\/boletimoficial.ufms.br\/bse\/publicacao?id=476540\">RESOLU\u00c7\u00c3O N\u00ba 706-COGRAD\/UFMS, DE 8 DE DEZEMBRO DE 2022\u00a0<\/a><\/li>\n<\/ul>\n<hr \/>\n<p>&nbsp;<\/p>\n<p>Se ainda restar d\u00favidas, entrar em contato com a Comiss\u00e3o de Est\u00e1gio da Educa\u00e7\u00e3o do Campo, atrav\u00e9s do e-mail: <em>coelec.faed@ufms.br<\/em><\/p>\n<p>&nbsp;<\/p>\n<p><span style=\"color: #000000\">Prof. <em>Edinalva da\u00a0Cruz Teixeira Sakai\u00a0<\/em><br \/>\nPresid\u00eancia da COE\/EDC\/FAED\/UFMS \u2013 2024<br \/>\n<em>edinalva.sakai@ufms.br\u00a0\/ 67\u00a0<\/em><\/span>9236-8454<\/p>\n","protected":false},"excerpt":{"rendered":"<p>Orienta\u00e7\u00f5es para Assinatura do Termo de Compromisso de Est\u00e1gio N\u00e3o Obrigat\u00f3rio Para dar prosseguimento \u00e0 assinatura do\u00a0Termo de Compromisso de est\u00e1gio N\u00e3o Obrigat\u00f3rio,\u00a0primeiro \u00e9 necess\u00e1rio realizar o acesso ao\u00a0Sistema de Est\u00e1gio da UFMS. 1. O acad\u00eamico dever\u00e1 preencher, como de costume, o\u00a0Termo de Compromisso de Est\u00e1gio (TCE\/UFMS)\u00a0pelo portal\u00a0https:\/\/estagio.ufms.br\/\u00a0(Preencher Termo) e\u00a0submet\u00ea-lo \u00e0 aprova\u00e7\u00e3o pela Comiss\u00e3o de&#8230;<\/p>\n","protected":false},"author":47,"featured_media":0,"parent":26,"menu_order":0,"comment_status":"closed","ping_status":"closed","template":"page-templates\/page-coordenadorias.php","meta":{"_acf_changed":false,"_eb_attr":"","_price":"","_stock":"","_tribe_ticket_header":"","_tribe_default_ticket_provider":"","_tribe_ticket_capacity":"0","_ticket_start_date":"","_ticket_end_date":"","_tribe_ticket_show_description":"","_tribe_ticket_show_not_going":false,"_tribe_ticket_use_global_stock":"","_tribe_ticket_global_stock_level":"","_global_stock_mode":"","_global_stock_cap":"","_tribe_rsvp_for_event":"","_tribe_ticket_going_count":"","_tribe_ticket_not_going_count":"","_tribe_tickets_list":"[]","_tribe_ticket_has_attendee_info_fields":false,"footnotes":"","_tec_slr_enabled":"","_tec_slr_layout":""},"coauthors":[],"class_list":["post-9987","page","type-page","status-publish","hentry"],"acf":[],"aioseo_notices":[],"ticketed":false,"_links":{"self":[{"href":"https:\/\/faed.ufms.br\/en\/wp-json\/wp\/v2\/pages\/9987","targetHints":{"allow":["GET"]}}],"collection":[{"href":"https:\/\/faed.ufms.br\/en\/wp-json\/wp\/v2\/pages"}],"about":[{"href":"https:\/\/faed.ufms.br\/en\/wp-json\/wp\/v2\/types\/page"}],"author":[{"embeddable":true,"href":"https:\/\/faed.ufms.br\/en\/wp-json\/wp\/v2\/users\/47"}],"replies":[{"embeddable":true,"href":"https:\/\/faed.ufms.br\/en\/wp-json\/wp\/v2\/comments?post=9987"}],"version-history":[{"count":8,"href":"https:\/\/faed.ufms.br\/en\/wp-json\/wp\/v2\/pages\/9987\/revisions"}],"predecessor-version":[{"id":10012,"href":"https:\/\/faed.ufms.br\/en\/wp-json\/wp\/v2\/pages\/9987\/revisions\/10012"}],"up":[{"embeddable":true,"href":"https:\/\/faed.ufms.br\/en\/wp-json\/wp\/v2\/pages\/26"}],"wp:attachment":[{"href":"https:\/\/faed.ufms.br\/en\/wp-json\/wp\/v2\/media?parent=9987"}],"wp:term":[{"taxonomy":"author","embeddable":true,"href":"https:\/\/faed.ufms.br\/en\/wp-json\/wp\/v2\/coauthors?post=9987"}],"curies":[{"name":"wp","href":"https:\/\/api.w.org\/{rel}","templated":true}]}}