{"id":9991,"date":"2024-09-05T15:49:55","date_gmt":"2024-09-05T19:49:55","guid":{"rendered":"https:\/\/faed.ufms.br\/?page_id=9991"},"modified":"2024-09-05T16:11:45","modified_gmt":"2024-09-05T20:11:45","slug":"coe","status":"publish","type":"page","link":"https:\/\/faed.ufms.br\/en\/educacao-do-campo\/coe\/","title":{"rendered":"Comiss\u00e3o de Est\u00e1gio (COE)"},"content":{"rendered":"<p>A\u00a0<strong>Comiss\u00e3o de Est\u00e1gio \u2013 COE<\/strong>, desempenha um papel fundamental na gest\u00e3o e supervis\u00e3o dos est\u00e1gios. Entre suas responsabilidades est\u00e1 a apresenta\u00e7\u00e3o de justificativa detalhada e bem fundamentada para a concess\u00e3o de atribui\u00e7\u00e3o docente nas fun\u00e7\u00f5es de Orientador e\/ou Supervisor de Est\u00e1gio. Essa justificativa deve ser devidamente comprovada e encaminhada ao Colegiado de Curso para sua manifesta\u00e7\u00e3o, garantindo que as atribui\u00e7\u00f5es estejam alinhadas com as normas e exig\u00eancias acad\u00eamicas.<\/p>\n<p>Al\u00e9m disso, a COE \u00e9 respons\u00e1vel por avaliar a coer\u00eancia entre os\u00a0<strong>Planos de Est\u00e1gio<\/strong>\u00a0e o S<strong>upervisor de Est\u00e1gio<\/strong>\u00a0indicado pela concedente, verificando a forma\u00e7\u00e3o e experi\u00eancia profissional deste em rela\u00e7\u00e3o \u00e0 \u00e1rea de conhecimento do curso do estagi\u00e1rio e aos respectivos campos de est\u00e1gio. A comiss\u00e3o deve solicitar ao setor competente da UFMS a formaliza\u00e7\u00e3o dos Acordos de Coopera\u00e7\u00e3o\/Conv\u00eanios de Est\u00e1gio quando necess\u00e1rio, garantindo a formalidade e legalidade dos est\u00e1gios realizados. \u00c9 ainda incumbida de analisar e manifestar favoravelmente sobre o\u00a0<strong>Termo de Compromisso de Est\u00e1gio<\/strong>, seja ele gerado pela UFMS ou por outras institui\u00e7\u00f5es, assegurando que todos os requisitos sejam cumpridos.<\/p>\n<p>A COE tamb\u00e9m deve assegurar que o<strong>\u00a0estagi\u00e1rio esteja devidamente segurado<\/strong>\u00a0contra acidentes pessoais e divulgar os nomes dos Professores Orientadores e das concedentes poss\u00edveis para os estagi\u00e1rios. Sua atua\u00e7\u00e3o inclui coordenar o planejamento, execu\u00e7\u00e3o e avalia\u00e7\u00e3o das atividades relacionadas aos est\u00e1gios, apoiando e orientando o trabalho dos Professores Orientadores. Al\u00e9m disso, a comiss\u00e3o deve zelar pelo cumprimento do Termo de Compromisso de Est\u00e1gio, reorientando o estagi\u00e1rio para outro local se houver descumprimento das normas e garantir a conformidade com todas as normas e legisla\u00e7\u00f5es estabelecidas para os est\u00e1gios.<\/p>\n<p><a href=\"https:\/\/boletimoficial.ufms.br\/bse\/publicacao?id=476540\">Fonte: RESOLU\u00c7\u00c3O COGRAD N\u00ba 706\/2022 (Art. 40)<\/a><\/p>\n<p>&nbsp;<\/p>\n<hr \/>\n<p><span style=\"font-size: 14pt\"><strong>Membros da COE<\/strong><\/span><br \/>\nEduca\u00e7\u00e3o do Campo (2024\/2026)<\/p>\n<ul>\n<li>EDINALVA DA CRUZ TEIXEIRA SAKAI &#8211; Presidente<\/li>\n<li>JORGE LUIS D&#8217;\u00c1VILA<\/li>\n<li>JOS\u00c9 ROBERTO RODRIGUES DE OLIVEIRA<\/li>\n<li>JUCELIA SOUZA DA SILVA<\/li>\n<\/ul>\n<p><a href=\"https:\/\/boletimoficial.ufms.br\/bse\/publicacao?id=522824\"><em>PORTARIA N\u00ba 62-FAED\/UFMS, DE 7 DE MAIO DE 2024* (republicada).<\/em> <\/a><\/p>\n<p>&nbsp;<\/p>\n<hr \/>\n<p><strong>REGULAMENTO &#8211; Cursos de Gradua\u00e7\u00e3o da UFMS<br \/>\n<\/strong>Regulamento de Est\u00e1gio, Componente Curricular Disciplinar \u2013 CCD e Componente N\u00e3o Disciplinar \u2013 CCND, dos Cursos de Gradua\u00e7\u00e3o da Funda\u00e7\u00e3o Universidade Federal de Mato Grosso do Sul.<br \/>\n<em><a href=\"https:\/\/boletimoficial.ufms.br\/bse\/publicacao?id=476540\">RESOLU\u00c7\u00c3O N\u00ba 706-COGRAD\/UFMS, DE 8 DE DEZEMBRO DE 2022<\/a><\/em><\/p>\n<p>&nbsp;<\/p>\n<hr \/>\n<p><strong>REGULAMENTO &#8211; Educa\u00e7\u00e3o do Campo<br \/>\n<\/strong>Regulamento de Est\u00e1gio Obrigat\u00f3rio e N\u00e3o Obrigat\u00f3rio na Licenciatura em Educa\u00e7\u00e3o do Campo<br \/>\n<em><a href=\"https:\/\/boletimoficial.ufms.br\/bse\/publicacao?id=435813\">RESOLU\u00c7\u00c3O N\u00ba 54-CGL\/EDC\/FAED\/UFMS, DE 16 DE SETEMBRO DE 2021.<\/a><\/em><\/p>\n","protected":false},"excerpt":{"rendered":"<p>A\u00a0Comiss\u00e3o de Est\u00e1gio \u2013 COE, desempenha um papel fundamental na gest\u00e3o e supervis\u00e3o dos est\u00e1gios. Entre suas responsabilidades est\u00e1 a apresenta\u00e7\u00e3o de justificativa detalhada e bem fundamentada para a concess\u00e3o de atribui\u00e7\u00e3o docente nas fun\u00e7\u00f5es de Orientador e\/ou Supervisor de Est\u00e1gio. Essa justificativa deve ser devidamente comprovada e encaminhada ao Colegiado de Curso para sua&#8230;<\/p>\n","protected":false},"author":47,"featured_media":0,"parent":26,"menu_order":0,"comment_status":"closed","ping_status":"closed","template":"page-templates\/page-coordenadorias.php","meta":{"_acf_changed":false,"_eb_attr":"","_price":"","_stock":"","_tribe_ticket_header":"","_tribe_default_ticket_provider":"","_tribe_ticket_capacity":"","_ticket_start_date":"","_ticket_end_date":"","_tribe_ticket_show_description":"","_tribe_ticket_show_not_going":false,"_tribe_ticket_use_global_stock":"","_tribe_ticket_global_stock_level":"","_global_stock_mode":"","_global_stock_cap":"","_tribe_rsvp_for_event":"","_tribe_ticket_going_count":"","_tribe_ticket_not_going_count":"","_tribe_tickets_list":"[]","_tribe_ticket_has_attendee_info_fields":false,"footnotes":"","_tec_slr_enabled":"","_tec_slr_layout":""},"coauthors":[],"class_list":["post-9991","page","type-page","status-publish","hentry"],"acf":[],"aioseo_notices":[],"ticketed":false,"_links":{"self":[{"href":"https:\/\/faed.ufms.br\/en\/wp-json\/wp\/v2\/pages\/9991","targetHints":{"allow":["GET"]}}],"collection":[{"href":"https:\/\/faed.ufms.br\/en\/wp-json\/wp\/v2\/pages"}],"about":[{"href":"https:\/\/faed.ufms.br\/en\/wp-json\/wp\/v2\/types\/page"}],"author":[{"embeddable":true,"href":"https:\/\/faed.ufms.br\/en\/wp-json\/wp\/v2\/users\/47"}],"replies":[{"embeddable":true,"href":"https:\/\/faed.ufms.br\/en\/wp-json\/wp\/v2\/comments?post=9991"}],"version-history":[{"count":5,"href":"https:\/\/faed.ufms.br\/en\/wp-json\/wp\/v2\/pages\/9991\/revisions"}],"predecessor-version":[{"id":10009,"href":"https:\/\/faed.ufms.br\/en\/wp-json\/wp\/v2\/pages\/9991\/revisions\/10009"}],"up":[{"embeddable":true,"href":"https:\/\/faed.ufms.br\/en\/wp-json\/wp\/v2\/pages\/26"}],"wp:attachment":[{"href":"https:\/\/faed.ufms.br\/en\/wp-json\/wp\/v2\/media?parent=9991"}],"wp:term":[{"taxonomy":"author","embeddable":true,"href":"https:\/\/faed.ufms.br\/en\/wp-json\/wp\/v2\/coauthors?post=9991"}],"curies":[{"name":"wp","href":"https:\/\/api.w.org\/{rel}","templated":true}]}}